{"id":3710,"date":"2022-04-14T19:31:44","date_gmt":"2022-04-15T00:31:44","guid":{"rendered":"https:\/\/www.satine.com\/?page_id=3710"},"modified":"2022-04-14T19:31:44","modified_gmt":"2022-04-15T00:31:44","slug":"biscuits","status":"publish","type":"page","link":"https:\/\/www.satine.com\/fr\/cookies\/","title":{"rendered":"COOKIES"},"content":{"rendered":"<h3 class=\"wp-block-heading\">1. ANT\u00c9C\u00c9DENTS<\/h3>\n\n\n\n<p>En conformit\u00e9 avec la norme espagnole qui r\u00e9git l'utilisation des cookies en relation avec la prestation de services de communications \u00e9lectroniques, recogida en el Real Decreto Ley 13\/2012 del 30 de marzo, le informamos sobre las cookies utilizadas en el sitio web de SATINE y el motivo de su uso. De m\u00eame, nous vous informons qu'en naviguant sur le site Web, vous donnez votre consentement pour pouvoir les utiliser.<\/p>\n\n\n\n<h3 class=\"wp-block-heading\">2. QU'EST-CE QUE LES COOKIES ?<\/h3>\n\n\n\n<p>Un cookie est un fichier que l'on garde dans le navigateur de son ordinateur lors de l'acc\u00e8s \u00e0 certaines pages web. Les cookies permettent \u00e0 une page web, entre autres choses, de conserver et de r\u00e9cup\u00e9rer des informations sur les habitudes de navigation d'un utilisateur ou de son \u00e9quipement et, en fonction des informations qu'ils contiennent et de la forme d'utilisation de l'\u00e9quipement, ils peuvent \u00eatre utilis\u00e9s pour reconna\u00eetre l'utilisateur. Les cookies s'adressent uniquement \u00e0 un utilisateur anonyme et \u00e0 son ordinateur ou dispositif et ne fournissent pas de r\u00e9f\u00e9rences permettant de conna\u00eetre ses donn\u00e9es personnelles.<\/p>\n\n\n\n<h3 class=\"wp-block-heading\">3. TIPOS DE COOKIES<\/h3>\n\n\n\n<ol class=\"wp-block-list\"><li><strong>Cookies propres :<\/strong>&nbsp;Il s'agit des messages qui sont envoy\u00e9s \u00e0 l'\u00e9quipement terminal de l'utilisateur \u00e0 partir d'un \u00e9quipement ou d'un poste g\u00e9r\u00e9 par le propre \u00e9diteur et \u00e0 partir duquel il fournit le service demand\u00e9 par l'utilisateur.<\/li><li><strong>Cookies de tiers :<\/strong>&nbsp;Il s'agit de cookies qui sont envoy\u00e9s \u00e0 l'\u00e9quipement terminal de l'utilisateur \u00e0 partir d'un \u00e9quipement ou d'un site qui n'est pas g\u00e9r\u00e9 par le propre \u00e9diteur, mais par une autre entit\u00e9 qui traite les donn\u00e9es par l'interm\u00e9diaire des cookies.<\/li><li><strong>Cookies de sesi\u00f3n :<\/strong>&nbsp;Il s'agit d'un type de cookies con\u00e7us pour enregistrer et conserver des donn\u00e9es lorsque l'utilisateur acc\u00e8de \u00e0 une page web.<\/li><li><strong>Cookies persistants :<\/strong>&nbsp;Il s'agit d'un type de cookies dans lequel les donn\u00e9es sont conserv\u00e9es dans le terminal et peuvent \u00eatre acc\u00e9d\u00e9es et trait\u00e9es pendant une p\u00e9riode d\u00e9finie par le responsable du cookie, qui peut aller de quelques minutes \u00e0 plusieurs ann\u00e9es.<\/li><li><strong>Cookies d'analyse :<\/strong>&nbsp;Il s'agit d'entit\u00e9s qui, bien trait\u00e9es par nous-m\u00eames ou par des tiers, nous permettent de quantifier le nombre d'utilisateurs et donc de r\u00e9aliser la mesure et l'analyse statistique de l'utilisation que font les utilisateurs du service propos\u00e9. Pour ce faire, nous analysons votre navigation sur notre site web dans le but d'am\u00e9liorer l'offre de produits ou de services que nous proposons.<\/li><li><strong>Cookies de publicit\u00e9 comportementale :<\/strong>&nbsp;Il s'agit de cookies qui permettent la gestion, de la mani\u00e8re la plus efficace possible, des espaces publicitaires que, dans ce cas, l'\u00e9diteur a inclus dans une page web, une application ou une plateforme depuis laquelle il fournit le service demand\u00e9. Ces cookies contiennent des informations sur le comportement des utilisateurs obtenues gr\u00e2ce \u00e0 l'observation continue de leurs habitudes de navigation, ce qui permet de d\u00e9velopper un profil sp\u00e9cifique pour afficher la publicit\u00e9 en fonction de celui-ci. De m\u00eame, il est possible qu'en visitant une page web ou en abr\u00e9geant un e-mail dans lequel nous publions une annonce ou une promotion concernant nos produits ou services, nous installions dans votre navigateur un cookie qui nous permet d'afficher ult\u00e9rieurement une publicit\u00e9 li\u00e9e \u00e0 la recherche que vous avez effectu\u00e9e, d\u00e9velopper un contr\u00f4le de nos annonces en relation, par exemple, avec le nombre de fois qu'elles sont vues, l'endroit o\u00f9 elles apparaissent, l'heure \u00e0 laquelle elles sont vues, etc.<\/li><\/ol>\n\n\n\n<h3 class=\"wp-block-heading\">4. TYPES DE COOKIES UTILIS\u00c9S<\/h3>\n\n\n\n<p>Les cookies utilis\u00e9s sur notre site web, sont de sesi\u00f3n et de terceros, et nous permettent d'almacenar y acceder a information relativa al idioma, el tipo de navegador utilizado, et d'autres caract\u00e9ristiques g\u00e9n\u00e9rales pr\u00e9d\u00e9finies par l'utilisateur, ainsi que de suivre et d'analyser l'activit\u00e9 que vous r\u00e9alisez, dans le but d'apporter des am\u00e9liorations et de proposer nos services d'une mani\u00e8re plus efficace et personnalis\u00e9e. SATINE n'utilise pas de cookies de publicit\u00e9 ou de publicit\u00e9 comportementale.<br>L'utilisation des cookies offre des avantages dans la prestation de services au sein de la soci\u00e9t\u00e9 de l'information, car elle facilite \u00e0 l'utilisateur la navigation et l'acc\u00e8s aux diff\u00e9rents services offerts par ce site web ; \u00e9vite \u00e0 l'utilisateur d'avoir \u00e0 configurer les caract\u00e9ristiques g\u00e9n\u00e9rales pr\u00e9d\u00e9finies chaque fois qu'il acc\u00e8de au site web ; favorise l'am\u00e9lioration du fonctionnement et des services fournis par l'interm\u00e9diaire de ce site web, gr\u00e2ce \u00e0 l'analyse correspondante des informations obtenues par l'interm\u00e9diaire des cookies install\u00e9s.<\/p>\n\n\n\n<figure class=\"wp-block-table\"><table><tbody><tr><th>Nom<\/th><th>Tipo<\/th><th>Caducit\u00e9<\/th><th>Finalit\u00e9<\/th><th>Clase<\/th><\/tr><tr><td>__utma<\/td><td>De Terceros (Google Analytics)<\/td><td>2 ans<\/td><td>Il sert \u00e0 distinguer les utilisateurs et les sessions.<\/td><td>Pas d'exenta<\/td><\/tr><tr><td>__utmb<\/td><td>De Terceros (Google Analytics)<\/td><td>30 minutes<\/td><td>Il est utilis\u00e9 pour d\u00e9terminer les nouvelles sessions ou visites.<\/td><td>Pas d'exenta<\/td><\/tr><tr><td>__utmc<\/td><td>De Terceros (Google Analytics)<\/td><td>A la fin de la session<\/td><td>Il est configur\u00e9 pour \u00eatre utilis\u00e9 avec Urchin.<\/td><td>Pas d'exenta<\/td><\/tr><tr><td>__utmz<\/td><td>De Terceros (Google Analytics)<\/td><td>6 meses<\/td><td>Indiquez l'origine ou la campagne qui explique comment l'utilisateur a acc\u00e9d\u00e9 \u00e0 la page web.<\/td><td>Pas d'exenta<\/td><\/tr><tr><td>lieu<\/td><td>Propia<\/td><td>5 ans<\/td><td>Indiquer l'idiome de pr\u00e9f\u00e9rence de l'utilisateur.<\/td><td>Exenta<\/td><\/tr><tr><td>articles du panier<\/td><td>Propia<\/td><td>7 jours<\/td><td>Almacena el listado de productos que tiene un usuario en el carro de compraci\u00f3n.<\/td><td>Exenta<\/td><\/tr><tr><td>satine_session<\/td><td>Propia<\/td><td>2 heures<\/td><td>Il est utilis\u00e9 pour distinguer les utilisateurs et les sessions.<\/td><td>Exenta<\/td><\/tr><\/tbody><\/table><\/figure>\n\n\n\n<h3 class=\"wp-block-heading\">5. R\u00c9VOCATION ET \u00c9LIMINATION DES COOKIES<\/h3>\n\n\n\n<p>\u00c0 tout moment, vous pouvez acc\u00e9der \u00e0 la configuration de votre navigateur en acceptant ou en rejetant tous les cookies, ou en s\u00e9lectionnant ceux que votre installation accepte et ceux qu'elle n'accepte pas, en suivant l'une des proc\u00e9dures suivantes, qui d\u00e9pendent du navigateur que vous utilisez :<\/p>\n\n\n\n<ul class=\"wp-block-list\"><li><strong>Google Chrome :<\/strong>&nbsp;Men\u00fa Herramientas &gt; Configuraci\u00f3n &gt; Mostrar Opciones Avanzadas &gt; Privacidad (Configuraci\u00f3n del contenido) &gt; Cookies.&nbsp;<a target=\"_blank\" href=\"https:\/\/support.google.com\/chrome\/answer\/95647?hl=es\" rel=\"noreferrer noopener\">Plus d'informations.<\/a><\/li><li><strong>Microsoft Internet Explorer :<\/strong>&nbsp;Men\u00fa Herramientas &gt; Opciones de Internet &gt; Privacidad &gt; Avanzada.&nbsp;<a target=\"_blank\" href=\"https:\/\/support.microsoft.com\/es-es\/help\/17442\/windows-internet-explorer-delete-manage-cookies\" rel=\"noreferrer noopener\">Plus d'informations.<\/a><\/li><li><strong>Firefox :<\/strong>&nbsp;Opciones &gt; Privacidad &gt; Cookies.&nbsp;<a target=\"_blank\" href=\"https:\/\/support.mozilla.org\/es\/kb\/habilitar-y-deshabilitar-cookies-sitios-web-rastrear-preferencias\" rel=\"noreferrer noopener\">Plus d'informations.<\/a><\/li><li><strong>Safari, iPad et iPhone :<\/strong>&nbsp;Pr\u00e9f\u00e9rences &gt; Privacit\u00e9.&nbsp;<a target=\"_blank\" href=\"https:\/\/www.apple.com\/legal\/privacy\/es\/cookies\/\" rel=\"noreferrer noopener\">Plus d'informations.<\/a><\/li><\/ul>\n\n\n\n<h3 class=\"wp-block-heading\">6. TERCEROS PRESTADORES DE SERVICIOS<\/h3>\n\n\n\n<p>En concreto los terceros prestadores de servicios con los que hemos contratado alg\u00fan servicio para el que es necesario la utilizaci\u00f3n de cookies son :<\/p>\n\n\n\n<figure class=\"wp-block-table\"><table><tbody><tr><th>Preuve \u00e0 l'appui<\/th><th>Finalit\u00e9 du service et du cookie<\/th><th>Informations sur le fournisseur<\/th><\/tr><tr><td>GOOGLE Inc.<\/td><td>Analyse statistique du site web au niveau de la contabilisation des visiteurs, des pages visit\u00e9es, des mots cl\u00e9s utilis\u00e9s et similaires<\/td><td><a href=\"https:\/\/policies.google.com\/privacy?hl=es&amp;gl=es\" target=\"_blank\" rel=\"noreferrer noopener\">Politique de confidentialit\u00e9<\/a><\/td><\/tr><\/tbody><\/table><\/figure>","protected":false},"excerpt":{"rendered":"<p>1. ANTECEDENTES De conformidad con la normativa espa\u00f1ola que regula el uso de cookies en relaci\u00f3n a la prestaci\u00f3n de servicios de comunicaciones electr\u00f3nicas, recogida en el Real Decreto Ley 13\/2012 del 30 de marzo, le informamos sobre las cookies utilizadas en el sitio web de SATINE y el motivo de su uso. Asimismo, le [&hellip;]<\/p>\n","protected":false},"author":1,"featured_media":0,"parent":0,"menu_order":0,"comment_status":"closed","ping_status":"closed","template":"","meta":{"footnotes":""},"class_list":["post-3710","page","type-page","status-publish","hentry"],"yoast_head":"<!-- This site is optimized with the Yoast SEO plugin v27.5 - https:\/\/yoast.com\/product\/yoast-seo-wordpress\/ -->\n<title>COOKIES - Satine<\/title>\n<meta name=\"robots\" content=\"index, follow, max-snippet:-1, max-image-preview:large, max-video-preview:-1\" \/>\n<link rel=\"canonical\" href=\"https:\/\/www.satine.com\/fr\/biscuits\/\" \/>\n<meta property=\"og:locale\" content=\"fr_FR\" \/>\n<meta property=\"og:type\" content=\"article\" \/>\n<meta property=\"og:title\" content=\"COOKIES - Satine\" \/>\n<meta property=\"og:description\" content=\"1. ANTECEDENTES De conformidad con la normativa espa\u00f1ola que regula el uso de cookies en relaci\u00f3n a la prestaci\u00f3n de servicios de comunicaciones electr\u00f3nicas, recogida en el Real Decreto Ley 13\/2012 del 30 de marzo, le informamos sobre las cookies utilizadas en el sitio web de SATINE y el motivo de su uso. Asimismo, le [&hellip;]\" \/>\n<meta property=\"og:url\" content=\"https:\/\/www.satine.com\/fr\/biscuits\/\" \/>\n<meta property=\"og:site_name\" content=\"Satine\" \/>\n<meta name=\"twitter:card\" content=\"summary_large_image\" \/>\n<meta name=\"twitter:label1\" content=\"Dur\u00e9e de lecture estim\u00e9e\" \/>\n\t<meta name=\"twitter:data1\" content=\"5 minutes\" \/>\n<script type=\"application\/ld+json\" class=\"yoast-schema-graph\">{\"@context\":\"https:\\\/\\\/schema.org\",\"@graph\":[{\"@type\":\"WebPage\",\"@id\":\"https:\\\/\\\/www.satine.com\\\/cookies\\\/\",\"url\":\"https:\\\/\\\/www.satine.com\\\/cookies\\\/\",\"name\":\"COOKIES - Satine\",\"isPartOf\":{\"@id\":\"https:\\\/\\\/www.satine.com\\\/#website\"},\"datePublished\":\"2022-04-15T00:31:44+00:00\",\"breadcrumb\":{\"@id\":\"https:\\\/\\\/www.satine.com\\\/cookies\\\/#breadcrumb\"},\"inLanguage\":\"fr-FR\",\"potentialAction\":[{\"@type\":\"ReadAction\",\"target\":[\"https:\\\/\\\/www.satine.com\\\/cookies\\\/\"]}]},{\"@type\":\"BreadcrumbList\",\"@id\":\"https:\\\/\\\/www.satine.com\\\/cookies\\\/#breadcrumb\",\"itemListElement\":[{\"@type\":\"ListItem\",\"position\":1,\"name\":\"Inicio\",\"item\":\"https:\\\/\\\/www.satine.com\\\/\"},{\"@type\":\"ListItem\",\"position\":2,\"name\":\"COOKIES\"}]},{\"@type\":\"WebSite\",\"@id\":\"https:\\\/\\\/www.satine.com\\\/#website\",\"url\":\"https:\\\/\\\/www.satine.com\\\/\",\"name\":\"Satine - Microcement\",\"description\":\"\",\"alternateName\":\"Satine - Microcement\",\"potentialAction\":[{\"@type\":\"SearchAction\",\"target\":{\"@type\":\"EntryPoint\",\"urlTemplate\":\"https:\\\/\\\/www.satine.com\\\/?s={search_term_string}\"},\"query-input\":{\"@type\":\"PropertyValueSpecification\",\"valueRequired\":true,\"valueName\":\"search_term_string\"}}],\"inLanguage\":\"fr-FR\"}]}<\/script>\n<!-- \/ Yoast SEO plugin. -->","yoast_head_json":{"title":"COOKIES - Satine","robots":{"index":"index","follow":"follow","max-snippet":"max-snippet:-1","max-image-preview":"max-image-preview:large","max-video-preview":"max-video-preview:-1"},"canonical":"https:\/\/www.satine.com\/fr\/biscuits\/","og_locale":"fr_FR","og_type":"article","og_title":"COOKIES - Satine","og_description":"1. ANTECEDENTES De conformidad con la normativa espa\u00f1ola que regula el uso de cookies en relaci\u00f3n a la prestaci\u00f3n de servicios de comunicaciones electr\u00f3nicas, recogida en el Real Decreto Ley 13\/2012 del 30 de marzo, le informamos sobre las cookies utilizadas en el sitio web de SATINE y el motivo de su uso. Asimismo, le [&hellip;]","og_url":"https:\/\/www.satine.com\/fr\/biscuits\/","og_site_name":"Satine","twitter_card":"summary_large_image","twitter_misc":{"Dur\u00e9e de lecture estim\u00e9e":"5 minutes"},"schema":{"@context":"https:\/\/schema.org","@graph":[{"@type":"WebPage","@id":"https:\/\/www.satine.com\/cookies\/","url":"https:\/\/www.satine.com\/cookies\/","name":"COOKIES - Satine","isPartOf":{"@id":"https:\/\/www.satine.com\/#website"},"datePublished":"2022-04-15T00:31:44+00:00","breadcrumb":{"@id":"https:\/\/www.satine.com\/cookies\/#breadcrumb"},"inLanguage":"fr-FR","potentialAction":[{"@type":"ReadAction","target":["https:\/\/www.satine.com\/cookies\/"]}]},{"@type":"BreadcrumbList","@id":"https:\/\/www.satine.com\/cookies\/#breadcrumb","itemListElement":[{"@type":"ListItem","position":1,"name":"Inicio","item":"https:\/\/www.satine.com\/"},{"@type":"ListItem","position":2,"name":"COOKIES"}]},{"@type":"WebSite","@id":"https:\/\/www.satine.com\/#website","url":"https:\/\/www.satine.com\/","name":"Satine - Microciment","description":"","alternateName":"Satine - Microcement","potentialAction":[{"@type":"SearchAction","target":{"@type":"EntryPoint","urlTemplate":"https:\/\/www.satine.com\/?s={search_term_string}"},"query-input":{"@type":"PropertyValueSpecification","valueRequired":true,"valueName":"search_term_string"}}],"inLanguage":"fr-FR"}]}},"_links":{"self":[{"href":"https:\/\/www.satine.com\/fr\/wp-json\/wp\/v2\/pages\/3710","targetHints":{"allow":["GET"]}}],"collection":[{"href":"https:\/\/www.satine.com\/fr\/wp-json\/wp\/v2\/pages"}],"about":[{"href":"https:\/\/www.satine.com\/fr\/wp-json\/wp\/v2\/types\/page"}],"author":[{"embeddable":true,"href":"https:\/\/www.satine.com\/fr\/wp-json\/wp\/v2\/users\/1"}],"replies":[{"embeddable":true,"href":"https:\/\/www.satine.com\/fr\/wp-json\/wp\/v2\/comments?post=3710"}],"version-history":[{"count":1,"href":"https:\/\/www.satine.com\/fr\/wp-json\/wp\/v2\/pages\/3710\/revisions"}],"predecessor-version":[{"id":3711,"href":"https:\/\/www.satine.com\/fr\/wp-json\/wp\/v2\/pages\/3710\/revisions\/3711"}],"wp:attachment":[{"href":"https:\/\/www.satine.com\/fr\/wp-json\/wp\/v2\/media?parent=3710"}],"curies":[{"name":"wp","href":"https:\/\/api.w.org\/{rel}","templated":true}]}}