{"id":2814,"date":"2020-09-09T14:58:38","date_gmt":"2020-09-09T14:58:38","guid":{"rendered":"http:\/\/clapat.ro\/themes\/canela-wordpress\/?page_id=120"},"modified":"2025-07-29T06:45:07","modified_gmt":"2025-07-29T10:45:07","slug":"microciment","status":"publish","type":"page","link":"https:\/\/www.satine.com\/fr\/microcement\/","title":{"rendered":"Microciment"},"content":{"rendered":"","protected":false},"excerpt":{"rendered":"","protected":false},"author":1,"featured_media":0,"parent":0,"menu_order":0,"comment_status":"closed","ping_status":"closed","template":"portfolio-page.php","meta":{"footnotes":""},"class_list":["post-2814","page","type-page","status-publish","hentry"],"yoast_head":"<!-- This site is optimized with the Yoast SEO plugin v27.5 - https:\/\/yoast.com\/product\/yoast-seo-wordpress\/ -->\n<title>Microcement with high quality and durability.<\/title>\n<meta name=\"description\" content=\"We offer a wide variety of products ideal for application on floors and walls, guaranteeing an impeccable and resistant finish. Whether you are looking to transform your interiors or renovate commercial spaces, our microcement materials are the perfect choice. Learn how to apply microcement easily and get to know the advantages of this versatile coating.\" \/>\n<meta name=\"robots\" content=\"index, follow, max-snippet:-1, max-image-preview:large, max-video-preview:-1\" \/>\n<link rel=\"canonical\" href=\"https:\/\/www.satine.com\/fr\/microciment\/\" \/>\n<meta property=\"og:locale\" content=\"fr_FR\" \/>\n<meta property=\"og:type\" content=\"article\" \/>\n<meta property=\"og:title\" content=\"Microcement with high quality and durability.\" \/>\n<meta property=\"og:description\" content=\"We offer a wide variety of products ideal for application on floors and walls, guaranteeing an impeccable and resistant finish. Whether you are looking to transform your interiors or renovate commercial spaces, our microcement materials are the perfect choice. Learn how to apply microcement easily and get to know the advantages of this versatile coating.\" \/>\n<meta property=\"og:url\" content=\"https:\/\/www.satine.com\/fr\/microciment\/\" \/>\n<meta property=\"og:site_name\" content=\"Satine\" \/>\n<meta property=\"article:modified_time\" content=\"2025-07-29T10:45:07+00:00\" \/>\n<meta name=\"twitter:card\" content=\"summary_large_image\" \/>\n<script type=\"application\/ld+json\" class=\"yoast-schema-graph\">{\"@context\":\"https:\\\/\\\/schema.org\",\"@graph\":[{\"@type\":\"WebPage\",\"@id\":\"https:\\\/\\\/www.satine.com\\\/microcement\\\/\",\"url\":\"https:\\\/\\\/www.satine.com\\\/microcement\\\/\",\"name\":\"Microcement with high quality and durability.\",\"isPartOf\":{\"@id\":\"https:\\\/\\\/www.satine.com\\\/#website\"},\"datePublished\":\"2020-09-09T14:58:38+00:00\",\"dateModified\":\"2025-07-29T10:45:07+00:00\",\"description\":\"We offer a wide variety of products ideal for application on floors and walls, guaranteeing an impeccable and resistant finish. Whether you are looking to transform your interiors or renovate commercial spaces, our microcement materials are the perfect choice. Learn how to apply microcement easily and get to know the advantages of this versatile coating.\",\"breadcrumb\":{\"@id\":\"https:\\\/\\\/www.satine.com\\\/microcement\\\/#breadcrumb\"},\"inLanguage\":\"fr-FR\",\"potentialAction\":[{\"@type\":\"ReadAction\",\"target\":[\"https:\\\/\\\/www.satine.com\\\/microcement\\\/\"]}]},{\"@type\":\"BreadcrumbList\",\"@id\":\"https:\\\/\\\/www.satine.com\\\/microcement\\\/#breadcrumb\",\"itemListElement\":[{\"@type\":\"ListItem\",\"position\":1,\"name\":\"Inicio\",\"item\":\"https:\\\/\\\/www.satine.com\\\/\"},{\"@type\":\"ListItem\",\"position\":2,\"name\":\"Microcement\"}]},{\"@type\":\"WebSite\",\"@id\":\"https:\\\/\\\/www.satine.com\\\/#website\",\"url\":\"https:\\\/\\\/www.satine.com\\\/\",\"name\":\"Satine - Microcement\",\"description\":\"\",\"alternateName\":\"Satine - Microcement\",\"potentialAction\":[{\"@type\":\"SearchAction\",\"target\":{\"@type\":\"EntryPoint\",\"urlTemplate\":\"https:\\\/\\\/www.satine.com\\\/?s={search_term_string}\"},\"query-input\":{\"@type\":\"PropertyValueSpecification\",\"valueRequired\":true,\"valueName\":\"search_term_string\"}}],\"inLanguage\":\"fr-FR\"}]}<\/script>\n<!-- \/ Yoast SEO plugin. -->","yoast_head_json":{"title":"Microciment de haute qualit\u00e9 et durabilit\u00e9.","description":"Nous proposons une grande vari\u00e9t\u00e9 de produits id\u00e9aux pour une application sur les sols et les murs, garantissant une finition impeccable et r\u00e9sistante. Que vous souhaitiez transformer vos int\u00e9rieurs ou r\u00e9nover des espaces commerciaux, nos mat\u00e9riaux en microciment sont le choix id\u00e9al. Apprenez \u00e0 appliquer facilement le microciment et d\u00e9couvrez les avantages de ce rev\u00eatement polyvalent.","robots":{"index":"index","follow":"follow","max-snippet":"max-snippet:-1","max-image-preview":"max-image-preview:large","max-video-preview":"max-video-preview:-1"},"canonical":"https:\/\/www.satine.com\/fr\/microciment\/","og_locale":"fr_FR","og_type":"article","og_title":"Microcement with high quality and durability.","og_description":"We offer a wide variety of products ideal for application on floors and walls, guaranteeing an impeccable and resistant finish. Whether you are looking to transform your interiors or renovate commercial spaces, our microcement materials are the perfect choice. Learn how to apply microcement easily and get to know the advantages of this versatile coating.","og_url":"https:\/\/www.satine.com\/fr\/microciment\/","og_site_name":"Satine","article_modified_time":"2025-07-29T10:45:07+00:00","twitter_card":"summary_large_image","schema":{"@context":"https:\/\/schema.org","@graph":[{"@type":"WebPage","@id":"https:\/\/www.satine.com\/microcement\/","url":"https:\/\/www.satine.com\/microcement\/","name":"Microciment de haute qualit\u00e9 et durabilit\u00e9.","isPartOf":{"@id":"https:\/\/www.satine.com\/#website"},"datePublished":"2020-09-09T14:58:38+00:00","dateModified":"2025-07-29T10:45:07+00:00","description":"Nous proposons une grande vari\u00e9t\u00e9 de produits id\u00e9aux pour une application sur les sols et les murs, garantissant une finition impeccable et r\u00e9sistante. Que vous souhaitiez transformer vos int\u00e9rieurs ou r\u00e9nover des espaces commerciaux, nos mat\u00e9riaux en microciment sont le choix id\u00e9al. Apprenez \u00e0 appliquer facilement le microciment et d\u00e9couvrez les avantages de ce rev\u00eatement polyvalent.","breadcrumb":{"@id":"https:\/\/www.satine.com\/microcement\/#breadcrumb"},"inLanguage":"fr-FR","potentialAction":[{"@type":"ReadAction","target":["https:\/\/www.satine.com\/microcement\/"]}]},{"@type":"BreadcrumbList","@id":"https:\/\/www.satine.com\/microcement\/#breadcrumb","itemListElement":[{"@type":"ListItem","position":1,"name":"Inicio","item":"https:\/\/www.satine.com\/"},{"@type":"ListItem","position":2,"name":"Microcement"}]},{"@type":"WebSite","@id":"https:\/\/www.satine.com\/#website","url":"https:\/\/www.satine.com\/","name":"Satine - Microciment","description":"","alternateName":"Satine - Microcement","potentialAction":[{"@type":"SearchAction","target":{"@type":"EntryPoint","urlTemplate":"https:\/\/www.satine.com\/?s={search_term_string}"},"query-input":{"@type":"PropertyValueSpecification","valueRequired":true,"valueName":"search_term_string"}}],"inLanguage":"fr-FR"}]}},"_links":{"self":[{"href":"https:\/\/www.satine.com\/fr\/wp-json\/wp\/v2\/pages\/2814","targetHints":{"allow":["GET"]}}],"collection":[{"href":"https:\/\/www.satine.com\/fr\/wp-json\/wp\/v2\/pages"}],"about":[{"href":"https:\/\/www.satine.com\/fr\/wp-json\/wp\/v2\/types\/page"}],"author":[{"embeddable":true,"href":"https:\/\/www.satine.com\/fr\/wp-json\/wp\/v2\/users\/1"}],"replies":[{"embeddable":true,"href":"https:\/\/www.satine.com\/fr\/wp-json\/wp\/v2\/comments?post=2814"}],"version-history":[{"count":3,"href":"https:\/\/www.satine.com\/fr\/wp-json\/wp\/v2\/pages\/2814\/revisions"}],"predecessor-version":[{"id":4650,"href":"https:\/\/www.satine.com\/fr\/wp-json\/wp\/v2\/pages\/2814\/revisions\/4650"}],"wp:attachment":[{"href":"https:\/\/www.satine.com\/fr\/wp-json\/wp\/v2\/media?parent=2814"}],"curies":[{"name":"wp","href":"https:\/\/api.w.org\/{rel}","templated":true}]}}