{"id":2811,"date":"2020-09-07T17:48:28","date_gmt":"2020-09-07T22:48:28","guid":{"rendered":"http:\/\/clapat.ro\/themes\/canela-wordpress\/?page_id=3"},"modified":"2024-07-30T08:38:18","modified_gmt":"2024-07-30T13:38:18","slug":"avis-juridique","status":"publish","type":"page","link":"https:\/\/www.satine.com\/fr\/aviso-legal\/","title":{"rendered":"Aviso Legal"},"content":{"rendered":"<h2 class=\"wp-block-heading\"><\/h2>\n\n\n\n<h3 class=\"wp-block-heading\">1. DONN\u00c9ES D'IDENTIFICATION<\/h3>\n\n\n\n<p class=\"legal\">En cumplimiento con el deber de informaci\u00f3n recogido en art\u00edculo 10 de la Ley 34\/2002, de 11 de julio, de Servicios de la Sociedad de la Informaci\u00f3n y del Comercio Electr\u00f3nico, a continuaci\u00f3n se reflejan los siguientes datos : la empresa titular de dominio web es Satine Factory S.L. (en adelante Satine), con domicilio a estos efectos en Carrer Coure, 16 -24, 12530, Burriana, Castell\u00f3n, n\u00famero de C.I.F. : B97543227 inscrita en el Registro Mercantil de Valencia en el tomo 8083 general, libro 5375, secci\u00f3n 8, folio 179, Hoja V 103031. Correo electr\u00f3nico de contacto : info@satine.es del sitio web.<\/p>\n\n\n\n<h3 class=\"wp-block-heading\">2. USUARIOS<\/h3>\n\n\n\n<p class=\"legal\">L'acc\u00e8s et\/ou l'utilisation de ce portail de Satine est soumis \u00e0 la condition d'USUARIO, qui accepte, \u00e0 partir de cet acc\u00e8s et\/ou de cette utilisation, les conditions g\u00e9n\u00e9rales d'utilisation figurant dans le pr\u00e9sent document. Les conditions cit\u00e9es seront d'application ind\u00e9pendamment des conditions g\u00e9n\u00e9rales de contrat qui, dans ce cas, doivent \u00eatre obligatoirement respect\u00e9es.<\/p>\n\n\n\n<h3 class=\"wp-block-heading\">3. USO DEL PORTAL<\/h3>\n\n\n\n<p class=\"legal\">www.satine.com proporciona el acceso a multitud de informaciones, servicios, programas o datos (en adelante, \"los contenidos\") en Internet pertenecientes a SATINE o a sus licenciantes a los que el USUARIO pueda tener acceso. L'Utilisateur assume la responsabilit\u00e9 de l'utilisation du portail. Cette responsabilit\u00e9 s'\u00e9tend \u00e0 l'enregistrement n\u00e9cessaire pour acc\u00e9der \u00e0 certains services ou contenus.<br>Dans cet enregistrement, l'utilisateur est tenu de fournir des informations exactes et pr\u00e9cises. \u00c0 la suite de cet enregistrement, l'USUARIO peut fournir un contr\u00f4le de la personne responsable, en s'engageant \u00e0 l'utiliser de mani\u00e8re diligente et confidentielle. L'utilisateur s'engage \u00e0 faire un usage appropri\u00e9 des contenus et des services (comme par exemple les services de chat, les forums de discussion ou les groupes de discussion) que Nombre de l'entreprise cr\u00e9atrice du site web met \u00e0 disposition par l'interm\u00e9diaire de son portail et dont le caract\u00e8re est explicite mais non limitatif, a no emplearlos para (i) incurrir en actividades il\u00edcitas, ilegales o contrarias a la buena fe y al orden p\u00fablico ; (ii) diffuser des contenus ou de la propagande \u00e0 caract\u00e8re raciste, x\u00e9nophobe, pornographique ou ill\u00e9gal, faisant l'apologie du terrorisme ou attisant la haine des droits de l'homme ; (iii) provoquer des dommages dans les syst\u00e8mes informatiques et logiques de Nombre de l'entreprise cr\u00e9atrice du site web, de ses fournisseurs ou de tierces personnes, introduire ou diffuser sur le r\u00e9seau des virus informatiques ou tout autre syst\u00e8me informatique susceptible de provoquer les dommages mentionn\u00e9s pr\u00e9c\u00e9demment ; (iv) l'intention d'acc\u00e9der et, dans son cas, d'utiliser les bo\u00eetes aux lettres \u00e9lectroniques d'autres utilisateurs et de modifier ou de manipuler leurs messages. Nombre de l'entreprise cr\u00e9atrice du site web se r\u00e9serve le droit de retirer tous les commentaires et contributions qui ne respectent pas la dignit\u00e9 de la personne, qui sont discriminatoires, x\u00e9nophobes, racistes, pornographiques, qui s'attaquent \u00e0 la jeunesse ou \u00e0 l'enfance, \u00e0 l'ordre ou \u00e0 la s\u00e9curit\u00e9 publique ou qui, \u00e0 son avis, ne sont pas adapt\u00e9s \u00e0 sa publication. Dans tous les cas, Satine Stone n'est pas responsable des opinions exprim\u00e9es par les utilisateurs par le biais des forums, des chats ou d'autres outils de participation.<\/p>\n\n\n\n<h3 class=\"wp-block-heading\">4. PROTECTION DES DONN\u00c9ES<\/h3>\n\n\n\n<p class=\"legal\">Satine se conforme aux directives de la Ley Org\u00e1nica 15\/1999 de 13 de diciembre de Protecci\u00f3n de Datos de Car\u00e1cter Personal, el Real Decreto 1720\/2007 de 21 de diciembre por el que se aprueba el Reglamento de desarrollo de la Ley Org\u00e1nica y dem\u00e1s normativa vigente en cada momento, et vela por garantizar un correcto uso y tratamiento de los datos personales del usuario. Pour ce faire, dans les services que l'utilisateur peut solliciter \u00e0 l'adresse info@satine.es, il convient de signaler \u00e0 l'utilisateur l'existence et l'acceptation des conditions particuli\u00e8res de traitement de ses donn\u00e9es dans chaque cas, parall\u00e8lement \u00e0 chaque formulaire de reconnaissance des donn\u00e9es \u00e0 caract\u00e8re personnel, en l'informant de la responsabilit\u00e9 du fichier cr\u00e9\u00e9, de la direction du responsable, de la possibilit\u00e9 d'exercer ses droits d'acc\u00e8s, de rectification, d'annulation et d'opposition, de la finalit\u00e9 du traitement et des communications de donn\u00e9es \u00e0 des tiers dans son cas.<br>Par ailleurs, Satine Stone informe qu'elle se conforme \u00e0 la loi 34\/2002 du 11 juillet 2002 relative aux services de la soci\u00e9t\u00e9 de l'information et du commerce \u00e9lectronique et qu'elle demande son consentement au traitement de son courrier \u00e9lectronique \u00e0 des fins commerciales \u00e0 tout moment.<\/p>\n\n\n\n<h3 class=\"wp-block-heading\">5. PROPRI\u00c9T\u00c9 INTELLECTUELLE ET INDUSTRIELLE<\/h3>\n\n\n\n<p class=\"legal\">Satine por s\u00ed o como cesionaria, es titular de todos los derechos de propiedad intelectual e industrial desu p\u00e1gina web, as\u00ed como de los elementos contenidos en la misma (a t\u00edtulo enunciativo, im\u00e1genes, sonido, audio, v\u00eddeo, software o textos ; les marques ou logos, les combinaisons de couleurs, la structure et le design, la s\u00e9lection des mat\u00e9riaux utilis\u00e9s, les programmes de l'ordinateur n\u00e9cessaires au fonctionnement, \u00e0 l'acc\u00e8s et \u00e0 l'utilisation, etc.), titularidad de Satine o bien de sus licenciantes.<br>Todos los derechos reservados. En virtud de lo dispuesto en los art\u00edculos 8 y 32.1, p\u00e1rrafo segundo, de la Ley de Propiedad Intelectual, quedan expresamente prohibidas la reproducci\u00f3n, la distribuci\u00f3n y la comunicaci\u00f3n p\u00fablica, incluida su modalidad de puesta a disposici\u00f3n, de la totalidad o parte de los contenidos de esta p\u00e1gina web, con fines comerciales, en cualquier soporte y por cualquier medio t\u00e9cnico, sin la autorizaci\u00f3n de Satine. L'utilisateur s'engage \u00e0 respecter les droits de propri\u00e9t\u00e9 intellectuelle et industrielle de Satine. Il peut visualiser les \u00e9l\u00e9ments du portail et m\u00eame les imprimer, les copier et les conserver sur le disque dur de son ordinateur ou sur tout autre support physique, \u00e0 condition que ce soit uniquement et exclusivement pour son usage personnel et priv\u00e9. L'utilisateur doit s'abstenir de supprimer, modifier, \u00e9luder ou manipuler tout dispositif de protection ou syst\u00e8me de s\u00e9curit\u00e9 install\u00e9 dans les pages de Satine.<\/p>\n\n\n\n<h3 class=\"wp-block-heading\">6. EXCLUSI\u00d3N DE GARANT\u00cdAS Y RESPONSABILIDAD<\/h3>\n\n\n\n<p class=\"legal\">Satine ne se tient pas responsable, en aucun cas, des dommages et des pr\u00e9judices de toute nature qui pourraient survenir, au sens de l'article premier : erreurs ou omissions dans les contenus, manque de disponibilit\u00e9 du portail ou transmission de virus ou de programmes malveillants ou nuisibles dans les contenus, bien qu'ayant adopt\u00e9 toutes les mesures techniques n\u00e9cessaires pour les \u00e9viter.<\/p>\n\n\n\n<h3 class=\"wp-block-heading\">7. MODIFICACIONES<\/h3>\n\n\n\n<p class=\"legal\">Satine se r\u00e9serve le droit d'effectuer sans avis pr\u00e9alable les modifications qu'elle juge opportunes sur son portail, de modifier, de compl\u00e9ter ou d'ajouter tant les contenus et les services qu'elle fournit par l'interm\u00e9diaire de ce dernier que la forme sous laquelle ils sont pr\u00e9sent\u00e9s ou localis\u00e9s sur son portail.<\/p>\n\n\n\n<h3 class=\"wp-block-heading\">8. ENLACES<\/h3>\n\n\n\n<p class=\"legal\">Dans le cas o\u00f9 le site www.satine.com contient des liens ou des informations sur d'autres sites Internet, Satine n'exerce aucun contr\u00f4le sur ces sites et leurs contenus. En aucun cas Satine n'assumera la responsabilit\u00e9 du contenu d'un lien appartenant \u00e0 un site web ajeno, ni ne garantira la disponibilit\u00e9 technique, la qualit\u00e9, la fiabilit\u00e9, l'exactitude, l'amplitude, la v\u00e9racit\u00e9, la validit\u00e9 et la constitutionnalit\u00e9 de tout mat\u00e9riel ou information contenu dans l'un de ces liens ou dans d'autres sites Internet.<br>En outre, l'inclusion de ces connexions externes n'impliquera aucun type d'association, de fusion ou de participation avec les entit\u00e9s connect\u00e9es.<\/p>\n\n\n\n<h3 class=\"wp-block-heading\">9. DERECHO DE EXCLUSI\u00d3N<\/h3>\n\n\n\n<p class=\"legal\">Satine se r\u00e9serve le droit de refuser ou de retirer l'acc\u00e8s au portail et\/ou aux services offerts sans n\u00e9cessit\u00e9 de pr\u00e9avis, \u00e0 sa propre initiative ou \u00e0 celle d'un tiers, aux utilisateurs qui ne respectent pas les pr\u00e9sentes conditions g\u00e9n\u00e9rales d'utilisation.<\/p>\n\n\n\n<h3 class=\"wp-block-heading\">10. GENERALIDADES<\/h3>\n\n\n<p class=\"legal\">Satine perseguir\u00e1 el incumplimiento de las presentes condiciones as\u00ed como cualquier utilizaci\u00f3n indebida de su portal ejerciendo todas las acciones civiles y penales que le puedan corresponder en derecho.<\/p>\n\n\n<h3 class=\"wp-block-heading\">11. MODIFICACI\u00d3N DE LAS PRESENTES CONDICIONES Y DURACI\u00d3N<\/h3>\n\n\n\n<p class=\"legal\">Satine peut modifier \u00e0 tout moment les conditions d\u00e9termin\u00e9es dans le pr\u00e9sent document, m\u00eame si elles doivent \u00eatre publi\u00e9es telles qu'elles figurent dans le pr\u00e9sent document.<br>La vigencia de las citadas condiciones ir\u00e1 en funci\u00f3n de su exposici\u00f3n y estar\u00e1n vigentes hasta debidamente publicadas. que sean modificadas por otras.<\/p>\n\n\n\n<h3 class=\"wp-block-heading\">12. LEGISLACI\u00d3N APLICABLE Y JURISDICCI\u00d3N<\/h3>\n\n\n\n<p class=\"legal\">La relation entre Satine et l'USUARIO est r\u00e9gie par la norme espagnole en vigueur et toute controverse est soumise aux tribunaux de la ville de Valence.<\/p>","protected":false},"excerpt":{"rendered":"<p>1. DATOS IDENTIFICATIVOS En cumplimiento con el deber de informaci\u00f3n recogido en art\u00edculo 10 de la Ley 34\/2002, de 11 de julio, de Servicios de la Sociedad de la Informaci\u00f3n y del Comercio Electr\u00f3nico, a continuaci\u00f3n se reflejan los siguientes datos: la empresa titular de dominio web es Satine Factory S.L. (en adelante Satine), con [&hellip;]<\/p>\n","protected":false},"author":1,"featured_media":0,"parent":0,"menu_order":0,"comment_status":"closed","ping_status":"closed","template":"","meta":{"footnotes":""},"class_list":["post-2811","page","type-page","status-publish","hentry"],"yoast_head":"<!-- This site is optimized with the Yoast SEO plugin v27.4 - https:\/\/yoast.com\/product\/yoast-seo-wordpress\/ -->\n<title>Aviso Legal - Satine<\/title>\n<meta name=\"robots\" content=\"index, follow, max-snippet:-1, max-image-preview:large, max-video-preview:-1\" \/>\n<link rel=\"canonical\" href=\"https:\/\/www.satine.com\/fr\/avis-juridique\/\" \/>\n<meta property=\"og:locale\" content=\"fr_FR\" \/>\n<meta property=\"og:type\" content=\"article\" \/>\n<meta property=\"og:title\" content=\"Aviso Legal - Satine\" \/>\n<meta property=\"og:description\" content=\"1. DATOS IDENTIFICATIVOS En cumplimiento con el deber de informaci\u00f3n recogido en art\u00edculo 10 de la Ley 34\/2002, de 11 de julio, de Servicios de la Sociedad de la Informaci\u00f3n y del Comercio Electr\u00f3nico, a continuaci\u00f3n se reflejan los siguientes datos: la empresa titular de dominio web es Satine Factory S.L. (en adelante Satine), con [&hellip;]\" \/>\n<meta property=\"og:url\" content=\"https:\/\/www.satine.com\/fr\/avis-juridique\/\" \/>\n<meta property=\"og:site_name\" content=\"Satine\" \/>\n<meta property=\"article:modified_time\" content=\"2024-07-30T13:38:18+00:00\" \/>\n<meta name=\"twitter:card\" content=\"summary_large_image\" \/>\n<meta name=\"twitter:label1\" content=\"Dur\u00e9e de lecture estim\u00e9e\" \/>\n\t<meta name=\"twitter:data1\" content=\"6 minutes\" \/>\n<script type=\"application\/ld+json\" class=\"yoast-schema-graph\">{\"@context\":\"https:\\\/\\\/schema.org\",\"@graph\":[{\"@type\":\"WebPage\",\"@id\":\"https:\\\/\\\/www.satine.com\\\/aviso-legal\\\/\",\"url\":\"https:\\\/\\\/www.satine.com\\\/aviso-legal\\\/\",\"name\":\"Aviso Legal - Satine\",\"isPartOf\":{\"@id\":\"https:\\\/\\\/www.satine.com\\\/#website\"},\"datePublished\":\"2020-09-07T22:48:28+00:00\",\"dateModified\":\"2024-07-30T13:38:18+00:00\",\"breadcrumb\":{\"@id\":\"https:\\\/\\\/www.satine.com\\\/aviso-legal\\\/#breadcrumb\"},\"inLanguage\":\"fr-FR\",\"potentialAction\":[{\"@type\":\"ReadAction\",\"target\":[\"https:\\\/\\\/www.satine.com\\\/aviso-legal\\\/\"]}]},{\"@type\":\"BreadcrumbList\",\"@id\":\"https:\\\/\\\/www.satine.com\\\/aviso-legal\\\/#breadcrumb\",\"itemListElement\":[{\"@type\":\"ListItem\",\"position\":1,\"name\":\"Inicio\",\"item\":\"https:\\\/\\\/www.satine.com\\\/\"},{\"@type\":\"ListItem\",\"position\":2,\"name\":\"Aviso Legal\"}]},{\"@type\":\"WebSite\",\"@id\":\"https:\\\/\\\/www.satine.com\\\/#website\",\"url\":\"https:\\\/\\\/www.satine.com\\\/\",\"name\":\"Satine - Microcement\",\"description\":\"\",\"alternateName\":\"Satine - Microcement\",\"potentialAction\":[{\"@type\":\"SearchAction\",\"target\":{\"@type\":\"EntryPoint\",\"urlTemplate\":\"https:\\\/\\\/www.satine.com\\\/?s={search_term_string}\"},\"query-input\":{\"@type\":\"PropertyValueSpecification\",\"valueRequired\":true,\"valueName\":\"search_term_string\"}}],\"inLanguage\":\"fr-FR\"}]}<\/script>\n<!-- \/ Yoast SEO plugin. -->","yoast_head_json":{"title":"Aviso Legal - Satine","robots":{"index":"index","follow":"follow","max-snippet":"max-snippet:-1","max-image-preview":"max-image-preview:large","max-video-preview":"max-video-preview:-1"},"canonical":"https:\/\/www.satine.com\/fr\/avis-juridique\/","og_locale":"fr_FR","og_type":"article","og_title":"Aviso Legal - Satine","og_description":"1. DATOS IDENTIFICATIVOS En cumplimiento con el deber de informaci\u00f3n recogido en art\u00edculo 10 de la Ley 34\/2002, de 11 de julio, de Servicios de la Sociedad de la Informaci\u00f3n y del Comercio Electr\u00f3nico, a continuaci\u00f3n se reflejan los siguientes datos: la empresa titular de dominio web es Satine Factory S.L. (en adelante Satine), con [&hellip;]","og_url":"https:\/\/www.satine.com\/fr\/avis-juridique\/","og_site_name":"Satine","article_modified_time":"2024-07-30T13:38:18+00:00","twitter_card":"summary_large_image","twitter_misc":{"Dur\u00e9e de lecture estim\u00e9e":"6 minutes"},"schema":{"@context":"https:\/\/schema.org","@graph":[{"@type":"WebPage","@id":"https:\/\/www.satine.com\/aviso-legal\/","url":"https:\/\/www.satine.com\/aviso-legal\/","name":"Aviso Legal - Satine","isPartOf":{"@id":"https:\/\/www.satine.com\/#website"},"datePublished":"2020-09-07T22:48:28+00:00","dateModified":"2024-07-30T13:38:18+00:00","breadcrumb":{"@id":"https:\/\/www.satine.com\/aviso-legal\/#breadcrumb"},"inLanguage":"fr-FR","potentialAction":[{"@type":"ReadAction","target":["https:\/\/www.satine.com\/aviso-legal\/"]}]},{"@type":"BreadcrumbList","@id":"https:\/\/www.satine.com\/aviso-legal\/#breadcrumb","itemListElement":[{"@type":"ListItem","position":1,"name":"Inicio","item":"https:\/\/www.satine.com\/"},{"@type":"ListItem","position":2,"name":"Aviso Legal"}]},{"@type":"WebSite","@id":"https:\/\/www.satine.com\/#website","url":"https:\/\/www.satine.com\/","name":"Satine - Microciment","description":"","alternateName":"Satine - Microcement","potentialAction":[{"@type":"SearchAction","target":{"@type":"EntryPoint","urlTemplate":"https:\/\/www.satine.com\/?s={search_term_string}"},"query-input":{"@type":"PropertyValueSpecification","valueRequired":true,"valueName":"search_term_string"}}],"inLanguage":"fr-FR"}]}},"_links":{"self":[{"href":"https:\/\/www.satine.com\/fr\/wp-json\/wp\/v2\/pages\/2811","targetHints":{"allow":["GET"]}}],"collection":[{"href":"https:\/\/www.satine.com\/fr\/wp-json\/wp\/v2\/pages"}],"about":[{"href":"https:\/\/www.satine.com\/fr\/wp-json\/wp\/v2\/types\/page"}],"author":[{"embeddable":true,"href":"https:\/\/www.satine.com\/fr\/wp-json\/wp\/v2\/users\/1"}],"replies":[{"embeddable":true,"href":"https:\/\/www.satine.com\/fr\/wp-json\/wp\/v2\/comments?post=2811"}],"version-history":[{"count":11,"href":"https:\/\/www.satine.com\/fr\/wp-json\/wp\/v2\/pages\/2811\/revisions"}],"predecessor-version":[{"id":4618,"href":"https:\/\/www.satine.com\/fr\/wp-json\/wp\/v2\/pages\/2811\/revisions\/4618"}],"wp:attachment":[{"href":"https:\/\/www.satine.com\/fr\/wp-json\/wp\/v2\/media?parent=2811"}],"curies":[{"name":"wp","href":"https:\/\/api.w.org\/{rel}","templated":true}]}}