{"id":9026,"date":"2025-09-29T07:18:42","date_gmt":"2025-09-29T11:18:42","guid":{"rendered":"https:\/\/www.satine.com\/?page_id=9026"},"modified":"2025-09-29T07:18:44","modified_gmt":"2025-09-29T11:18:44","slug":"microcemento-santa-fe","status":"publish","type":"page","link":"https:\/\/www.satine.com\/es\/microcement-argentina\/microcement-santa-fe\/","title":{"rendered":"Microcemento Santa Fe"},"content":{"rendered":"<p>Hemos desarrollado proyectos con microcemento en todo <strong><strong><strong><strong>Santa Fe<\/strong>: Santa Fe, Rosario, Rafaela, Venado Tuerto, Reconquista<\/strong><\/strong><\/strong> entre otros lugares. Estamos especializados en la rehabilitaci\u00f3n de viviendas y negocios, donde nuestros aplicadores certificados utilizan exclusivamente los productos que fabricamos. La calidad de nuestros materiales, la formaci\u00f3n de nuestros aplicadores y la experiencia de nuestro equipo comercial son las se\u00f1as de identidad que mejor nos definen. Somos una marca consolidada, l\u00edder en la producci\u00f3n de microcemento en Europa. Ofrecemos revestimientos decorativos continuos y duraderos, as\u00ed como asesoramiento t\u00e9cnico gratuito desde el principio hasta el final del proyecto. Nos gusta escuchar a nuestros clientes y acompa\u00f1arles m\u00e1s all\u00e1 de la construcci\u00f3n para satisfacer sus necesidades. Somos expertos en la venta, formaci\u00f3n y aplicaci\u00f3n de microcemento en <strong>Santa Fe<\/strong>. Nuestros sistemas se adaptan a las necesidades de cada proyecto para hacerlo \u00fanico. Ayudamos a hacer realidad sus proyectos de forma r\u00e1pida y eficaz.<\/p>\n\n\n\n<h3 class=\"wp-block-heading\"><br><img decoding=\"async\" src=\"https:\/\/www.satine.com\/wp-content\/uploads\/2024\/07\/Microcemento-Satine-1024x1024.png\" alt=\"\"><br><br><strong>\u00bfQu\u00e9 es el microcemento?<\/strong><\/h3>\n\n\n\n<p>El microcemento es un revestimiento uniforme que puede aplicarse a diversas superficies y ambientes: paredes, suelos, techos, escaleras, ba\u00f1os, piscinas, cocinas, entre otros. Su principal caracter\u00edstica es que ahorra tiempo y dinero en comparaci\u00f3n con otros revestimientos, lo que lo hace muy popular. Este acabado est\u00e1 compuesto por cemento, resinas, pigmentos y aditivos, proporcionando un acabado \u00fanico gracias a su aplicaci\u00f3n artesanal. Tiene una excelente adherencia y puede utilizarse en diversos materiales como hormig\u00f3n, azulejos, cer\u00e1mica, cart\u00f3n yeso, escayola, metales, m\u00e1rmol y mosaico, entre otros. Este fino revestimiento, de s\u00f3lo 2 a 3 mm de espesor, ha ganado relevancia en el campo de la decoraci\u00f3n en los \u00faltimos a\u00f1os, ya que cada vez son m\u00e1s los arquitectos, interioristas y decoradores que eligen el microcemento para todo tipo de reformas en viviendas y negocios. La ausencia de juntas de dilataci\u00f3n da como resultado una superficie lisa y uniforme, que aporta amplitud, luminosidad y elegancia al espacio donde se integra. La ausencia de juntas tambi\u00e9n facilita la limpieza y el mantenimiento, ya que evita la acumulaci\u00f3n de suciedad.<\/p>\n\n\n\n<h3 class=\"wp-block-heading\"><br><strong>Contacto Satine microcemento en Santa Fe<\/strong><\/h3>\n\n\n\n<p>Si desea m\u00e1s informaci\u00f3n sobre los microcementos Satine en <strong>Santa Fe<\/strong>Si desea solicitar un presupuesto individualizado para un proyecto, material o tiene alguna pregunta sobre nosotros, p\u00f3ngase en contacto con nosotros.<\/p>","protected":false},"excerpt":{"rendered":"<p>We have been developing projects with microcement throughout Santa Fe: Santa Fe, Rosario, Rafaela, Venado Tuerto, Reconquista among other locations. We specialize in the renovation of homes and businesses, where our certified applicators exclusively use the products we manufacture. The quality of our materials, the training of our applicators, and the experience of our sales [&hellip;]<\/p>\n","protected":false},"author":1,"featured_media":0,"parent":8949,"menu_order":0,"comment_status":"closed","ping_status":"closed","template":"","meta":{"footnotes":""},"class_list":["post-9026","page","type-page","status-publish","hentry"],"yoast_head":"<!-- This site is optimized with the Yoast SEO plugin v27.3 - https:\/\/yoast.com\/product\/yoast-seo-wordpress\/ -->\n<title>Microcement Santa Fe - Satine<\/title>\n<meta name=\"description\" content=\"We have been developing projects with microcement throughout Santa Fe: Santa Fe, Rosario, Rafaela, Venado Tuerto, Reconquista among other locations. We specialize in the renovation of homes and businesses, where our certified applicators exclusively use the products we manufacture\" \/>\n<meta name=\"robots\" content=\"index, follow, max-snippet:-1, max-image-preview:large, max-video-preview:-1\" \/>\n<link rel=\"canonical\" href=\"https:\/\/www.satine.com\/es\/microcemento-argentina\/microcemento-santa-fe\/\" \/>\n<meta property=\"og:locale\" content=\"es_ES\" \/>\n<meta property=\"og:type\" content=\"article\" \/>\n<meta property=\"og:title\" content=\"Microcement Santa Fe - Satine\" \/>\n<meta property=\"og:description\" content=\"We have been developing projects with microcement throughout Santa Fe: Santa Fe, Rosario, Rafaela, Venado Tuerto, Reconquista among other locations. We specialize in the renovation of homes and businesses, where our certified applicators exclusively use the products we manufacture\" \/>\n<meta property=\"og:url\" content=\"https:\/\/www.satine.com\/es\/microcemento-argentina\/microcemento-santa-fe\/\" \/>\n<meta property=\"og:site_name\" content=\"Satine\" \/>\n<meta property=\"article:modified_time\" content=\"2025-09-29T11:18:44+00:00\" \/>\n<meta property=\"og:image\" content=\"https:\/\/www.satine.com\/wp-content\/uploads\/2024\/07\/Microcemento-Satine-1024x1024.png\" \/>\n<meta name=\"twitter:card\" content=\"summary_large_image\" \/>\n<meta name=\"twitter:label1\" content=\"Tiempo de lectura\" \/>\n\t<meta name=\"twitter:data1\" content=\"2 minutos\" \/>\n<script type=\"application\/ld+json\" class=\"yoast-schema-graph\">{\"@context\":\"https:\\\/\\\/schema.org\",\"@graph\":[{\"@type\":\"WebPage\",\"@id\":\"https:\\\/\\\/www.satine.com\\\/microcement-argentina\\\/microcement-santa-fe\\\/\",\"url\":\"https:\\\/\\\/www.satine.com\\\/microcement-argentina\\\/microcement-santa-fe\\\/\",\"name\":\"Microcement Santa Fe - Satine\",\"isPartOf\":{\"@id\":\"https:\\\/\\\/www.satine.com\\\/#website\"},\"primaryImageOfPage\":{\"@id\":\"https:\\\/\\\/www.satine.com\\\/microcement-argentina\\\/microcement-santa-fe\\\/#primaryimage\"},\"image\":{\"@id\":\"https:\\\/\\\/www.satine.com\\\/microcement-argentina\\\/microcement-santa-fe\\\/#primaryimage\"},\"thumbnailUrl\":\"https:\\\/\\\/www.satine.com\\\/wp-content\\\/uploads\\\/2024\\\/07\\\/Microcemento-Satine-1024x1024.png\",\"datePublished\":\"2025-09-29T11:18:42+00:00\",\"dateModified\":\"2025-09-29T11:18:44+00:00\",\"description\":\"We have been developing projects with microcement throughout Santa Fe: Santa Fe, Rosario, Rafaela, Venado Tuerto, Reconquista among other locations. We specialize in the renovation of homes and businesses, where our certified applicators exclusively use the products we manufacture\",\"breadcrumb\":{\"@id\":\"https:\\\/\\\/www.satine.com\\\/microcement-argentina\\\/microcement-santa-fe\\\/#breadcrumb\"},\"inLanguage\":\"es\",\"potentialAction\":[{\"@type\":\"ReadAction\",\"target\":[\"https:\\\/\\\/www.satine.com\\\/microcement-argentina\\\/microcement-santa-fe\\\/\"]}]},{\"@type\":\"ImageObject\",\"inLanguage\":\"es\",\"@id\":\"https:\\\/\\\/www.satine.com\\\/microcement-argentina\\\/microcement-santa-fe\\\/#primaryimage\",\"url\":\"https:\\\/\\\/www.satine.com\\\/wp-content\\\/uploads\\\/2024\\\/07\\\/Microcemento-Satine-1024x1024.png\",\"contentUrl\":\"https:\\\/\\\/www.satine.com\\\/wp-content\\\/uploads\\\/2024\\\/07\\\/Microcemento-Satine-1024x1024.png\"},{\"@type\":\"BreadcrumbList\",\"@id\":\"https:\\\/\\\/www.satine.com\\\/microcement-argentina\\\/microcement-santa-fe\\\/#breadcrumb\",\"itemListElement\":[{\"@type\":\"ListItem\",\"position\":1,\"name\":\"Inicio\",\"item\":\"https:\\\/\\\/www.satine.com\\\/\"},{\"@type\":\"ListItem\",\"position\":2,\"name\":\"Microcement Argentina\",\"item\":\"https:\\\/\\\/www.satine.com\\\/microcement-argentina\\\/\"},{\"@type\":\"ListItem\",\"position\":3,\"name\":\"Microcement Santa Fe\"}]},{\"@type\":\"WebSite\",\"@id\":\"https:\\\/\\\/www.satine.com\\\/#website\",\"url\":\"https:\\\/\\\/www.satine.com\\\/\",\"name\":\"Satine - Microcement\",\"description\":\"\",\"alternateName\":\"Satine - Microcement\",\"potentialAction\":[{\"@type\":\"SearchAction\",\"target\":{\"@type\":\"EntryPoint\",\"urlTemplate\":\"https:\\\/\\\/www.satine.com\\\/?s={search_term_string}\"},\"query-input\":{\"@type\":\"PropertyValueSpecification\",\"valueRequired\":true,\"valueName\":\"search_term_string\"}}],\"inLanguage\":\"es\"}]}<\/script>\n<!-- \/ Yoast SEO plugin. -->","yoast_head_json":{"title":"Microcemento Santa Fe - Satine","description":"Venimos desarrollando proyectos con microcemento en todo el territorio santafesino: Santa Fe, Rosario, Rafaela, Venado Tuerto, Reconquista entre otras localidades. Nos especializamos en la refacci\u00f3n de viviendas y comercios, donde nuestros aplicadores certificados utilizan exclusivamente los productos que fabricamos","robots":{"index":"index","follow":"follow","max-snippet":"max-snippet:-1","max-image-preview":"max-image-preview:large","max-video-preview":"max-video-preview:-1"},"canonical":"https:\/\/www.satine.com\/es\/microcemento-argentina\/microcemento-santa-fe\/","og_locale":"es_ES","og_type":"article","og_title":"Microcement Santa Fe - Satine","og_description":"We have been developing projects with microcement throughout Santa Fe: Santa Fe, Rosario, Rafaela, Venado Tuerto, Reconquista among other locations. We specialize in the renovation of homes and businesses, where our certified applicators exclusively use the products we manufacture","og_url":"https:\/\/www.satine.com\/es\/microcemento-argentina\/microcemento-santa-fe\/","og_site_name":"Satine","article_modified_time":"2025-09-29T11:18:44+00:00","og_image":[{"url":"https:\/\/www.satine.com\/wp-content\/uploads\/2024\/07\/Microcemento-Satine-1024x1024.png","type":"","width":"","height":""}],"twitter_card":"summary_large_image","twitter_misc":{"Tiempo de lectura":"2 minutos"},"schema":{"@context":"https:\/\/schema.org","@graph":[{"@type":"WebPage","@id":"https:\/\/www.satine.com\/microcement-argentina\/microcement-santa-fe\/","url":"https:\/\/www.satine.com\/microcement-argentina\/microcement-santa-fe\/","name":"Microcemento Santa Fe - Satine","isPartOf":{"@id":"https:\/\/www.satine.com\/#website"},"primaryImageOfPage":{"@id":"https:\/\/www.satine.com\/microcement-argentina\/microcement-santa-fe\/#primaryimage"},"image":{"@id":"https:\/\/www.satine.com\/microcement-argentina\/microcement-santa-fe\/#primaryimage"},"thumbnailUrl":"https:\/\/www.satine.com\/wp-content\/uploads\/2024\/07\/Microcemento-Satine-1024x1024.png","datePublished":"2025-09-29T11:18:42+00:00","dateModified":"2025-09-29T11:18:44+00:00","description":"Venimos desarrollando proyectos con microcemento en todo el territorio santafesino: Santa Fe, Rosario, Rafaela, Venado Tuerto, Reconquista entre otras localidades. Nos especializamos en la refacci\u00f3n de viviendas y comercios, donde nuestros aplicadores certificados utilizan exclusivamente los productos que fabricamos","breadcrumb":{"@id":"https:\/\/www.satine.com\/microcement-argentina\/microcement-santa-fe\/#breadcrumb"},"inLanguage":"es","potentialAction":[{"@type":"ReadAction","target":["https:\/\/www.satine.com\/microcement-argentina\/microcement-santa-fe\/"]}]},{"@type":"ImageObject","inLanguage":"es","@id":"https:\/\/www.satine.com\/microcement-argentina\/microcement-santa-fe\/#primaryimage","url":"https:\/\/www.satine.com\/wp-content\/uploads\/2024\/07\/Microcemento-Satine-1024x1024.png","contentUrl":"https:\/\/www.satine.com\/wp-content\/uploads\/2024\/07\/Microcemento-Satine-1024x1024.png"},{"@type":"BreadcrumbList","@id":"https:\/\/www.satine.com\/microcement-argentina\/microcement-santa-fe\/#breadcrumb","itemListElement":[{"@type":"ListItem","position":1,"name":"Inicio","item":"https:\/\/www.satine.com\/"},{"@type":"ListItem","position":2,"name":"Microcement Argentina","item":"https:\/\/www.satine.com\/microcement-argentina\/"},{"@type":"ListItem","position":3,"name":"Microcement Santa Fe"}]},{"@type":"WebSite","@id":"https:\/\/www.satine.com\/#website","url":"https:\/\/www.satine.com\/","name":"Satine - Microcemento","description":"","alternateName":"Satine - Microcement","potentialAction":[{"@type":"SearchAction","target":{"@type":"EntryPoint","urlTemplate":"https:\/\/www.satine.com\/?s={search_term_string}"},"query-input":{"@type":"PropertyValueSpecification","valueRequired":true,"valueName":"search_term_string"}}],"inLanguage":"es"}]}},"_links":{"self":[{"href":"https:\/\/www.satine.com\/es\/wp-json\/wp\/v2\/pages\/9026","targetHints":{"allow":["GET"]}}],"collection":[{"href":"https:\/\/www.satine.com\/es\/wp-json\/wp\/v2\/pages"}],"about":[{"href":"https:\/\/www.satine.com\/es\/wp-json\/wp\/v2\/types\/page"}],"author":[{"embeddable":true,"href":"https:\/\/www.satine.com\/es\/wp-json\/wp\/v2\/users\/1"}],"replies":[{"embeddable":true,"href":"https:\/\/www.satine.com\/es\/wp-json\/wp\/v2\/comments?post=9026"}],"version-history":[{"count":1,"href":"https:\/\/www.satine.com\/es\/wp-json\/wp\/v2\/pages\/9026\/revisions"}],"predecessor-version":[{"id":9027,"href":"https:\/\/www.satine.com\/es\/wp-json\/wp\/v2\/pages\/9026\/revisions\/9027"}],"up":[{"embeddable":true,"href":"https:\/\/www.satine.com\/es\/wp-json\/wp\/v2\/pages\/8949"}],"wp:attachment":[{"href":"https:\/\/www.satine.com\/es\/wp-json\/wp\/v2\/media?parent=9026"}],"curies":[{"name":"wp","href":"https:\/\/api.w.org\/{rel}","templated":true}]}}