{"id":5593,"date":"2025-01-28T08:09:29","date_gmt":"2025-01-28T13:09:29","guid":{"rendered":"https:\/\/www.satine.com\/?page_id=5593"},"modified":"2025-12-09T04:36:48","modified_gmt":"2025-12-09T09:36:48","slug":"microcement-rogaland","status":"publish","type":"page","link":"https:\/\/www.satine.com\/es\/microcement-norway\/microcement-rogaland\/","title":{"rendered":"Microcement Stavanger"},"content":{"rendered":"<p id=\"block-49c68df4-4e38-48ab-9074-5a2eccf38c4a\">Hemos desarrollado proyectos con microcemento en todo <strong>Rogaland: Stavanger, Sandnes, Haugesund, Eigersund, Karm\u00f8yamong<\/strong> other locations. We specialize in the renovation of homes and businesses, where our certified applicators exclusively use the products we manufacture. The quality of our materials, the training of our applicators, and the experience of our sales team are the hallmarks that best define us. We are a well-established brand, leaders in the production of microcement in Europe. We offer continuous and durable decorative coverings, as well as free technical advice from the beginning to the end of the project. We like to listen to our clients and accompany them beyond the construction to meet their needs. We are experts in the sale, training, and application of microcement in <strong><strong>Rogaland<\/strong><\/strong> <strong>. <\/strong>Nuestros sistemas se adaptan a las necesidades de cada proyecto para hacerlo \u00fanico. Ayudamos a hacer realidad sus proyectos con rapidez y eficacia.<\/p>\n\n\n\n<h3 class=\"wp-block-heading\" id=\"block-9a70d34b-f80c-422a-9f8d-28477c0b196e\"><br><img decoding=\"async\" src=\"https:\/\/www.satine.com\/wp-content\/uploads\/2024\/07\/Microcemento-Satine-1024x1024.png\" alt=\"\"><br><br><strong>\u00bfQu\u00e9 es el microcemento?<\/strong><\/h3>\n\n\n\n<p id=\"block-577cb549-7447-4fc4-9d4f-a200f609a0b9\">El microcemento es un revestimiento uniforme que puede aplicarse a diversas superficies y ambientes: paredes, suelos, techos, escaleras, ba\u00f1os, piscinas, cocinas, entre otros. Su principal caracter\u00edstica es que ahorra tiempo y dinero en comparaci\u00f3n con otros revestimientos, lo que lo hace muy popular. Este acabado est\u00e1 compuesto por cemento, resinas, pigmentos y aditivos, proporcionando un acabado \u00fanico gracias a su aplicaci\u00f3n artesanal. Tiene una excelente adherencia y puede utilizarse en diversos materiales como hormig\u00f3n, azulejos, cer\u00e1mica, cart\u00f3n yeso, escayola, metales, m\u00e1rmol y mosaico, entre otros. Este fino revestimiento, de s\u00f3lo 2 a 3 mm de espesor, ha ganado relevancia en el campo de la decoraci\u00f3n en los \u00faltimos a\u00f1os, ya que cada vez son m\u00e1s los arquitectos, interioristas y decoradores que eligen el microcemento para todo tipo de reformas en viviendas y negocios. La ausencia de juntas de dilataci\u00f3n da como resultado una superficie lisa y uniforme, que aporta amplitud, luminosidad y elegancia al espacio donde se integra. La ausencia de juntas tambi\u00e9n facilita la limpieza y el mantenimiento, ya que evita la acumulaci\u00f3n de suciedad.<\/p>\n\n\n\n<div style=\"height:20px\" aria-hidden=\"true\" class=\"wp-block-spacer\"><\/div>\n\n\n\n<figure class=\"wp-block-image size-full\"><img loading=\"lazy\" decoding=\"async\" width=\"960\" height=\"645\" src=\"https:\/\/www.satine.com\/wp-content\/uploads\/2024\/07\/pavimento-continuo-microcemento-satine-01.jpg\" alt=\"\" class=\"wp-image-9215\" srcset=\"https:\/\/www.satine.com\/wp-content\/uploads\/2024\/07\/pavimento-continuo-microcemento-satine-01.jpg 960w, https:\/\/www.satine.com\/wp-content\/uploads\/2024\/07\/pavimento-continuo-microcemento-satine-01-300x202.jpg 300w, https:\/\/www.satine.com\/wp-content\/uploads\/2024\/07\/pavimento-continuo-microcemento-satine-01-768x516.jpg 768w, https:\/\/www.satine.com\/wp-content\/uploads\/2024\/07\/pavimento-continuo-microcemento-satine-01-18x12.jpg 18w\" sizes=\"auto, (max-width: 960px) 100vw, 960px\" \/><\/figure>\n\n\n\n<div style=\"height:20px\" aria-hidden=\"true\" class=\"wp-block-spacer\"><\/div>\n\n\n\n<h3 class=\"wp-block-heading\" id=\"block-00e18f76-b75a-452f-a9be-06c07093f1e5\"><strong>P\u00f3ngase en contacto con Satine microcemento en <strong>Rogaland<\/strong><\/strong><\/h3>\n\n\n\n<p id=\"block-ad64c68f-fbf5-4ce2-a46f-13d772a2e55b\">Si desea m\u00e1s informaci\u00f3n sobre los microcementos Satine en <strong><strong>Rogaland<\/strong><\/strong>Si desea solicitar un presupuesto individualizado para un proyecto, material o tiene alguna pregunta sobre nosotros, p\u00f3ngase en contacto con nosotros.<\/p>","protected":false},"excerpt":{"rendered":"<p>We have been developing projects with microcement throughout Rogaland: Stavanger, Sandnes, Haugesund, Eigersund, Karm\u00f8yamong other locations. We specialize in the renovation of homes and businesses, where our certified applicators exclusively use the products we manufacture. The quality of our materials, the training of our applicators, and the experience of our sales team are the hallmarks [&hellip;]<\/p>\n","protected":false},"author":1,"featured_media":0,"parent":4468,"menu_order":0,"comment_status":"closed","ping_status":"closed","template":"","meta":{"footnotes":""},"class_list":["post-5593","page","type-page","status-publish","hentry"],"yoast_head":"<!-- This site is optimized with the Yoast SEO plugin v27.5 - https:\/\/yoast.com\/product\/yoast-seo-wordpress\/ -->\n<title>Microcement Stavanger - Satine | Specialists in High-Quality Finishes<\/title>\n<meta name=\"description\" content=\"We have been developing projects with microcement throughout Rogaland: Stavanger, Sandnes, Haugesund, Eigersund, Karm\u00f8y among other locations. We specialize in the renovation of homes and businesses, where our certified applicators exclusively use the products we manufacture.\" \/>\n<meta name=\"robots\" content=\"index, follow, max-snippet:-1, max-image-preview:large, max-video-preview:-1\" \/>\n<link rel=\"canonical\" href=\"https:\/\/www.satine.com\/es\/microcemento-noruega\/microcement-rogaland\/\" \/>\n<meta property=\"og:locale\" content=\"es_ES\" \/>\n<meta property=\"og:type\" content=\"article\" \/>\n<meta property=\"og:title\" content=\"Microcement Stavanger - Satine | Specialists in High-Quality Finishes\" \/>\n<meta property=\"og:description\" content=\"We have been developing projects with microcement throughout Rogaland: Stavanger, Sandnes, Haugesund, Eigersund, Karm\u00f8y among other locations. We specialize in the renovation of homes and businesses, where our certified applicators exclusively use the products we manufacture.\" \/>\n<meta property=\"og:url\" content=\"https:\/\/www.satine.com\/es\/microcemento-noruega\/microcement-rogaland\/\" \/>\n<meta property=\"og:site_name\" content=\"Satine\" \/>\n<meta property=\"article:modified_time\" content=\"2025-12-09T09:36:48+00:00\" \/>\n<meta property=\"og:image\" content=\"https:\/\/www.satine.com\/wp-content\/uploads\/2024\/07\/Microcemento-Satine-1024x1024.png\" \/>\n<meta name=\"twitter:card\" content=\"summary_large_image\" \/>\n<meta name=\"twitter:label1\" content=\"Tiempo de lectura\" \/>\n\t<meta name=\"twitter:data1\" content=\"2 minutos\" \/>\n<script type=\"application\/ld+json\" class=\"yoast-schema-graph\">{\"@context\":\"https:\\\/\\\/schema.org\",\"@graph\":[{\"@type\":\"WebPage\",\"@id\":\"https:\\\/\\\/www.satine.com\\\/microcement-norway\\\/microcement-rogaland\\\/\",\"url\":\"https:\\\/\\\/www.satine.com\\\/microcement-norway\\\/microcement-rogaland\\\/\",\"name\":\"Microcement Stavanger - Satine | Specialists in High-Quality Finishes\",\"isPartOf\":{\"@id\":\"https:\\\/\\\/www.satine.com\\\/#website\"},\"primaryImageOfPage\":{\"@id\":\"https:\\\/\\\/www.satine.com\\\/microcement-norway\\\/microcement-rogaland\\\/#primaryimage\"},\"image\":{\"@id\":\"https:\\\/\\\/www.satine.com\\\/microcement-norway\\\/microcement-rogaland\\\/#primaryimage\"},\"thumbnailUrl\":\"https:\\\/\\\/www.satine.com\\\/wp-content\\\/uploads\\\/2024\\\/07\\\/Microcemento-Satine-1024x1024.png\",\"datePublished\":\"2025-01-28T13:09:29+00:00\",\"dateModified\":\"2025-12-09T09:36:48+00:00\",\"description\":\"We have been developing projects with microcement throughout Rogaland: Stavanger, Sandnes, Haugesund, Eigersund, Karm\u00f8y among other locations. We specialize in the renovation of homes and businesses, where our certified applicators exclusively use the products we manufacture.\",\"breadcrumb\":{\"@id\":\"https:\\\/\\\/www.satine.com\\\/microcement-norway\\\/microcement-rogaland\\\/#breadcrumb\"},\"inLanguage\":\"es\",\"potentialAction\":[{\"@type\":\"ReadAction\",\"target\":[\"https:\\\/\\\/www.satine.com\\\/microcement-norway\\\/microcement-rogaland\\\/\"]}]},{\"@type\":\"ImageObject\",\"inLanguage\":\"es\",\"@id\":\"https:\\\/\\\/www.satine.com\\\/microcement-norway\\\/microcement-rogaland\\\/#primaryimage\",\"url\":\"https:\\\/\\\/www.satine.com\\\/wp-content\\\/uploads\\\/2024\\\/07\\\/Microcemento-Satine-1024x1024.png\",\"contentUrl\":\"https:\\\/\\\/www.satine.com\\\/wp-content\\\/uploads\\\/2024\\\/07\\\/Microcemento-Satine-1024x1024.png\"},{\"@type\":\"BreadcrumbList\",\"@id\":\"https:\\\/\\\/www.satine.com\\\/microcement-norway\\\/microcement-rogaland\\\/#breadcrumb\",\"itemListElement\":[{\"@type\":\"ListItem\",\"position\":1,\"name\":\"Inicio\",\"item\":\"https:\\\/\\\/www.satine.com\\\/\"},{\"@type\":\"ListItem\",\"position\":2,\"name\":\"Microcement Norway\",\"item\":\"https:\\\/\\\/www.satine.com\\\/microcement-norway\\\/\"},{\"@type\":\"ListItem\",\"position\":3,\"name\":\"Microcement Stavanger\"}]},{\"@type\":\"WebSite\",\"@id\":\"https:\\\/\\\/www.satine.com\\\/#website\",\"url\":\"https:\\\/\\\/www.satine.com\\\/\",\"name\":\"Satine - Microcement\",\"description\":\"\",\"alternateName\":\"Satine - Microcement\",\"potentialAction\":[{\"@type\":\"SearchAction\",\"target\":{\"@type\":\"EntryPoint\",\"urlTemplate\":\"https:\\\/\\\/www.satine.com\\\/?s={search_term_string}\"},\"query-input\":{\"@type\":\"PropertyValueSpecification\",\"valueRequired\":true,\"valueName\":\"search_term_string\"}}],\"inLanguage\":\"es\"}]}<\/script>\n<!-- \/ Yoast SEO plugin. -->","yoast_head_json":{"title":"Microcement Stavanger - Satine | Specialists in High-Quality Finishes","description":"We have been developing projects with microcement throughout Rogaland: Stavanger, Sandnes, Haugesund, Eigersund, Karm\u00f8y among other locations. We specialize in the renovation of homes and businesses, where our certified applicators exclusively use the products we manufacture.","robots":{"index":"index","follow":"follow","max-snippet":"max-snippet:-1","max-image-preview":"max-image-preview:large","max-video-preview":"max-video-preview:-1"},"canonical":"https:\/\/www.satine.com\/es\/microcemento-noruega\/microcement-rogaland\/","og_locale":"es_ES","og_type":"article","og_title":"Microcement Stavanger - Satine | Specialists in High-Quality Finishes","og_description":"We have been developing projects with microcement throughout Rogaland: Stavanger, Sandnes, Haugesund, Eigersund, Karm\u00f8y among other locations. We specialize in the renovation of homes and businesses, where our certified applicators exclusively use the products we manufacture.","og_url":"https:\/\/www.satine.com\/es\/microcemento-noruega\/microcement-rogaland\/","og_site_name":"Satine","article_modified_time":"2025-12-09T09:36:48+00:00","og_image":[{"url":"https:\/\/www.satine.com\/wp-content\/uploads\/2024\/07\/Microcemento-Satine-1024x1024.png","type":"","width":"","height":""}],"twitter_card":"summary_large_image","twitter_misc":{"Tiempo de lectura":"2 minutos"},"schema":{"@context":"https:\/\/schema.org","@graph":[{"@type":"WebPage","@id":"https:\/\/www.satine.com\/microcement-norway\/microcement-rogaland\/","url":"https:\/\/www.satine.com\/microcement-norway\/microcement-rogaland\/","name":"Microcement Stavanger - Satine | Specialists in High-Quality Finishes","isPartOf":{"@id":"https:\/\/www.satine.com\/#website"},"primaryImageOfPage":{"@id":"https:\/\/www.satine.com\/microcement-norway\/microcement-rogaland\/#primaryimage"},"image":{"@id":"https:\/\/www.satine.com\/microcement-norway\/microcement-rogaland\/#primaryimage"},"thumbnailUrl":"https:\/\/www.satine.com\/wp-content\/uploads\/2024\/07\/Microcemento-Satine-1024x1024.png","datePublished":"2025-01-28T13:09:29+00:00","dateModified":"2025-12-09T09:36:48+00:00","description":"We have been developing projects with microcement throughout Rogaland: Stavanger, Sandnes, Haugesund, Eigersund, Karm\u00f8y among other locations. We specialize in the renovation of homes and businesses, where our certified applicators exclusively use the products we manufacture.","breadcrumb":{"@id":"https:\/\/www.satine.com\/microcement-norway\/microcement-rogaland\/#breadcrumb"},"inLanguage":"es","potentialAction":[{"@type":"ReadAction","target":["https:\/\/www.satine.com\/microcement-norway\/microcement-rogaland\/"]}]},{"@type":"ImageObject","inLanguage":"es","@id":"https:\/\/www.satine.com\/microcement-norway\/microcement-rogaland\/#primaryimage","url":"https:\/\/www.satine.com\/wp-content\/uploads\/2024\/07\/Microcemento-Satine-1024x1024.png","contentUrl":"https:\/\/www.satine.com\/wp-content\/uploads\/2024\/07\/Microcemento-Satine-1024x1024.png"},{"@type":"BreadcrumbList","@id":"https:\/\/www.satine.com\/microcement-norway\/microcement-rogaland\/#breadcrumb","itemListElement":[{"@type":"ListItem","position":1,"name":"Inicio","item":"https:\/\/www.satine.com\/"},{"@type":"ListItem","position":2,"name":"Microcement Norway","item":"https:\/\/www.satine.com\/microcement-norway\/"},{"@type":"ListItem","position":3,"name":"Microcement Stavanger"}]},{"@type":"WebSite","@id":"https:\/\/www.satine.com\/#website","url":"https:\/\/www.satine.com\/","name":"Satine - Microcemento","description":"","alternateName":"Satine - Microcement","potentialAction":[{"@type":"SearchAction","target":{"@type":"EntryPoint","urlTemplate":"https:\/\/www.satine.com\/?s={search_term_string}"},"query-input":{"@type":"PropertyValueSpecification","valueRequired":true,"valueName":"search_term_string"}}],"inLanguage":"es"}]}},"_links":{"self":[{"href":"https:\/\/www.satine.com\/es\/wp-json\/wp\/v2\/pages\/5593","targetHints":{"allow":["GET"]}}],"collection":[{"href":"https:\/\/www.satine.com\/es\/wp-json\/wp\/v2\/pages"}],"about":[{"href":"https:\/\/www.satine.com\/es\/wp-json\/wp\/v2\/types\/page"}],"author":[{"embeddable":true,"href":"https:\/\/www.satine.com\/es\/wp-json\/wp\/v2\/users\/1"}],"replies":[{"embeddable":true,"href":"https:\/\/www.satine.com\/es\/wp-json\/wp\/v2\/comments?post=5593"}],"version-history":[{"count":2,"href":"https:\/\/www.satine.com\/es\/wp-json\/wp\/v2\/pages\/5593\/revisions"}],"predecessor-version":[{"id":10890,"href":"https:\/\/www.satine.com\/es\/wp-json\/wp\/v2\/pages\/5593\/revisions\/10890"}],"up":[{"embeddable":true,"href":"https:\/\/www.satine.com\/es\/wp-json\/wp\/v2\/pages\/4468"}],"wp:attachment":[{"href":"https:\/\/www.satine.com\/es\/wp-json\/wp\/v2\/media?parent=5593"}],"curies":[{"name":"wp","href":"https:\/\/api.w.org\/{rel}","templated":true}]}}