{"id":5551,"date":"2024-09-27T04:29:37","date_gmt":"2024-09-27T08:29:37","guid":{"rendered":"https:\/\/www.satine.com\/?page_id=5551"},"modified":"2024-09-27T04:42:13","modified_gmt":"2024-09-27T08:42:13","slug":"usa","status":"publish","type":"page","link":"https:\/\/www.satine.com\/es\/usa\/","title":{"rendered":"Microcemento Estados Unidos"},"content":{"rendered":"<h2 class=\"wp-block-heading\"><strong><a href=\"https:\/\/www.satinestone.com\">Satine<\/a> El microcemento en Estados Unidos: Crecimiento, tendencias y aplicaciones<\/strong><\/h2>\n\n\n\n<p>El microcemento, un material de superficie vers\u00e1til e innovador, ha ganado considerable popularidad en Estados Unidos en los \u00faltimos a\u00f1os. Desarrollado originalmente para uso industrial, su acabado liso y continuo y su adaptabilidad lo han convertido en el favorito de arquitectos, dise\u00f1adores de interiores y propietarios de viviendas. A medida que crece la demanda de una est\u00e9tica moderna y minimalista, el microcemento se est\u00e1 convirtiendo en la opci\u00f3n preferida para diversos proyectos, desde viviendas residenciales hasta espacios comerciales.<\/p>\n\n\n\n<h2 class=\"wp-block-heading\"><strong>Por qu\u00e9 <a href=\"https:\/\/www.satine.com\/microcement\">Microcemento<\/a> es tendencia en Estados Unidos<\/strong><\/h2>\n\n\n\n<p>El microcemento es muy apreciado por su&nbsp;<strong>versatilidad<\/strong>. Puede aplicarse sobre casi cualquier superficie existente, como baldosas, hormig\u00f3n, madera o yeso, sin necesidad de costosas demoliciones. Esta caracter\u00edstica lo convierte en una opci\u00f3n popular para&nbsp;<strong>renovaciones<\/strong>donde la facilidad de aplicaci\u00f3n y la m\u00ednima perturbaci\u00f3n son fundamentales.<\/p>\n\n\n\n<p>Entre las principales ventajas del microcemento que han impulsado su popularidad en EE.UU. figuran:<\/p>\n\n\n\n<ol class=\"wp-block-list\">\n<li><strong>Acabado sin costuras<\/strong>: El acabado continuo y sin juntas crea una est\u00e9tica elegante y moderna, que hace que los espacios parezcan m\u00e1s amplios y limpios.<\/li>\n\n\n\n<li><strong>Durabilidad<\/strong>: Con un sellado adecuado, el microcemento es muy resistente al desgaste, la humedad y las manchas, por lo que es adecuado para zonas muy transitadas como cocinas y ba\u00f1os.<\/li>\n\n\n\n<li><strong>Opciones de dise\u00f1o vers\u00e1tiles<\/strong>: El microcemento est\u00e1 disponible en una gran variedad de colores y acabados, desde mate hasta brillante, lo que permite infinitas posibilidades de dise\u00f1o.<\/li>\n\n\n\n<li><strong>Ecol\u00f3gico<\/strong>: Muchos productos de microcemento se fabrican con materiales sostenibles, en l\u00ednea con la creciente tendencia hacia pr\u00e1cticas de construcci\u00f3n respetuosas con el medio ambiente.<\/li>\n<\/ol>\n\n\n\n<h2 class=\"wp-block-heading\"><strong>Popular <a href=\"https:\/\/www.satine.com\/how-to-apply-microcement\">Aplicaciones<\/a> en Estados Unidos<\/strong><\/h2>\n\n\n\n<p>En Estados Unidos, el microcemento se utiliza en diversas aplicaciones, desde interiores residenciales a entornos comerciales e incluso exteriores. Su&nbsp;<strong>aspecto moderno<\/strong>&nbsp;y&nbsp;<strong>durabilidad<\/strong>&nbsp;lo hacen ideal para varios usos:<\/p>\n\n\n\n<ul class=\"wp-block-list\">\n<li><strong><a href=\"https:\/\/www.satine.com\/microcement-bathrooms\">Ba\u00f1os<\/a> y zonas h\u00famedas<\/strong>: Las propiedades impermeabilizantes del microcemento lo convierten en una excelente opci\u00f3n para cuartos de ba\u00f1o y estancias h\u00famedas. Puede aplicarse sin problemas sobre paredes, suelos e incluso mamparas de ducha, ofreciendo tanto un atractivo est\u00e9tico como ventajas funcionales.<\/li>\n\n\n\n<li><strong><a href=\"https:\/\/www.satine.com\/microcement-kitchens\">Cocinas<\/a><\/strong>: En las cocinas estadounidenses, el microcemento se aplica con frecuencia a&nbsp;<strong>encimeras<\/strong>,&nbsp;<strong>salpicaderos<\/strong>y&nbsp;<strong>suelos<\/strong>. Su resistencia al calor y a las manchas, junto con su aspecto elegante, lo convierten en una elecci\u00f3n pr\u00e1ctica y con estilo.<\/li>\n\n\n\n<li><strong>Espacios comerciales<\/strong>: Tiendas, restaurantes y hoteles de Estados Unidos recurren cada vez m\u00e1s al microcemento para conseguir una est\u00e9tica moderna e industrial. Su facilidad de mantenimiento y su gran durabilidad lo hacen ideal para entornos comerciales muy transitados.<\/li>\n\n\n\n<li><strong>Exteriores<\/strong>: Gracias a su gran resistencia a los cambios de temperatura y a la humedad, el microcemento tambi\u00e9n se est\u00e1 utilizando en espacios exteriores como patios, cubiertas de piscinas y fachadas exteriores. Esto resulta especialmente atractivo en regiones con climas variables, ya que el microcemento puede soportar el calor, el fr\u00edo y la humedad si se sella adecuadamente.<\/li>\n<\/ul>\n\n\n\n<div style=\"height:30px\" aria-hidden=\"true\" class=\"wp-block-spacer\"><\/div>\n\n\n\n<figure class=\"wp-block-image size-large is-resized\"><img loading=\"lazy\" decoding=\"async\" width=\"1024\" height=\"684\" src=\"https:\/\/www.satine.com\/wp-content\/uploads\/2024\/09\/FOTO-PIGMENTO-INSTAGRAM-AMAZON-1-1024x684.jpg\" alt=\"\" class=\"wp-image-5552\" style=\"aspect-ratio:16\/9;object-fit:cover;width:1600px\" srcset=\"https:\/\/www.satine.com\/wp-content\/uploads\/2024\/09\/FOTO-PIGMENTO-INSTAGRAM-AMAZON-1-1024x684.jpg 1024w, https:\/\/www.satine.com\/wp-content\/uploads\/2024\/09\/FOTO-PIGMENTO-INSTAGRAM-AMAZON-1-300x200.jpg 300w, https:\/\/www.satine.com\/wp-content\/uploads\/2024\/09\/FOTO-PIGMENTO-INSTAGRAM-AMAZON-1-768x513.jpg 768w, https:\/\/www.satine.com\/wp-content\/uploads\/2024\/09\/FOTO-PIGMENTO-INSTAGRAM-AMAZON-1-1536x1026.jpg 1536w, https:\/\/www.satine.com\/wp-content\/uploads\/2024\/09\/FOTO-PIGMENTO-INSTAGRAM-AMAZON-1-2048x1368.jpg 2048w, https:\/\/www.satine.com\/wp-content\/uploads\/2024\/09\/FOTO-PIGMENTO-INSTAGRAM-AMAZON-1-18x12.jpg 18w\" sizes=\"auto, (max-width: 1024px) 100vw, 1024px\" \/><\/figure>\n\n\n\n<div style=\"height:30px\" aria-hidden=\"true\" class=\"wp-block-spacer\"><\/div>\n\n\n\n<h2 class=\"wp-block-heading\"><strong>El crecimiento del microcemento en el mercado estadounidense<\/strong><\/h2>\n\n\n\n<p>En&nbsp;<strong>Industria estadounidense de la construcci\u00f3n y el dise\u00f1o<\/strong>&nbsp;ha adoptado el microcemento tanto para las nuevas construcciones como para los proyectos de renovaci\u00f3n. El aumento de&nbsp;<strong>tendencias de dise\u00f1o moderno y minimalista<\/strong>&nbsp;ha impulsado la popularidad del material, ya que cada vez m\u00e1s propietarios de viviendas y empresas buscan crear espacios limpios y contempor\u00e1neos. Adem\u00e1s, el&nbsp;<strong>Mercado del bricolaje<\/strong>&nbsp;ha experimentado un aumento del inter\u00e9s debido a la disponibilidad de kits de microcemento f\u00e1ciles de usar, que permiten a los particulares aplicar el material sin ayuda profesional.<\/p>\n\n\n\n<p>Varios factores han contribuido al creciente uso del microcemento en Estados Unidos:<\/p>\n\n\n\n<ul class=\"wp-block-list\">\n<li><strong>Mayor disponibilidad<\/strong>: A medida que m\u00e1s proveedores y fabricantes entran en el mercado estadounidense, los consumidores tienen mejor acceso a productos de microcemento de alta calidad.<\/li>\n\n\n\n<li><strong>Avances tecnol\u00f3gicos<\/strong>: Las mejoras en las f\u00f3rmulas del microcemento han aumentado su durabilidad, facilidad de aplicaci\u00f3n y variedad de acabados, haci\u00e9ndolo m\u00e1s atractivo tanto para los profesionales como para los aficionados al bricolaje.<\/li>\n\n\n\n<li><strong>Construcci\u00f3n sostenible<\/strong>: La creciente atenci\u00f3n prestada a los materiales de construcci\u00f3n sostenibles tambi\u00e9n ha impulsado el inter\u00e9s por el microcemento, ya que muchos productos se fabrican con componentes ecol\u00f3gicos.<\/li>\n<\/ul>\n\n\n\n<h2 class=\"wp-block-heading\"><strong>Retos y consideraciones<\/strong><\/h2>\n\n\n\n<p>Aunque el microcemento es una opci\u00f3n fant\u00e1stica para muchas aplicaciones, hay que tener en cuenta algunas consideraciones para los proyectos estadounidenses:<\/p>\n\n\n\n<ul class=\"wp-block-list\">\n<li><strong>Aplicaci\u00f3n correcta<\/strong>: El proceso de aplicaci\u00f3n requiere habilidad y precisi\u00f3n. Un microcemento mal aplicado puede provocar grietas o acabados desiguales. Es esencial contratar a profesionales formados para los proyectos m\u00e1s grandes y complejos.<\/li>\n\n\n\n<li><strong>Mantenimiento<\/strong>: Aunque duraderas, las superficies de microcemento necesitan un mantenimiento regular, como un resellado cada pocos a\u00f1os, especialmente en zonas de mucho tr\u00e1nsito o expuestas al agua.<\/li>\n<\/ul>\n\n\n\n<h2 class=\"wp-block-heading\"><strong>Microcemento en proyectos residenciales de todo Estados Unidos<\/strong><\/h2>\n\n\n\n<p>El microcemento se est\u00e1 convirtiendo en una opci\u00f3n muy popular entre los propietarios que desean renovar sus viviendas con una est\u00e9tica moderna y minimalista. En todo el pa\u00eds, las viviendas se est\u00e1n renovando con microcemento por su versatilidad y capacidad para proporcionar un acabado sofisticado con el m\u00ednimo esfuerzo. Tanto si se aplica a\u00a0<strong>ba\u00f1os<\/strong>,\u00a0<strong>cocinas<\/strong>o\u00a0<strong>zonas de estar<\/strong>El microcemento crea una superficie sin juntas que elimina las l\u00edneas de lechada, ofreciendo un aspecto m\u00e1s limpio y pulido.<\/p>\n\n\n\n<p>En ciudades con viviendas antiguas, como&nbsp;<strong>Nueva York<\/strong>&nbsp;y&nbsp;<strong>Boston<\/strong>La capacidad del microcemento para aplicarse sobre superficies existentes sin necesidad de demolici\u00f3n es una gran ventaja. Permite a los propietarios modernizar r\u00e1pidamente sus viviendas con el m\u00ednimo trastorno, lo que lo hace especialmente atractivo para renovaciones en zonas urbanas de alta densidad.<\/p>\n\n\n\n<h2 class=\"wp-block-heading\"><strong>Proyectos comerciales de microcemento en Estados Unidos<\/strong><\/h2>\n\n\n\n<p>En el sector comercial, el microcemento se est\u00e1 abriendo camino en tiendas, restaurantes, hoteles y edificios de oficinas. Su\u00a0<strong>alta durabilidad<\/strong>\u00a0y\u00a0<strong>f\u00e1cil mantenimiento<\/strong>\u00a0lo hacen perfecto para zonas de mucho tr\u00e1nsito. Muchas empresas de EE.UU. eligen el microcemento por su dise\u00f1o moderno e industrial.<strong> <\/strong>que encaja a la perfecci\u00f3n con la tendencia actual hacia un interiorismo minimalista.<\/p>\n\n\n\n<p>Por ejemplo, en el comercio minorista<strong> <\/strong>espacios de todo EE.UU., el microcemento se utiliza en suelos, paredes y encimeras, proporcionando un fondo elegante que permite que los productos cobren protagonismo. La posibilidad de personalizar el microcemento en varios colores y acabados tambi\u00e9n permite a las empresas crear espacios \u00fanicos que reflejen su identidad de marca.<\/p>\n\n\n\n<p>Los restaurantes y bares son otro sector que est\u00e1 adoptando el microcemento, sobre todo en cocinas y comedores. El acabado sin juntas del microcemento lo hace resistente a las manchas y f\u00e1cil de limpiar, lo que resulta esencial en entornos donde son frecuentes los derrames y el tr\u00e1nsito de personas. La capacidad del material para soportar la humedad y el calor lo hace perfecto para las cocinas, mientras que su versatilidad permite a los dise\u00f1adores crear espacios elegantes con facilidad.<\/p>\n\n\n\n<div style=\"height:30px\" aria-hidden=\"true\" class=\"wp-block-spacer\"><\/div>\n\n\n\n<figure class=\"wp-block-image size-large is-resized\"><img loading=\"lazy\" decoding=\"async\" width=\"1024\" height=\"736\" src=\"https:\/\/www.satine.com\/wp-content\/uploads\/2024\/09\/Captura-de-pantalla-2024-09-17-a-las-13.01.20-3-1024x736.png\" alt=\"\" class=\"wp-image-5429\" style=\"aspect-ratio:16\/9;object-fit:cover;width:1600px\" srcset=\"https:\/\/www.satine.com\/wp-content\/uploads\/2024\/09\/Captura-de-pantalla-2024-09-17-a-las-13.01.20-3-1024x736.png 1024w, https:\/\/www.satine.com\/wp-content\/uploads\/2024\/09\/Captura-de-pantalla-2024-09-17-a-las-13.01.20-3-300x216.png 300w, https:\/\/www.satine.com\/wp-content\/uploads\/2024\/09\/Captura-de-pantalla-2024-09-17-a-las-13.01.20-3-768x552.png 768w, https:\/\/www.satine.com\/wp-content\/uploads\/2024\/09\/Captura-de-pantalla-2024-09-17-a-las-13.01.20-3-1536x1104.png 1536w, https:\/\/www.satine.com\/wp-content\/uploads\/2024\/09\/Captura-de-pantalla-2024-09-17-a-las-13.01.20-3-2048x1471.png 2048w, https:\/\/www.satine.com\/wp-content\/uploads\/2024\/09\/Captura-de-pantalla-2024-09-17-a-las-13.01.20-3-18x12.png 18w\" sizes=\"auto, (max-width: 1024px) 100vw, 1024px\" \/><\/figure>\n\n\n\n<div style=\"height:30px\" aria-hidden=\"true\" class=\"wp-block-spacer\"><\/div>\n\n\n\n<h2 class=\"wp-block-heading\"><strong>Aplicaciones del microcemento para exteriores en Estados Unidos<\/strong><\/h2>\n\n\n\n<p>El microcemento no se limita a los espacios interiores. En varias regiones de EE.UU., sobre todo en estados como\u00a0<strong>California<\/strong>,\u00a0<strong>Florida<\/strong>y\u00a0<strong>Texas<\/strong>El microcemento se utiliza para crear espacios exteriores bellos y duraderos. Patios, cubiertas de piscinas y paredes exteriores son ideales para el microcemento debido a su resistencia a las cambiantes condiciones clim\u00e1ticas y durabilidad frente a la humedad.<\/p>\n\n\n\n<p>La capacidad de crear una superficie sin juntas con el microcemento permite que las zonas exteriores sean cohesivas y modernas, extendiendo la est\u00e9tica del dise\u00f1o del interior de la casa o del edificio al exterior. Aplicaciones exteriores en \u00e1reas como&nbsp;<strong>Miami<\/strong>&nbsp;y&nbsp;<strong>Los Angeles<\/strong>&nbsp;ponen de relieve la resistencia del microcemento a las variaciones de temperatura y a la exposici\u00f3n a la intemperie.<\/p>\n\n\n\n<h2 class=\"wp-block-heading\"><strong>Renovaci\u00f3n de oficinas y locales comerciales<\/strong><\/h2>\n\n\n\n<p>En ciudades como\u00a0<strong>Chicago<\/strong>,\u00a0<strong>Dallas<\/strong>y\u00a0<strong>Washington D.C.<\/strong>El microcemento se est\u00e1 utilizando para transformar los espacios de oficina. El aspecto moderno e industrial del microcemento, junto con su gran resistencia al desgaste, lo hacen perfecto para suelos de oficinas y zonas comunes. Las l\u00edneas suaves y limpias del material tambi\u00e9n resultan atractivas para las empresas tecnol\u00f3gicas y los espacios de trabajo modernos, en los que a menudo se busca un dise\u00f1o elegante y minimalista.<\/p>\n\n\n\n<p>En\u00a0<strong>Washington D.C.<\/strong>, el microcemento est\u00e1 ganando terreno en edificios gubernamentales y oficinas comerciales, donde el material se utiliza para crear superficies profesionales y duraderas que requieren un mantenimiento m\u00ednimo. La facilidad de limpieza y su resistencia al agrietamiento y al desgaste con el paso del tiempo hacen del microcemento una soluci\u00f3n ideal para estos entornos exigentes.<\/p>\n\n\n\n<h2 class=\"wp-block-heading\"><strong>Crecimiento del microcemento en Estados Unidos<\/strong><\/h2>\n\n\n\n<p>El microcemento sigue ganando popularidad en Estados Unidos, con un n\u00famero creciente de dise\u00f1adores, contratistas y propietarios de viviendas que lo eligen por su versatilidad y atractivo est\u00e9tico. A medida que m\u00e1s proveedores y distribuidores introduzcan el microcemento en el mercado estadounidense, se espera que su disponibilidad y uso aumenten a\u00fan m\u00e1s.<\/p>\n\n\n\n<p>Desde lujosas casas en\u00a0<strong>Los Angeles<\/strong>\u00a0a espacios comerciales en\u00a0<strong>Nueva York<\/strong>\u00a0y zonas al aire libre en\u00a0<strong>Miami<\/strong>El microcemento est\u00e1 demostrando ser un material que cambiar\u00e1 las reglas del juego del dise\u00f1o y la construcci\u00f3n en Estados Unidos.<\/p>\n\n\n\n<h2 class=\"wp-block-heading\"><strong>Contacto Satine microcemento en Estados Unidos<\/strong><\/h2>\n\n\n\n<p>Si desea m\u00e1s informaci\u00f3n sobre los microcementos Satine en <strong>Estados Unidos<\/strong>Si desea solicitar un presupuesto individualizado para un proyecto, material o tiene alguna pregunta sobre nosotros, p\u00f3ngase en contacto con nosotros.<\/p>","protected":false},"excerpt":{"rendered":"<p>Satine Microcement in the United States: Growth, Trends, and Applications Microcement, a versatile and innovative surface material, has gained considerable popularity in the United States in recent years. Originally developed for industrial use, its smooth, continuous finish and adaptability have made it a favorite among architects, interior designers, and homeowners. As the demand for modern, [&hellip;]<\/p>\n","protected":false},"author":1,"featured_media":0,"parent":0,"menu_order":0,"comment_status":"closed","ping_status":"closed","template":"","meta":{"footnotes":""},"class_list":["post-5551","page","type-page","status-publish","hentry"],"yoast_head":"<!-- This site is optimized with the Yoast SEO plugin v27.4 - https:\/\/yoast.com\/product\/yoast-seo-wordpress\/ -->\n<title>Microcement United States - Satine<\/title>\n<meta name=\"description\" content=\"Explore the growing popularity of microcement across the United States in both residential and commercial spaces. Learn about its versatile applications, from sleek kitchen and bathroom renovations to durable outdoor patios in cities like New York, Washington D.C., and Miami. Discover how microcement offers seamless, modern finishes that are perfect for high-traffic areas, offices, and retail spaces.\" \/>\n<meta name=\"robots\" content=\"index, follow, max-snippet:-1, max-image-preview:large, max-video-preview:-1\" \/>\n<link rel=\"canonical\" href=\"https:\/\/www.satine.com\/es\/usa\/\" \/>\n<meta property=\"og:locale\" content=\"es_ES\" \/>\n<meta property=\"og:type\" content=\"article\" \/>\n<meta property=\"og:title\" content=\"Microcement United States - Satine\" \/>\n<meta property=\"og:description\" content=\"Explore the growing popularity of microcement across the United States in both residential and commercial spaces. Learn about its versatile applications, from sleek kitchen and bathroom renovations to durable outdoor patios in cities like New York, Washington D.C., and Miami. Discover how microcement offers seamless, modern finishes that are perfect for high-traffic areas, offices, and retail spaces.\" \/>\n<meta property=\"og:url\" content=\"https:\/\/www.satine.com\/es\/usa\/\" \/>\n<meta property=\"og:site_name\" content=\"Satine\" \/>\n<meta property=\"article:modified_time\" content=\"2024-09-27T08:42:13+00:00\" \/>\n<meta property=\"og:image\" content=\"https:\/\/www.satine.com\/wp-content\/uploads\/2024\/09\/FOTO-PIGMENTO-INSTAGRAM-AMAZON-1-1024x684.jpg\" \/>\n<meta name=\"twitter:card\" content=\"summary_large_image\" \/>\n<meta name=\"twitter:label1\" content=\"Tiempo de lectura\" \/>\n\t<meta name=\"twitter:data1\" content=\"7 minutos\" \/>\n<script type=\"application\/ld+json\" class=\"yoast-schema-graph\">{\"@context\":\"https:\\\/\\\/schema.org\",\"@graph\":[{\"@type\":\"WebPage\",\"@id\":\"https:\\\/\\\/www.satine.com\\\/usa\\\/\",\"url\":\"https:\\\/\\\/www.satine.com\\\/usa\\\/\",\"name\":\"Microcement United States - Satine\",\"isPartOf\":{\"@id\":\"https:\\\/\\\/www.satine.com\\\/#website\"},\"primaryImageOfPage\":{\"@id\":\"https:\\\/\\\/www.satine.com\\\/usa\\\/#primaryimage\"},\"image\":{\"@id\":\"https:\\\/\\\/www.satine.com\\\/usa\\\/#primaryimage\"},\"thumbnailUrl\":\"https:\\\/\\\/www.satine.com\\\/wp-content\\\/uploads\\\/2024\\\/09\\\/FOTO-PIGMENTO-INSTAGRAM-AMAZON-1-1024x684.jpg\",\"datePublished\":\"2024-09-27T08:29:37+00:00\",\"dateModified\":\"2024-09-27T08:42:13+00:00\",\"description\":\"Explore the growing popularity of microcement across the United States in both residential and commercial spaces. Learn about its versatile applications, from sleek kitchen and bathroom renovations to durable outdoor patios in cities like New York, Washington D.C., and Miami. Discover how microcement offers seamless, modern finishes that are perfect for high-traffic areas, offices, and retail spaces.\",\"breadcrumb\":{\"@id\":\"https:\\\/\\\/www.satine.com\\\/usa\\\/#breadcrumb\"},\"inLanguage\":\"es\",\"potentialAction\":[{\"@type\":\"ReadAction\",\"target\":[\"https:\\\/\\\/www.satine.com\\\/usa\\\/\"]}]},{\"@type\":\"ImageObject\",\"inLanguage\":\"es\",\"@id\":\"https:\\\/\\\/www.satine.com\\\/usa\\\/#primaryimage\",\"url\":\"https:\\\/\\\/www.satine.com\\\/wp-content\\\/uploads\\\/2024\\\/09\\\/FOTO-PIGMENTO-INSTAGRAM-AMAZON-1-1024x684.jpg\",\"contentUrl\":\"https:\\\/\\\/www.satine.com\\\/wp-content\\\/uploads\\\/2024\\\/09\\\/FOTO-PIGMENTO-INSTAGRAM-AMAZON-1-1024x684.jpg\"},{\"@type\":\"BreadcrumbList\",\"@id\":\"https:\\\/\\\/www.satine.com\\\/usa\\\/#breadcrumb\",\"itemListElement\":[{\"@type\":\"ListItem\",\"position\":1,\"name\":\"Inicio\",\"item\":\"https:\\\/\\\/www.satine.com\\\/\"},{\"@type\":\"ListItem\",\"position\":2,\"name\":\"Microcement United States\"}]},{\"@type\":\"WebSite\",\"@id\":\"https:\\\/\\\/www.satine.com\\\/#website\",\"url\":\"https:\\\/\\\/www.satine.com\\\/\",\"name\":\"Satine - Microcement\",\"description\":\"\",\"alternateName\":\"Satine - Microcement\",\"potentialAction\":[{\"@type\":\"SearchAction\",\"target\":{\"@type\":\"EntryPoint\",\"urlTemplate\":\"https:\\\/\\\/www.satine.com\\\/?s={search_term_string}\"},\"query-input\":{\"@type\":\"PropertyValueSpecification\",\"valueRequired\":true,\"valueName\":\"search_term_string\"}}],\"inLanguage\":\"es\"}]}<\/script>\n<!-- \/ Yoast SEO plugin. -->","yoast_head_json":{"title":"Microcemento Estados Unidos - Satine","description":"Descubra la creciente popularidad del microcemento en Estados Unidos, tanto en espacios residenciales como comerciales. Conozca sus vers\u00e1tiles aplicaciones, desde elegantes reformas de cocinas y ba\u00f1os hasta duraderos patios exteriores en ciudades como Nueva York, Washington D.C. y Miami. Descubra c\u00f3mo el microcemento ofrece acabados modernos y sin juntas, perfectos para zonas de mucho tr\u00e1nsito, oficinas y espacios comerciales.","robots":{"index":"index","follow":"follow","max-snippet":"max-snippet:-1","max-image-preview":"max-image-preview:large","max-video-preview":"max-video-preview:-1"},"canonical":"https:\/\/www.satine.com\/es\/usa\/","og_locale":"es_ES","og_type":"article","og_title":"Microcement United States - Satine","og_description":"Explore the growing popularity of microcement across the United States in both residential and commercial spaces. Learn about its versatile applications, from sleek kitchen and bathroom renovations to durable outdoor patios in cities like New York, Washington D.C., and Miami. Discover how microcement offers seamless, modern finishes that are perfect for high-traffic areas, offices, and retail spaces.","og_url":"https:\/\/www.satine.com\/es\/usa\/","og_site_name":"Satine","article_modified_time":"2024-09-27T08:42:13+00:00","og_image":[{"url":"https:\/\/www.satine.com\/wp-content\/uploads\/2024\/09\/FOTO-PIGMENTO-INSTAGRAM-AMAZON-1-1024x684.jpg","type":"","width":"","height":""}],"twitter_card":"summary_large_image","twitter_misc":{"Tiempo de lectura":"7 minutos"},"schema":{"@context":"https:\/\/schema.org","@graph":[{"@type":"WebPage","@id":"https:\/\/www.satine.com\/usa\/","url":"https:\/\/www.satine.com\/usa\/","name":"Microcemento Estados Unidos - Satine","isPartOf":{"@id":"https:\/\/www.satine.com\/#website"},"primaryImageOfPage":{"@id":"https:\/\/www.satine.com\/usa\/#primaryimage"},"image":{"@id":"https:\/\/www.satine.com\/usa\/#primaryimage"},"thumbnailUrl":"https:\/\/www.satine.com\/wp-content\/uploads\/2024\/09\/FOTO-PIGMENTO-INSTAGRAM-AMAZON-1-1024x684.jpg","datePublished":"2024-09-27T08:29:37+00:00","dateModified":"2024-09-27T08:42:13+00:00","description":"Descubra la creciente popularidad del microcemento en Estados Unidos, tanto en espacios residenciales como comerciales. Conozca sus vers\u00e1tiles aplicaciones, desde elegantes reformas de cocinas y ba\u00f1os hasta duraderos patios exteriores en ciudades como Nueva York, Washington D.C. y Miami. Descubra c\u00f3mo el microcemento ofrece acabados modernos y sin juntas, perfectos para zonas de mucho tr\u00e1nsito, oficinas y espacios comerciales.","breadcrumb":{"@id":"https:\/\/www.satine.com\/usa\/#breadcrumb"},"inLanguage":"es","potentialAction":[{"@type":"ReadAction","target":["https:\/\/www.satine.com\/usa\/"]}]},{"@type":"ImageObject","inLanguage":"es","@id":"https:\/\/www.satine.com\/usa\/#primaryimage","url":"https:\/\/www.satine.com\/wp-content\/uploads\/2024\/09\/FOTO-PIGMENTO-INSTAGRAM-AMAZON-1-1024x684.jpg","contentUrl":"https:\/\/www.satine.com\/wp-content\/uploads\/2024\/09\/FOTO-PIGMENTO-INSTAGRAM-AMAZON-1-1024x684.jpg"},{"@type":"BreadcrumbList","@id":"https:\/\/www.satine.com\/usa\/#breadcrumb","itemListElement":[{"@type":"ListItem","position":1,"name":"Inicio","item":"https:\/\/www.satine.com\/"},{"@type":"ListItem","position":2,"name":"Microcement United States"}]},{"@type":"WebSite","@id":"https:\/\/www.satine.com\/#website","url":"https:\/\/www.satine.com\/","name":"Satine - Microcemento","description":"","alternateName":"Satine - Microcement","potentialAction":[{"@type":"SearchAction","target":{"@type":"EntryPoint","urlTemplate":"https:\/\/www.satine.com\/?s={search_term_string}"},"query-input":{"@type":"PropertyValueSpecification","valueRequired":true,"valueName":"search_term_string"}}],"inLanguage":"es"}]}},"_links":{"self":[{"href":"https:\/\/www.satine.com\/es\/wp-json\/wp\/v2\/pages\/5551","targetHints":{"allow":["GET"]}}],"collection":[{"href":"https:\/\/www.satine.com\/es\/wp-json\/wp\/v2\/pages"}],"about":[{"href":"https:\/\/www.satine.com\/es\/wp-json\/wp\/v2\/types\/page"}],"author":[{"embeddable":true,"href":"https:\/\/www.satine.com\/es\/wp-json\/wp\/v2\/users\/1"}],"replies":[{"embeddable":true,"href":"https:\/\/www.satine.com\/es\/wp-json\/wp\/v2\/comments?post=5551"}],"version-history":[{"count":5,"href":"https:\/\/www.satine.com\/es\/wp-json\/wp\/v2\/pages\/5551\/revisions"}],"predecessor-version":[{"id":5563,"href":"https:\/\/www.satine.com\/es\/wp-json\/wp\/v2\/pages\/5551\/revisions\/5563"}],"wp:attachment":[{"href":"https:\/\/www.satine.com\/es\/wp-json\/wp\/v2\/media?parent=5551"}],"curies":[{"name":"wp","href":"https:\/\/api.w.org\/{rel}","templated":true}]}}