{"id":5402,"date":"2024-09-24T03:44:16","date_gmt":"2024-09-24T07:44:16","guid":{"rendered":"https:\/\/www.satine.com\/?page_id=5402"},"modified":"2024-09-24T03:44:53","modified_gmt":"2024-09-24T07:44:53","slug":"como-aplicar-el-microcemento","status":"publish","type":"page","link":"https:\/\/www.satine.com\/es\/microcement\/how-to-apply-microcement\/","title":{"rendered":"C\u00f3mo aplicar el microcemento"},"content":{"rendered":"<h2 class=\"wp-block-heading\"><strong>C\u00f3mo aplicar el microcemento: Todo lo que debe saber<\/strong><\/h2>\n\n\n\n<p>En esta secci\u00f3n exclusiva para <a href=\"https:\/\/www.satine.com\/microcement\">microcemento<\/a> profesionales, encontrar\u00e1 numerosos consejos de nuestro equipo de expertos sobre c\u00f3mo aplicar el microcemento en paredes, suelos, interiores, exteriores y piscinas.<\/p>\n\n\n\n<p>Aprender\u00e1 qu\u00e9 tipo de microcemento es el m\u00e1s adecuado en funci\u00f3n de la superficie a cubrir y del material existente, as\u00ed como las herramientas espec\u00edficas que necesita para aplicar el microcemento y obtener un resultado \u00f3ptimo: esp\u00e1tulas, llanas, rodillos, etc.<\/p>\n\n\n\n<p>En esta secci\u00f3n tambi\u00e9n encontrar\u00e1 las diferentes t\u00e9cnicas de aplicaci\u00f3n del microcemento en funci\u00f3n del acabado deseado. El microcemento es un revestimiento que ofrece m\u00faltiples posibilidades decorativas.<\/p>\n\n\n\n<h2 class=\"wp-block-heading\"><strong>Aplicaci\u00f3n del microcemento paso a paso: M\u00e9todo de aplicaci\u00f3n<\/strong><\/h2>\n\n\n\n<p>El proceso de aplicaci\u00f3n del microcemento depende del sistema de microcemento Satine elegido.<\/p>\n\n\n\n<p>Sin embargo, en t\u00e9rminos generales, la aplicaci\u00f3n del microcemento en suelos y paredes es la siguiente:<\/p>\n\n\n\n<ol class=\"wp-block-list\">\n<li>Preparar la superficie de trabajo, colocar la malla y aplicar la imprimaci\u00f3n o el promotor de adherencia.<\/li>\n\n\n\n<li>Aplicar dos capas de microcemento de preparaci\u00f3n o de base sobre una malla, que servir\u00e1 de soporte para el microcemento de acabado.<\/li>\n\n\n\n<li>A continuaci\u00f3n, aplique dos capas de microcemento de acabado. Este es el que combina la textura y el color deseados, dando el aspecto final a la superficie.<\/li>\n<\/ol>\n\n\n\n<p>Los suelos de microcemento est\u00e1n de moda por ser una soluci\u00f3n decorativa duradera y resistente, a la vez que ofrecen un alto nivel de personalizaci\u00f3n. Le mostramos c\u00f3mo aplicar microcemento paso a paso en suelos, tanto en superficies interiores como exteriores.<\/p>\n\n\n\n<h2 class=\"wp-block-heading\"><strong>C\u00f3mo solicitarlo <a href=\"https:\/\/www.satine.com\/microcement-walls\">Microcemento en paredes<\/a><\/strong><\/h2>\n\n\n\n<p>El uso del microcemento en paredes se ha generalizado debido a su aspecto industrial, rapidez de instalaci\u00f3n, fuerte adherencia y alta resistencia a la fisuraci\u00f3n, entre otras muchas cualidades. Por eso no es de extra\u00f1ar ver m\u00e1s paredes de microcemento, no s\u00f3lo en viviendas particulares, sino tambi\u00e9n en grandes espacios comerciales como hoteles o restaurantes.<\/p>\n\n\n\n<p>Pero, \u00bfc\u00f3mo se aplica el microcemento en paredes? En esta secci\u00f3n te explicamos c\u00f3mo aplicar microcemento en paredes, paso a paso, tanto para superficies interiores como exteriores.<\/p>\n\n\n\n<div style=\"height:30px\" aria-hidden=\"true\" class=\"wp-block-spacer\"><\/div>\n\n\n\n<figure class=\"wp-block-image size-full is-resized is-style-default\"><img loading=\"lazy\" decoding=\"async\" width=\"1024\" height=\"1024\" src=\"https:\/\/www.satine.com\/wp-content\/uploads\/2024\/09\/Microcemento-Satine-1024x1024-6.png\" alt=\"\" class=\"wp-image-5403\" style=\"aspect-ratio:16\/9;object-fit:cover;width:1600px\" srcset=\"https:\/\/www.satine.com\/wp-content\/uploads\/2024\/09\/Microcemento-Satine-1024x1024-6.png 1024w, https:\/\/www.satine.com\/wp-content\/uploads\/2024\/09\/Microcemento-Satine-1024x1024-6-300x300.png 300w, https:\/\/www.satine.com\/wp-content\/uploads\/2024\/09\/Microcemento-Satine-1024x1024-6-150x150.png 150w, https:\/\/www.satine.com\/wp-content\/uploads\/2024\/09\/Microcemento-Satine-1024x1024-6-768x768.png 768w, https:\/\/www.satine.com\/wp-content\/uploads\/2024\/09\/Microcemento-Satine-1024x1024-6-12x12.png 12w\" sizes=\"auto, (max-width: 1024px) 100vw, 1024px\" \/><\/figure>\n\n\n\n<div style=\"height:30px\" aria-hidden=\"true\" class=\"wp-block-spacer\"><\/div>\n\n\n\n<h2 class=\"wp-block-heading\"><strong>C\u00f3mo solicitarlo <a href=\"https:\/\/www.satine.com\/microcement-pools\">Microcemento en piscinas<\/a><\/strong><\/h2>\n\n\n\n<p>Las piscinas de microcemento est\u00e1n de moda. Las propiedades impermeables y antideslizantes del microcemento son algunas de las claves de su \u00e9xito. Por no hablar de que pr\u00e1cticamente cualquier dise\u00f1o es posible en una piscina de microcemento, lo que resulta muy atractivo visualmente.<\/p>\n\n\n\n<p>En Satine, somos conscientes de las innumerables ventajas de este revestimiento decorativo para la construcci\u00f3n de una piscina. Hemos desarrollado varios sistemas de microcemento (monocomponente, bicomponente y listo para usar) para conseguir diferentes texturas y acabados. A continuaci\u00f3n, le explicamos la aplicaci\u00f3n del microcemento en suelos.<\/p>\n\n\n\n<h2 class=\"wp-block-heading\"><strong>Consejos para aplicar correctamente el microcemento<\/strong><\/h2>\n\n\n\n<p>Los principales problemas relacionados con el microcemento surgen de una serie de errores de aplicaci\u00f3n. Desde no seguir estrictamente los pasos o no respetar los tiempos de secado entre capas hasta ignorar la temperatura ambiente o no utilizar las herramientas adecuadas.<\/p>\n\n\n\n<p>Por eso ofrecemos ahora una serie de consejos para aplicar el microcemento de forma \u00f3ptima.<\/p>\n\n\n\n<ol class=\"wp-block-list\">\n<li><strong>Conf\u00ede la aplicaci\u00f3n del microcemento s\u00f3lo a profesionales<\/strong>\u00a0La aplicaci\u00f3n del microcemento no es tan sencilla como puede parecer a primera vista. Es una tarea compleja que debe ser llevada a cabo por profesionales cualificados con experiencia en las t\u00e9cnicas de aplicaci\u00f3n de cada sistema de microcemento.Un aplicador de microcemento debe saber evaluar el sustrato y reconocer si necesita reparaci\u00f3n antes de aplicar el microcemento. Un profesional experimentado sabr\u00e1 qu\u00e9 microcemento es el m\u00e1s adecuado para cada proyecto de renovaci\u00f3n, en funci\u00f3n de la superficie, el sustrato y el acabado deseado.<\/li>\n\n\n\n<li><strong>Planificar el trabajo antes de aplicar el microcemento<\/strong>\u00a0Aunque el microcemento es un revestimiento decorativo que permite transformaciones r\u00e1pidas sin necesidad de obras, es fundamental planificar detalladamente el trabajo antes de aplicarlo.Dependiendo del proyecto, puede ser necesaria la intervenci\u00f3n de otros profesionales. En este escenario, la aplicaci\u00f3n del microcemento debe dejarse siempre para el final, salvo la \u00faltima mano de pintura, la instalaci\u00f3n de la carpinter\u00eda y la colocaci\u00f3n de los sanitarios.<\/li>\n\n\n\n<li><strong>Herramientas esenciales para la aplicaci\u00f3n del microcemento<\/strong>\u00a0Para la aplicaci\u00f3n del microcemento no sirve cualquier herramienta, sino unas muy espec\u00edficas de uso com\u00fan en el sector de la construcci\u00f3n, que detallaremos a continuaci\u00f3n:\n<ul class=\"wp-block-list\">\n<li><strong>Cinta de pintor o papel con cinta:<\/strong>\u00a0Para proteger de salpicaduras las zonas donde no se aplicar\u00e1 microcemento.<\/li>\n\n\n\n<li><strong>Jarra medidora:<\/strong>\u00a0La jarra permite dosificar la cantidad de resina (para microcementos bicomponentes) o de agua (para monocomponentes) necesaria para la mezcla.<\/li>\n\n\n\n<li><strong>Mezcladora mec\u00e1nica de baja velocidad con pala de doble h\u00e9lice:<\/strong>\u00a0Para mezclar bien el microcemento y conseguir una mezcla homog\u00e9nea.<\/li>\n\n\n\n<li><strong>Esp\u00e1tula:<\/strong>\u00a0Se utiliza como soporte para la llana.<\/li>\n\n\n\n<li><strong>Llana:<\/strong>\u00a0Disponibles en varios tipos y tama\u00f1os, de acero inoxidable flexible o caucho, seg\u00fan el material que se aplique.<\/li>\n\n\n\n<li><strong>Aspiradora industrial, lijadora orbital, guantes de lijado y lijas de carburo de silicio:<\/strong>\u00a0Una vez seco el microcemento, hay que lijar las imperfecciones y aspirar el polvo generado para continuar el proceso.<\/li>\n\n\n\n<li><strong>Rodillos:<\/strong>\u00a0Se utiliza para aplicar imprimaciones, selladores de poros y selladores de barnices.<\/li>\n<\/ul>\n<\/li>\n<\/ol>\n\n\n\n<h2 class=\"wp-block-heading\"><strong>Inspeccionar el estado del sustrato antes de aplicar el microcemento<\/strong><\/h2>\n\n\n\n<p>Como ya se ha mencionado, si el sustrato no est\u00e1 en las condiciones adecuadas, el microcemento no podr\u00e1 aplicarse de forma fiable. Hay cuatro factores del sustrato que los profesionales deben comprobar antes de aplicar el microcemento.<\/p>\n\n\n\n<ol class=\"wp-block-list\">\n<li><strong>Planitud del sustrato<\/strong>\u00a0El microcemento se aplica en capas de no m\u00e1s de 1 mm de grosor, y el grosor total no superar\u00e1 los cuatro mil\u00edmetros, por lo que las irregularidades del sustrato deben corregirse antes de la aplicaci\u00f3n. El microcemento puede aplicarse en suelos, paredes e incluso techos, pero el resultado final depende del sustrato y de la habilidad del aplicador.<\/li>\n\n\n\n<li><strong>Estabilidad del sustrato<\/strong>\u00a0La base de aplicaci\u00f3n debe ser estable. Los soportes con morteros pulverulentos o baldosas sueltas no son adecuados. Dependiendo de su estado, deben eliminarse o consolidarse con morteros de fraguado r\u00e1pido.<\/li>\n\n\n\n<li><strong>Sustrato sin humedad<\/strong>\u00a0Si hay humedad en el sustrato, no se puede aplicar microcemento. Es esencial determinar el origen de la humedad y eliminarla. Recomendamos utilizar un medidor de humedad para asegurarse de que nunca supere los 5%.El sustrato debe haber sido sometido a un proceso de curado suficiente. La temperatura, la humedad ambiental y la ventilaci\u00f3n del lugar de trabajo afectar\u00e1n al tiempo de secado de los morteros, aceler\u00e1ndolo o ralentiz\u00e1ndolo.<\/li>\n\n\n\n<li><strong>Proteger la zona de trabajo antes de aplicar el microcemento<\/strong>\u00a0La zona de trabajo y las superficies que no vayan a recubrirse deben protegerse adecuadamente. El microcemento se adhiere con mucha fuerza y es dif\u00edcil de limpiar una vez seco. Utilice los materiales de protecci\u00f3n habituales en trabajos de pintura, como cinta de pintor, papel protector y l\u00e1minas de pl\u00e1stico.<\/li>\n<\/ol>\n\n\n\n<h2 class=\"wp-block-heading\"><strong>Diferentes acabados seg\u00fan la aplicaci\u00f3n del microcemento<\/strong><\/h2>\n\n\n\n<p>Gracias a la artesan\u00eda que implica la aplicaci\u00f3n del microcemento, se pueden conseguir varios acabados con el mismo material. Estos acabados dependen de la base utilizada, el m\u00e9todo de aplicaci\u00f3n, el movimiento de la llana, el tipo de microcemento y el color.<\/p>\n\n\n\n<ol class=\"wp-block-list\">\n<li><strong>El tipo de llana utilizado para aplicar el microcemento<\/strong>\u00a0La elecci\u00f3n de la llana es crucial para el aspecto final del revestimiento de microcemento.Utilizamos llanas de goma exclusivamente para Microfino. Con esta herramienta, las marcas de agua son ligeramente menos pronunciadas que con una llana de acero. La llana de goma ejerce menos presi\u00f3n sobre el producto, lo que se traduce en un acabado m\u00e1s liso. Por el contrario, se recomienda utilizar una llana de acero flexible si se desea un efecto quemado o marcas negras.<a href=\"https:\/\/www.satine.com\">.<\/a><\/li>\n\n\n\n<li><strong>Aplicaci\u00f3n de la capa base de microcemento<\/strong>\u00a0Siempre decimos que cada capa debe aplicarse como si fuera la \u00faltima, ya que, debido al grosor del material, los patrones o imperfecciones de las capas anteriores se mostrar\u00e1n en las siguientes. Esta caracter\u00edstica del microcemento puede aprovecharse para crear texturas<a href=\"https:\/\/www.satinestone.com\">.<\/a><\/li>\n\n\n\n<li><strong>El color y el tipo de microcemento aplicado<\/strong>\u00a0Los colores m\u00e1s oscuros mostrar\u00e1n m\u00e1s las marcas de agua, mientras que en los colores blanco y hueso, las marcas de agua ser\u00e1n casi imperceptibles, especialmente si se aplican con una llana de goma.<\/li>\n<\/ol>","protected":false},"excerpt":{"rendered":"<p>How to Apply Microcement: Everything You Need to Know In this exclusive section for microcement professionals, you will find numerous tips from our team of experts on how to apply microcement on walls, floors, interiors, exteriors, and swimming pools. You will learn which type of microcement is most appropriate depending on the surface to be [&hellip;]<\/p>\n","protected":false},"author":1,"featured_media":0,"parent":2814,"menu_order":0,"comment_status":"closed","ping_status":"closed","template":"","meta":{"footnotes":""},"class_list":["post-5402","page","type-page","status-publish","hentry"],"yoast_head":"<!-- This site is optimized with the Yoast SEO plugin v27.4 - https:\/\/yoast.com\/product\/yoast-seo-wordpress\/ -->\n<title>How to Apply Microcement - Satine<\/title>\n<meta name=\"description\" content=\"Learn how to apply microcement step-by-step with expert tips on walls, floors, pools, and more. Discover techniques, tools, and best practices for flawless microcement finishes.\" \/>\n<meta name=\"robots\" content=\"index, follow, max-snippet:-1, max-image-preview:large, max-video-preview:-1\" \/>\n<link rel=\"canonical\" href=\"https:\/\/www.satine.com\/es\/microcemento\/como-aplicar-el-microcemento\/\" \/>\n<meta property=\"og:locale\" content=\"es_ES\" \/>\n<meta property=\"og:type\" content=\"article\" \/>\n<meta property=\"og:title\" content=\"How to Apply Microcement - Satine\" \/>\n<meta property=\"og:description\" content=\"Learn how to apply microcement step-by-step with expert tips on walls, floors, pools, and more. Discover techniques, tools, and best practices for flawless microcement finishes.\" \/>\n<meta property=\"og:url\" content=\"https:\/\/www.satine.com\/es\/microcemento\/como-aplicar-el-microcemento\/\" \/>\n<meta property=\"og:site_name\" content=\"Satine\" \/>\n<meta property=\"article:modified_time\" content=\"2024-09-24T07:44:53+00:00\" \/>\n<meta property=\"og:image\" content=\"https:\/\/www.satine.com\/wp-content\/uploads\/2024\/09\/Microcemento-Satine-1024x1024-6.png\" \/>\n<meta name=\"twitter:card\" content=\"summary_large_image\" \/>\n<meta name=\"twitter:label1\" content=\"Tiempo de lectura\" \/>\n\t<meta name=\"twitter:data1\" content=\"6 minutos\" \/>\n<script type=\"application\/ld+json\" class=\"yoast-schema-graph\">{\"@context\":\"https:\\\/\\\/schema.org\",\"@graph\":[{\"@type\":\"WebPage\",\"@id\":\"https:\\\/\\\/www.satine.com\\\/microcement\\\/how-to-apply-microcement\\\/\",\"url\":\"https:\\\/\\\/www.satine.com\\\/microcement\\\/how-to-apply-microcement\\\/\",\"name\":\"How to Apply Microcement - Satine\",\"isPartOf\":{\"@id\":\"https:\\\/\\\/www.satine.com\\\/#website\"},\"primaryImageOfPage\":{\"@id\":\"https:\\\/\\\/www.satine.com\\\/microcement\\\/how-to-apply-microcement\\\/#primaryimage\"},\"image\":{\"@id\":\"https:\\\/\\\/www.satine.com\\\/microcement\\\/how-to-apply-microcement\\\/#primaryimage\"},\"thumbnailUrl\":\"https:\\\/\\\/www.satine.com\\\/wp-content\\\/uploads\\\/2024\\\/09\\\/Microcemento-Satine-1024x1024-6.png\",\"datePublished\":\"2024-09-24T07:44:16+00:00\",\"dateModified\":\"2024-09-24T07:44:53+00:00\",\"description\":\"Learn how to apply microcement step-by-step with expert tips on walls, floors, pools, and more. Discover techniques, tools, and best practices for flawless microcement finishes.\",\"breadcrumb\":{\"@id\":\"https:\\\/\\\/www.satine.com\\\/microcement\\\/how-to-apply-microcement\\\/#breadcrumb\"},\"inLanguage\":\"es\",\"potentialAction\":[{\"@type\":\"ReadAction\",\"target\":[\"https:\\\/\\\/www.satine.com\\\/microcement\\\/how-to-apply-microcement\\\/\"]}]},{\"@type\":\"ImageObject\",\"inLanguage\":\"es\",\"@id\":\"https:\\\/\\\/www.satine.com\\\/microcement\\\/how-to-apply-microcement\\\/#primaryimage\",\"url\":\"https:\\\/\\\/www.satine.com\\\/wp-content\\\/uploads\\\/2024\\\/09\\\/Microcemento-Satine-1024x1024-6.png\",\"contentUrl\":\"https:\\\/\\\/www.satine.com\\\/wp-content\\\/uploads\\\/2024\\\/09\\\/Microcemento-Satine-1024x1024-6.png\"},{\"@type\":\"BreadcrumbList\",\"@id\":\"https:\\\/\\\/www.satine.com\\\/microcement\\\/how-to-apply-microcement\\\/#breadcrumb\",\"itemListElement\":[{\"@type\":\"ListItem\",\"position\":1,\"name\":\"Inicio\",\"item\":\"https:\\\/\\\/www.satine.com\\\/\"},{\"@type\":\"ListItem\",\"position\":2,\"name\":\"Microcement\",\"item\":\"https:\\\/\\\/www.satine.com\\\/microcement\\\/\"},{\"@type\":\"ListItem\",\"position\":3,\"name\":\"How to Apply Microcement\"}]},{\"@type\":\"WebSite\",\"@id\":\"https:\\\/\\\/www.satine.com\\\/#website\",\"url\":\"https:\\\/\\\/www.satine.com\\\/\",\"name\":\"Satine - Microcement\",\"description\":\"\",\"alternateName\":\"Satine - Microcement\",\"potentialAction\":[{\"@type\":\"SearchAction\",\"target\":{\"@type\":\"EntryPoint\",\"urlTemplate\":\"https:\\\/\\\/www.satine.com\\\/?s={search_term_string}\"},\"query-input\":{\"@type\":\"PropertyValueSpecification\",\"valueRequired\":true,\"valueName\":\"search_term_string\"}}],\"inLanguage\":\"es\"}]}<\/script>\n<!-- \/ Yoast SEO plugin. -->","yoast_head_json":{"title":"C\u00f3mo aplicar el microcemento - Satine","description":"Aprenda a aplicar microcemento paso a paso con consejos de expertos en paredes, suelos, piscinas y mucho m\u00e1s. Descubra t\u00e9cnicas, herramientas y las mejores pr\u00e1cticas para conseguir acabados de microcemento impecables.","robots":{"index":"index","follow":"follow","max-snippet":"max-snippet:-1","max-image-preview":"max-image-preview:large","max-video-preview":"max-video-preview:-1"},"canonical":"https:\/\/www.satine.com\/es\/microcemento\/como-aplicar-el-microcemento\/","og_locale":"es_ES","og_type":"article","og_title":"How to Apply Microcement - Satine","og_description":"Learn how to apply microcement step-by-step with expert tips on walls, floors, pools, and more. Discover techniques, tools, and best practices for flawless microcement finishes.","og_url":"https:\/\/www.satine.com\/es\/microcemento\/como-aplicar-el-microcemento\/","og_site_name":"Satine","article_modified_time":"2024-09-24T07:44:53+00:00","og_image":[{"url":"https:\/\/www.satine.com\/wp-content\/uploads\/2024\/09\/Microcemento-Satine-1024x1024-6.png","type":"","width":"","height":""}],"twitter_card":"summary_large_image","twitter_misc":{"Tiempo de lectura":"6 minutos"},"schema":{"@context":"https:\/\/schema.org","@graph":[{"@type":"WebPage","@id":"https:\/\/www.satine.com\/microcement\/how-to-apply-microcement\/","url":"https:\/\/www.satine.com\/microcement\/how-to-apply-microcement\/","name":"C\u00f3mo aplicar el microcemento - Satine","isPartOf":{"@id":"https:\/\/www.satine.com\/#website"},"primaryImageOfPage":{"@id":"https:\/\/www.satine.com\/microcement\/how-to-apply-microcement\/#primaryimage"},"image":{"@id":"https:\/\/www.satine.com\/microcement\/how-to-apply-microcement\/#primaryimage"},"thumbnailUrl":"https:\/\/www.satine.com\/wp-content\/uploads\/2024\/09\/Microcemento-Satine-1024x1024-6.png","datePublished":"2024-09-24T07:44:16+00:00","dateModified":"2024-09-24T07:44:53+00:00","description":"Aprenda a aplicar microcemento paso a paso con consejos de expertos en paredes, suelos, piscinas y mucho m\u00e1s. Descubra t\u00e9cnicas, herramientas y las mejores pr\u00e1cticas para conseguir acabados de microcemento impecables.","breadcrumb":{"@id":"https:\/\/www.satine.com\/microcement\/how-to-apply-microcement\/#breadcrumb"},"inLanguage":"es","potentialAction":[{"@type":"ReadAction","target":["https:\/\/www.satine.com\/microcement\/how-to-apply-microcement\/"]}]},{"@type":"ImageObject","inLanguage":"es","@id":"https:\/\/www.satine.com\/microcement\/how-to-apply-microcement\/#primaryimage","url":"https:\/\/www.satine.com\/wp-content\/uploads\/2024\/09\/Microcemento-Satine-1024x1024-6.png","contentUrl":"https:\/\/www.satine.com\/wp-content\/uploads\/2024\/09\/Microcemento-Satine-1024x1024-6.png"},{"@type":"BreadcrumbList","@id":"https:\/\/www.satine.com\/microcement\/how-to-apply-microcement\/#breadcrumb","itemListElement":[{"@type":"ListItem","position":1,"name":"Inicio","item":"https:\/\/www.satine.com\/"},{"@type":"ListItem","position":2,"name":"Microcement","item":"https:\/\/www.satine.com\/microcement\/"},{"@type":"ListItem","position":3,"name":"How to Apply Microcement"}]},{"@type":"WebSite","@id":"https:\/\/www.satine.com\/#website","url":"https:\/\/www.satine.com\/","name":"Satine - Microcemento","description":"","alternateName":"Satine - Microcement","potentialAction":[{"@type":"SearchAction","target":{"@type":"EntryPoint","urlTemplate":"https:\/\/www.satine.com\/?s={search_term_string}"},"query-input":{"@type":"PropertyValueSpecification","valueRequired":true,"valueName":"search_term_string"}}],"inLanguage":"es"}]}},"_links":{"self":[{"href":"https:\/\/www.satine.com\/es\/wp-json\/wp\/v2\/pages\/5402","targetHints":{"allow":["GET"]}}],"collection":[{"href":"https:\/\/www.satine.com\/es\/wp-json\/wp\/v2\/pages"}],"about":[{"href":"https:\/\/www.satine.com\/es\/wp-json\/wp\/v2\/types\/page"}],"author":[{"embeddable":true,"href":"https:\/\/www.satine.com\/es\/wp-json\/wp\/v2\/users\/1"}],"replies":[{"embeddable":true,"href":"https:\/\/www.satine.com\/es\/wp-json\/wp\/v2\/comments?post=5402"}],"version-history":[{"count":1,"href":"https:\/\/www.satine.com\/es\/wp-json\/wp\/v2\/pages\/5402\/revisions"}],"predecessor-version":[{"id":5404,"href":"https:\/\/www.satine.com\/es\/wp-json\/wp\/v2\/pages\/5402\/revisions\/5404"}],"up":[{"embeddable":true,"href":"https:\/\/www.satine.com\/es\/wp-json\/wp\/v2\/pages\/2814"}],"wp:attachment":[{"href":"https:\/\/www.satine.com\/es\/wp-json\/wp\/v2\/media?parent=5402"}],"curies":[{"name":"wp","href":"https:\/\/api.w.org\/{rel}","templated":true}]}}