{"id":5028,"date":"2024-09-16T04:48:13","date_gmt":"2024-09-16T08:48:13","guid":{"rendered":"https:\/\/www.satine.com\/?page_id=5028"},"modified":"2024-09-17T08:36:04","modified_gmt":"2024-09-17T12:36:04","slug":"suelos-de-microcemento","status":"publish","type":"page","link":"https:\/\/www.satine.com\/es\/microcement\/microcement-floors\/","title":{"rendered":"Suelos de microcemento"},"content":{"rendered":"<h2 class=\"wp-block-heading\"><strong><a href=\"https:\/\/www.satine.com\/microcement\">Microcemento<\/a> Suelos: Aplicaciones, tipos y ventajas.<\/strong><\/h2>\n\n\n\n<p>Los suelos de microcemento son uno de los revestimientos continuos m\u00e1s extendidos en todo el mundo, ya que ofrecen posibilidades decorativas tanto para interiores como para exteriores. Este revestimiento puede aplicarse a suelos de cocinas, cuartos de ba\u00f1o, terrazas, etc.<\/p>\n\n\n\n<h2 class=\"wp-block-heading\"><strong>\u00bfQu\u00e9 es el microcemento?<\/strong>\u00a0<\/h2>\n\n\n\n<p>El microcemento es un revestimiento decorativo a base de cemento que se utiliza para renovar todo tipo de espacios sin grandes obras. Con un grosor inferior a 3 mm, se aplica sobre superficies existentes sin necesidad de retirar el antiguo revestimiento.<\/p>\n\n\n\n<p>Adem\u00e1s de su acabado est\u00e9tico, el microcemento es funcional. No se agrieta y es resistente al tr\u00e1nsito peatonal, los ara\u00f1azos, el agua corriente, la luz solar y los impactos.<\/p>\n\n\n\n<h2 class=\"wp-block-heading\"><strong>Ventajas del microcemento para suelos<\/strong><\/h2>\n\n\n\n<ul class=\"wp-block-list\">\n<li>Los suelos de microcemento no elevan significativamente el nivel del suelo debido a su espesor m\u00ednimo de 2 a 3 mm.<\/li>\n\n\n\n<li>Proporciona una superficie continua sin juntas de dilataci\u00f3n ni uniones, lo que permite renovar todo el suelo en una sola pieza.<\/li>\n\n\n\n<li>Se adhiere a cualquier material sin necesidad de retirar el soporte existente, evitando escombros y pesadas reformas.<\/li>\n\n\n\n<li>Es resistente a los rayos UV y tiene buena resistencia t\u00e9rmica.<\/li>\n\n\n\n<li>Los suelos de microcemento ofrecen una excelente resistencia al tr\u00e1fico, la abrasi\u00f3n y los productos de limpieza dom\u00e9sticos.<\/li>\n\n\n\n<li>Cada suelo de microcemento es \u00fanico debido a la variedad de colores y acabados disponibles.<\/li>\n\n\n\n<li>Puede utilizarse tanto para suelos de interior como de exterior, como terrazas y alrededores de piscinas.<\/li>\n<\/ul>\n\n\n\n<h2 class=\"wp-block-heading\"><strong>C\u00f3mo aplicar el microcemento<a href=\"https:\/\/www.satinestone.com\">:<\/a> Paso a paso<\/strong><\/h2>\n\n\n\n<ol class=\"wp-block-list\">\n<li><strong>Limpia la superficie:<\/strong>\u00a0Aseg\u00farese de que el suelo que va a revestir con microcemento est\u00e1 en perfectas condiciones. L\u00edmpielo de polvo, manchas, grasa o cualquier otra part\u00edcula, y compruebe que no haya humedad en la base. Si es necesario, aplique una imprimaci\u00f3n que bloquee la humedad.<\/li>\n\n\n\n<li><strong>Aplicaci\u00f3n de imprimaci\u00f3n:<\/strong>\u00a0Una vez limpia la superficie, aplique una imprimaci\u00f3n para mejorar la adherencia entre el soporte existente y el nuevo suelo de microcemento. Utilice una imprimaci\u00f3n adecuada a la capacidad de absorci\u00f3n de la superficie.<\/li>\n\n\n\n<li><strong>Primera capa base:<\/strong>\u00a0Aplique la primera capa base no pigmentada de microcemento. Utilice malla de fibra de vidrio para ayudar a minimizar las grietas con el tiempo. Tras la aplicaci\u00f3n, lije la superficie.<\/li>\n\n\n\n<li><strong>Segunda capa base:<\/strong>\u00a0Una vez que la superficie est\u00e9 completamente seca, aplique una capa base pigmentada. Elija el color deseado para el suelo continuo y, una vez cubierto, lije el suelo de microcemento.<\/li>\n\n\n\n<li><strong>Dos capas de acabado:<\/strong>\u00a0Aplicar dos capas de acabado de microcemento pigmentado. Seg\u00fan el acabado y la resistencia al deslizamiento deseados, utilice microcemento medio o grueso. Recomendamos dos capas de microcemento de Satine para obtener resultados \u00f3ptimos.<\/li>\n\n\n\n<li><strong>Protecci\u00f3n de superficies:<\/strong>\u00a0Por \u00faltimo, proteja el suelo de microcemento aplicando dos capas de un sellador previo seguidas de dos capas de un sellador superior. Esto protege, impermeabiliza y puede proporcionar un acabado antideslizante.<\/li>\n<\/ol>\n\n\n\n<div style=\"height:30px\" aria-hidden=\"true\" class=\"wp-block-spacer\"><\/div>\n\n\n\n<figure class=\"wp-block-image size-full is-resized\"><img loading=\"lazy\" decoding=\"async\" width=\"1024\" height=\"1024\" src=\"https:\/\/www.satine.com\/wp-content\/uploads\/2024\/09\/Microcemento-Satine-1024x1024-3.png\" alt=\"\" class=\"wp-image-5033\" style=\"aspect-ratio:16\/9;object-fit:cover;width:1600px\" srcset=\"https:\/\/www.satine.com\/wp-content\/uploads\/2024\/09\/Microcemento-Satine-1024x1024-3.png 1024w, https:\/\/www.satine.com\/wp-content\/uploads\/2024\/09\/Microcemento-Satine-1024x1024-3-300x300.png 300w, https:\/\/www.satine.com\/wp-content\/uploads\/2024\/09\/Microcemento-Satine-1024x1024-3-150x150.png 150w, https:\/\/www.satine.com\/wp-content\/uploads\/2024\/09\/Microcemento-Satine-1024x1024-3-768x768.png 768w, https:\/\/www.satine.com\/wp-content\/uploads\/2024\/09\/Microcemento-Satine-1024x1024-3-12x12.png 12w\" sizes=\"auto, (max-width: 1024px) 100vw, 1024px\" \/><\/figure>\n\n\n\n<div style=\"height:30px\" aria-hidden=\"true\" class=\"wp-block-spacer\"><\/div>\n\n\n\n<h2 class=\"wp-block-heading\"><strong>Colores para suelos de microcemento<\/strong><\/h2>\n\n\n\n<p>El microcemento es una opci\u00f3n vers\u00e1til que ofrece una amplia gama de colores, adapt\u00e1ndose a diversos estilos y ambientes. El blanco es una opci\u00f3n popular por su estilo minimalista, aportando sensaci\u00f3n de amplitud y luminosidad a los espacios. Por otro lado, el gris es ideal para quienes buscan un aspecto industrial, aportando una est\u00e9tica moderna y elegante. Adem\u00e1s de estos colores neutros, existe una amplia paleta que incluye tonos c\u00e1lidos, fr\u00edos y terrosos, lo que permite a los usuarios personalizar su espacio seg\u00fan sus preferencias y el ambiente deseado.<\/p>\n\n\n\n<h2 class=\"wp-block-heading\"><strong>Limpieza, cuidado y mantenimiento<\/strong><\/h2>\n\n\n\n<p>Los suelos de microcemento son conocidos por su bajo mantenimiento. Para mantenerlos en condiciones \u00f3ptimas, se recomienda limpiarlos de vez en cuando con agua y detergente suave. Es importante utilizar productos biodegradables especializados para conservar el aspecto del suelo y prolongar su vida \u00fatil. En zonas muy transitadas, debe utilizarse una combinaci\u00f3n de productos espec\u00edficos para garantizar un cuidado adecuado y mantener el suelo en excelentes condiciones.<\/p>\n\n\n\n<h2 class=\"wp-block-heading\"><strong>Cuidado y mantenimiento<\/strong><\/h2>\n\n\n\n<p>Para a\u00f1adir durabilidad y brillo al microcemento, deben utilizarse ceras protectoras. La aplicaci\u00f3n de cera s\u00f3lo debe hacerse despu\u00e9s de que el suelo est\u00e9 completamente limpio y haya estado sellado durante al menos 15 d\u00edas. La frecuencia del encerado depender\u00e1 del uso del suelo: en zonas de mucho tr\u00e1nsito, se recomienda volver a aplicar cera cada dos meses, mientras que en espacios residenciales, cada seis meses es suficiente. Esta rutina ayudar\u00e1 a mantener la superficie en buen estado y prolongar su vida \u00fatil.<\/p>\n\n\n\n<h2 class=\"wp-block-heading\"><strong>Consejos para evitar problemas<\/strong><\/h2>\n\n\n\n<p>Durante los primeros d\u00edas tras la aplicaci\u00f3n del microcemento, es fundamental garantizar una ventilaci\u00f3n adecuada en la zona para permitir que el material se cure correctamente. Evite caminar sobre el suelo durante al menos una semana para no comprometer el acabado. Adem\u00e1s, es importante evitar derrames y movimientos bruscos de muebles durante este periodo inicial para garantizar un acabado perfecto y duradero. Seguir estas recomendaciones ayudar\u00e1 a evitar problemas y a garantizar que el suelo de microcemento se mantenga en excelentes condiciones con el paso del tiempo.<\/p>","protected":false},"excerpt":{"rendered":"<p>Microcement Floors: Applications, Types and Advantages. Microcement floors are one of the most widespread continuous floorings globally, offering decorative opportunities for both indoor and outdoor use. This coating can be applied to kitchen floors, bathroom floors, terrace floors, etc. What is Microcement?\u00a0 Microcement is a decorative cement-based coating used to renovate all types of spaces [&hellip;]<\/p>\n","protected":false},"author":1,"featured_media":0,"parent":2814,"menu_order":0,"comment_status":"closed","ping_status":"closed","template":"","meta":{"footnotes":""},"class_list":["post-5028","page","type-page","status-publish","hentry"],"yoast_head":"<!-- This site is optimized with the Yoast SEO plugin v27.5 - https:\/\/yoast.com\/product\/yoast-seo-wordpress\/ -->\n<title>Microcement Floors - Satine<\/title>\n<meta name=\"description\" content=\"Benefits and application process of microcement floors, an ideal choice for both indoor and outdoor spaces. Explore how to apply microcement with detailed steps, including primer application, base layers, and finishing coats.\" \/>\n<meta name=\"robots\" content=\"index, follow, max-snippet:-1, max-image-preview:large, max-video-preview:-1\" \/>\n<link rel=\"canonical\" href=\"https:\/\/www.satine.com\/es\/microcemento\/suelos-de-microcemento\/\" \/>\n<meta property=\"og:locale\" content=\"es_ES\" \/>\n<meta property=\"og:type\" content=\"article\" \/>\n<meta property=\"og:title\" content=\"Microcement Floors - Satine\" \/>\n<meta property=\"og:description\" content=\"Benefits and application process of microcement floors, an ideal choice for both indoor and outdoor spaces. Explore how to apply microcement with detailed steps, including primer application, base layers, and finishing coats.\" \/>\n<meta property=\"og:url\" content=\"https:\/\/www.satine.com\/es\/microcemento\/suelos-de-microcemento\/\" \/>\n<meta property=\"og:site_name\" content=\"Satine\" \/>\n<meta property=\"article:modified_time\" content=\"2024-09-17T12:36:04+00:00\" \/>\n<meta property=\"og:image\" content=\"https:\/\/www.satine.com\/wp-content\/uploads\/2024\/09\/Microcemento-Satine-1024x1024-3.png\" \/>\n<meta name=\"twitter:card\" content=\"summary_large_image\" \/>\n<meta name=\"twitter:label1\" content=\"Tiempo de lectura\" \/>\n\t<meta name=\"twitter:data1\" content=\"4 minutos\" \/>\n<script type=\"application\/ld+json\" class=\"yoast-schema-graph\">{\"@context\":\"https:\\\/\\\/schema.org\",\"@graph\":[{\"@type\":\"WebPage\",\"@id\":\"https:\\\/\\\/www.satine.com\\\/microcement\\\/microcement-floors\\\/\",\"url\":\"https:\\\/\\\/www.satine.com\\\/microcement\\\/microcement-floors\\\/\",\"name\":\"Microcement Floors - Satine\",\"isPartOf\":{\"@id\":\"https:\\\/\\\/www.satine.com\\\/#website\"},\"primaryImageOfPage\":{\"@id\":\"https:\\\/\\\/www.satine.com\\\/microcement\\\/microcement-floors\\\/#primaryimage\"},\"image\":{\"@id\":\"https:\\\/\\\/www.satine.com\\\/microcement\\\/microcement-floors\\\/#primaryimage\"},\"thumbnailUrl\":\"https:\\\/\\\/www.satine.com\\\/wp-content\\\/uploads\\\/2024\\\/09\\\/Microcemento-Satine-1024x1024-3.png\",\"datePublished\":\"2024-09-16T08:48:13+00:00\",\"dateModified\":\"2024-09-17T12:36:04+00:00\",\"description\":\"Benefits and application process of microcement floors, an ideal choice for both indoor and outdoor spaces. Explore how to apply microcement with detailed steps, including primer application, base layers, and finishing coats.\",\"breadcrumb\":{\"@id\":\"https:\\\/\\\/www.satine.com\\\/microcement\\\/microcement-floors\\\/#breadcrumb\"},\"inLanguage\":\"es\",\"potentialAction\":[{\"@type\":\"ReadAction\",\"target\":[\"https:\\\/\\\/www.satine.com\\\/microcement\\\/microcement-floors\\\/\"]}]},{\"@type\":\"ImageObject\",\"inLanguage\":\"es\",\"@id\":\"https:\\\/\\\/www.satine.com\\\/microcement\\\/microcement-floors\\\/#primaryimage\",\"url\":\"https:\\\/\\\/www.satine.com\\\/wp-content\\\/uploads\\\/2024\\\/09\\\/Microcemento-Satine-1024x1024-3.png\",\"contentUrl\":\"https:\\\/\\\/www.satine.com\\\/wp-content\\\/uploads\\\/2024\\\/09\\\/Microcemento-Satine-1024x1024-3.png\"},{\"@type\":\"BreadcrumbList\",\"@id\":\"https:\\\/\\\/www.satine.com\\\/microcement\\\/microcement-floors\\\/#breadcrumb\",\"itemListElement\":[{\"@type\":\"ListItem\",\"position\":1,\"name\":\"Inicio\",\"item\":\"https:\\\/\\\/www.satine.com\\\/\"},{\"@type\":\"ListItem\",\"position\":2,\"name\":\"Microcement\",\"item\":\"https:\\\/\\\/www.satine.com\\\/microcement\\\/\"},{\"@type\":\"ListItem\",\"position\":3,\"name\":\"Microcement Floors\"}]},{\"@type\":\"WebSite\",\"@id\":\"https:\\\/\\\/www.satine.com\\\/#website\",\"url\":\"https:\\\/\\\/www.satine.com\\\/\",\"name\":\"Satine - Microcement\",\"description\":\"\",\"alternateName\":\"Satine - Microcement\",\"potentialAction\":[{\"@type\":\"SearchAction\",\"target\":{\"@type\":\"EntryPoint\",\"urlTemplate\":\"https:\\\/\\\/www.satine.com\\\/?s={search_term_string}\"},\"query-input\":{\"@type\":\"PropertyValueSpecification\",\"valueRequired\":true,\"valueName\":\"search_term_string\"}}],\"inLanguage\":\"es\"}]}<\/script>\n<!-- \/ Yoast SEO plugin. -->","yoast_head_json":{"title":"Suelos de microcemento - Satine","description":"Ventajas y proceso de aplicaci\u00f3n de los suelos de microcemento, una opci\u00f3n ideal tanto para espacios interiores como exteriores. Explore c\u00f3mo aplicar el microcemento con pasos detallados, incluida la aplicaci\u00f3n de la imprimaci\u00f3n, las capas base y las capas de acabado.","robots":{"index":"index","follow":"follow","max-snippet":"max-snippet:-1","max-image-preview":"max-image-preview:large","max-video-preview":"max-video-preview:-1"},"canonical":"https:\/\/www.satine.com\/es\/microcemento\/suelos-de-microcemento\/","og_locale":"es_ES","og_type":"article","og_title":"Microcement Floors - Satine","og_description":"Benefits and application process of microcement floors, an ideal choice for both indoor and outdoor spaces. Explore how to apply microcement with detailed steps, including primer application, base layers, and finishing coats.","og_url":"https:\/\/www.satine.com\/es\/microcemento\/suelos-de-microcemento\/","og_site_name":"Satine","article_modified_time":"2024-09-17T12:36:04+00:00","og_image":[{"url":"https:\/\/www.satine.com\/wp-content\/uploads\/2024\/09\/Microcemento-Satine-1024x1024-3.png","type":"","width":"","height":""}],"twitter_card":"summary_large_image","twitter_misc":{"Tiempo de lectura":"4 minutos"},"schema":{"@context":"https:\/\/schema.org","@graph":[{"@type":"WebPage","@id":"https:\/\/www.satine.com\/microcement\/microcement-floors\/","url":"https:\/\/www.satine.com\/microcement\/microcement-floors\/","name":"Suelos de microcemento - Satine","isPartOf":{"@id":"https:\/\/www.satine.com\/#website"},"primaryImageOfPage":{"@id":"https:\/\/www.satine.com\/microcement\/microcement-floors\/#primaryimage"},"image":{"@id":"https:\/\/www.satine.com\/microcement\/microcement-floors\/#primaryimage"},"thumbnailUrl":"https:\/\/www.satine.com\/wp-content\/uploads\/2024\/09\/Microcemento-Satine-1024x1024-3.png","datePublished":"2024-09-16T08:48:13+00:00","dateModified":"2024-09-17T12:36:04+00:00","description":"Ventajas y proceso de aplicaci\u00f3n de los suelos de microcemento, una opci\u00f3n ideal tanto para espacios interiores como exteriores. Explore c\u00f3mo aplicar el microcemento con pasos detallados, incluida la aplicaci\u00f3n de la imprimaci\u00f3n, las capas base y las capas de acabado.","breadcrumb":{"@id":"https:\/\/www.satine.com\/microcement\/microcement-floors\/#breadcrumb"},"inLanguage":"es","potentialAction":[{"@type":"ReadAction","target":["https:\/\/www.satine.com\/microcement\/microcement-floors\/"]}]},{"@type":"ImageObject","inLanguage":"es","@id":"https:\/\/www.satine.com\/microcement\/microcement-floors\/#primaryimage","url":"https:\/\/www.satine.com\/wp-content\/uploads\/2024\/09\/Microcemento-Satine-1024x1024-3.png","contentUrl":"https:\/\/www.satine.com\/wp-content\/uploads\/2024\/09\/Microcemento-Satine-1024x1024-3.png"},{"@type":"BreadcrumbList","@id":"https:\/\/www.satine.com\/microcement\/microcement-floors\/#breadcrumb","itemListElement":[{"@type":"ListItem","position":1,"name":"Inicio","item":"https:\/\/www.satine.com\/"},{"@type":"ListItem","position":2,"name":"Microcement","item":"https:\/\/www.satine.com\/microcement\/"},{"@type":"ListItem","position":3,"name":"Microcement Floors"}]},{"@type":"WebSite","@id":"https:\/\/www.satine.com\/#website","url":"https:\/\/www.satine.com\/","name":"Satine - Microcemento","description":"","alternateName":"Satine - Microcement","potentialAction":[{"@type":"SearchAction","target":{"@type":"EntryPoint","urlTemplate":"https:\/\/www.satine.com\/?s={search_term_string}"},"query-input":{"@type":"PropertyValueSpecification","valueRequired":true,"valueName":"search_term_string"}}],"inLanguage":"es"}]}},"_links":{"self":[{"href":"https:\/\/www.satine.com\/es\/wp-json\/wp\/v2\/pages\/5028","targetHints":{"allow":["GET"]}}],"collection":[{"href":"https:\/\/www.satine.com\/es\/wp-json\/wp\/v2\/pages"}],"about":[{"href":"https:\/\/www.satine.com\/es\/wp-json\/wp\/v2\/types\/page"}],"author":[{"embeddable":true,"href":"https:\/\/www.satine.com\/es\/wp-json\/wp\/v2\/users\/1"}],"replies":[{"embeddable":true,"href":"https:\/\/www.satine.com\/es\/wp-json\/wp\/v2\/comments?post=5028"}],"version-history":[{"count":8,"href":"https:\/\/www.satine.com\/es\/wp-json\/wp\/v2\/pages\/5028\/revisions"}],"predecessor-version":[{"id":5044,"href":"https:\/\/www.satine.com\/es\/wp-json\/wp\/v2\/pages\/5028\/revisions\/5044"}],"up":[{"embeddable":true,"href":"https:\/\/www.satine.com\/es\/wp-json\/wp\/v2\/pages\/2814"}],"wp:attachment":[{"href":"https:\/\/www.satine.com\/es\/wp-json\/wp\/v2\/media?parent=5028"}],"curies":[{"name":"wp","href":"https:\/\/api.w.org\/{rel}","templated":true}]}}