{"id":4647,"date":"2024-09-09T04:56:42","date_gmt":"2024-09-09T09:56:42","guid":{"rendered":"https:\/\/www.satine.com\/?page_id=4647"},"modified":"2024-09-17T08:36:41","modified_gmt":"2024-09-17T12:36:41","slug":"que-es-el-microcemento","status":"publish","type":"page","link":"https:\/\/www.satine.com\/es\/microcement\/what-is-microcement\/","title":{"rendered":"\u00bfQu\u00e9 es el microcemento?"},"content":{"rendered":"<h2 class=\"wp-block-heading\"><strong>\u00bfQu\u00e9 es el microcemento? Usos, tipos, aplicaci\u00f3n y ventajas<\/strong><\/h2>\n\n\n\n<p><strong>Satine <a href=\"https:\/\/www.satine.com\/microcement\/https:\/\/www.satine.com\/microcement\">microcemento<\/a><\/strong> es un revestimiento decorativo a base de cemento, resinas al agua, aditivos, pigmentos y un toque de la esencia m\u00e1gica de Satine. Puede aplicarse a una gran variedad de superficies verticales y horizontales gracias a su excelente adherencia. El material destaca porque se aplica directamente sobre cualquier superficie existente: azulejos, cart\u00f3n yeso, cer\u00e1mica, m\u00e1rmol, terrazo, piedra, metal, vidrio o escayola, entre muchos otros. Con un espesor m\u00ednimo de s\u00f3lo 3 mil\u00edmetros, renueva espacios r\u00e1pidamente sin crear polvo ni escombros.<\/p>\n\n\n\n<p>Se trata de un revestimiento natural, innovador y continuo, ideal tanto para espacios exteriores como interiores, ya que el material Satine garantiza protecci\u00f3n contra los rayos UV y propiedades antirretracci\u00f3n. Puede aplicarse a suelos, paredes, escaleras, techos, piscinas e incluso muebles. Su versatilidad ha hecho que se utilice cada vez m\u00e1s en reformas de viviendas y espacios comerciales como polideportivos, edificios industriales, hoteles y restaurantes.<\/p>\n\n\n\n<p>Satine ofrece un amplio abanico de posibilidades decorativas y acabados, donde el \u00fanico l\u00edmite es su imaginaci\u00f3n. Confiere a los espacios un car\u00e1cter \u00fanico y personal gracias a sus diferentes texturas y a la infinita variedad de colores y acabados de microcemento que permiten nuestros barnices y revestimientos met\u00e1licos.<\/p>\n\n\n\n<p>Diga adi\u00f3s a las reformas complicadas. Con el microcemento Satine, cualquier combinaci\u00f3n y estilo son posibles. Nos comprometemos plenamente con sus proyectos.<\/p>\n\n\n\n<div style=\"height:20px\" aria-hidden=\"true\" class=\"wp-block-spacer\"><\/div>\n\n\n\n<figure class=\"wp-block-image size-large is-resized\"><img loading=\"lazy\" decoding=\"async\" width=\"1024\" height=\"1024\" src=\"https:\/\/www.satine.com\/wp-content\/uploads\/2024\/09\/1c2d3913-e066-4cee-9c2c-622e375fa96c._CR194881229532952_SX1280_-1-1024x1024.jpg\" alt=\"\" class=\"wp-image-4703\" style=\"object-fit:cover;width:1600px;height:700px\" srcset=\"https:\/\/www.satine.com\/wp-content\/uploads\/2024\/09\/1c2d3913-e066-4cee-9c2c-622e375fa96c._CR194881229532952_SX1280_-1-1024x1024.jpg 1024w, https:\/\/www.satine.com\/wp-content\/uploads\/2024\/09\/1c2d3913-e066-4cee-9c2c-622e375fa96c._CR194881229532952_SX1280_-1-300x300.jpg 300w, https:\/\/www.satine.com\/wp-content\/uploads\/2024\/09\/1c2d3913-e066-4cee-9c2c-622e375fa96c._CR194881229532952_SX1280_-1-150x150.jpg 150w, https:\/\/www.satine.com\/wp-content\/uploads\/2024\/09\/1c2d3913-e066-4cee-9c2c-622e375fa96c._CR194881229532952_SX1280_-1-768x768.jpg 768w, https:\/\/www.satine.com\/wp-content\/uploads\/2024\/09\/1c2d3913-e066-4cee-9c2c-622e375fa96c._CR194881229532952_SX1280_-1-12x12.jpg 12w, https:\/\/www.satine.com\/wp-content\/uploads\/2024\/09\/1c2d3913-e066-4cee-9c2c-622e375fa96c._CR194881229532952_SX1280_-1.jpg 1280w\" sizes=\"auto, (max-width: 1024px) 100vw, 1024px\" \/><\/figure>\n\n\n\n<div style=\"height:30px\" aria-hidden=\"true\" class=\"wp-block-spacer\"><\/div>\n\n\n\n<h2 class=\"wp-block-heading\"><strong>\u00bfD\u00f3nde se puede aplicar el microcemento?<\/strong><\/h2>\n\n\n\n<p>Las soluciones decorativas que ofrece <a href=\"https:\/\/www.satinestone.com\">Satine<\/a> microcemento son infinitas. Por eso sus usos son tan variados. Desde escaleras, piscinas y revestimientos de muebles hasta ba\u00f1os, cocinas, fachadas, suelos, garajes, s\u00f3tanos, terrazas...<\/p>\n\n\n\n<p>Sea cual sea la superficie a revestir con microcemento, en Satine nos preocupamos por el resultado final. Por eso, en nuestro af\u00e1n por conseguir un producto \u00f3ptimo, vers\u00e1til y de alta calidad, que perdure en el tiempo y se adapte a las necesidades del mercado, hemos logrado un equilibrio entre dureza y flexibilidad.<\/p>\n\n\n\n<p>\u00bfQu\u00e9 significa esto? Nuestro microcemento puede cubrir cualquier superficie, independientemente de su tama\u00f1o, creando un suelo continuo sin juntas ni grietas. De esta forma, evitamos zonas de suciedad, facilitando la limpieza y desinfecci\u00f3n, y contribuyendo a crear espacios libres de g\u00e9rmenes y bacterias.<\/p>\n\n\n\n<p>Adem\u00e1s, nuestros microcementos garantizan una alta resistencia en las zonas m\u00e1s expuestas al tr\u00e1fico, as\u00ed como a los productos de limpieza m\u00e1s agresivos. De ah\u00ed la gran demanda de microcemento en cocinas y ba\u00f1os.<\/p>\n\n\n\n<div style=\"height:20px\" aria-hidden=\"true\" class=\"wp-block-spacer\"><\/div>\n\n\n\n<h2 class=\"wp-block-heading\"><strong>\u00c1reas de microcemento<\/strong><\/h2>\n\n\n\n<p><strong>Paredes:<\/strong> Es muy recomendable para revestir todo tipo de paredes y fachadas debido a su transpirabilidad. En nuestra galer\u00eda, encontrar\u00e1 varios muros de microcemento Satine para inspirarse. Para m\u00e1s informaci\u00f3n sobre el microcemento para paredes, lea nuestro art\u00edculo.<\/p>\n\n\n\n<p><strong> Suelos:<\/strong> Los suelos no s\u00f3lo son visualmente atractivos, sino que tambi\u00e9n poseen cualidades interesantes como impermeabilidad, resistencia a la compresi\u00f3n, a la flexi\u00f3n y al rayado. Explore nuestra galer\u00eda para descubrir todos los suelos de microcemento que pueden crearse con Satine. Si desea m\u00e1s informaci\u00f3n, p\u00f3ngase en contacto con nosotros.<\/p>\n\n\n\n<p><strong>Ba\u00f1os:<\/strong> Es un revestimiento decorativo ideal para renovar cuartos de ba\u00f1o, especialmente por su resistencia a la humedad, sus propiedades antimoho y anticondensaci\u00f3n, y su facilidad de limpieza. Eche un vistazo a todas las posibilidades de ba\u00f1os de microcemento con microcementos Satine en nuestra galer\u00eda o lea nuestro art\u00edculo sobre ba\u00f1os de microcemento.<\/p>\n\n\n\n<p><strong> Cocinas:<\/strong> Puede utilizarse de muchas maneras en las cocinas. Suelos, paredes, techos, fregaderos y encimeras pueden revestirse de casi cualquier color que pueda imaginar. Cocinas de microcemento Satine de todos los estilos y tama\u00f1os. Le invitamos a verlas en nuestro art\u00edculo del blog sobre cocinas de microcemento.<\/p>\n\n\n\n<p><strong>Escaleras:<\/strong> La versatilidad del microcemento Satine permite su uso incluso en escaleras, ya que su resistencia garantiza que los bordes no se astillen con total seguridad. Con los microcementos Satine, podr\u00e1 dise\u00f1ar escaleras de microcemento espectaculares. Desc\u00fabralas en nuestro post sobre escaleras de microcemento.<\/p>\n\n\n\n<p><strong> Piscinas:<\/strong> Revestir tanto el interior de la piscina como el borde y los alrededores con microcemento Satine es un \u00e9xito garantizado. El car\u00e1cter antideslizante, impermeable y anticondensaci\u00f3n de nuestros revestimientos para piscinas, junto con su excelente resistencia a los rayos UV, los hace ideales para revestir piscinas interiores y exteriores, ya sean de agua dulce o salada. En nuestro blog, encontrar\u00e1 todo lo que necesita saber y las ventajas.<\/p>\n\n\n\n<p><strong>Exterior:<\/strong> Tambi\u00e9n es un excelente revestimiento continuo para superficies exteriores como suelos de terrazas, patios residenciales o fachadas y muros de edificios gracias a su transpirabilidad. Visite nuestra galer\u00eda o lea nuestro post para descubrir todas las opciones de aplicaci\u00f3n del microcemento Satine en exteriores.<\/p>\n\n\n\n<p>Ahora que ya sabes d\u00f3nde se puede aplicar, es hora de aprender a hacerlo. Si quieres aprender t\u00e9cnicas de aplicaci\u00f3n y acabado, ponte en contacto con nosotros y solicita formaci\u00f3n sobre Satine.<a href=\"https:\/\/www.satinestone.com\">.<\/a><\/p>\n\n\n\n<div style=\"height:20px\" aria-hidden=\"true\" class=\"wp-block-spacer\"><\/div>\n\n\n\n<h2 class=\"wp-block-heading\"><strong><a href=\"https:\/\/www.satine.com\/advantages-of-microcement\">Ventajas del microcemento<\/a><\/strong><\/h2>\n\n\n\n<ul class=\"wp-block-list\">\n<li>M\u00faltiples acabados decorativos.<\/li>\n\n\n\n<li>Texturas infinitas.<\/li>\n\n\n\n<li>F\u00e1cil limpieza.<\/li>\n\n\n\n<li>Superficies sin juntas.<\/li>\n\n\n\n<li>Superficie continua.<\/li>\n\n\n\n<li>Resistencia a los rayos UV.<\/li>\n\n\n\n<li>Anti-retracci\u00f3n.<\/li>\n\n\n\n<li>Acabados naturales.<\/li>\n\n\n\n<li>Gran resistencia a los impactos y a la compresi\u00f3n.<\/li>\n\n\n\n<li>Excepcional resistencia al rayado.<\/li>\n\n\n\n<li>Transpirable.<\/li>\n\n\n\n<li>Impermeable.<\/li>\n\n\n\n<li>Antibacteriano.<\/li>\n\n\n\n<li>Anticondensaci\u00f3n.<\/li>\n\n\n\n<li>Adecuado para cualquier superficie, especialmente sobre calefacci\u00f3n por suelo radiante.<\/li>\n\n\n\n<li>Aplicable a suelos, paredes, techos, piscinas y muebles. Tanto en espacios interiores como exteriores.<\/li>\n\n\n\n<li>Infinita variedad de colores y texturas de microcemento Satine.<\/li>\n\n\n\n<li>Aplicaci\u00f3n artesanal. Resultado exclusivo y personalizado.<\/li>\n\n\n\n<li>Alta adherencia. Compatible con azulejos, m\u00e1rmol, cer\u00e1mica, terrazo, cart\u00f3n yeso, hormig\u00f3n, cemento, escayola, superficies met\u00e1licas, vidrio, etc.<\/li>\n\n\n\n<li>Resistente al tr\u00e1fico, los impactos, los ara\u00f1azos y los productos qu\u00edmicos.<\/li>\n\n\n\n<li>Antideslizante, seg\u00fan el acabado.<\/li>\n\n\n\n<li>Instalaci\u00f3n r\u00e1pida y sin residuos.<\/li>\n\n\n\n<li>Espesor del sistema de 2\/3 mm, por lo que no afecta a la carga estructural del edificio.<\/li>\n\n\n\n<li>Materiales naturales. 100% producto respetuoso con el medio ambiente.<\/li>\n<\/ul>","protected":false},"excerpt":{"rendered":"<p>What is Microcement? Uses, Types, Application, and Advantages Satine microcement is a decorative coating made from cement, water-based resins, additives, pigments, and a touch of Satine\u2019s magic essence. It can be applied to a wide variety of vertical and horizontal surfaces thanks to its excellent adhesion. The material stands out because it is applied directly [&hellip;]<\/p>\n","protected":false},"author":1,"featured_media":0,"parent":2814,"menu_order":0,"comment_status":"closed","ping_status":"closed","template":"","meta":{"footnotes":""},"class_list":["post-4647","page","type-page","status-publish","hentry"],"yoast_head":"<!-- This site is optimized with the Yoast SEO plugin v27.4 - https:\/\/yoast.com\/product\/yoast-seo-wordpress\/ -->\n<title>What is Microcement? Uses, types, application and advantages<\/title>\n<meta name=\"description\" content=\"Satine microcement is a decorative coating made of cement, water-based resins, additives, and mineral pigments that can be applied to a multitude of vertical and horizontal surfaces thanks to its great adhesion.\" \/>\n<meta name=\"robots\" content=\"index, follow, max-snippet:-1, max-image-preview:large, max-video-preview:-1\" \/>\n<link rel=\"canonical\" href=\"https:\/\/www.satine.com\/es\/microcemento\/que-es-el-microcemento\/\" \/>\n<meta property=\"og:locale\" content=\"es_ES\" \/>\n<meta property=\"og:type\" content=\"article\" \/>\n<meta property=\"og:title\" content=\"What is Microcement? Uses, types, application and advantages\" \/>\n<meta property=\"og:description\" content=\"Satine microcement is a decorative coating made of cement, water-based resins, additives, and mineral pigments that can be applied to a multitude of vertical and horizontal surfaces thanks to its great adhesion.\" \/>\n<meta property=\"og:url\" content=\"https:\/\/www.satine.com\/es\/microcemento\/que-es-el-microcemento\/\" \/>\n<meta property=\"og:site_name\" content=\"Satine\" \/>\n<meta property=\"article:modified_time\" content=\"2024-09-17T12:36:41+00:00\" \/>\n<meta property=\"og:image\" content=\"https:\/\/www.satine.com\/wp-content\/uploads\/2024\/09\/1c2d3913-e066-4cee-9c2c-622e375fa96c._CR194881229532952_SX1280_-1-1024x1024.jpg\" \/>\n<meta name=\"twitter:card\" content=\"summary_large_image\" \/>\n<meta name=\"twitter:label1\" content=\"Tiempo de lectura\" \/>\n\t<meta name=\"twitter:data1\" content=\"4 minutos\" \/>\n<script type=\"application\/ld+json\" class=\"yoast-schema-graph\">{\"@context\":\"https:\\\/\\\/schema.org\",\"@graph\":[{\"@type\":\"WebPage\",\"@id\":\"https:\\\/\\\/www.satine.com\\\/microcement\\\/what-is-microcement\\\/\",\"url\":\"https:\\\/\\\/www.satine.com\\\/microcement\\\/what-is-microcement\\\/\",\"name\":\"What is Microcement? Uses, types, application and advantages\",\"isPartOf\":{\"@id\":\"https:\\\/\\\/www.satine.com\\\/#website\"},\"primaryImageOfPage\":{\"@id\":\"https:\\\/\\\/www.satine.com\\\/microcement\\\/what-is-microcement\\\/#primaryimage\"},\"image\":{\"@id\":\"https:\\\/\\\/www.satine.com\\\/microcement\\\/what-is-microcement\\\/#primaryimage\"},\"thumbnailUrl\":\"https:\\\/\\\/www.satine.com\\\/wp-content\\\/uploads\\\/2024\\\/09\\\/1c2d3913-e066-4cee-9c2c-622e375fa96c._CR194881229532952_SX1280_-1-1024x1024.jpg\",\"datePublished\":\"2024-09-09T09:56:42+00:00\",\"dateModified\":\"2024-09-17T12:36:41+00:00\",\"description\":\"Satine microcement is a decorative coating made of cement, water-based resins, additives, and mineral pigments that can be applied to a multitude of vertical and horizontal surfaces thanks to its great adhesion.\",\"breadcrumb\":{\"@id\":\"https:\\\/\\\/www.satine.com\\\/microcement\\\/what-is-microcement\\\/#breadcrumb\"},\"inLanguage\":\"es\",\"potentialAction\":[{\"@type\":\"ReadAction\",\"target\":[\"https:\\\/\\\/www.satine.com\\\/microcement\\\/what-is-microcement\\\/\"]}]},{\"@type\":\"ImageObject\",\"inLanguage\":\"es\",\"@id\":\"https:\\\/\\\/www.satine.com\\\/microcement\\\/what-is-microcement\\\/#primaryimage\",\"url\":\"https:\\\/\\\/www.satine.com\\\/wp-content\\\/uploads\\\/2024\\\/09\\\/1c2d3913-e066-4cee-9c2c-622e375fa96c._CR194881229532952_SX1280_-1-1024x1024.jpg\",\"contentUrl\":\"https:\\\/\\\/www.satine.com\\\/wp-content\\\/uploads\\\/2024\\\/09\\\/1c2d3913-e066-4cee-9c2c-622e375fa96c._CR194881229532952_SX1280_-1-1024x1024.jpg\"},{\"@type\":\"BreadcrumbList\",\"@id\":\"https:\\\/\\\/www.satine.com\\\/microcement\\\/what-is-microcement\\\/#breadcrumb\",\"itemListElement\":[{\"@type\":\"ListItem\",\"position\":1,\"name\":\"Inicio\",\"item\":\"https:\\\/\\\/www.satine.com\\\/\"},{\"@type\":\"ListItem\",\"position\":2,\"name\":\"Microcement\",\"item\":\"https:\\\/\\\/www.satine.com\\\/microcement\\\/\"},{\"@type\":\"ListItem\",\"position\":3,\"name\":\"What is Microcement?\"}]},{\"@type\":\"WebSite\",\"@id\":\"https:\\\/\\\/www.satine.com\\\/#website\",\"url\":\"https:\\\/\\\/www.satine.com\\\/\",\"name\":\"Satine - Microcement\",\"description\":\"\",\"alternateName\":\"Satine - Microcement\",\"potentialAction\":[{\"@type\":\"SearchAction\",\"target\":{\"@type\":\"EntryPoint\",\"urlTemplate\":\"https:\\\/\\\/www.satine.com\\\/?s={search_term_string}\"},\"query-input\":{\"@type\":\"PropertyValueSpecification\",\"valueRequired\":true,\"valueName\":\"search_term_string\"}}],\"inLanguage\":\"es\"}]}<\/script>\n<!-- \/ Yoast SEO plugin. -->","yoast_head_json":{"title":"\u00bfQu\u00e9 es el microcemento? Usos, tipos, aplicaci\u00f3n y ventajas","description":"El microcemento Satine es un revestimiento decorativo a base de cemento, resinas al agua, aditivos y pigmentos minerales que puede aplicarse a multitud de superficies verticales y horizontales gracias a su gran adherencia.","robots":{"index":"index","follow":"follow","max-snippet":"max-snippet:-1","max-image-preview":"max-image-preview:large","max-video-preview":"max-video-preview:-1"},"canonical":"https:\/\/www.satine.com\/es\/microcemento\/que-es-el-microcemento\/","og_locale":"es_ES","og_type":"article","og_title":"What is Microcement? Uses, types, application and advantages","og_description":"Satine microcement is a decorative coating made of cement, water-based resins, additives, and mineral pigments that can be applied to a multitude of vertical and horizontal surfaces thanks to its great adhesion.","og_url":"https:\/\/www.satine.com\/es\/microcemento\/que-es-el-microcemento\/","og_site_name":"Satine","article_modified_time":"2024-09-17T12:36:41+00:00","og_image":[{"url":"https:\/\/www.satine.com\/wp-content\/uploads\/2024\/09\/1c2d3913-e066-4cee-9c2c-622e375fa96c._CR194881229532952_SX1280_-1-1024x1024.jpg","type":"","width":"","height":""}],"twitter_card":"summary_large_image","twitter_misc":{"Tiempo de lectura":"4 minutos"},"schema":{"@context":"https:\/\/schema.org","@graph":[{"@type":"WebPage","@id":"https:\/\/www.satine.com\/microcement\/what-is-microcement\/","url":"https:\/\/www.satine.com\/microcement\/what-is-microcement\/","name":"\u00bfQu\u00e9 es el microcemento? Usos, tipos, aplicaci\u00f3n y ventajas","isPartOf":{"@id":"https:\/\/www.satine.com\/#website"},"primaryImageOfPage":{"@id":"https:\/\/www.satine.com\/microcement\/what-is-microcement\/#primaryimage"},"image":{"@id":"https:\/\/www.satine.com\/microcement\/what-is-microcement\/#primaryimage"},"thumbnailUrl":"https:\/\/www.satine.com\/wp-content\/uploads\/2024\/09\/1c2d3913-e066-4cee-9c2c-622e375fa96c._CR194881229532952_SX1280_-1-1024x1024.jpg","datePublished":"2024-09-09T09:56:42+00:00","dateModified":"2024-09-17T12:36:41+00:00","description":"El microcemento Satine es un revestimiento decorativo a base de cemento, resinas al agua, aditivos y pigmentos minerales que puede aplicarse a multitud de superficies verticales y horizontales gracias a su gran adherencia.","breadcrumb":{"@id":"https:\/\/www.satine.com\/microcement\/what-is-microcement\/#breadcrumb"},"inLanguage":"es","potentialAction":[{"@type":"ReadAction","target":["https:\/\/www.satine.com\/microcement\/what-is-microcement\/"]}]},{"@type":"ImageObject","inLanguage":"es","@id":"https:\/\/www.satine.com\/microcement\/what-is-microcement\/#primaryimage","url":"https:\/\/www.satine.com\/wp-content\/uploads\/2024\/09\/1c2d3913-e066-4cee-9c2c-622e375fa96c._CR194881229532952_SX1280_-1-1024x1024.jpg","contentUrl":"https:\/\/www.satine.com\/wp-content\/uploads\/2024\/09\/1c2d3913-e066-4cee-9c2c-622e375fa96c._CR194881229532952_SX1280_-1-1024x1024.jpg"},{"@type":"BreadcrumbList","@id":"https:\/\/www.satine.com\/microcement\/what-is-microcement\/#breadcrumb","itemListElement":[{"@type":"ListItem","position":1,"name":"Inicio","item":"https:\/\/www.satine.com\/"},{"@type":"ListItem","position":2,"name":"Microcement","item":"https:\/\/www.satine.com\/microcement\/"},{"@type":"ListItem","position":3,"name":"What is Microcement?"}]},{"@type":"WebSite","@id":"https:\/\/www.satine.com\/#website","url":"https:\/\/www.satine.com\/","name":"Satine - Microcemento","description":"","alternateName":"Satine - Microcement","potentialAction":[{"@type":"SearchAction","target":{"@type":"EntryPoint","urlTemplate":"https:\/\/www.satine.com\/?s={search_term_string}"},"query-input":{"@type":"PropertyValueSpecification","valueRequired":true,"valueName":"search_term_string"}}],"inLanguage":"es"}]}},"_links":{"self":[{"href":"https:\/\/www.satine.com\/es\/wp-json\/wp\/v2\/pages\/4647","targetHints":{"allow":["GET"]}}],"collection":[{"href":"https:\/\/www.satine.com\/es\/wp-json\/wp\/v2\/pages"}],"about":[{"href":"https:\/\/www.satine.com\/es\/wp-json\/wp\/v2\/types\/page"}],"author":[{"embeddable":true,"href":"https:\/\/www.satine.com\/es\/wp-json\/wp\/v2\/users\/1"}],"replies":[{"embeddable":true,"href":"https:\/\/www.satine.com\/es\/wp-json\/wp\/v2\/comments?post=4647"}],"version-history":[{"count":23,"href":"https:\/\/www.satine.com\/es\/wp-json\/wp\/v2\/pages\/4647\/revisions"}],"predecessor-version":[{"id":5092,"href":"https:\/\/www.satine.com\/es\/wp-json\/wp\/v2\/pages\/4647\/revisions\/5092"}],"up":[{"embeddable":true,"href":"https:\/\/www.satine.com\/es\/wp-json\/wp\/v2\/pages\/2814"}],"wp:attachment":[{"href":"https:\/\/www.satine.com\/es\/wp-json\/wp\/v2\/media?parent=4647"}],"curies":[{"name":"wp","href":"https:\/\/api.w.org\/{rel}","templated":true}]}}