{"id":4331,"date":"2024-07-18T06:03:11","date_gmt":"2024-07-18T11:03:11","guid":{"rendered":"https:\/\/www.satine.com\/?page_id=4331"},"modified":"2024-10-18T06:40:06","modified_gmt":"2024-10-18T10:40:06","slug":"faq","status":"publish","type":"page","link":"https:\/\/www.satine.com\/es\/faq\/","title":{"rendered":"FAQ"},"content":{"rendered":"<h2 class=\"wp-block-heading\">Todo lo que debe saber sobre el microcemento satinado: Usos, tipos, aplicaci\u00f3n y beneficios<\/h2>\n\n\n\n<div style=\"height:25px\" aria-hidden=\"true\" class=\"wp-block-spacer\"><\/div>\n\n\n\n<p><strong>Satine <a href=\"https:\/\/www.satine.com\/microcement\">Microcemento<\/a><\/strong> es un revestimiento decorativo vers\u00e1til compuesto por cemento, resinas al agua, aditivos y pigmentos minerales. Este material es famoso por su excelente adherencia, que permite aplicarlo sobre una gran variedad de superficies, tanto verticales como horizontales. Una de sus mayores ventajas es que puede colocarse directamente sobre materiales ya existentes, como azulejos, paneles de yeso, m\u00e1rmol, terrazo o escayola, facilitando renovaciones r\u00e1pidas sin necesidad de grandes obras, con un espesor m\u00ednimo de s\u00f3lo 3 mil\u00edmetros.<\/p>\n\n\n\n<div style=\"height:25px\" aria-hidden=\"true\" class=\"wp-block-spacer\"><\/div>\n\n\n\n<h2 class=\"wp-block-heading\">Ventajas del microcemento Satineo<\/h2>\n\n\n\n<ul class=\"wp-block-list\">\n<li><strong>M\u00faltiples acabados decorativos<\/strong>: El Microcemento Satine ofrece una amplia gama de colores y texturas (gruesas, medias o finas) que le permiten personalizar cualquier espacio seg\u00fan su estilo y preferencias. Tanto si desea un acabado liso y elegante como un aspecto texturizado y r\u00fastico, este producto puede conseguirlo.<\/li>\n\n\n\n<li><strong>Superficie sin juntas<\/strong>: Una de las caracter\u00edsticas m\u00e1s destacadas del microcemento es su capacidad para crear una superficie continua sin juntas ni grietas. Esto no solo mejora el aspecto est\u00e9tico del espacio, sino que tambi\u00e9n evita la acumulaci\u00f3n de suciedad y mugre en zonas dif\u00edciles de limpiar, lo que facilita el mantenimiento.<\/li>\n\n\n\n<li><strong>Aplicable en diversas superficies<\/strong>: El microcemento Satine puede aplicarse a una impresionante variedad de superficies, como suelos, paredes, techos, piscinas y muebles. Su versatilidad lo hace adecuado tanto para aplicaciones interiores como exteriores, proporcionando un aspecto coherente en toda su propiedad.<\/li>\n\n\n\n<li><strong>Alta adherencia<\/strong>: Este producto cuenta con propiedades de alta adherencia, por lo que es compatible con numerosos materiales como azulejos, m\u00e1rmol, cer\u00e1mica, terrazo, paneles de yeso, hormig\u00f3n y escayola. Esto permite una aplicaci\u00f3n sin juntas sobre superficies existentes sin necesidad de retirarlas.<\/li>\n\n\n\n<li><strong>Duradero<\/strong>: El microcemento Satine es altamente resistente al tr\u00e1nsito peatonal, los impactos, los ara\u00f1azos y los productos qu\u00edmicos. Esta durabilidad garantiza que las superficies permanezcan inmaculadas e intactas incluso en zonas muy transitadas o en espacios expuestos a condiciones duras.<\/li>\n\n\n\n<li><strong>Impermeable y antideslizante<\/strong>: Su naturaleza impermeable lo hace ideal para zonas h\u00famedas como ba\u00f1os y cocinas. Adem\u00e1s, cuando se aplican acabados espec\u00edficos, puede proporcionar propiedades antideslizantes, mejorando la seguridad en estos espacios.<\/li>\n\n\n\n<li><strong>Renovaciones r\u00e1pidas y limpias<\/strong>: La aplicaci\u00f3n de microcemento es un proceso sencillo que causa un trastorno m\u00ednimo. Facilita renovaciones r\u00e1pidas y limpias sin el desorden y los escombros t\u00edpicamente asociados a los m\u00e9todos de construcci\u00f3n tradicionales.<\/li>\n\n\n\n<li><strong>Espesor m\u00ednimo<\/strong>: Con s\u00f3lo 2-3 mm de espesor, el microcemento Satine no aumenta significativamente la carga estructural del edificio. Esto lo convierte en una excelente opci\u00f3n para rehabilitar estructuras existentes sin comprometer su integridad.<\/li>\n\n\n\n<li><strong>Ecol\u00f3gico<\/strong>: Compuesto de materiales naturales, el microcemento Satine es una opci\u00f3n respetuosa con el medio ambiente. No contiene productos qu\u00edmicos nocivos y favorece las pr\u00e1cticas de construcci\u00f3n sostenibles.<\/li>\n\n\n\n<li><strong>F\u00e1cil mantenimiento<\/strong>: El mantenimiento de una superficie de microcemento es sencillo. La limpieza regular con agua y un jab\u00f3n de pH neutro la mantiene como nueva. Adem\u00e1s, al no tener juntas, hay menos zonas en las que puedan crecer bacterias y moho.<\/li>\n\n\n\n<li><strong>Higi\u00e9nico<\/strong>: La superficie continua del microcemento ayuda a crear espacios libres de g\u00e9rmenes y bacterias, promoviendo un entorno vital m\u00e1s saludable.<\/li>\n<\/ul>\n\n\n\n<div style=\"height:120px\" aria-hidden=\"true\" class=\"wp-block-spacer\"><\/div>\n\n\n\n<figure class=\"wp-block-video\"><video height=\"1080\" style=\"aspect-ratio: 1920 \/ 1080;\" width=\"1920\" controls src=\"https:\/\/www.satine.com\/wp-content\/uploads\/2024\/10\/Diseno-sin-titulo-3.mp4\"><\/video><\/figure>\n\n\n\n<div style=\"height:30px\" aria-hidden=\"true\" class=\"wp-block-spacer\"><\/div>\n\n\n\n<h2 class=\"wp-block-heading\">Preguntas frecuentes sobre el microcemento<\/h2>\n\n\n\n<div class=\"wp-block-group is-vertical is-layout-flex wp-container-core-group-is-layout-8cf370e7 wp-block-group-is-layout-flex\">\n<details class=\"wp-block-details is-layout-flow wp-block-details-is-layout-flow\"><summary><strong>\u00bfPuede aplicarse microcemento a bajas temperaturas?<\/strong><br><\/summary>\n<p>La aplicaci\u00f3n de microcemento a bajas temperaturas puede ser un reto y no se recomienda por debajo de 10\u00b0C, ya que el secado y las propiedades del material pueden verse afectados.<\/p>\n<\/details>\n\n\n\n<details class=\"wp-block-details is-layout-flow wp-block-details-is-layout-flow\"><summary><strong>\u00bfCu\u00e1nto cuesta el microcemento por metro cuadrado?<\/strong><br><\/summary>\n<p>El coste del microcemento var\u00eda, pero suele oscilar entre 40 y 100 euros por metro cuadrado, incluidos materiales y mano de obra.<\/p>\n<\/details>\n\n\n\n<details class=\"wp-block-details is-layout-flow wp-block-details-is-layout-flow\"><summary><strong>\u00bfQu\u00e9 tiempo de secado debemos dejar entre la primera capa de sellador y la segunda?<\/strong><br><\/summary>\n<p>Por lo general, entre la primera y la segunda capa de sellador deben transcurrir entre 4 y 6 horas de secado, aunque esto puede variar en funci\u00f3n del tipo de sellador y de las condiciones ambientales.<\/p>\n<\/details>\n\n\n\n<details class=\"wp-block-details is-layout-flow wp-block-details-is-layout-flow\"><summary><strong>\u00bfEs obligatorio aplicar la malla para microcemento?<\/strong><br><\/summary>\n<p>No siempre es obligatorio, pero se recomienda, sobre todo en superficies que puedan presentar movimientos o grietas, para evitar que se agrieten.<\/p>\n<\/details>\n\n\n\n<details class=\"wp-block-details is-layout-flow wp-block-details-is-layout-flow\"><summary><strong>\u00bfC\u00f3mo puedo inscribirme en un curso de microcemento?<\/strong><br><\/summary>\n<p>P\u00f3ngase en contacto con nosotros a trav\u00e9s de nuestra p\u00e1gina de contacto o redes sociales para obtener m\u00e1s informaci\u00f3n sobre cursos de microcemento y otros materiales de aplicaci\u00f3n.<\/p>\n<\/details>\n\n\n\n<details class=\"wp-block-details is-layout-flow wp-block-details-is-layout-flow\"><summary><strong>\u00bfSe pueden combinar colores en la misma superficie?<\/strong><br><\/summary>\n<p>S\u00ed, los colores pueden combinarse en la misma superficie para crear dise\u00f1os personalizados y efectos decorativos.<\/p>\n<\/details>\n\n\n\n<details class=\"wp-block-details is-layout-flow wp-block-details-is-layout-flow\"><summary><strong>\u00bfPor qu\u00e9 puede haber diferencias de brillo entre la muestra y la obra acabada?<\/strong><br><\/summary>\n<p>Las diferencias de brillo pueden deberse a variaciones en la aplicaci\u00f3n, el tipo de sellador utilizado y las condiciones ambientales durante el secado.<\/p>\n<\/details>\n\n\n\n<details class=\"wp-block-details is-layout-flow wp-block-details-is-layout-flow\"><summary><strong>\u00bfPuede el microcemento perder color con el tiempo?<\/strong><br><\/summary>\n<p>El microcemento puede perder color si no se protege adecuadamente o si se expone a productos qu\u00edmicos agresivos. Un buen sellado y mantenimiento ayudan a conservar el color.<\/p>\n<\/details>\n\n\n\n<details class=\"wp-block-details is-layout-flow wp-block-details-is-layout-flow\"><summary><strong>\u00bfC\u00f3mo limpiar el microcemento?<\/strong><br><\/summary>\n<p>Se recomienda utilizar productos de limpieza neutros y no abrasivos. Evite productos con cloro o \u00e1cidos que puedan da\u00f1ar el sellador.<\/p>\n<\/details>\n\n\n\n<details class=\"wp-block-details is-layout-flow wp-block-details-is-layout-flow\"><summary><strong>\u00bfCu\u00e1nto dura una renovaci\u00f3n con microcemento?<\/strong><br><\/summary>\n<p>La aplicaci\u00f3n del microcemento suele durar entre 4 y 7 d\u00edas, dependiendo de las condiciones ambientales y de la complejidad de la obra.<\/p>\n<\/details>\n\n\n\n<details class=\"wp-block-details is-layout-flow wp-block-details-is-layout-flow\"><summary><strong>\u00bfQu\u00e9 diferencias hay entre el microcemento y el hormig\u00f3n pulido?<\/strong><br><\/summary>\n<p>El microcemento es una capa fina (2-3 mm) que se aplica sobre superficies existentes, mientras que el hormig\u00f3n pulido es una capa m\u00e1s gruesa (5-10 cm) que se utiliza para crear suelos nuevos. Adem\u00e1s, el microcemento ofrece una mayor personalizaci\u00f3n en cuanto a colores y texturas.<\/p>\n<\/details>\n\n\n\n<details class=\"wp-block-details is-layout-flow wp-block-details-is-layout-flow\"><summary><strong>\u00bfEs antideslizante el microcemento?<\/strong><br><\/summary>\n<p>El microcemento puede tratarse para que sea antideslizante aplicando aditivos espec\u00edficos en el sellador final.<\/p>\n<\/details>\n\n\n\n<details class=\"wp-block-details is-layout-flow wp-block-details-is-layout-flow\"><summary><strong>\u00bfEs impermeable el microcemento?<\/strong><br><\/summary>\n<p>Una vez sellado correctamente, el microcemento es impermeable, por lo que resulta adecuado para zonas h\u00famedas como ba\u00f1os y cocinas.<\/p>\n<\/details>\n\n\n\n<details class=\"wp-block-details is-layout-flow wp-block-details-is-layout-flow\"><summary><strong>\u00bfSe puede aplicar microcemento sobre calefacci\u00f3n por suelo radiante?<\/strong><br><\/summary>\n<p>S\u00ed, el microcemento es compatible con la calefacci\u00f3n por suelo radiante siempre que se sigan las recomendaciones del fabricante en cuanto a la aplicaci\u00f3n y el calentamiento gradual del sistema.<\/p>\n<\/details>\n\n\n\n<details class=\"wp-block-details is-layout-flow wp-block-details-is-layout-flow\"><summary><strong>\u00bfSobre qu\u00e9 superficies puede aplicarse el microcemento?<\/strong><br><\/summary>\n<p>El microcemento puede aplicarse sobre diversas superficies, como hormig\u00f3n, baldosas, cer\u00e1mica, yeso, madera, metal y otros materiales. La superficie debe estar limpia, seca y nivelada.<br><br><\/p>\n<\/details>\n\n\n\n<details class=\"wp-block-details is-layout-flow wp-block-details-is-layout-flow\"><summary><strong>\u00bfRequiere el microcemento cuidados especiales?<\/strong><br><\/summary>\n<p>S\u00ed, el microcemento requiere ciertos cuidados para mantener su aspecto y durabilidad. Evite los golpes fuertes, utilice protectores de muebles y l\u00edmpielo con productos no abrasivos para mantenerlo en buen estado.<\/p>\n<\/details>\n\n\n\n<details class=\"wp-block-details is-layout-flow wp-block-details-is-layout-flow\"><summary><strong>\u00bfCu\u00e1l es la resistencia y la dureza del microcemento?<\/strong><br><\/summary>\n<p><strong>Fuerza:<\/strong>&nbsp;El microcemento tiene una resistencia a la compresi\u00f3n de aproximadamente 25 a 40 MPa (megapascales) y una resistencia a la flexi\u00f3n de entre 7 y 10 MPa.<strong>Dureza:<\/strong>&nbsp;La dureza superficial del microcemento, medida en la escala de Mohs, suele oscilar entre 3 y 4.<\/p>\n<\/details>\n\n\n\n<details class=\"wp-block-details is-layout-flow wp-block-details-is-layout-flow\"><summary><strong>\u00bfEs necesario cepillar las puertas?<\/strong><br><\/summary>\n<p>No siempre, pero en algunas reformas puede ser necesario ajustar las puertas si el grosor del microcemento afecta a su funcionamiento.<\/p>\n<\/details>\n\n\n\n<details class=\"wp-block-details is-layout-flow wp-block-details-is-layout-flow\"><summary><strong>\u00bfSe puede aplicar microcemento cuando hace mucho calor?<\/strong><br><\/summary>\n<p>S\u00ed, pero deben tomarse precauciones adicionales, como evitar la exposici\u00f3n directa a la luz solar y mantener una hidrataci\u00f3n adecuada del material para evitar un secado demasiado r\u00e1pido.<\/p>\n<\/details>\n\n\n\n<details class=\"wp-block-details is-layout-flow wp-block-details-is-layout-flow\"><summary><strong>\u00bfCu\u00e1l es la diferencia entre el microcemento y el cemento tradicional?<br> <\/strong><\/summary>\n<p>El microcemento es un revestimiento decorativo fino y vers\u00e1til hecho de cemento fino, resinas a base de agua y pigmentos, adecuado para diversas superficies, incluidos suelos y paredes. El cemento tradicional es un material de construcci\u00f3n b\u00e1sico que se mezcla con arena y grava para formar hormig\u00f3n, utilizado en aplicaciones estructurales de mayor espesor.<\/p>\n<\/details>\n\n\n\n<div style=\"height:0px\" aria-hidden=\"true\" class=\"wp-block-spacer wp-container-content-c00f5982\"><\/div>\n<\/div>","protected":false},"excerpt":{"rendered":"<p>Everything You Need to Know About Satine Microcement: Uses, Types, Application, and Benefits Satine Microcement is a versatile decorative coating composed of cement, water-based resins, additives, and mineral pigments. This material is renowned for its excellent adhesion, allowing it to be applied to a wide variety of surfaces, both vertical and horizontal. One of its [&hellip;]<\/p>\n","protected":false},"author":1,"featured_media":0,"parent":0,"menu_order":0,"comment_status":"closed","ping_status":"closed","template":"","meta":{"footnotes":""},"class_list":["post-4331","page","type-page","status-publish","hentry"],"yoast_head":"<!-- This site is optimized with the Yoast SEO plugin v27.5 - https:\/\/yoast.com\/product\/yoast-seo-wordpress\/ -->\n<title>Frequently Asked Questions of Microcement (FAQ) - Satine<\/title>\n<meta name=\"description\" content=\"What is microcement? Satine Microcement is a decorative coating composed of cement, water-based resins, additives, and mineral pigments. It can be applied to various vertical and horizontal surfaces, providing a seamless, durable finish.\" \/>\n<meta name=\"robots\" content=\"index, follow, max-snippet:-1, max-image-preview:large, max-video-preview:-1\" \/>\n<link rel=\"canonical\" href=\"https:\/\/www.satine.com\/es\/faq\/\" \/>\n<meta property=\"og:locale\" content=\"es_ES\" \/>\n<meta property=\"og:type\" content=\"article\" \/>\n<meta property=\"og:title\" content=\"Frequently Asked Questions of Microcement (FAQ) - Satine\" \/>\n<meta property=\"og:description\" content=\"What is microcement? Satine Microcement is a decorative coating composed of cement, water-based resins, additives, and mineral pigments. It can be applied to various vertical and horizontal surfaces, providing a seamless, durable finish.\" \/>\n<meta property=\"og:url\" content=\"https:\/\/www.satine.com\/es\/faq\/\" \/>\n<meta property=\"og:site_name\" content=\"Satine\" \/>\n<meta property=\"article:modified_time\" content=\"2024-10-18T10:40:06+00:00\" \/>\n<meta name=\"twitter:card\" content=\"summary_large_image\" \/>\n<meta name=\"twitter:label1\" content=\"Tiempo de lectura\" \/>\n\t<meta name=\"twitter:data1\" content=\"5 minutos\" \/>\n<script type=\"application\/ld+json\" class=\"yoast-schema-graph\">{\"@context\":\"https:\\\/\\\/schema.org\",\"@graph\":[{\"@type\":\"WebPage\",\"@id\":\"https:\\\/\\\/www.satine.com\\\/faq\\\/\",\"url\":\"https:\\\/\\\/www.satine.com\\\/faq\\\/\",\"name\":\"Frequently Asked Questions of Microcement (FAQ) - Satine\",\"isPartOf\":{\"@id\":\"https:\\\/\\\/www.satine.com\\\/#website\"},\"datePublished\":\"2024-07-18T11:03:11+00:00\",\"dateModified\":\"2024-10-18T10:40:06+00:00\",\"description\":\"What is microcement? Satine Microcement is a decorative coating composed of cement, water-based resins, additives, and mineral pigments. It can be applied to various vertical and horizontal surfaces, providing a seamless, durable finish.\",\"breadcrumb\":{\"@id\":\"https:\\\/\\\/www.satine.com\\\/faq\\\/#breadcrumb\"},\"inLanguage\":\"es\",\"potentialAction\":[{\"@type\":\"ReadAction\",\"target\":[\"https:\\\/\\\/www.satine.com\\\/faq\\\/\"]}]},{\"@type\":\"BreadcrumbList\",\"@id\":\"https:\\\/\\\/www.satine.com\\\/faq\\\/#breadcrumb\",\"itemListElement\":[{\"@type\":\"ListItem\",\"position\":1,\"name\":\"Inicio\",\"item\":\"https:\\\/\\\/www.satine.com\\\/\"},{\"@type\":\"ListItem\",\"position\":2,\"name\":\"FAQ\"}]},{\"@type\":\"WebSite\",\"@id\":\"https:\\\/\\\/www.satine.com\\\/#website\",\"url\":\"https:\\\/\\\/www.satine.com\\\/\",\"name\":\"Satine - Microcement\",\"description\":\"\",\"alternateName\":\"Satine - Microcement\",\"potentialAction\":[{\"@type\":\"SearchAction\",\"target\":{\"@type\":\"EntryPoint\",\"urlTemplate\":\"https:\\\/\\\/www.satine.com\\\/?s={search_term_string}\"},\"query-input\":{\"@type\":\"PropertyValueSpecification\",\"valueRequired\":true,\"valueName\":\"search_term_string\"}}],\"inLanguage\":\"es\"}]}<\/script>\n<!-- \/ Yoast SEO plugin. -->","yoast_head_json":{"title":"Preguntas frecuentes sobre el microcemento (FAQ) - Satine","description":"\u00bfQu\u00e9 es el microcemento? El microcemento Satine es un revestimiento decorativo compuesto por cemento, resinas al agua, aditivos y pigmentos minerales. Puede aplicarse a diversas superficies verticales y horizontales, proporcionando un acabado sin juntas y duradero.","robots":{"index":"index","follow":"follow","max-snippet":"max-snippet:-1","max-image-preview":"max-image-preview:large","max-video-preview":"max-video-preview:-1"},"canonical":"https:\/\/www.satine.com\/es\/faq\/","og_locale":"es_ES","og_type":"article","og_title":"Frequently Asked Questions of Microcement (FAQ) - Satine","og_description":"What is microcement? Satine Microcement is a decorative coating composed of cement, water-based resins, additives, and mineral pigments. It can be applied to various vertical and horizontal surfaces, providing a seamless, durable finish.","og_url":"https:\/\/www.satine.com\/es\/faq\/","og_site_name":"Satine","article_modified_time":"2024-10-18T10:40:06+00:00","twitter_card":"summary_large_image","twitter_misc":{"Tiempo de lectura":"5 minutos"},"schema":{"@context":"https:\/\/schema.org","@graph":[{"@type":"WebPage","@id":"https:\/\/www.satine.com\/faq\/","url":"https:\/\/www.satine.com\/faq\/","name":"Preguntas frecuentes sobre el microcemento (FAQ) - Satine","isPartOf":{"@id":"https:\/\/www.satine.com\/#website"},"datePublished":"2024-07-18T11:03:11+00:00","dateModified":"2024-10-18T10:40:06+00:00","description":"\u00bfQu\u00e9 es el microcemento? El microcemento Satine es un revestimiento decorativo compuesto por cemento, resinas al agua, aditivos y pigmentos minerales. Puede aplicarse a diversas superficies verticales y horizontales, proporcionando un acabado sin juntas y duradero.","breadcrumb":{"@id":"https:\/\/www.satine.com\/faq\/#breadcrumb"},"inLanguage":"es","potentialAction":[{"@type":"ReadAction","target":["https:\/\/www.satine.com\/faq\/"]}]},{"@type":"BreadcrumbList","@id":"https:\/\/www.satine.com\/faq\/#breadcrumb","itemListElement":[{"@type":"ListItem","position":1,"name":"Inicio","item":"https:\/\/www.satine.com\/"},{"@type":"ListItem","position":2,"name":"FAQ"}]},{"@type":"WebSite","@id":"https:\/\/www.satine.com\/#website","url":"https:\/\/www.satine.com\/","name":"Satine - Microcemento","description":"","alternateName":"Satine - Microcement","potentialAction":[{"@type":"SearchAction","target":{"@type":"EntryPoint","urlTemplate":"https:\/\/www.satine.com\/?s={search_term_string}"},"query-input":{"@type":"PropertyValueSpecification","valueRequired":true,"valueName":"search_term_string"}}],"inLanguage":"es"}]}},"_links":{"self":[{"href":"https:\/\/www.satine.com\/es\/wp-json\/wp\/v2\/pages\/4331","targetHints":{"allow":["GET"]}}],"collection":[{"href":"https:\/\/www.satine.com\/es\/wp-json\/wp\/v2\/pages"}],"about":[{"href":"https:\/\/www.satine.com\/es\/wp-json\/wp\/v2\/types\/page"}],"author":[{"embeddable":true,"href":"https:\/\/www.satine.com\/es\/wp-json\/wp\/v2\/users\/1"}],"replies":[{"embeddable":true,"href":"https:\/\/www.satine.com\/es\/wp-json\/wp\/v2\/comments?post=4331"}],"version-history":[{"count":51,"href":"https:\/\/www.satine.com\/es\/wp-json\/wp\/v2\/pages\/4331\/revisions"}],"predecessor-version":[{"id":5578,"href":"https:\/\/www.satine.com\/es\/wp-json\/wp\/v2\/pages\/4331\/revisions\/5578"}],"wp:attachment":[{"href":"https:\/\/www.satine.com\/es\/wp-json\/wp\/v2\/media?parent=4331"}],"curies":[{"name":"wp","href":"https:\/\/api.w.org\/{rel}","templated":true}]}}