{"id":5813,"date":"2025-05-21T07:24:58","date_gmt":"2025-05-21T11:24:58","guid":{"rendered":"https:\/\/www.satine.com\/?page_id=5813"},"modified":"2025-05-21T07:24:59","modified_gmt":"2025-05-21T11:24:59","slug":"microcement-ulster","status":"publish","type":"page","link":"https:\/\/www.satine.com\/de\/microcement-ireland\/microcement-ulster\/","title":{"rendered":"Microcement Ulster"},"content":{"rendered":"<p>Wir haben \u00fcberall Projekte mit Mikrozement entwickelt <strong>Ulster: Letterkenny, Monaghan, Cavan, Ballybofey, Donegal Town<\/strong> und anderen Standorten. Wir sind auf die Renovierung von Wohnungen und Unternehmen spezialisiert, wobei unsere zertifizierten Verarbeiter ausschlie\u00dflich die von uns hergestellten Produkte verwenden. Die Qualit\u00e4t unserer Materialien, die Ausbildung unserer Verarbeiter und die Erfahrung unseres Verkaufsteams sind die Merkmale, die uns am besten auszeichnen. Wir sind eine etablierte Marke und f\u00fchrend in der Herstellung von Mikrozement in Europa. Wir bieten kontinuierliche und dauerhafte dekorative Verkleidungen sowie eine kostenlose technische Beratung vom Anfang bis zum Ende des Projekts. Wir haben ein offenes Ohr f\u00fcr unsere Kunden und begleiten sie \u00fcber den Bau hinaus, um ihre Bed\u00fcrfnisse zu erf\u00fcllen. Wir sind Experten f\u00fcr den Verkauf, die Schulung und die Anwendung von Mikrozement in <strong>Ulster<\/strong>. Unsere Systeme passen sich an die Bed\u00fcrfnisse jedes Projekts an und machen es einzigartig. Wir helfen Ihnen, Ihre Projekte schnell und effizient zu verwirklichen.<\/p>\n\n\n\n<h3 class=\"wp-block-heading\"><br><img decoding=\"async\" src=\"https:\/\/www.satine.com\/wp-content\/uploads\/2024\/07\/Microcemento-Satine-1024x1024.png\" alt=\"\"><br><br><strong>Was ist Mikrozement?<\/strong><\/h3>\n\n\n\n<p>Mikrozement ist eine einheitliche Beschichtung, die auf verschiedene Oberfl\u00e4chen und Umgebungen aufgetragen werden kann: W\u00e4nde, B\u00f6den, Decken, Treppen, B\u00e4der, Schwimmb\u00e4der, K\u00fcchen und andere. Sein Hauptmerkmal ist, dass er im Vergleich zu anderen Beschichtungen Zeit und Geld spart, was ihn sehr beliebt macht. Dieser Anstrich besteht aus Zement, Harzen, Pigmenten und Zusatzstoffen und bietet dank seiner handwerklichen Verarbeitung eine einzigartige Oberfl\u00e4che. Er verf\u00fcgt \u00fcber eine ausgezeichnete Haftung und kann auf verschiedenen Materialien wie Beton, Fliesen, Keramik, Gipskarton, Putz, Metallen, Marmor, Mosaik usw. verwendet werden. Diese d\u00fcnne, nur 2 bis 3 mm dicke Beschichtung hat in den letzten Jahren im Bereich der Dekoration an Bedeutung gewonnen, da immer mehr Architekten, Innenarchitekten und Dekorateure Mikrozement f\u00fcr alle Arten von Haus- und Gesch\u00e4ftsrenovierungen w\u00e4hlen. Das Fehlen von Dehnungsfugen f\u00fchrt zu einer glatten und gleichm\u00e4\u00dfigen Oberfl\u00e4che, die dem Raum, in den sie integriert wird, Gro\u00dfz\u00fcgigkeit, Helligkeit und Eleganz verleiht. Das Fehlen von Fugen erleichtert auch die Reinigung und Wartung, da sich kein Schmutz ansammeln kann.<\/p>\n\n\n\n<h3 class=\"wp-block-heading\"><br><strong>Contact Satine microcement in Ulster<\/strong><\/h3>\n\n\n\n<p>Wenn Sie weitere Informationen \u00fcber Satine Mikrozemente in <strong>Ulster<\/strong>Wenn Sie ein individuelles Angebot f\u00fcr ein Projekt oder Material anfordern oder Fragen zu uns haben, kontaktieren Sie uns.<\/p>","protected":false},"excerpt":{"rendered":"<p>We have been developing projects with microcement throughout Ulster: Letterkenny, Monaghan, Cavan, Ballybofey, Donegal Town among other locations. We specialize in the renovation of homes and businesses, where our certified applicators exclusively use the products we manufacture. The quality of our materials, the training of our applicators, and the experience of our sales team are [&hellip;]<\/p>\n","protected":false},"author":1,"featured_media":0,"parent":4488,"menu_order":0,"comment_status":"closed","ping_status":"closed","template":"","meta":{"footnotes":""},"class_list":["post-5813","page","type-page","status-publish","hentry"],"yoast_head":"<!-- This site is optimized with the Yoast SEO plugin v27.3 - https:\/\/yoast.com\/product\/yoast-seo-wordpress\/ -->\n<title>Microcement Ulster - Satine<\/title>\n<meta name=\"description\" content=\"We have been developing projects with microcement throughout Ulster: Letterkenny, Monaghan, Cavan, Ballybofey, Donegal Town among other locations. We specialize in the renovation of homes and businesses, where our certified applicators exclusively use the products we manufacture.\" \/>\n<meta name=\"robots\" content=\"index, follow, max-snippet:-1, max-image-preview:large, max-video-preview:-1\" \/>\n<link rel=\"canonical\" href=\"https:\/\/www.satine.com\/de\/mikrozement-irland\/microcement-ulster\/\" \/>\n<meta property=\"og:locale\" content=\"de_DE\" \/>\n<meta property=\"og:type\" content=\"article\" \/>\n<meta property=\"og:title\" content=\"Microcement Ulster - Satine\" \/>\n<meta property=\"og:description\" content=\"We have been developing projects with microcement throughout Ulster: Letterkenny, Monaghan, Cavan, Ballybofey, Donegal Town among other locations. We specialize in the renovation of homes and businesses, where our certified applicators exclusively use the products we manufacture.\" \/>\n<meta property=\"og:url\" content=\"https:\/\/www.satine.com\/de\/mikrozement-irland\/microcement-ulster\/\" \/>\n<meta property=\"og:site_name\" content=\"Satine\" \/>\n<meta property=\"article:modified_time\" content=\"2025-05-21T11:24:59+00:00\" \/>\n<meta property=\"og:image\" content=\"https:\/\/www.satine.com\/wp-content\/uploads\/2024\/07\/Microcemento-Satine-1024x1024.png\" \/>\n<meta name=\"twitter:card\" content=\"summary_large_image\" \/>\n<meta name=\"twitter:label1\" content=\"Gesch\u00e4tzte Lesezeit\" \/>\n\t<meta name=\"twitter:data1\" content=\"2\u00a0Minuten\" \/>\n<script type=\"application\/ld+json\" class=\"yoast-schema-graph\">{\"@context\":\"https:\\\/\\\/schema.org\",\"@graph\":[{\"@type\":\"WebPage\",\"@id\":\"https:\\\/\\\/www.satine.com\\\/microcement-ireland\\\/microcement-ulster\\\/\",\"url\":\"https:\\\/\\\/www.satine.com\\\/microcement-ireland\\\/microcement-ulster\\\/\",\"name\":\"Microcement Ulster - Satine\",\"isPartOf\":{\"@id\":\"https:\\\/\\\/www.satine.com\\\/#website\"},\"primaryImageOfPage\":{\"@id\":\"https:\\\/\\\/www.satine.com\\\/microcement-ireland\\\/microcement-ulster\\\/#primaryimage\"},\"image\":{\"@id\":\"https:\\\/\\\/www.satine.com\\\/microcement-ireland\\\/microcement-ulster\\\/#primaryimage\"},\"thumbnailUrl\":\"https:\\\/\\\/www.satine.com\\\/wp-content\\\/uploads\\\/2024\\\/07\\\/Microcemento-Satine-1024x1024.png\",\"datePublished\":\"2025-05-21T11:24:58+00:00\",\"dateModified\":\"2025-05-21T11:24:59+00:00\",\"description\":\"We have been developing projects with microcement throughout Ulster: Letterkenny, Monaghan, Cavan, Ballybofey, Donegal Town among other locations. We specialize in the renovation of homes and businesses, where our certified applicators exclusively use the products we manufacture.\",\"breadcrumb\":{\"@id\":\"https:\\\/\\\/www.satine.com\\\/microcement-ireland\\\/microcement-ulster\\\/#breadcrumb\"},\"inLanguage\":\"de\",\"potentialAction\":[{\"@type\":\"ReadAction\",\"target\":[\"https:\\\/\\\/www.satine.com\\\/microcement-ireland\\\/microcement-ulster\\\/\"]}]},{\"@type\":\"ImageObject\",\"inLanguage\":\"de\",\"@id\":\"https:\\\/\\\/www.satine.com\\\/microcement-ireland\\\/microcement-ulster\\\/#primaryimage\",\"url\":\"https:\\\/\\\/www.satine.com\\\/wp-content\\\/uploads\\\/2024\\\/07\\\/Microcemento-Satine-1024x1024.png\",\"contentUrl\":\"https:\\\/\\\/www.satine.com\\\/wp-content\\\/uploads\\\/2024\\\/07\\\/Microcemento-Satine-1024x1024.png\"},{\"@type\":\"BreadcrumbList\",\"@id\":\"https:\\\/\\\/www.satine.com\\\/microcement-ireland\\\/microcement-ulster\\\/#breadcrumb\",\"itemListElement\":[{\"@type\":\"ListItem\",\"position\":1,\"name\":\"Inicio\",\"item\":\"https:\\\/\\\/www.satine.com\\\/\"},{\"@type\":\"ListItem\",\"position\":2,\"name\":\"Microcement Ireland\",\"item\":\"https:\\\/\\\/www.satine.com\\\/microcement-ireland\\\/\"},{\"@type\":\"ListItem\",\"position\":3,\"name\":\"Microcement Ulster\"}]},{\"@type\":\"WebSite\",\"@id\":\"https:\\\/\\\/www.satine.com\\\/#website\",\"url\":\"https:\\\/\\\/www.satine.com\\\/\",\"name\":\"Satine - Microcement\",\"description\":\"\",\"alternateName\":\"Satine - Microcement\",\"potentialAction\":[{\"@type\":\"SearchAction\",\"target\":{\"@type\":\"EntryPoint\",\"urlTemplate\":\"https:\\\/\\\/www.satine.com\\\/?s={search_term_string}\"},\"query-input\":{\"@type\":\"PropertyValueSpecification\",\"valueRequired\":true,\"valueName\":\"search_term_string\"}}],\"inLanguage\":\"de\"}]}<\/script>\n<!-- \/ Yoast SEO plugin. -->","yoast_head_json":{"title":"Microcement Ulster - Satine","description":"We have been developing projects with microcement throughout Ulster: Letterkenny, Monaghan, Cavan, Ballybofey, Donegal Town among other locations. We specialize in the renovation of homes and businesses, where our certified applicators exclusively use the products we manufacture.","robots":{"index":"index","follow":"follow","max-snippet":"max-snippet:-1","max-image-preview":"max-image-preview:large","max-video-preview":"max-video-preview:-1"},"canonical":"https:\/\/www.satine.com\/de\/mikrozement-irland\/microcement-ulster\/","og_locale":"de_DE","og_type":"article","og_title":"Microcement Ulster - Satine","og_description":"We have been developing projects with microcement throughout Ulster: Letterkenny, Monaghan, Cavan, Ballybofey, Donegal Town among other locations. We specialize in the renovation of homes and businesses, where our certified applicators exclusively use the products we manufacture.","og_url":"https:\/\/www.satine.com\/de\/mikrozement-irland\/microcement-ulster\/","og_site_name":"Satine","article_modified_time":"2025-05-21T11:24:59+00:00","og_image":[{"url":"https:\/\/www.satine.com\/wp-content\/uploads\/2024\/07\/Microcemento-Satine-1024x1024.png","type":"","width":"","height":""}],"twitter_card":"summary_large_image","twitter_misc":{"Gesch\u00e4tzte Lesezeit":"2\u00a0Minuten"},"schema":{"@context":"https:\/\/schema.org","@graph":[{"@type":"WebPage","@id":"https:\/\/www.satine.com\/microcement-ireland\/microcement-ulster\/","url":"https:\/\/www.satine.com\/microcement-ireland\/microcement-ulster\/","name":"Microcement Ulster - Satine","isPartOf":{"@id":"https:\/\/www.satine.com\/#website"},"primaryImageOfPage":{"@id":"https:\/\/www.satine.com\/microcement-ireland\/microcement-ulster\/#primaryimage"},"image":{"@id":"https:\/\/www.satine.com\/microcement-ireland\/microcement-ulster\/#primaryimage"},"thumbnailUrl":"https:\/\/www.satine.com\/wp-content\/uploads\/2024\/07\/Microcemento-Satine-1024x1024.png","datePublished":"2025-05-21T11:24:58+00:00","dateModified":"2025-05-21T11:24:59+00:00","description":"We have been developing projects with microcement throughout Ulster: Letterkenny, Monaghan, Cavan, Ballybofey, Donegal Town among other locations. We specialize in the renovation of homes and businesses, where our certified applicators exclusively use the products we manufacture.","breadcrumb":{"@id":"https:\/\/www.satine.com\/microcement-ireland\/microcement-ulster\/#breadcrumb"},"inLanguage":"de","potentialAction":[{"@type":"ReadAction","target":["https:\/\/www.satine.com\/microcement-ireland\/microcement-ulster\/"]}]},{"@type":"ImageObject","inLanguage":"de","@id":"https:\/\/www.satine.com\/microcement-ireland\/microcement-ulster\/#primaryimage","url":"https:\/\/www.satine.com\/wp-content\/uploads\/2024\/07\/Microcemento-Satine-1024x1024.png","contentUrl":"https:\/\/www.satine.com\/wp-content\/uploads\/2024\/07\/Microcemento-Satine-1024x1024.png"},{"@type":"BreadcrumbList","@id":"https:\/\/www.satine.com\/microcement-ireland\/microcement-ulster\/#breadcrumb","itemListElement":[{"@type":"ListItem","position":1,"name":"Inicio","item":"https:\/\/www.satine.com\/"},{"@type":"ListItem","position":2,"name":"Microcement Ireland","item":"https:\/\/www.satine.com\/microcement-ireland\/"},{"@type":"ListItem","position":3,"name":"Microcement Ulster"}]},{"@type":"WebSite","@id":"https:\/\/www.satine.com\/#website","url":"https:\/\/www.satine.com\/","name":"Satine - Mikrozement","description":"","alternateName":"Satine - Microcement","potentialAction":[{"@type":"SearchAction","target":{"@type":"EntryPoint","urlTemplate":"https:\/\/www.satine.com\/?s={search_term_string}"},"query-input":{"@type":"PropertyValueSpecification","valueRequired":true,"valueName":"search_term_string"}}],"inLanguage":"de"}]}},"_links":{"self":[{"href":"https:\/\/www.satine.com\/de\/wp-json\/wp\/v2\/pages\/5813","targetHints":{"allow":["GET"]}}],"collection":[{"href":"https:\/\/www.satine.com\/de\/wp-json\/wp\/v2\/pages"}],"about":[{"href":"https:\/\/www.satine.com\/de\/wp-json\/wp\/v2\/types\/page"}],"author":[{"embeddable":true,"href":"https:\/\/www.satine.com\/de\/wp-json\/wp\/v2\/users\/1"}],"replies":[{"embeddable":true,"href":"https:\/\/www.satine.com\/de\/wp-json\/wp\/v2\/comments?post=5813"}],"version-history":[{"count":1,"href":"https:\/\/www.satine.com\/de\/wp-json\/wp\/v2\/pages\/5813\/revisions"}],"predecessor-version":[{"id":5814,"href":"https:\/\/www.satine.com\/de\/wp-json\/wp\/v2\/pages\/5813\/revisions\/5814"}],"up":[{"embeddable":true,"href":"https:\/\/www.satine.com\/de\/wp-json\/wp\/v2\/pages\/4488"}],"wp:attachment":[{"href":"https:\/\/www.satine.com\/de\/wp-json\/wp\/v2\/media?parent=5813"}],"curies":[{"name":"wp","href":"https:\/\/api.w.org\/{rel}","templated":true}]}}