{"id":5612,"date":"2025-01-28T10:13:39","date_gmt":"2025-01-28T15:13:39","guid":{"rendered":"https:\/\/www.satine.com\/?page_id=5612"},"modified":"2025-12-05T05:28:43","modified_gmt":"2025-12-05T10:28:43","slug":"microcement-satakunta","status":"publish","type":"page","link":"https:\/\/www.satine.com\/de\/microcement-finland\/microcement-satakunta\/","title":{"rendered":"Microcement Satakunta"},"content":{"rendered":"<p id=\"block-b332c7e3-8b35-43ad-9211-21c09796d9bc\">Wir haben \u00fcberall Projekte mit Mikrozement entwickelt <strong>Satakunta: Pori, Rauma, Ulvila, Harjavalta, Huittinen<\/strong> und anderen Standorten. Wir sind auf die Renovierung von Wohnungen und Unternehmen spezialisiert, wobei unsere zertifizierten Verarbeiter ausschlie\u00dflich die von uns hergestellten Produkte verwenden. Die Qualit\u00e4t unserer Materialien, die Ausbildung unserer Verarbeiter und die Erfahrung unseres Verkaufsteams sind die Merkmale, die uns am besten auszeichnen. Wir sind eine etablierte Marke und f\u00fchrend in der Herstellung von Mikrozement in Europa. Wir bieten kontinuierliche und dauerhafte dekorative Verkleidungen sowie eine kostenlose technische Beratung vom Anfang bis zum Ende des Projekts. Wir haben ein offenes Ohr f\u00fcr unsere Kunden und begleiten sie \u00fcber den Bau hinaus, um ihre Bed\u00fcrfnisse zu erf\u00fcllen. Wir sind Experten f\u00fcr den Verkauf, die Schulung und die Anwendung von Mikrozement in <strong><strong><strong>Satakunta<\/strong><\/strong><\/strong>.Our systems adapt to the needs of each project to make it unique. We help make your projects a reality quickly and efficiently.<\/p>\n\n\n\n<h3 class=\"wp-block-heading\" id=\"block-b3501061-0e4c-4082-b21c-1b9e7b289a6d\"><br><img decoding=\"async\" src=\"https:\/\/www.satine.com\/wp-content\/uploads\/2024\/07\/Microcemento-Satine-1024x1024.png\" alt=\"\"><br><br><strong>Was ist Mikrozement?<\/strong><\/h3>\n\n\n\n<p id=\"block-ec80c661-8f6c-4a8c-92a2-ba3bd0262b65\">Microcement is a <strong>uniform coating<\/strong> that can be applied to various surfaces and environments: walls, floors, ceilings, stairs, bathrooms, swimming pools, kitchens, among others. Its main feature is that it saves time and money compared to other coatings, making it very popular. This finish is composed of cement, resins, pigments, and additives, providing a unique finish thanks to its artisanal application. It has excellent adhesion and can be used on various materials such as concrete, tiles, ceramics, plasterboard, plaster, metals, marble, and mosaic, among others. This thin coating, only 2 to 3 mm thick, has gained relevance in the field of decoration in recent years, as more and more architects, interior designers, and decorators choose microcement for all types of home and business renovations. The absence of expansion joints results in a smooth and uniform surface, providing spaciousness, brightness, and elegance to the space where it is integrated. The absence of joints also makes cleaning and maintenance easier, as it prevents the accumulation of dirt.<\/p>\n\n\n\n<div style=\"height:20px\" aria-hidden=\"true\" class=\"wp-block-spacer\"><\/div>\n\n\n\n<figure class=\"wp-block-image size-full\"><img loading=\"lazy\" decoding=\"async\" width=\"960\" height=\"645\" src=\"https:\/\/www.satine.com\/wp-content\/uploads\/2024\/07\/pavimento-continuo-microcemento-satine-01.jpg\" alt=\"\" class=\"wp-image-9215\" srcset=\"https:\/\/www.satine.com\/wp-content\/uploads\/2024\/07\/pavimento-continuo-microcemento-satine-01.jpg 960w, https:\/\/www.satine.com\/wp-content\/uploads\/2024\/07\/pavimento-continuo-microcemento-satine-01-300x202.jpg 300w, https:\/\/www.satine.com\/wp-content\/uploads\/2024\/07\/pavimento-continuo-microcemento-satine-01-768x516.jpg 768w, https:\/\/www.satine.com\/wp-content\/uploads\/2024\/07\/pavimento-continuo-microcemento-satine-01-18x12.jpg 18w\" sizes=\"auto, (max-width: 960px) 100vw, 960px\" \/><\/figure>\n\n\n\n<div style=\"height:20px\" aria-hidden=\"true\" class=\"wp-block-spacer\"><\/div>\n\n\n\n<h3 class=\"wp-block-heading\" id=\"block-e870facf-181c-4cd3-b36a-36f52ab168b2\"><strong>Kontakt zu Satine Mikrozement in <strong><strong>Satakunta<\/strong><\/strong><\/strong><\/h3>\n\n\n\n<p id=\"block-b8d31076-8b35-4ffc-a357-4f8df22ed995\">Wenn Sie weitere Informationen \u00fcber Satine Mikrozemente in <strong>Satakunta<\/strong>Wenn Sie ein individuelles Angebot f\u00fcr ein Projekt oder Material anfordern oder Fragen zu uns haben, kontaktieren Sie uns.<\/p>","protected":false},"excerpt":{"rendered":"<p>We have been developing projects with microcement throughout Satakunta: Pori, Rauma, Ulvila, Harjavalta, Huittinen among other locations. We specialize in the renovation of homes and businesses, where our certified applicators exclusively use the products we manufacture. The quality of our materials, the training of our applicators, and the experience of our sales team are the [&hellip;]<\/p>\n","protected":false},"author":1,"featured_media":0,"parent":4458,"menu_order":0,"comment_status":"closed","ping_status":"closed","template":"","meta":{"footnotes":""},"class_list":["post-5612","page","type-page","status-publish","hentry"],"yoast_head":"<!-- This site is optimized with the Yoast SEO plugin v27.5 - https:\/\/yoast.com\/product\/yoast-seo-wordpress\/ -->\n<title>Microcement Satakunta - Satine | Specialists in High-Quality Finishes<\/title>\n<meta name=\"description\" content=\"We have been developing projects with microcement throughout Satakunta: Pori, Rauma, Ulvila, Harjavalta, Huittinen among other locations. We specialize in the renovation of homes and businesses, where our certified applicators exclusively use the products we manufacture.\" \/>\n<meta name=\"robots\" content=\"index, follow, max-snippet:-1, max-image-preview:large, max-video-preview:-1\" \/>\n<link rel=\"canonical\" href=\"https:\/\/www.satine.com\/de\/mikrozement-finnland\/microcement-satakunta\/\" \/>\n<meta property=\"og:locale\" content=\"de_DE\" \/>\n<meta property=\"og:type\" content=\"article\" \/>\n<meta property=\"og:title\" content=\"Microcement Satakunta - Satine | Specialists in High-Quality Finishes\" \/>\n<meta property=\"og:description\" content=\"We have been developing projects with microcement throughout Satakunta: Pori, Rauma, Ulvila, Harjavalta, Huittinen among other locations. We specialize in the renovation of homes and businesses, where our certified applicators exclusively use the products we manufacture.\" \/>\n<meta property=\"og:url\" content=\"https:\/\/www.satine.com\/de\/mikrozement-finnland\/microcement-satakunta\/\" \/>\n<meta property=\"og:site_name\" content=\"Satine\" \/>\n<meta property=\"article:modified_time\" content=\"2025-12-05T10:28:43+00:00\" \/>\n<meta property=\"og:image\" content=\"https:\/\/www.satine.com\/wp-content\/uploads\/2024\/07\/Microcemento-Satine-1024x1024.png\" \/>\n<meta name=\"twitter:card\" content=\"summary_large_image\" \/>\n<meta name=\"twitter:label1\" content=\"Gesch\u00e4tzte Lesezeit\" \/>\n\t<meta name=\"twitter:data1\" content=\"2\u00a0Minuten\" \/>\n<script type=\"application\/ld+json\" class=\"yoast-schema-graph\">{\"@context\":\"https:\\\/\\\/schema.org\",\"@graph\":[{\"@type\":\"WebPage\",\"@id\":\"https:\\\/\\\/www.satine.com\\\/microcement-finland\\\/microcement-satakunta\\\/\",\"url\":\"https:\\\/\\\/www.satine.com\\\/microcement-finland\\\/microcement-satakunta\\\/\",\"name\":\"Microcement Satakunta - Satine | Specialists in High-Quality Finishes\",\"isPartOf\":{\"@id\":\"https:\\\/\\\/www.satine.com\\\/#website\"},\"primaryImageOfPage\":{\"@id\":\"https:\\\/\\\/www.satine.com\\\/microcement-finland\\\/microcement-satakunta\\\/#primaryimage\"},\"image\":{\"@id\":\"https:\\\/\\\/www.satine.com\\\/microcement-finland\\\/microcement-satakunta\\\/#primaryimage\"},\"thumbnailUrl\":\"https:\\\/\\\/www.satine.com\\\/wp-content\\\/uploads\\\/2024\\\/07\\\/Microcemento-Satine-1024x1024.png\",\"datePublished\":\"2025-01-28T15:13:39+00:00\",\"dateModified\":\"2025-12-05T10:28:43+00:00\",\"description\":\"We have been developing projects with microcement throughout Satakunta: Pori, Rauma, Ulvila, Harjavalta, Huittinen among other locations. We specialize in the renovation of homes and businesses, where our certified applicators exclusively use the products we manufacture.\",\"breadcrumb\":{\"@id\":\"https:\\\/\\\/www.satine.com\\\/microcement-finland\\\/microcement-satakunta\\\/#breadcrumb\"},\"inLanguage\":\"de\",\"potentialAction\":[{\"@type\":\"ReadAction\",\"target\":[\"https:\\\/\\\/www.satine.com\\\/microcement-finland\\\/microcement-satakunta\\\/\"]}]},{\"@type\":\"ImageObject\",\"inLanguage\":\"de\",\"@id\":\"https:\\\/\\\/www.satine.com\\\/microcement-finland\\\/microcement-satakunta\\\/#primaryimage\",\"url\":\"https:\\\/\\\/www.satine.com\\\/wp-content\\\/uploads\\\/2024\\\/07\\\/Microcemento-Satine-1024x1024.png\",\"contentUrl\":\"https:\\\/\\\/www.satine.com\\\/wp-content\\\/uploads\\\/2024\\\/07\\\/Microcemento-Satine-1024x1024.png\"},{\"@type\":\"BreadcrumbList\",\"@id\":\"https:\\\/\\\/www.satine.com\\\/microcement-finland\\\/microcement-satakunta\\\/#breadcrumb\",\"itemListElement\":[{\"@type\":\"ListItem\",\"position\":1,\"name\":\"Inicio\",\"item\":\"https:\\\/\\\/www.satine.com\\\/\"},{\"@type\":\"ListItem\",\"position\":2,\"name\":\"Microcement Finland\",\"item\":\"https:\\\/\\\/www.satine.com\\\/microcement-finland\\\/\"},{\"@type\":\"ListItem\",\"position\":3,\"name\":\"Microcement Satakunta\"}]},{\"@type\":\"WebSite\",\"@id\":\"https:\\\/\\\/www.satine.com\\\/#website\",\"url\":\"https:\\\/\\\/www.satine.com\\\/\",\"name\":\"Satine - Microcement\",\"description\":\"\",\"alternateName\":\"Satine - Microcement\",\"potentialAction\":[{\"@type\":\"SearchAction\",\"target\":{\"@type\":\"EntryPoint\",\"urlTemplate\":\"https:\\\/\\\/www.satine.com\\\/?s={search_term_string}\"},\"query-input\":{\"@type\":\"PropertyValueSpecification\",\"valueRequired\":true,\"valueName\":\"search_term_string\"}}],\"inLanguage\":\"de\"}]}<\/script>\n<!-- \/ Yoast SEO plugin. -->","yoast_head_json":{"title":"Microcement Satakunta - Satine | Specialists in High-Quality Finishes","description":"We have been developing projects with microcement throughout Satakunta: Pori, Rauma, Ulvila, Harjavalta, Huittinen among other locations. We specialize in the renovation of homes and businesses, where our certified applicators exclusively use the products we manufacture.","robots":{"index":"index","follow":"follow","max-snippet":"max-snippet:-1","max-image-preview":"max-image-preview:large","max-video-preview":"max-video-preview:-1"},"canonical":"https:\/\/www.satine.com\/de\/mikrozement-finnland\/microcement-satakunta\/","og_locale":"de_DE","og_type":"article","og_title":"Microcement Satakunta - Satine | Specialists in High-Quality Finishes","og_description":"We have been developing projects with microcement throughout Satakunta: Pori, Rauma, Ulvila, Harjavalta, Huittinen among other locations. We specialize in the renovation of homes and businesses, where our certified applicators exclusively use the products we manufacture.","og_url":"https:\/\/www.satine.com\/de\/mikrozement-finnland\/microcement-satakunta\/","og_site_name":"Satine","article_modified_time":"2025-12-05T10:28:43+00:00","og_image":[{"url":"https:\/\/www.satine.com\/wp-content\/uploads\/2024\/07\/Microcemento-Satine-1024x1024.png","type":"","width":"","height":""}],"twitter_card":"summary_large_image","twitter_misc":{"Gesch\u00e4tzte Lesezeit":"2\u00a0Minuten"},"schema":{"@context":"https:\/\/schema.org","@graph":[{"@type":"WebPage","@id":"https:\/\/www.satine.com\/microcement-finland\/microcement-satakunta\/","url":"https:\/\/www.satine.com\/microcement-finland\/microcement-satakunta\/","name":"Microcement Satakunta - Satine | Specialists in High-Quality Finishes","isPartOf":{"@id":"https:\/\/www.satine.com\/#website"},"primaryImageOfPage":{"@id":"https:\/\/www.satine.com\/microcement-finland\/microcement-satakunta\/#primaryimage"},"image":{"@id":"https:\/\/www.satine.com\/microcement-finland\/microcement-satakunta\/#primaryimage"},"thumbnailUrl":"https:\/\/www.satine.com\/wp-content\/uploads\/2024\/07\/Microcemento-Satine-1024x1024.png","datePublished":"2025-01-28T15:13:39+00:00","dateModified":"2025-12-05T10:28:43+00:00","description":"We have been developing projects with microcement throughout Satakunta: Pori, Rauma, Ulvila, Harjavalta, Huittinen among other locations. We specialize in the renovation of homes and businesses, where our certified applicators exclusively use the products we manufacture.","breadcrumb":{"@id":"https:\/\/www.satine.com\/microcement-finland\/microcement-satakunta\/#breadcrumb"},"inLanguage":"de","potentialAction":[{"@type":"ReadAction","target":["https:\/\/www.satine.com\/microcement-finland\/microcement-satakunta\/"]}]},{"@type":"ImageObject","inLanguage":"de","@id":"https:\/\/www.satine.com\/microcement-finland\/microcement-satakunta\/#primaryimage","url":"https:\/\/www.satine.com\/wp-content\/uploads\/2024\/07\/Microcemento-Satine-1024x1024.png","contentUrl":"https:\/\/www.satine.com\/wp-content\/uploads\/2024\/07\/Microcemento-Satine-1024x1024.png"},{"@type":"BreadcrumbList","@id":"https:\/\/www.satine.com\/microcement-finland\/microcement-satakunta\/#breadcrumb","itemListElement":[{"@type":"ListItem","position":1,"name":"Inicio","item":"https:\/\/www.satine.com\/"},{"@type":"ListItem","position":2,"name":"Microcement Finland","item":"https:\/\/www.satine.com\/microcement-finland\/"},{"@type":"ListItem","position":3,"name":"Microcement Satakunta"}]},{"@type":"WebSite","@id":"https:\/\/www.satine.com\/#website","url":"https:\/\/www.satine.com\/","name":"Satine - Mikrozement","description":"","alternateName":"Satine - Microcement","potentialAction":[{"@type":"SearchAction","target":{"@type":"EntryPoint","urlTemplate":"https:\/\/www.satine.com\/?s={search_term_string}"},"query-input":{"@type":"PropertyValueSpecification","valueRequired":true,"valueName":"search_term_string"}}],"inLanguage":"de"}]}},"_links":{"self":[{"href":"https:\/\/www.satine.com\/de\/wp-json\/wp\/v2\/pages\/5612","targetHints":{"allow":["GET"]}}],"collection":[{"href":"https:\/\/www.satine.com\/de\/wp-json\/wp\/v2\/pages"}],"about":[{"href":"https:\/\/www.satine.com\/de\/wp-json\/wp\/v2\/types\/page"}],"author":[{"embeddable":true,"href":"https:\/\/www.satine.com\/de\/wp-json\/wp\/v2\/users\/1"}],"replies":[{"embeddable":true,"href":"https:\/\/www.satine.com\/de\/wp-json\/wp\/v2\/comments?post=5612"}],"version-history":[{"count":2,"href":"https:\/\/www.satine.com\/de\/wp-json\/wp\/v2\/pages\/5612\/revisions"}],"predecessor-version":[{"id":10792,"href":"https:\/\/www.satine.com\/de\/wp-json\/wp\/v2\/pages\/5612\/revisions\/10792"}],"up":[{"embeddable":true,"href":"https:\/\/www.satine.com\/de\/wp-json\/wp\/v2\/pages\/4458"}],"wp:attachment":[{"href":"https:\/\/www.satine.com\/de\/wp-json\/wp\/v2\/media?parent=5612"}],"curies":[{"name":"wp","href":"https:\/\/api.w.org\/{rel}","templated":true}]}}