{"id":5602,"date":"2025-01-28T08:24:34","date_gmt":"2025-01-28T13:24:34","guid":{"rendered":"https:\/\/www.satine.com\/?page_id=5602"},"modified":"2025-12-09T04:15:17","modified_gmt":"2025-12-09T09:15:17","slug":"microcement-troms-og-finnmark","status":"publish","type":"page","link":"https:\/\/www.satine.com\/de\/microcement-norway\/microcement-troms-og-finnmark\/","title":{"rendered":"Microcement Troms\u00f8"},"content":{"rendered":"<p id=\"block-49c68df4-4e38-48ab-9074-5a2eccf38c4a\">Wir haben \u00fcberall Projekte mit Mikrozement entwickelt <strong>Troms og Finnmark: Troms\u00f8, Harstad, Alta, Hammerfest, Vads\u00f8<\/strong> und anderen Standorten. Wir sind auf die Renovierung von Wohnungen und Unternehmen spezialisiert, wobei unsere zertifizierten Verarbeiter ausschlie\u00dflich die von uns hergestellten Produkte verwenden. Die Qualit\u00e4t unserer Materialien, die Ausbildung unserer Verarbeiter und die Erfahrung unseres Verkaufsteams sind die Merkmale, die uns am besten auszeichnen. Wir sind eine etablierte Marke und f\u00fchrend in der Herstellung von Mikrozement in Europa. Wir bieten kontinuierliche und dauerhafte dekorative Verkleidungen sowie eine kostenlose technische Beratung vom Anfang bis zum Ende des Projekts. Wir haben ein offenes Ohr f\u00fcr unsere Kunden und begleiten sie \u00fcber den Bau hinaus, um ihre Bed\u00fcrfnisse zu erf\u00fcllen. Wir sind Experten f\u00fcr den Verkauf, die Schulung und die Anwendung von Mikrozement in <strong><strong><strong>Troms og Finnmark<\/strong><\/strong><\/strong>.Our systems adapt to the needs of each project to make it unique. We help make your projects a reality quickly and efficiently.<\/p>\n\n\n\n<h3 class=\"wp-block-heading\" id=\"block-9a70d34b-f80c-422a-9f8d-28477c0b196e\"><br><img decoding=\"async\" src=\"https:\/\/www.satine.com\/wp-content\/uploads\/2024\/07\/Microcemento-Satine-1024x1024.png\" alt=\"\"><br><br><strong>Was ist Mikrozement?<\/strong><\/h3>\n\n\n\n<p id=\"block-577cb549-7447-4fc4-9d4f-a200f609a0b9\">Mikrozement ist eine einheitliche Beschichtung, die auf verschiedene Oberfl\u00e4chen und Umgebungen aufgetragen werden kann: W\u00e4nde, B\u00f6den, Decken, Treppen, B\u00e4der, Schwimmb\u00e4der, K\u00fcchen und andere. Sein Hauptmerkmal ist, dass er im Vergleich zu anderen Beschichtungen Zeit und Geld spart, was ihn sehr beliebt macht. Dieser Anstrich besteht aus Zement, Harzen, Pigmenten und Zusatzstoffen und bietet dank seiner handwerklichen Verarbeitung eine einzigartige Oberfl\u00e4che. Er verf\u00fcgt \u00fcber eine ausgezeichnete Haftung und kann auf verschiedenen Materialien wie Beton, Fliesen, Keramik, Gipskarton, Putz, Metallen, Marmor, Mosaik usw. verwendet werden. Diese d\u00fcnne, nur 2 bis 3 mm dicke Beschichtung hat in den letzten Jahren im Bereich der Dekoration an Bedeutung gewonnen, da immer mehr Architekten, Innenarchitekten und Dekorateure Mikrozement f\u00fcr alle Arten von Haus- und Gesch\u00e4ftsrenovierungen w\u00e4hlen. Das Fehlen von Dehnungsfugen f\u00fchrt zu einer glatten und gleichm\u00e4\u00dfigen Oberfl\u00e4che, die dem Raum, in den sie integriert wird, Gro\u00dfz\u00fcgigkeit, Helligkeit und Eleganz verleiht. Das Fehlen von Fugen erleichtert auch die Reinigung und Wartung, da sich kein Schmutz ansammeln kann.<\/p>\n\n\n\n<div style=\"height:20px\" aria-hidden=\"true\" class=\"wp-block-spacer\"><\/div>\n\n\n\n<figure class=\"wp-block-image size-full\"><img loading=\"lazy\" decoding=\"async\" width=\"960\" height=\"645\" src=\"https:\/\/www.satine.com\/wp-content\/uploads\/2024\/07\/pavimento-continuo-microcemento-satine-01.jpg\" alt=\"\" class=\"wp-image-9215\" srcset=\"https:\/\/www.satine.com\/wp-content\/uploads\/2024\/07\/pavimento-continuo-microcemento-satine-01.jpg 960w, https:\/\/www.satine.com\/wp-content\/uploads\/2024\/07\/pavimento-continuo-microcemento-satine-01-300x202.jpg 300w, https:\/\/www.satine.com\/wp-content\/uploads\/2024\/07\/pavimento-continuo-microcemento-satine-01-768x516.jpg 768w, https:\/\/www.satine.com\/wp-content\/uploads\/2024\/07\/pavimento-continuo-microcemento-satine-01-18x12.jpg 18w\" sizes=\"auto, (max-width: 960px) 100vw, 960px\" \/><\/figure>\n\n\n\n<div style=\"height:20px\" aria-hidden=\"true\" class=\"wp-block-spacer\"><\/div>\n\n\n\n<h3 class=\"wp-block-heading\" id=\"block-00e18f76-b75a-452f-a9be-06c07093f1e5\"><strong>Kontakt zu Satine Mikrozement in <strong><strong><strong><strong><strong>Troms og Finnmark<\/strong><\/strong><\/strong><\/strong><\/strong><\/strong><\/h3>\n\n\n\n<p id=\"block-ad64c68f-fbf5-4ce2-a46f-13d772a2e55b\">Wenn Sie weitere Informationen \u00fcber Satine Mikrozemente in <strong><strong><strong><strong><strong><strong>Troms og Finnmark<\/strong><\/strong><\/strong><\/strong><\/strong><\/strong>Wenn Sie ein individuelles Angebot f\u00fcr ein Projekt oder Material anfordern oder Fragen zu uns haben, kontaktieren Sie uns.<\/p>","protected":false},"excerpt":{"rendered":"<p>We have been developing projects with microcement throughout Troms og Finnmark: Troms\u00f8, Harstad, Alta, Hammerfest, Vads\u00f8 among other locations. We specialize in the renovation of homes and businesses, where our certified applicators exclusively use the products we manufacture. The quality of our materials, the training of our applicators, and the experience of our sales team [&hellip;]<\/p>\n","protected":false},"author":1,"featured_media":0,"parent":4468,"menu_order":0,"comment_status":"closed","ping_status":"closed","template":"","meta":{"footnotes":""},"class_list":["post-5602","page","type-page","status-publish","hentry"],"yoast_head":"<!-- This site is optimized with the Yoast SEO plugin v27.4 - https:\/\/yoast.com\/product\/yoast-seo-wordpress\/ -->\n<title>Microcement Troms\u00f8 - Satine | Specialists in High-Quality Finishes<\/title>\n<meta name=\"description\" content=\"We have been developing projects with microcement throughout Troms og Finnmark: Troms\u00f8, Harstad, Alta, Hammerfest, Vads\u00f8 among other locations. We specialize in the renovation of homes and businesses, where our certified applicators exclusively use the products we manufacture.\" \/>\n<meta name=\"robots\" content=\"index, follow, max-snippet:-1, max-image-preview:large, max-video-preview:-1\" \/>\n<link rel=\"canonical\" href=\"https:\/\/www.satine.com\/de\/mikrozement-norwegen\/microcement-troms-og-finnmark\/\" \/>\n<meta property=\"og:locale\" content=\"de_DE\" \/>\n<meta property=\"og:type\" content=\"article\" \/>\n<meta property=\"og:title\" content=\"Microcement Troms\u00f8 - Satine | Specialists in High-Quality Finishes\" \/>\n<meta property=\"og:description\" content=\"We have been developing projects with microcement throughout Troms og Finnmark: Troms\u00f8, Harstad, Alta, Hammerfest, Vads\u00f8 among other locations. We specialize in the renovation of homes and businesses, where our certified applicators exclusively use the products we manufacture.\" \/>\n<meta property=\"og:url\" content=\"https:\/\/www.satine.com\/de\/mikrozement-norwegen\/microcement-troms-og-finnmark\/\" \/>\n<meta property=\"og:site_name\" content=\"Satine\" \/>\n<meta property=\"article:modified_time\" content=\"2025-12-09T09:15:17+00:00\" \/>\n<meta property=\"og:image\" content=\"https:\/\/www.satine.com\/wp-content\/uploads\/2024\/07\/Microcemento-Satine-1024x1024.png\" \/>\n<meta name=\"twitter:card\" content=\"summary_large_image\" \/>\n<meta name=\"twitter:label1\" content=\"Gesch\u00e4tzte Lesezeit\" \/>\n\t<meta name=\"twitter:data1\" content=\"2\u00a0Minuten\" \/>\n<script type=\"application\/ld+json\" class=\"yoast-schema-graph\">{\"@context\":\"https:\\\/\\\/schema.org\",\"@graph\":[{\"@type\":\"WebPage\",\"@id\":\"https:\\\/\\\/www.satine.com\\\/microcement-norway\\\/microcement-troms-og-finnmark\\\/\",\"url\":\"https:\\\/\\\/www.satine.com\\\/microcement-norway\\\/microcement-troms-og-finnmark\\\/\",\"name\":\"Microcement Troms\u00f8 - Satine | Specialists in High-Quality Finishes\",\"isPartOf\":{\"@id\":\"https:\\\/\\\/www.satine.com\\\/#website\"},\"primaryImageOfPage\":{\"@id\":\"https:\\\/\\\/www.satine.com\\\/microcement-norway\\\/microcement-troms-og-finnmark\\\/#primaryimage\"},\"image\":{\"@id\":\"https:\\\/\\\/www.satine.com\\\/microcement-norway\\\/microcement-troms-og-finnmark\\\/#primaryimage\"},\"thumbnailUrl\":\"https:\\\/\\\/www.satine.com\\\/wp-content\\\/uploads\\\/2024\\\/07\\\/Microcemento-Satine-1024x1024.png\",\"datePublished\":\"2025-01-28T13:24:34+00:00\",\"dateModified\":\"2025-12-09T09:15:17+00:00\",\"description\":\"We have been developing projects with microcement throughout Troms og Finnmark: Troms\u00f8, Harstad, Alta, Hammerfest, Vads\u00f8 among other locations. We specialize in the renovation of homes and businesses, where our certified applicators exclusively use the products we manufacture.\",\"breadcrumb\":{\"@id\":\"https:\\\/\\\/www.satine.com\\\/microcement-norway\\\/microcement-troms-og-finnmark\\\/#breadcrumb\"},\"inLanguage\":\"de\",\"potentialAction\":[{\"@type\":\"ReadAction\",\"target\":[\"https:\\\/\\\/www.satine.com\\\/microcement-norway\\\/microcement-troms-og-finnmark\\\/\"]}]},{\"@type\":\"ImageObject\",\"inLanguage\":\"de\",\"@id\":\"https:\\\/\\\/www.satine.com\\\/microcement-norway\\\/microcement-troms-og-finnmark\\\/#primaryimage\",\"url\":\"https:\\\/\\\/www.satine.com\\\/wp-content\\\/uploads\\\/2024\\\/07\\\/Microcemento-Satine-1024x1024.png\",\"contentUrl\":\"https:\\\/\\\/www.satine.com\\\/wp-content\\\/uploads\\\/2024\\\/07\\\/Microcemento-Satine-1024x1024.png\"},{\"@type\":\"BreadcrumbList\",\"@id\":\"https:\\\/\\\/www.satine.com\\\/microcement-norway\\\/microcement-troms-og-finnmark\\\/#breadcrumb\",\"itemListElement\":[{\"@type\":\"ListItem\",\"position\":1,\"name\":\"Inicio\",\"item\":\"https:\\\/\\\/www.satine.com\\\/\"},{\"@type\":\"ListItem\",\"position\":2,\"name\":\"Microcement Norway\",\"item\":\"https:\\\/\\\/www.satine.com\\\/microcement-norway\\\/\"},{\"@type\":\"ListItem\",\"position\":3,\"name\":\"Microcement Troms\u00f8\"}]},{\"@type\":\"WebSite\",\"@id\":\"https:\\\/\\\/www.satine.com\\\/#website\",\"url\":\"https:\\\/\\\/www.satine.com\\\/\",\"name\":\"Satine - Microcement\",\"description\":\"\",\"alternateName\":\"Satine - Microcement\",\"potentialAction\":[{\"@type\":\"SearchAction\",\"target\":{\"@type\":\"EntryPoint\",\"urlTemplate\":\"https:\\\/\\\/www.satine.com\\\/?s={search_term_string}\"},\"query-input\":{\"@type\":\"PropertyValueSpecification\",\"valueRequired\":true,\"valueName\":\"search_term_string\"}}],\"inLanguage\":\"de\"}]}<\/script>\n<!-- \/ Yoast SEO plugin. -->","yoast_head_json":{"title":"Microcement Troms\u00f8 - Satine | Specialists in High-Quality Finishes","description":"We have been developing projects with microcement throughout Troms og Finnmark: Troms\u00f8, Harstad, Alta, Hammerfest, Vads\u00f8 among other locations. We specialize in the renovation of homes and businesses, where our certified applicators exclusively use the products we manufacture.","robots":{"index":"index","follow":"follow","max-snippet":"max-snippet:-1","max-image-preview":"max-image-preview:large","max-video-preview":"max-video-preview:-1"},"canonical":"https:\/\/www.satine.com\/de\/mikrozement-norwegen\/microcement-troms-og-finnmark\/","og_locale":"de_DE","og_type":"article","og_title":"Microcement Troms\u00f8 - Satine | Specialists in High-Quality Finishes","og_description":"We have been developing projects with microcement throughout Troms og Finnmark: Troms\u00f8, Harstad, Alta, Hammerfest, Vads\u00f8 among other locations. We specialize in the renovation of homes and businesses, where our certified applicators exclusively use the products we manufacture.","og_url":"https:\/\/www.satine.com\/de\/mikrozement-norwegen\/microcement-troms-og-finnmark\/","og_site_name":"Satine","article_modified_time":"2025-12-09T09:15:17+00:00","og_image":[{"url":"https:\/\/www.satine.com\/wp-content\/uploads\/2024\/07\/Microcemento-Satine-1024x1024.png","type":"","width":"","height":""}],"twitter_card":"summary_large_image","twitter_misc":{"Gesch\u00e4tzte Lesezeit":"2\u00a0Minuten"},"schema":{"@context":"https:\/\/schema.org","@graph":[{"@type":"WebPage","@id":"https:\/\/www.satine.com\/microcement-norway\/microcement-troms-og-finnmark\/","url":"https:\/\/www.satine.com\/microcement-norway\/microcement-troms-og-finnmark\/","name":"Microcement Troms\u00f8 - Satine | Specialists in High-Quality Finishes","isPartOf":{"@id":"https:\/\/www.satine.com\/#website"},"primaryImageOfPage":{"@id":"https:\/\/www.satine.com\/microcement-norway\/microcement-troms-og-finnmark\/#primaryimage"},"image":{"@id":"https:\/\/www.satine.com\/microcement-norway\/microcement-troms-og-finnmark\/#primaryimage"},"thumbnailUrl":"https:\/\/www.satine.com\/wp-content\/uploads\/2024\/07\/Microcemento-Satine-1024x1024.png","datePublished":"2025-01-28T13:24:34+00:00","dateModified":"2025-12-09T09:15:17+00:00","description":"We have been developing projects with microcement throughout Troms og Finnmark: Troms\u00f8, Harstad, Alta, Hammerfest, Vads\u00f8 among other locations. We specialize in the renovation of homes and businesses, where our certified applicators exclusively use the products we manufacture.","breadcrumb":{"@id":"https:\/\/www.satine.com\/microcement-norway\/microcement-troms-og-finnmark\/#breadcrumb"},"inLanguage":"de","potentialAction":[{"@type":"ReadAction","target":["https:\/\/www.satine.com\/microcement-norway\/microcement-troms-og-finnmark\/"]}]},{"@type":"ImageObject","inLanguage":"de","@id":"https:\/\/www.satine.com\/microcement-norway\/microcement-troms-og-finnmark\/#primaryimage","url":"https:\/\/www.satine.com\/wp-content\/uploads\/2024\/07\/Microcemento-Satine-1024x1024.png","contentUrl":"https:\/\/www.satine.com\/wp-content\/uploads\/2024\/07\/Microcemento-Satine-1024x1024.png"},{"@type":"BreadcrumbList","@id":"https:\/\/www.satine.com\/microcement-norway\/microcement-troms-og-finnmark\/#breadcrumb","itemListElement":[{"@type":"ListItem","position":1,"name":"Inicio","item":"https:\/\/www.satine.com\/"},{"@type":"ListItem","position":2,"name":"Microcement Norway","item":"https:\/\/www.satine.com\/microcement-norway\/"},{"@type":"ListItem","position":3,"name":"Microcement Troms\u00f8"}]},{"@type":"WebSite","@id":"https:\/\/www.satine.com\/#website","url":"https:\/\/www.satine.com\/","name":"Satine - Mikrozement","description":"","alternateName":"Satine - Microcement","potentialAction":[{"@type":"SearchAction","target":{"@type":"EntryPoint","urlTemplate":"https:\/\/www.satine.com\/?s={search_term_string}"},"query-input":{"@type":"PropertyValueSpecification","valueRequired":true,"valueName":"search_term_string"}}],"inLanguage":"de"}]}},"_links":{"self":[{"href":"https:\/\/www.satine.com\/de\/wp-json\/wp\/v2\/pages\/5602","targetHints":{"allow":["GET"]}}],"collection":[{"href":"https:\/\/www.satine.com\/de\/wp-json\/wp\/v2\/pages"}],"about":[{"href":"https:\/\/www.satine.com\/de\/wp-json\/wp\/v2\/types\/page"}],"author":[{"embeddable":true,"href":"https:\/\/www.satine.com\/de\/wp-json\/wp\/v2\/users\/1"}],"replies":[{"embeddable":true,"href":"https:\/\/www.satine.com\/de\/wp-json\/wp\/v2\/comments?post=5602"}],"version-history":[{"count":2,"href":"https:\/\/www.satine.com\/de\/wp-json\/wp\/v2\/pages\/5602\/revisions"}],"predecessor-version":[{"id":10880,"href":"https:\/\/www.satine.com\/de\/wp-json\/wp\/v2\/pages\/5602\/revisions\/10880"}],"up":[{"embeddable":true,"href":"https:\/\/www.satine.com\/de\/wp-json\/wp\/v2\/pages\/4468"}],"wp:attachment":[{"href":"https:\/\/www.satine.com\/de\/wp-json\/wp\/v2\/media?parent=5602"}],"curies":[{"name":"wp","href":"https:\/\/api.w.org\/{rel}","templated":true}]}}