{"id":5551,"date":"2024-09-27T04:29:37","date_gmt":"2024-09-27T08:29:37","guid":{"rendered":"https:\/\/www.satine.com\/?page_id=5551"},"modified":"2024-09-27T04:42:13","modified_gmt":"2024-09-27T08:42:13","slug":"usa","status":"publish","type":"page","link":"https:\/\/www.satine.com\/de\/usa\/","title":{"rendered":"Microcement Vereinigte Staaten"},"content":{"rendered":"<h2 class=\"wp-block-heading\"><strong><a href=\"https:\/\/www.satinestone.com\">Satine<\/a> Mikrozement in den Vereinigten Staaten: Wachstum, Trends und Anwendungen<\/strong><\/h2>\n\n\n\n<p>Mikrozement, ein vielseitiges und innovatives Oberfl\u00e4chenmaterial, hat in den letzten Jahren in den Vereinigten Staaten erheblich an Popularit\u00e4t gewonnen. Urspr\u00fcnglich f\u00fcr den industriellen Einsatz entwickelt, haben seine glatte, kontinuierliche Oberfl\u00e4che und seine Anpassungsf\u00e4higkeit es zu einem Favoriten unter Architekten, Innenarchitekten und Hausbesitzern gemacht. Da die Nachfrage nach moderner, minimalistischer \u00c4sthetik weiter steigt, wird Mikrozement zu einer bevorzugten Option f\u00fcr verschiedene Projekte, von Wohnh\u00e4usern bis hin zu Gesch\u00e4ftsr\u00e4umen.<\/p>\n\n\n\n<h2 class=\"wp-block-heading\"><strong>Warum <a href=\"https:\/\/www.satine.com\/microcement\">Mikrozement<\/a> ist in den Vereinigten Staaten im Trend<\/strong><\/h2>\n\n\n\n<p>Mikrozement wird sehr gesch\u00e4tzt f\u00fcr seine&nbsp;<strong>Vielseitigkeit<\/strong>. Er kann auf fast jeder bestehenden Oberfl\u00e4che angebracht werden, einschlie\u00dflich Fliesen, Beton, Holz oder Putz, ohne dass ein kostspieliger Abriss erforderlich ist. Diese Eigenschaft macht es zu einer beliebten Wahl f\u00fcr&nbsp;<strong>Renovierungen<\/strong>wo einfache Anwendung und minimale Unterbrechung entscheidend sind.<\/p>\n\n\n\n<p>Zu den wichtigsten Vorteilen von Mikrozement, die seine Beliebtheit in den USA vorangetrieben haben, geh\u00f6ren:<\/p>\n\n\n\n<ol class=\"wp-block-list\">\n<li><strong>Nahtloser Abschluss<\/strong>: Die durchgehende, fugenlose Oberfl\u00e4che sorgt f\u00fcr eine elegante und moderne \u00c4sthetik, die R\u00e4ume gr\u00f6\u00dfer und sauberer erscheinen l\u00e4sst.<\/li>\n\n\n\n<li><strong>Dauerhaftigkeit<\/strong>: Bei ordnungsgem\u00e4\u00dfer Versiegelung ist Mikrozement sehr widerstandsf\u00e4hig gegen Abnutzung, Feuchtigkeit und Flecken, so dass er sich f\u00fcr stark beanspruchte Bereiche wie K\u00fcchen und B\u00e4der eignet.<\/li>\n\n\n\n<li><strong>Vielseitige Designoptionen<\/strong>: Mikrozement ist in einer Vielzahl von Farben und Oberfl\u00e4chen erh\u00e4ltlich, von matt bis gl\u00e4nzend, was unendliche Gestaltungsm\u00f6glichkeiten er\u00f6ffnet.<\/li>\n\n\n\n<li><strong>Umweltfreundlich<\/strong>: Viele Mikrozementprodukte werden aus nachhaltigen Materialien hergestellt und entsprechen damit dem wachsenden Trend zu umweltbewussten Baupraktiken.<\/li>\n<\/ol>\n\n\n\n<h2 class=\"wp-block-heading\"><strong>Beliebt <a href=\"https:\/\/www.satine.com\/how-to-apply-microcement\">Anwendungen<\/a> in den Vereinigten Staaten<\/strong><\/h2>\n\n\n\n<p>In den Vereinigten Staaten wird Mikrozement in einer Reihe von Anwendungen eingesetzt, von Wohnr\u00e4umen bis hin zu gewerblichen R\u00e4umen und sogar im Freien. Sein&nbsp;<strong>modernes Aussehen<\/strong>&nbsp;und&nbsp;<strong>Haltbarkeit<\/strong>&nbsp;machen es ideal f\u00fcr mehrere Verwendungszwecke:<\/p>\n\n\n\n<ul class=\"wp-block-list\">\n<li><strong><a href=\"https:\/\/www.satine.com\/microcement-bathrooms\">B\u00e4der<\/a> und Feuchtgebiete<\/strong>: Die wasserabweisenden Eigenschaften von Mikrozement machen ihn zu einer hervorragenden Option f\u00fcr B\u00e4der und Feuchtr\u00e4ume. Er l\u00e4sst sich nahtlos auf W\u00e4nde, B\u00f6den und sogar Duschkabinen auftragen und bietet sowohl \u00e4sthetische als auch funktionale Vorteile.<\/li>\n\n\n\n<li><strong><a href=\"https:\/\/www.satine.com\/microcement-kitchens\">K\u00fcchen<\/a><\/strong>: In US-amerikanischen K\u00fcchen wird Mikrozement h\u00e4ufig verwendet, um&nbsp;<strong>Arbeitsplatten<\/strong>,&nbsp;<strong>Aufkantungen<\/strong>und&nbsp;<strong>B\u00f6den<\/strong>. Seine Hitze- und Fleckenbest\u00e4ndigkeit sowie sein elegantes Aussehen machen ihn zu einer praktischen und stilvollen Wahl.<\/li>\n\n\n\n<li><strong>Kommerzielle R\u00e4ume<\/strong>: Einzelhandelsgesch\u00e4fte, Restaurants und Hotels in den USA setzen zunehmend auf Mikrozement, um eine moderne, industrielle \u00c4sthetik zu erzielen. Seine einfache Pflege und hohe Haltbarkeit machen ihn ideal f\u00fcr stark frequentierte gewerbliche Umgebungen.<\/li>\n\n\n\n<li><strong>Au\u00dfenbereiche<\/strong>: Dank seiner hohen Widerstandsf\u00e4higkeit gegen\u00fcber Temperaturschwankungen und Feuchtigkeit wird Mikrozement auch in Au\u00dfenbereichen wie Terrassen, Pooldecks und Au\u00dfenfassaden eingesetzt. Dies ist besonders in Regionen mit unterschiedlichen Klimabedingungen interessant, da Mikrozement bei richtiger Abdichtung Hitze, K\u00e4lte und Feuchtigkeit standhalten kann.<\/li>\n<\/ul>\n\n\n\n<div style=\"height:30px\" aria-hidden=\"true\" class=\"wp-block-spacer\"><\/div>\n\n\n\n<figure class=\"wp-block-image size-large is-resized\"><img loading=\"lazy\" decoding=\"async\" width=\"1024\" height=\"684\" src=\"https:\/\/www.satine.com\/wp-content\/uploads\/2024\/09\/FOTO-PIGMENTO-INSTAGRAM-AMAZON-1-1024x684.jpg\" alt=\"\" class=\"wp-image-5552\" style=\"aspect-ratio:16\/9;object-fit:cover;width:1600px\" srcset=\"https:\/\/www.satine.com\/wp-content\/uploads\/2024\/09\/FOTO-PIGMENTO-INSTAGRAM-AMAZON-1-1024x684.jpg 1024w, https:\/\/www.satine.com\/wp-content\/uploads\/2024\/09\/FOTO-PIGMENTO-INSTAGRAM-AMAZON-1-300x200.jpg 300w, https:\/\/www.satine.com\/wp-content\/uploads\/2024\/09\/FOTO-PIGMENTO-INSTAGRAM-AMAZON-1-768x513.jpg 768w, https:\/\/www.satine.com\/wp-content\/uploads\/2024\/09\/FOTO-PIGMENTO-INSTAGRAM-AMAZON-1-1536x1026.jpg 1536w, https:\/\/www.satine.com\/wp-content\/uploads\/2024\/09\/FOTO-PIGMENTO-INSTAGRAM-AMAZON-1-2048x1368.jpg 2048w, https:\/\/www.satine.com\/wp-content\/uploads\/2024\/09\/FOTO-PIGMENTO-INSTAGRAM-AMAZON-1-18x12.jpg 18w\" sizes=\"auto, (max-width: 1024px) 100vw, 1024px\" \/><\/figure>\n\n\n\n<div style=\"height:30px\" aria-hidden=\"true\" class=\"wp-block-spacer\"><\/div>\n\n\n\n<h2 class=\"wp-block-heading\"><strong>Das Wachstum von Mikrozement auf dem US-amerikanischen Markt<\/strong><\/h2>\n\n\n\n<p>Die&nbsp;<strong>U.S. Bau- und Planungsindustrie<\/strong>&nbsp;hat sich Mikrozement sowohl f\u00fcr Neubauten als auch f\u00fcr Renovierungsprojekte durchgesetzt. Der Anstieg der&nbsp;<strong>moderne und minimalistische Designtrends<\/strong>&nbsp;hat die Popularit\u00e4t des Materials gef\u00f6rdert, da immer mehr Hausbesitzer und Unternehmen saubere, moderne R\u00e4ume schaffen wollen. Au\u00dferdem ist die&nbsp;<strong>Baumarkt<\/strong>&nbsp;hat aufgrund der Verf\u00fcgbarkeit von benutzerfreundlichen Mikrozement-Baus\u00e4tzen, die es dem Einzelnen erm\u00f6glichen, das Material ohne professionelle Hilfe zu verarbeiten, einen starken Anstieg des Interesses erfahren.<\/p>\n\n\n\n<p>Mehrere Faktoren haben zur zunehmenden Verwendung von Mikrozement in den USA beigetragen:<\/p>\n\n\n\n<ul class=\"wp-block-list\">\n<li><strong>Erh\u00f6hte Verf\u00fcgbarkeit<\/strong>: Da immer mehr Anbieter und Hersteller auf den US-Markt dr\u00e4ngen, haben die Verbraucher einen besseren Zugang zu hochwertigen Mikrozementprodukten.<\/li>\n\n\n\n<li><strong>Technologische Fortschritte<\/strong>: Verbesserte Mikrozementrezepturen haben die Haltbarkeit, die Verarbeitbarkeit und die Vielfalt der Oberfl\u00e4chen verbessert, so dass er sowohl f\u00fcr Profis als auch f\u00fcr Heimwerker attraktiver geworden ist.<\/li>\n\n\n\n<li><strong>Nachhaltiges Bauen<\/strong>: Der zunehmende Fokus auf nachhaltige Baumaterialien hat auch das Interesse an Mikrozement erh\u00f6ht, da viele Produkte aus umweltfreundlichen Komponenten hergestellt werden.<\/li>\n<\/ul>\n\n\n\n<h2 class=\"wp-block-heading\"><strong>Herausforderungen und \u00dcberlegungen<\/strong><\/h2>\n\n\n\n<p>Obwohl Mikrozement f\u00fcr viele Anwendungen eine fantastische Option ist, gibt es bei Projekten in den USA einige Punkte zu beachten:<\/p>\n\n\n\n<ul class=\"wp-block-list\">\n<li><strong>Richtige Anwendung<\/strong>: Die Verarbeitung erfordert Geschick und Pr\u00e4zision. Schlecht aufgetragener Mikrozement kann zu Rissen oder ungleichm\u00e4\u00dfigen Oberfl\u00e4chen f\u00fchren. F\u00fcr gr\u00f6\u00dfere, komplexere Projekte sollten unbedingt geschulte Fachleute beauftragt werden.<\/li>\n\n\n\n<li><strong>Wartung<\/strong>: Mikrozementbel\u00e4ge sind zwar langlebig, m\u00fcssen aber regelm\u00e4\u00dfig gewartet werden, z. B. alle paar Jahre neu versiegelt werden, vor allem in stark beanspruchten oder wasserbelasteten Bereichen.<\/li>\n<\/ul>\n\n\n\n<h2 class=\"wp-block-heading\"><strong>Mikrozement in Wohnbauprojekten in den gesamten Vereinigten Staaten<\/strong><\/h2>\n\n\n\n<p>Mikrozement wird zu einer beliebten Wahl f\u00fcr Hausbesitzer, die ihre Immobilien mit einer modernen, minimalistischen \u00c4sthetik renovieren wollen. Im ganzen Land werden H\u00e4user mit Mikrozement auf den neuesten Stand gebracht, weil er so vielseitig ist und mit minimalem Aufwand eine anspruchsvolle Oberfl\u00e4che bietet. Ob bei der Anwendung auf\u00a0<strong>Badezimmer<\/strong>,\u00a0<strong>K\u00fcchen<\/strong>, oder\u00a0<strong>Wohnbereiche<\/strong>Durch die Verwendung von Mikrozement entsteht eine nahtlose Oberfl\u00e4che, die Fugenlinien \u00fcberfl\u00fcssig macht und ein sauberes und poliertes Aussehen bietet.<\/p>\n\n\n\n<p>In St\u00e4dten mit \u00e4lterem Wohnungsbestand, wie z. B.&nbsp;<strong>New York<\/strong>&nbsp;und&nbsp;<strong>Boston<\/strong>Die F\u00e4higkeit von Mikrozement, ohne Abriss auf bestehende Oberfl\u00e4chen aufgebracht zu werden, ist ein gro\u00dfer Vorteil. Er erm\u00f6glicht Hausbesitzern eine schnelle Modernisierung ihrer H\u00e4user mit minimalen Unterbrechungen, was ihn besonders f\u00fcr Renovierungen in st\u00e4dtischen Gebieten mit hoher Bev\u00f6lkerungsdichte attraktiv macht.<\/p>\n\n\n\n<h2 class=\"wp-block-heading\"><strong>Kommerzielle Mikrozementprojekte in den Vereinigten Staaten<\/strong><\/h2>\n\n\n\n<p>Im gewerblichen Bereich findet Mikrozement seinen Weg in Einzelhandelsgesch\u00e4fte, Restaurants, Hotels und B\u00fcrogeb\u00e4ude. Sein\u00a0<strong>hohe Lebensdauer<\/strong>\u00a0und\u00a0<strong>einfache Wartung<\/strong>\u00a0machen ihn perfekt f\u00fcr stark frequentierte Bereiche. Viele Unternehmen in den USA entscheiden sich f\u00fcr Mikrozement wegen seiner modernen, industriellen<strong> <\/strong>Dieser Look passt gut zum aktuellen Trend zur minimalistischen Inneneinrichtung.<\/p>\n\n\n\n<p>Zum Beispiel, im Einzelhandel<strong> <\/strong>In den USA wird Mikrozement f\u00fcr B\u00f6den, W\u00e4nde und Arbeitsplatten verwendet und bietet einen eleganten Hintergrund, der die Produkte in den Mittelpunkt stellt. Durch die M\u00f6glichkeit, Mikrozement in verschiedenen Farben und Ausf\u00fchrungen individuell zu gestalten, k\u00f6nnen Unternehmen auch einzigartige R\u00e4ume schaffen, die ihre Markenidentit\u00e4t widerspiegeln.<\/p>\n\n\n\n<p>Restaurants und Bars sind ein weiterer Bereich, in dem Mikrozement zum Einsatz kommt, insbesondere in K\u00fcchen und Essbereichen. Die fugenlose Oberfl\u00e4che von Mikrozement macht es fleckenbest\u00e4ndig und leicht zu reinigen, was in Umgebungen, in denen h\u00e4ufig etwas versch\u00fcttet wird und viel Fu\u00dfg\u00e4ngerverkehr herrscht, von entscheidender Bedeutung ist. Da das Material feuchtigkeits- und hitzebest\u00e4ndig ist, eignet es sich perfekt f\u00fcr K\u00fcchen, und seine Vielseitigkeit erm\u00f6glicht es Designern, mit Leichtigkeit stilvolle R\u00e4ume zu gestalten.<\/p>\n\n\n\n<div style=\"height:30px\" aria-hidden=\"true\" class=\"wp-block-spacer\"><\/div>\n\n\n\n<figure class=\"wp-block-image size-large is-resized\"><img loading=\"lazy\" decoding=\"async\" width=\"1024\" height=\"736\" src=\"https:\/\/www.satine.com\/wp-content\/uploads\/2024\/09\/Captura-de-pantalla-2024-09-17-a-las-13.01.20-3-1024x736.png\" alt=\"\" class=\"wp-image-5429\" style=\"aspect-ratio:16\/9;object-fit:cover;width:1600px\" srcset=\"https:\/\/www.satine.com\/wp-content\/uploads\/2024\/09\/Captura-de-pantalla-2024-09-17-a-las-13.01.20-3-1024x736.png 1024w, https:\/\/www.satine.com\/wp-content\/uploads\/2024\/09\/Captura-de-pantalla-2024-09-17-a-las-13.01.20-3-300x216.png 300w, https:\/\/www.satine.com\/wp-content\/uploads\/2024\/09\/Captura-de-pantalla-2024-09-17-a-las-13.01.20-3-768x552.png 768w, https:\/\/www.satine.com\/wp-content\/uploads\/2024\/09\/Captura-de-pantalla-2024-09-17-a-las-13.01.20-3-1536x1104.png 1536w, https:\/\/www.satine.com\/wp-content\/uploads\/2024\/09\/Captura-de-pantalla-2024-09-17-a-las-13.01.20-3-2048x1471.png 2048w, https:\/\/www.satine.com\/wp-content\/uploads\/2024\/09\/Captura-de-pantalla-2024-09-17-a-las-13.01.20-3-18x12.png 18w\" sizes=\"auto, (max-width: 1024px) 100vw, 1024px\" \/><\/figure>\n\n\n\n<div style=\"height:30px\" aria-hidden=\"true\" class=\"wp-block-spacer\"><\/div>\n\n\n\n<h2 class=\"wp-block-heading\"><strong>Mikrozementanwendungen im Freien in den Vereinigten Staaten<\/strong><\/h2>\n\n\n\n<p>Mikrozement ist nicht auf Innenr\u00e4ume beschr\u00e4nkt. In mehreren Regionen der USA, insbesondere in Staaten wie\u00a0<strong>Kalifornien<\/strong>,\u00a0<strong>Florida<\/strong>und\u00a0<strong>Texas<\/strong>wird Mikrozement verwendet, um sch\u00f6ne, dauerhafte Au\u00dfenbereiche zu schaffen. Terrassen, Pooldecks und Au\u00dfenw\u00e4nde sind aufgrund ihrer Widerstandsf\u00e4higkeit gegen\u00fcber wechselnden Wetterbedingungen und ihrer Best\u00e4ndigkeit gegen\u00fcber Feuchtigkeit ideal f\u00fcr Mikrozement.<\/p>\n\n\n\n<p>Die F\u00e4higkeit, mit Mikrozement eine nahtlose Oberfl\u00e4che zu schaffen, erm\u00f6glicht es, Au\u00dfenbereiche zusammenh\u00e4ngend und modern zu gestalten und die Design\u00e4sthetik des Innenraums eines Hauses oder Geb\u00e4udes auf den Au\u00dfenbereich zu \u00fcbertragen. Au\u00dfenanwendungen in Bereichen wie&nbsp;<strong>Miami<\/strong>&nbsp;und&nbsp;<strong>Los Angeles<\/strong>&nbsp;zeigen, wie gut Mikrozement unterschiedlichen Temperaturen und Witterungseinfl\u00fcssen standhalten kann.<\/p>\n\n\n\n<h2 class=\"wp-block-heading\"><strong>Renovierung von B\u00fcros und Gesch\u00e4ftsr\u00e4umen<\/strong><\/h2>\n\n\n\n<p>In St\u00e4dten wie\u00a0<strong>Chicago<\/strong>,\u00a0<strong>Dallas<\/strong>und\u00a0<strong>Washington D.C.<\/strong>wird Mikrozement f\u00fcr die Umgestaltung von B\u00fcror\u00e4umen verwendet. Sein modernes, industrielles Aussehen und seine hohe Verschlei\u00dffestigkeit machen Mikrozement zum perfekten Material f\u00fcr B\u00fcrob\u00f6den und Gemeinschaftsbereiche. Die glatten, sauberen Linien des Materials sind auch f\u00fcr Technologieunternehmen und moderne Arbeitsbereiche interessant, in denen ein schlichtes, minimalistisches Design oft gefragt ist.<\/p>\n\n\n\n<p>Unter\u00a0<strong>Washington D.C.<\/strong>In den letzten Jahren hat sich Mikrozement in Regierungsgeb\u00e4uden und B\u00fcros durchgesetzt, wo das Material f\u00fcr die Herstellung professioneller, langlebiger Oberfl\u00e4chen mit minimalem Wartungsaufwand verwendet wird. Die einfache Reinigung und die Best\u00e4ndigkeit gegen Rissbildung und Verschlei\u00df machen Mikrozement zu einer idealen L\u00f6sung f\u00fcr diese anspruchsvollen Umgebungen.<\/p>\n\n\n\n<h2 class=\"wp-block-heading\"><strong>Das Wachstum von Microcement in den Vereinigten Staaten<\/strong><\/h2>\n\n\n\n<p>Mikrozement erfreut sich in den USA immer gr\u00f6\u00dferer Beliebtheit. Immer mehr Designer, Bauunternehmer und Hausbesitzer entscheiden sich f\u00fcr seine Vielseitigkeit und \u00c4sthetik. Da immer mehr Anbieter und H\u00e4ndler Mikrozement auf den US-Markt bringen, werden seine Verf\u00fcgbarkeit und Verwendung voraussichtlich noch weiter zunehmen.<\/p>\n\n\n\n<p>Von luxuri\u00f6sen H\u00e4usern in\u00a0<strong>Los Angeles<\/strong>\u00a0zu Gewerbefl\u00e4chen in\u00a0<strong>New York City<\/strong>\u00a0und Au\u00dfenbereiche in\u00a0<strong>Miami<\/strong>erweist sich Mikrozement als wegweisendes Material f\u00fcr das Design und den Bau in den USA.<\/p>\n\n\n\n<h2 class=\"wp-block-heading\"><strong>Kontakt zu Satine microcement in Vereinigte Staaten<\/strong><\/h2>\n\n\n\n<p>Wenn Sie weitere Informationen \u00fcber Satine Mikrozemente in <strong>Vereinigte Staaten<\/strong>Wenn Sie ein individuelles Angebot f\u00fcr ein Projekt oder Material anfordern oder Fragen zu uns haben, kontaktieren Sie uns.<\/p>","protected":false},"excerpt":{"rendered":"<p>Satine Microcement in the United States: Growth, Trends, and Applications Microcement, a versatile and innovative surface material, has gained considerable popularity in the United States in recent years. Originally developed for industrial use, its smooth, continuous finish and adaptability have made it a favorite among architects, interior designers, and homeowners. As the demand for modern, [&hellip;]<\/p>\n","protected":false},"author":1,"featured_media":0,"parent":0,"menu_order":0,"comment_status":"closed","ping_status":"closed","template":"","meta":{"footnotes":""},"class_list":["post-5551","page","type-page","status-publish","hentry"],"yoast_head":"<!-- This site is optimized with the Yoast SEO plugin v27.4 - https:\/\/yoast.com\/product\/yoast-seo-wordpress\/ -->\n<title>Microcement United States - Satine<\/title>\n<meta name=\"description\" content=\"Explore the growing popularity of microcement across the United States in both residential and commercial spaces. Learn about its versatile applications, from sleek kitchen and bathroom renovations to durable outdoor patios in cities like New York, Washington D.C., and Miami. Discover how microcement offers seamless, modern finishes that are perfect for high-traffic areas, offices, and retail spaces.\" \/>\n<meta name=\"robots\" content=\"index, follow, max-snippet:-1, max-image-preview:large, max-video-preview:-1\" \/>\n<link rel=\"canonical\" href=\"https:\/\/www.satine.com\/de\/usa\/\" \/>\n<meta property=\"og:locale\" content=\"de_DE\" \/>\n<meta property=\"og:type\" content=\"article\" \/>\n<meta property=\"og:title\" content=\"Microcement United States - Satine\" \/>\n<meta property=\"og:description\" content=\"Explore the growing popularity of microcement across the United States in both residential and commercial spaces. Learn about its versatile applications, from sleek kitchen and bathroom renovations to durable outdoor patios in cities like New York, Washington D.C., and Miami. Discover how microcement offers seamless, modern finishes that are perfect for high-traffic areas, offices, and retail spaces.\" \/>\n<meta property=\"og:url\" content=\"https:\/\/www.satine.com\/de\/usa\/\" \/>\n<meta property=\"og:site_name\" content=\"Satine\" \/>\n<meta property=\"article:modified_time\" content=\"2024-09-27T08:42:13+00:00\" \/>\n<meta property=\"og:image\" content=\"https:\/\/www.satine.com\/wp-content\/uploads\/2024\/09\/FOTO-PIGMENTO-INSTAGRAM-AMAZON-1-1024x684.jpg\" \/>\n<meta name=\"twitter:card\" content=\"summary_large_image\" \/>\n<meta name=\"twitter:label1\" content=\"Gesch\u00e4tzte Lesezeit\" \/>\n\t<meta name=\"twitter:data1\" content=\"7\u00a0Minuten\" \/>\n<script type=\"application\/ld+json\" class=\"yoast-schema-graph\">{\"@context\":\"https:\\\/\\\/schema.org\",\"@graph\":[{\"@type\":\"WebPage\",\"@id\":\"https:\\\/\\\/www.satine.com\\\/usa\\\/\",\"url\":\"https:\\\/\\\/www.satine.com\\\/usa\\\/\",\"name\":\"Microcement United States - Satine\",\"isPartOf\":{\"@id\":\"https:\\\/\\\/www.satine.com\\\/#website\"},\"primaryImageOfPage\":{\"@id\":\"https:\\\/\\\/www.satine.com\\\/usa\\\/#primaryimage\"},\"image\":{\"@id\":\"https:\\\/\\\/www.satine.com\\\/usa\\\/#primaryimage\"},\"thumbnailUrl\":\"https:\\\/\\\/www.satine.com\\\/wp-content\\\/uploads\\\/2024\\\/09\\\/FOTO-PIGMENTO-INSTAGRAM-AMAZON-1-1024x684.jpg\",\"datePublished\":\"2024-09-27T08:29:37+00:00\",\"dateModified\":\"2024-09-27T08:42:13+00:00\",\"description\":\"Explore the growing popularity of microcement across the United States in both residential and commercial spaces. Learn about its versatile applications, from sleek kitchen and bathroom renovations to durable outdoor patios in cities like New York, Washington D.C., and Miami. Discover how microcement offers seamless, modern finishes that are perfect for high-traffic areas, offices, and retail spaces.\",\"breadcrumb\":{\"@id\":\"https:\\\/\\\/www.satine.com\\\/usa\\\/#breadcrumb\"},\"inLanguage\":\"de\",\"potentialAction\":[{\"@type\":\"ReadAction\",\"target\":[\"https:\\\/\\\/www.satine.com\\\/usa\\\/\"]}]},{\"@type\":\"ImageObject\",\"inLanguage\":\"de\",\"@id\":\"https:\\\/\\\/www.satine.com\\\/usa\\\/#primaryimage\",\"url\":\"https:\\\/\\\/www.satine.com\\\/wp-content\\\/uploads\\\/2024\\\/09\\\/FOTO-PIGMENTO-INSTAGRAM-AMAZON-1-1024x684.jpg\",\"contentUrl\":\"https:\\\/\\\/www.satine.com\\\/wp-content\\\/uploads\\\/2024\\\/09\\\/FOTO-PIGMENTO-INSTAGRAM-AMAZON-1-1024x684.jpg\"},{\"@type\":\"BreadcrumbList\",\"@id\":\"https:\\\/\\\/www.satine.com\\\/usa\\\/#breadcrumb\",\"itemListElement\":[{\"@type\":\"ListItem\",\"position\":1,\"name\":\"Inicio\",\"item\":\"https:\\\/\\\/www.satine.com\\\/\"},{\"@type\":\"ListItem\",\"position\":2,\"name\":\"Microcement United States\"}]},{\"@type\":\"WebSite\",\"@id\":\"https:\\\/\\\/www.satine.com\\\/#website\",\"url\":\"https:\\\/\\\/www.satine.com\\\/\",\"name\":\"Satine - Microcement\",\"description\":\"\",\"alternateName\":\"Satine - Microcement\",\"potentialAction\":[{\"@type\":\"SearchAction\",\"target\":{\"@type\":\"EntryPoint\",\"urlTemplate\":\"https:\\\/\\\/www.satine.com\\\/?s={search_term_string}\"},\"query-input\":{\"@type\":\"PropertyValueSpecification\",\"valueRequired\":true,\"valueName\":\"search_term_string\"}}],\"inLanguage\":\"de\"}]}<\/script>\n<!-- \/ Yoast SEO plugin. -->","yoast_head_json":{"title":"Mikrozement Vereinigte Staaten - Satine","description":"Entdecken Sie die wachsende Beliebtheit von Mikrozement in den Vereinigten Staaten, sowohl im privaten als auch im gewerblichen Bereich. Erfahren Sie mehr \u00fcber seine vielseitigen Einsatzm\u00f6glichkeiten, von eleganten K\u00fcchen- und Badrenovierungen bis hin zu langlebigen Au\u00dfenterrassen in St\u00e4dten wie New York, Washington D.C. und Miami. Entdecken Sie, wie Mikrozement nahtlose, moderne Oberfl\u00e4chen bietet, die perfekt f\u00fcr stark frequentierte Bereiche, B\u00fcros und Einzelhandelsfl\u00e4chen geeignet sind.","robots":{"index":"index","follow":"follow","max-snippet":"max-snippet:-1","max-image-preview":"max-image-preview:large","max-video-preview":"max-video-preview:-1"},"canonical":"https:\/\/www.satine.com\/de\/usa\/","og_locale":"de_DE","og_type":"article","og_title":"Microcement United States - Satine","og_description":"Explore the growing popularity of microcement across the United States in both residential and commercial spaces. Learn about its versatile applications, from sleek kitchen and bathroom renovations to durable outdoor patios in cities like New York, Washington D.C., and Miami. Discover how microcement offers seamless, modern finishes that are perfect for high-traffic areas, offices, and retail spaces.","og_url":"https:\/\/www.satine.com\/de\/usa\/","og_site_name":"Satine","article_modified_time":"2024-09-27T08:42:13+00:00","og_image":[{"url":"https:\/\/www.satine.com\/wp-content\/uploads\/2024\/09\/FOTO-PIGMENTO-INSTAGRAM-AMAZON-1-1024x684.jpg","type":"","width":"","height":""}],"twitter_card":"summary_large_image","twitter_misc":{"Gesch\u00e4tzte Lesezeit":"7\u00a0Minuten"},"schema":{"@context":"https:\/\/schema.org","@graph":[{"@type":"WebPage","@id":"https:\/\/www.satine.com\/usa\/","url":"https:\/\/www.satine.com\/usa\/","name":"Mikrozement Vereinigte Staaten - Satine","isPartOf":{"@id":"https:\/\/www.satine.com\/#website"},"primaryImageOfPage":{"@id":"https:\/\/www.satine.com\/usa\/#primaryimage"},"image":{"@id":"https:\/\/www.satine.com\/usa\/#primaryimage"},"thumbnailUrl":"https:\/\/www.satine.com\/wp-content\/uploads\/2024\/09\/FOTO-PIGMENTO-INSTAGRAM-AMAZON-1-1024x684.jpg","datePublished":"2024-09-27T08:29:37+00:00","dateModified":"2024-09-27T08:42:13+00:00","description":"Entdecken Sie die wachsende Beliebtheit von Mikrozement in den Vereinigten Staaten, sowohl im privaten als auch im gewerblichen Bereich. Erfahren Sie mehr \u00fcber seine vielseitigen Einsatzm\u00f6glichkeiten, von eleganten K\u00fcchen- und Badrenovierungen bis hin zu langlebigen Au\u00dfenterrassen in St\u00e4dten wie New York, Washington D.C. und Miami. Entdecken Sie, wie Mikrozement nahtlose, moderne Oberfl\u00e4chen bietet, die perfekt f\u00fcr stark frequentierte Bereiche, B\u00fcros und Einzelhandelsfl\u00e4chen geeignet sind.","breadcrumb":{"@id":"https:\/\/www.satine.com\/usa\/#breadcrumb"},"inLanguage":"de","potentialAction":[{"@type":"ReadAction","target":["https:\/\/www.satine.com\/usa\/"]}]},{"@type":"ImageObject","inLanguage":"de","@id":"https:\/\/www.satine.com\/usa\/#primaryimage","url":"https:\/\/www.satine.com\/wp-content\/uploads\/2024\/09\/FOTO-PIGMENTO-INSTAGRAM-AMAZON-1-1024x684.jpg","contentUrl":"https:\/\/www.satine.com\/wp-content\/uploads\/2024\/09\/FOTO-PIGMENTO-INSTAGRAM-AMAZON-1-1024x684.jpg"},{"@type":"BreadcrumbList","@id":"https:\/\/www.satine.com\/usa\/#breadcrumb","itemListElement":[{"@type":"ListItem","position":1,"name":"Inicio","item":"https:\/\/www.satine.com\/"},{"@type":"ListItem","position":2,"name":"Microcement United States"}]},{"@type":"WebSite","@id":"https:\/\/www.satine.com\/#website","url":"https:\/\/www.satine.com\/","name":"Satine - Mikrozement","description":"","alternateName":"Satine - Microcement","potentialAction":[{"@type":"SearchAction","target":{"@type":"EntryPoint","urlTemplate":"https:\/\/www.satine.com\/?s={search_term_string}"},"query-input":{"@type":"PropertyValueSpecification","valueRequired":true,"valueName":"search_term_string"}}],"inLanguage":"de"}]}},"_links":{"self":[{"href":"https:\/\/www.satine.com\/de\/wp-json\/wp\/v2\/pages\/5551","targetHints":{"allow":["GET"]}}],"collection":[{"href":"https:\/\/www.satine.com\/de\/wp-json\/wp\/v2\/pages"}],"about":[{"href":"https:\/\/www.satine.com\/de\/wp-json\/wp\/v2\/types\/page"}],"author":[{"embeddable":true,"href":"https:\/\/www.satine.com\/de\/wp-json\/wp\/v2\/users\/1"}],"replies":[{"embeddable":true,"href":"https:\/\/www.satine.com\/de\/wp-json\/wp\/v2\/comments?post=5551"}],"version-history":[{"count":5,"href":"https:\/\/www.satine.com\/de\/wp-json\/wp\/v2\/pages\/5551\/revisions"}],"predecessor-version":[{"id":5563,"href":"https:\/\/www.satine.com\/de\/wp-json\/wp\/v2\/pages\/5551\/revisions\/5563"}],"wp:attachment":[{"href":"https:\/\/www.satine.com\/de\/wp-json\/wp\/v2\/media?parent=5551"}],"curies":[{"name":"wp","href":"https:\/\/api.w.org\/{rel}","templated":true}]}}