{"id":5408,"date":"2024-09-24T04:36:57","date_gmt":"2024-09-24T08:36:57","guid":{"rendered":"https:\/\/www.satine.com\/?page_id=5408"},"modified":"2024-09-24T05:14:05","modified_gmt":"2024-09-24T09:14:05","slug":"oberflachen-von-mikrozement","status":"publish","type":"page","link":"https:\/\/www.satine.com\/de\/microcement\/finishes-of-microcement\/","title":{"rendered":"Oberfl\u00e4chenbehandlung von Mikrozement"},"content":{"rendered":"<h3 class=\"wp-block-heading\">Oberfl\u00e4chen und Texturen von <a href=\"https:\/\/www.satine.com\/microcement\">Mikrozement<\/a><\/h3>\n\n\n\n<p>Mikrozement ist ein \u00e4u\u00dferst vielseitiges Material, das eine Vielzahl von Oberfl\u00e4chen und Strukturen erm\u00f6glicht, die sich an unterschiedliche dekorative Stile und funktionale Anforderungen anpassen. Auf dieser Seite werden die verschiedenen Oberfl\u00e4chen- und Texturoptionen vorgestellt, die mit Mikrozement erzielt werden k\u00f6nnen, und es werden visuelle Beispiele und Empfehlungen gegeben, die Ihnen bei der Auswahl des richtigen Stils f\u00fcr Ihr Projekt helfen.<\/p>\n\n\n\n<h4 class=\"wp-block-heading\">1.&nbsp;<strong>Matte Oberfl\u00e4chen<\/strong><\/h4>\n\n\n\n<p>Matte Oberfl\u00e4chen sind eine beliebte Wahl, die ein dezentes und elegantes Aussehen bietet. Diese Oberfl\u00e4che reflektiert kein Licht und hilft, Unvollkommenheiten auf der Oberfl\u00e4che zu verbergen. Sie ist ideal f\u00fcr R\u00e4ume, in denen eine entspannende und gem\u00fctliche Atmosph\u00e4re gew\u00fcnscht wird, wie z. B. in Wohn- oder Schlafzimmern.<\/p>\n\n\n\n<p><strong>Visuelles Beispiel<\/strong>: Bild eines Wohnzimmers mit einem matten Mikrozementboden, der seine Weichheit und Eleganz unterstreicht.<\/p>\n\n\n\n<h4 class=\"wp-block-heading\">2.&nbsp;<strong>Gl\u00e4nzende Oberfl\u00e4chen<\/strong><\/h4>\n\n\n\n<p>Gl\u00e4nzende Oberfl\u00e4chen verleihen jedem Raum eine moderne und anspruchsvolle Note. Sie reflektieren das Licht und k\u00f6nnen Umgebungen gr\u00f6\u00dfer und heller erscheinen lassen. Diese Art von Oberfl\u00e4che eignet sich perfekt f\u00fcr Bereiche wie K\u00fcchen und B\u00e4der, in denen ein Gef\u00fchl von Sauberkeit und Frische gew\u00fcnscht wird.<\/p>\n\n\n\n<p><strong>Visuelles Beispiel<\/strong>: Bild einer K\u00fcche mit einem gl\u00e4nzenden Mikrozementboden, der seine Leuchtkraft unterstreicht.<\/p>\n\n\n\n<h4 class=\"wp-block-heading\">3.&nbsp;<strong>Raue Texturen<\/strong><\/h4>\n\n\n\n<p>Mikrozement kann auch mit rauen Texturen aufgetragen werden, die der Oberfl\u00e4che Charakter und Tiefe verleihen. Diese Texturen k\u00f6nnen von leichten Unregelm\u00e4\u00dfigkeiten bis hin zu ausgepr\u00e4gten Oberfl\u00e4chen variieren und eignen sich perfekt f\u00fcr rustikale oder industrielle Umgebungen.<\/p>\n\n\n\n<p><strong>Visuelles Beispiel<\/strong>: Bild einer Wand aus Mikrozement mit rauer Textur, die den haptischen Reiz demonstriert.<\/p>\n\n\n\n<h4 class=\"wp-block-heading\">4.&nbsp;<strong>Glatte Texturen<\/strong><\/h4>\n\n\n\n<p>Glatte Texturen hingegen sorgen f\u00fcr ein modernes und sauberes Finish. Diese Art von Textur ist ideal f\u00fcr einen minimalistischen Stil und bietet ein modernes und raffiniertes Aussehen. Sie k\u00f6nnen in verschiedenen Bereichen verwendet werden, vom Boden bis zur Wand.<\/p>\n\n\n\n<p><strong>Visuelles Beispiel<\/strong>: Bild eines Badezimmers mit glatten Oberfl\u00e4chen aus Mikrozement, das seine Schlichtheit und Eleganz unterstreicht.<\/p>\n\n\n\n<h4 class=\"wp-block-heading\">5.&nbsp;<strong>Metallic-Effekt-Oberfl\u00e4chen<\/strong><\/h4>\n\n\n\n<p>F\u00fcr diejenigen, die einen mutigeren und moderneren Stil suchen, sind Oberfl\u00e4chen mit Metalleffekt eine faszinierende Option. Diese Oberfl\u00e4chen ahmen den Glanz und die Tiefe von Metall nach und sorgen f\u00fcr ein industrielles und modernes Aussehen, das den Mittelpunkt eines jeden Raumes bilden kann.<\/p>\n\n\n\n<p><strong>Visuelles Beispiel<\/strong>: Bild eines Ausstellungsraums mit einem Mikrozementboden mit Metalleffekt, der seine Einzigartigkeit unterstreicht.<\/p>\n\n\n\n<h4 class=\"wp-block-heading\">6.&nbsp;<strong>Farbiger Mikrozement<\/strong><\/h4>\n\n\n\n<p>Mikrozement erm\u00f6glicht auch eine individuelle Farbgestaltung. Die Oberfl\u00e4chen k\u00f6nnen in einer breiten Palette von Schattierungen gestaltet werden, von neutralen T\u00f6nen bis hin zu leuchtenden Farben. Dies erm\u00f6glicht es Designern und Hausbesitzern, R\u00e4ume nach ihrem Geschmack und ihren Bed\u00fcrfnissen zu gestalten.<\/p>\n\n\n\n<p><strong>Visuelles Beispiel<\/strong>: Bild eines Gesch\u00e4ftsraums mit leuchtend blauem Mikrozementboden, der seine Anpassungsf\u00e4higkeit demonstriert.<\/p>\n\n\n\n<h4 class=\"wp-block-heading\">7.&nbsp;<strong>Dekorative Veredelungen<\/strong><\/h4>\n\n\n\n<p>Neben den Standardoberfl\u00e4chen kann Mikrozement auch mit dekorativen Techniken wie dem \"Marmoreffekt\" oder dem \"Steineffekt\" aufgebracht werden, die das Aussehen nat\u00fcrlicher Materialien simulieren, ohne die Nachteile bei der Instandhaltung.<\/p>\n\n\n\n<p><strong>Visuelles Beispiel<\/strong>: Bild eines dekorativen Eingangs mit Mikrozement, der Marmor imitiert und seine \u00e4sthetische Sch\u00f6nheit unterstreicht.<\/p>\n\n\n\n<div style=\"height:30px\" aria-hidden=\"true\" class=\"wp-block-spacer\"><\/div>\n\n\n\n<figure class=\"wp-block-image size-large is-resized\"><img loading=\"lazy\" decoding=\"async\" width=\"1024\" height=\"1024\" src=\"https:\/\/www.satine.com\/wp-content\/uploads\/2024\/09\/1c2d3913-e066-4cee-9c2c-622e375fa96c._CR194881229532952_SX1280_-3-1024x1024.jpg\" alt=\"\" class=\"wp-image-5409\" style=\"aspect-ratio:16\/9;object-fit:cover;width:1600px\" srcset=\"https:\/\/www.satine.com\/wp-content\/uploads\/2024\/09\/1c2d3913-e066-4cee-9c2c-622e375fa96c._CR194881229532952_SX1280_-3-1024x1024.jpg 1024w, https:\/\/www.satine.com\/wp-content\/uploads\/2024\/09\/1c2d3913-e066-4cee-9c2c-622e375fa96c._CR194881229532952_SX1280_-3-300x300.jpg 300w, https:\/\/www.satine.com\/wp-content\/uploads\/2024\/09\/1c2d3913-e066-4cee-9c2c-622e375fa96c._CR194881229532952_SX1280_-3-150x150.jpg 150w, https:\/\/www.satine.com\/wp-content\/uploads\/2024\/09\/1c2d3913-e066-4cee-9c2c-622e375fa96c._CR194881229532952_SX1280_-3-768x768.jpg 768w, https:\/\/www.satine.com\/wp-content\/uploads\/2024\/09\/1c2d3913-e066-4cee-9c2c-622e375fa96c._CR194881229532952_SX1280_-3-12x12.jpg 12w, https:\/\/www.satine.com\/wp-content\/uploads\/2024\/09\/1c2d3913-e066-4cee-9c2c-622e375fa96c._CR194881229532952_SX1280_-3.jpg 1280w\" sizes=\"auto, (max-width: 1024px) 100vw, 1024px\" \/><\/figure>\n\n\n\n<div style=\"height:30px\" aria-hidden=\"true\" class=\"wp-block-spacer\"><\/div>\n\n\n\n<h4 class=\"wp-block-heading\"><strong>Empfehlungen f\u00fcr die Auswahl von Oberfl\u00e4chen und Texturen<\/strong><\/h4>\n\n\n\n<ul class=\"wp-block-list\">\n<li><strong>Ber\u00fccksichtigen Sie die Nutzung des Raums<\/strong>: Denken Sie an die Funktionalit\u00e4t des Bereichs. Gl\u00e4nzende Oberfl\u00e4chen sind zum Beispiel ideal f\u00fcr Nassbereiche, w\u00e4hrend matte Oberfl\u00e4chen eher f\u00fcr wenig frequentierte Bereiche geeignet sind.<\/li>\n\n\n\n<li><strong>Dekorativer Gesamtstil<\/strong>: W\u00e4hlen Sie Oberfl\u00e4chen, die den dekorativen Stil Ihrer Wohnung oder Ihres Unternehmens erg\u00e4nzen. Ein industrielles Finish ist m\u00f6glicherweise nicht f\u00fcr einen rustikalen Raum geeignet und umgekehrt<a href=\"https:\/\/www.satinestone.com\">.<\/a><\/li>\n\n\n\n<li><strong><a href=\"https:\/\/www.satine.com\/microcement-maintenance\">Wartung<\/a><\/strong>: Einige Oberfl\u00e4chen erfordern mehr Pflege als andere. Sprechen Sie mit Ihrem Installateur, um herauszufinden, welche Art von Oberfl\u00e4che Ihren Bed\u00fcrfnissen am besten entspricht.<\/li>\n<\/ul>","protected":false},"excerpt":{"rendered":"<p>Finishes and Textures of Microcement Microcement is a highly versatile material that allows for a wide variety of finishes and textures, adapting to different decorative styles and functional needs. This page explores the various finish and texture options that can be achieved with microcement, providing visual examples and recommendations to help you choose the right [&hellip;]<\/p>\n","protected":false},"author":1,"featured_media":0,"parent":2814,"menu_order":0,"comment_status":"closed","ping_status":"closed","template":"","meta":{"footnotes":""},"class_list":["post-5408","page","type-page","status-publish","hentry"],"yoast_head":"<!-- This site is optimized with the Yoast SEO plugin v27.5 - https:\/\/yoast.com\/product\/yoast-seo-wordpress\/ -->\n<title>Finishes of Microcement - Satine<\/title>\n<meta name=\"description\" content=\"Discover the diverse finishes and textures of microcement to elevate your spaces. Explore options from matte to glossy, rough to smooth, and vibrant colors. Get inspired with visual examples and expert recommendations to choose the perfect microcement style for your home or business.\" \/>\n<meta name=\"robots\" content=\"index, follow, max-snippet:-1, max-image-preview:large, max-video-preview:-1\" \/>\n<link rel=\"canonical\" href=\"https:\/\/www.satine.com\/de\/mikrozement\/oberflachen-von-mikrozement\/\" \/>\n<meta property=\"og:locale\" content=\"de_DE\" \/>\n<meta property=\"og:type\" content=\"article\" \/>\n<meta property=\"og:title\" content=\"Finishes of Microcement - Satine\" \/>\n<meta property=\"og:description\" content=\"Discover the diverse finishes and textures of microcement to elevate your spaces. Explore options from matte to glossy, rough to smooth, and vibrant colors. Get inspired with visual examples and expert recommendations to choose the perfect microcement style for your home or business.\" \/>\n<meta property=\"og:url\" content=\"https:\/\/www.satine.com\/de\/mikrozement\/oberflachen-von-mikrozement\/\" \/>\n<meta property=\"og:site_name\" content=\"Satine\" \/>\n<meta property=\"article:modified_time\" content=\"2024-09-24T09:14:05+00:00\" \/>\n<meta property=\"og:image\" content=\"https:\/\/www.satine.com\/wp-content\/uploads\/2024\/09\/1c2d3913-e066-4cee-9c2c-622e375fa96c._CR194881229532952_SX1280_-3-1024x1024.jpg\" \/>\n<meta name=\"twitter:card\" content=\"summary_large_image\" \/>\n<meta name=\"twitter:label1\" content=\"Gesch\u00e4tzte Lesezeit\" \/>\n\t<meta name=\"twitter:data1\" content=\"3\u00a0Minuten\" \/>\n<script type=\"application\/ld+json\" class=\"yoast-schema-graph\">{\"@context\":\"https:\\\/\\\/schema.org\",\"@graph\":[{\"@type\":\"WebPage\",\"@id\":\"https:\\\/\\\/www.satine.com\\\/microcement\\\/finishes-of-microcement\\\/\",\"url\":\"https:\\\/\\\/www.satine.com\\\/microcement\\\/finishes-of-microcement\\\/\",\"name\":\"Finishes of Microcement - Satine\",\"isPartOf\":{\"@id\":\"https:\\\/\\\/www.satine.com\\\/#website\"},\"primaryImageOfPage\":{\"@id\":\"https:\\\/\\\/www.satine.com\\\/microcement\\\/finishes-of-microcement\\\/#primaryimage\"},\"image\":{\"@id\":\"https:\\\/\\\/www.satine.com\\\/microcement\\\/finishes-of-microcement\\\/#primaryimage\"},\"thumbnailUrl\":\"https:\\\/\\\/www.satine.com\\\/wp-content\\\/uploads\\\/2024\\\/09\\\/1c2d3913-e066-4cee-9c2c-622e375fa96c._CR194881229532952_SX1280_-3-1024x1024.jpg\",\"datePublished\":\"2024-09-24T08:36:57+00:00\",\"dateModified\":\"2024-09-24T09:14:05+00:00\",\"description\":\"Discover the diverse finishes and textures of microcement to elevate your spaces. Explore options from matte to glossy, rough to smooth, and vibrant colors. Get inspired with visual examples and expert recommendations to choose the perfect microcement style for your home or business.\",\"breadcrumb\":{\"@id\":\"https:\\\/\\\/www.satine.com\\\/microcement\\\/finishes-of-microcement\\\/#breadcrumb\"},\"inLanguage\":\"de\",\"potentialAction\":[{\"@type\":\"ReadAction\",\"target\":[\"https:\\\/\\\/www.satine.com\\\/microcement\\\/finishes-of-microcement\\\/\"]}]},{\"@type\":\"ImageObject\",\"inLanguage\":\"de\",\"@id\":\"https:\\\/\\\/www.satine.com\\\/microcement\\\/finishes-of-microcement\\\/#primaryimage\",\"url\":\"https:\\\/\\\/www.satine.com\\\/wp-content\\\/uploads\\\/2024\\\/09\\\/1c2d3913-e066-4cee-9c2c-622e375fa96c._CR194881229532952_SX1280_-3-1024x1024.jpg\",\"contentUrl\":\"https:\\\/\\\/www.satine.com\\\/wp-content\\\/uploads\\\/2024\\\/09\\\/1c2d3913-e066-4cee-9c2c-622e375fa96c._CR194881229532952_SX1280_-3-1024x1024.jpg\"},{\"@type\":\"BreadcrumbList\",\"@id\":\"https:\\\/\\\/www.satine.com\\\/microcement\\\/finishes-of-microcement\\\/#breadcrumb\",\"itemListElement\":[{\"@type\":\"ListItem\",\"position\":1,\"name\":\"Inicio\",\"item\":\"https:\\\/\\\/www.satine.com\\\/\"},{\"@type\":\"ListItem\",\"position\":2,\"name\":\"Microcement\",\"item\":\"https:\\\/\\\/www.satine.com\\\/microcement\\\/\"},{\"@type\":\"ListItem\",\"position\":3,\"name\":\"Finishes of Microcement\"}]},{\"@type\":\"WebSite\",\"@id\":\"https:\\\/\\\/www.satine.com\\\/#website\",\"url\":\"https:\\\/\\\/www.satine.com\\\/\",\"name\":\"Satine - Microcement\",\"description\":\"\",\"alternateName\":\"Satine - Microcement\",\"potentialAction\":[{\"@type\":\"SearchAction\",\"target\":{\"@type\":\"EntryPoint\",\"urlTemplate\":\"https:\\\/\\\/www.satine.com\\\/?s={search_term_string}\"},\"query-input\":{\"@type\":\"PropertyValueSpecification\",\"valueRequired\":true,\"valueName\":\"search_term_string\"}}],\"inLanguage\":\"de\"}]}<\/script>\n<!-- \/ Yoast SEO plugin. -->","yoast_head_json":{"title":"Oberfl\u00e4chenbehandlung von Mikrozement - Satine","description":"Entdecken Sie die verschiedenen Oberfl\u00e4chen und Texturen von Mikrozement, um Ihre R\u00e4ume zu versch\u00f6nern. Erkunden Sie die Optionen von matt bis gl\u00e4nzend, rau bis glatt und in leuchtenden Farben. Lassen Sie sich von visuellen Beispielen und Expertenempfehlungen inspirieren, um den perfekten Mikrozementstil f\u00fcr Ihr Zuhause oder Ihr Unternehmen zu finden.","robots":{"index":"index","follow":"follow","max-snippet":"max-snippet:-1","max-image-preview":"max-image-preview:large","max-video-preview":"max-video-preview:-1"},"canonical":"https:\/\/www.satine.com\/de\/mikrozement\/oberflachen-von-mikrozement\/","og_locale":"de_DE","og_type":"article","og_title":"Finishes of Microcement - Satine","og_description":"Discover the diverse finishes and textures of microcement to elevate your spaces. Explore options from matte to glossy, rough to smooth, and vibrant colors. Get inspired with visual examples and expert recommendations to choose the perfect microcement style for your home or business.","og_url":"https:\/\/www.satine.com\/de\/mikrozement\/oberflachen-von-mikrozement\/","og_site_name":"Satine","article_modified_time":"2024-09-24T09:14:05+00:00","og_image":[{"url":"https:\/\/www.satine.com\/wp-content\/uploads\/2024\/09\/1c2d3913-e066-4cee-9c2c-622e375fa96c._CR194881229532952_SX1280_-3-1024x1024.jpg","type":"","width":"","height":""}],"twitter_card":"summary_large_image","twitter_misc":{"Gesch\u00e4tzte Lesezeit":"3\u00a0Minuten"},"schema":{"@context":"https:\/\/schema.org","@graph":[{"@type":"WebPage","@id":"https:\/\/www.satine.com\/microcement\/finishes-of-microcement\/","url":"https:\/\/www.satine.com\/microcement\/finishes-of-microcement\/","name":"Oberfl\u00e4chenbehandlung von Mikrozement - Satine","isPartOf":{"@id":"https:\/\/www.satine.com\/#website"},"primaryImageOfPage":{"@id":"https:\/\/www.satine.com\/microcement\/finishes-of-microcement\/#primaryimage"},"image":{"@id":"https:\/\/www.satine.com\/microcement\/finishes-of-microcement\/#primaryimage"},"thumbnailUrl":"https:\/\/www.satine.com\/wp-content\/uploads\/2024\/09\/1c2d3913-e066-4cee-9c2c-622e375fa96c._CR194881229532952_SX1280_-3-1024x1024.jpg","datePublished":"2024-09-24T08:36:57+00:00","dateModified":"2024-09-24T09:14:05+00:00","description":"Entdecken Sie die verschiedenen Oberfl\u00e4chen und Texturen von Mikrozement, um Ihre R\u00e4ume zu versch\u00f6nern. Erkunden Sie die Optionen von matt bis gl\u00e4nzend, rau bis glatt und in leuchtenden Farben. Lassen Sie sich von visuellen Beispielen und Expertenempfehlungen inspirieren, um den perfekten Mikrozementstil f\u00fcr Ihr Zuhause oder Ihr Unternehmen zu finden.","breadcrumb":{"@id":"https:\/\/www.satine.com\/microcement\/finishes-of-microcement\/#breadcrumb"},"inLanguage":"de","potentialAction":[{"@type":"ReadAction","target":["https:\/\/www.satine.com\/microcement\/finishes-of-microcement\/"]}]},{"@type":"ImageObject","inLanguage":"de","@id":"https:\/\/www.satine.com\/microcement\/finishes-of-microcement\/#primaryimage","url":"https:\/\/www.satine.com\/wp-content\/uploads\/2024\/09\/1c2d3913-e066-4cee-9c2c-622e375fa96c._CR194881229532952_SX1280_-3-1024x1024.jpg","contentUrl":"https:\/\/www.satine.com\/wp-content\/uploads\/2024\/09\/1c2d3913-e066-4cee-9c2c-622e375fa96c._CR194881229532952_SX1280_-3-1024x1024.jpg"},{"@type":"BreadcrumbList","@id":"https:\/\/www.satine.com\/microcement\/finishes-of-microcement\/#breadcrumb","itemListElement":[{"@type":"ListItem","position":1,"name":"Inicio","item":"https:\/\/www.satine.com\/"},{"@type":"ListItem","position":2,"name":"Microcement","item":"https:\/\/www.satine.com\/microcement\/"},{"@type":"ListItem","position":3,"name":"Finishes of Microcement"}]},{"@type":"WebSite","@id":"https:\/\/www.satine.com\/#website","url":"https:\/\/www.satine.com\/","name":"Satine - Mikrozement","description":"","alternateName":"Satine - Microcement","potentialAction":[{"@type":"SearchAction","target":{"@type":"EntryPoint","urlTemplate":"https:\/\/www.satine.com\/?s={search_term_string}"},"query-input":{"@type":"PropertyValueSpecification","valueRequired":true,"valueName":"search_term_string"}}],"inLanguage":"de"}]}},"_links":{"self":[{"href":"https:\/\/www.satine.com\/de\/wp-json\/wp\/v2\/pages\/5408","targetHints":{"allow":["GET"]}}],"collection":[{"href":"https:\/\/www.satine.com\/de\/wp-json\/wp\/v2\/pages"}],"about":[{"href":"https:\/\/www.satine.com\/de\/wp-json\/wp\/v2\/types\/page"}],"author":[{"embeddable":true,"href":"https:\/\/www.satine.com\/de\/wp-json\/wp\/v2\/users\/1"}],"replies":[{"embeddable":true,"href":"https:\/\/www.satine.com\/de\/wp-json\/wp\/v2\/comments?post=5408"}],"version-history":[{"count":2,"href":"https:\/\/www.satine.com\/de\/wp-json\/wp\/v2\/pages\/5408\/revisions"}],"predecessor-version":[{"id":5411,"href":"https:\/\/www.satine.com\/de\/wp-json\/wp\/v2\/pages\/5408\/revisions\/5411"}],"up":[{"embeddable":true,"href":"https:\/\/www.satine.com\/de\/wp-json\/wp\/v2\/pages\/2814"}],"wp:attachment":[{"href":"https:\/\/www.satine.com\/de\/wp-json\/wp\/v2\/media?parent=5408"}],"curies":[{"name":"wp","href":"https:\/\/api.w.org\/{rel}","templated":true}]}}