{"id":5402,"date":"2024-09-24T03:44:16","date_gmt":"2024-09-24T07:44:16","guid":{"rendered":"https:\/\/www.satine.com\/?page_id=5402"},"modified":"2024-09-24T03:44:53","modified_gmt":"2024-09-24T07:44:53","slug":"wie-man-mikrozement-auftragt","status":"publish","type":"page","link":"https:\/\/www.satine.com\/de\/microcement\/how-to-apply-microcement\/","title":{"rendered":"Wie man Mikrozement auftr\u00e4gt"},"content":{"rendered":"<h2 class=\"wp-block-heading\"><strong>Wie man Mikrozement auftr\u00e4gt: Alles, was Sie wissen m\u00fcssen<\/strong><\/h2>\n\n\n\n<p>In diesem exklusiven Bereich f\u00fcr <a href=\"https:\/\/www.satine.com\/microcement\">Mikrozement<\/a> finden Sie zahlreiche Tipps unseres Expertenteams f\u00fcr die Anwendung von Mikrozement an W\u00e4nden, B\u00f6den, im Innen- und Au\u00dfenbereich sowie f\u00fcr Schwimmb\u00e4der.<\/p>\n\n\n\n<p>Sie erfahren, welche Art von Mikrozement je nach der zu verkleidenden Fl\u00e4che und dem vorhandenen Material am besten geeignet ist, und welche spezifischen Werkzeuge Sie f\u00fcr ein optimales Ergebnis ben\u00f6tigen: Spachtel, Kellen, Rollen usw.<\/p>\n\n\n\n<p>In diesem Abschnitt finden Sie auch die verschiedenen Techniken f\u00fcr die Anwendung von Mikrozement in Abh\u00e4ngigkeit von der gew\u00fcnschten Oberfl\u00e4che. Mikrozement ist eine Beschichtung, die zahlreiche dekorative M\u00f6glichkeiten bietet.<\/p>\n\n\n\n<h2 class=\"wp-block-heading\"><strong>Schritt-f\u00fcr-Schritt-Anwendung von Mikrozement: Anwendungsmethode<\/strong><\/h2>\n\n\n\n<p>Der Prozess der Mikrozementanwendung h\u00e4ngt von dem gew\u00e4hlten Satine-Mikrozementsystem ab.<\/p>\n\n\n\n<p>Generell ist die Anwendung von Mikrozement auf B\u00f6den und W\u00e4nden jedoch wie folgt:<\/p>\n\n\n\n<ol class=\"wp-block-list\">\n<li>Bereiten Sie die Arbeitsfl\u00e4che vor, bringen Sie das Netz an und tragen Sie die Grundierung oder den Haftvermittler auf.<\/li>\n\n\n\n<li>Bringen Sie zwei Schichten Vorbereitungs- oder Grundmikrozement \u00fcber einem Gitter auf, das als Tr\u00e4ger f\u00fcr den Endmikrozement dient.<\/li>\n\n\n\n<li>Anschlie\u00dfend tragen Sie zwei Schichten Mikrozement auf. Dieser kombiniert die gew\u00fcnschte Textur und Farbe und verleiht der Oberfl\u00e4che das endg\u00fcltige Aussehen.<\/li>\n<\/ol>\n\n\n\n<p>Mikrozementb\u00f6den liegen im Trend, da sie eine dauerhafte und widerstandsf\u00e4hige dekorative L\u00f6sung darstellen und gleichzeitig ein hohes Ma\u00df an Individualit\u00e4t bieten. Wir zeigen Ihnen, wie Sie Mikrozement Schritt f\u00fcr Schritt auf B\u00f6den sowohl im Innen- als auch im Au\u00dfenbereich auftragen k\u00f6nnen.<\/p>\n\n\n\n<h2 class=\"wp-block-heading\"><strong>Wie man sich bewirbt <a href=\"https:\/\/www.satine.com\/microcement-walls\">Mikrozement an W\u00e4nden<\/a><\/strong><\/h2>\n\n\n\n<p>Die Verwendung von Mikrozement f\u00fcr W\u00e4nde hat sich aufgrund seines industriellen Aussehens, der schnellen Installation, der starken Haftung und der hohen Rissbest\u00e4ndigkeit neben vielen anderen Eigenschaften durchgesetzt. Daher ist es nicht verwunderlich, dass man immer mehr W\u00e4nde aus Mikrozement sieht, nicht nur in Privath\u00e4usern, sondern auch in gro\u00dfen Gesch\u00e4ftsr\u00e4umen wie Hotels oder Restaurants.<\/p>\n\n\n\n<p>Aber wie bringt man Mikrozement auf W\u00e4nden an? In diesem Abschnitt wird Schritt f\u00fcr Schritt erkl\u00e4rt, wie man Mikrozement auf W\u00e4nden auftr\u00e4gt, und zwar sowohl f\u00fcr Innen- als auch f\u00fcr Au\u00dfenfl\u00e4chen.<\/p>\n\n\n\n<div style=\"height:30px\" aria-hidden=\"true\" class=\"wp-block-spacer\"><\/div>\n\n\n\n<figure class=\"wp-block-image size-full is-resized is-style-default\"><img loading=\"lazy\" decoding=\"async\" width=\"1024\" height=\"1024\" src=\"https:\/\/www.satine.com\/wp-content\/uploads\/2024\/09\/Microcemento-Satine-1024x1024-6.png\" alt=\"\" class=\"wp-image-5403\" style=\"aspect-ratio:16\/9;object-fit:cover;width:1600px\" srcset=\"https:\/\/www.satine.com\/wp-content\/uploads\/2024\/09\/Microcemento-Satine-1024x1024-6.png 1024w, https:\/\/www.satine.com\/wp-content\/uploads\/2024\/09\/Microcemento-Satine-1024x1024-6-300x300.png 300w, https:\/\/www.satine.com\/wp-content\/uploads\/2024\/09\/Microcemento-Satine-1024x1024-6-150x150.png 150w, https:\/\/www.satine.com\/wp-content\/uploads\/2024\/09\/Microcemento-Satine-1024x1024-6-768x768.png 768w, https:\/\/www.satine.com\/wp-content\/uploads\/2024\/09\/Microcemento-Satine-1024x1024-6-12x12.png 12w\" sizes=\"auto, (max-width: 1024px) 100vw, 1024px\" \/><\/figure>\n\n\n\n<div style=\"height:30px\" aria-hidden=\"true\" class=\"wp-block-spacer\"><\/div>\n\n\n\n<h2 class=\"wp-block-heading\"><strong>Wie man sich bewirbt <a href=\"https:\/\/www.satine.com\/microcement-pools\">Mikrozement in Pools<\/a><\/strong><\/h2>\n\n\n\n<p>Schwimmbecken aus Mikrozement liegen im Trend. Die wasserdichten und rutschfesten Eigenschaften von Mikrozement sind einige der Schl\u00fcssel zu seinem Erfolg. Ganz zu schweigen davon, dass bei einem Mikrozementbecken praktisch jedes Design m\u00f6glich ist, was optisch sehr ansprechend ist.<\/p>\n\n\n\n<p>Wir bei Satine sind uns der zahlreichen Vorteile dieser dekorativen Beschichtung f\u00fcr den Bau eines Schwimmbeckens bewusst. Wir haben mehrere Mikrozementsysteme (Einkomponenten-, Zweikomponenten- und gebrauchsfertige Systeme) entwickelt, um verschiedene Texturen und Oberfl\u00e4chen zu erzielen. Im Folgenden erl\u00e4utern wir die Anwendung von Mikrozement auf B\u00f6den.<\/p>\n\n\n\n<h2 class=\"wp-block-heading\"><strong>Tipps f\u00fcr die korrekte Anwendung von Mikrozement<\/strong><\/h2>\n\n\n\n<p>Die Hauptprobleme im Zusammenhang mit Mikrozement entstehen durch eine Reihe von Anwendungsfehlern. Sie reichen von der Nichteinhaltung der Arbeitsschritte \u00fcber die Nichteinhaltung der Trocknungszeiten zwischen den Schichten bis hin zur Nichtbeachtung der Umgebungstemperatur oder der Verwendung ungeeigneter Werkzeuge.<\/p>\n\n\n\n<p>Deshalb bieten wir jetzt eine Reihe von Tipps f\u00fcr die optimale Anwendung von Mikrozement.<\/p>\n\n\n\n<ol class=\"wp-block-list\">\n<li><strong>Mikrozement nur von Fachleuten auftragen lassen<\/strong>\u00a0Das Auftragen von Mikrozement ist nicht so einfach, wie es auf den ersten Blick erscheinen mag. Es ist eine komplexe Aufgabe, die von qualifizierten Fachleuten ausgef\u00fchrt werden muss, die sich mit den Anwendungstechniken f\u00fcr jedes Mikrozementsystem auskennen.Ein Mikrozementverarbeiter muss wissen, wie er den Untergrund beurteilen und erkennen kann, ob er repariert werden muss, bevor er Mikrozement auftr\u00e4gt. Ein erfahrener Fachmann wird wissen, welcher Mikrozement f\u00fcr jedes Renovierungsprojekt am besten geeignet ist, je nach Oberfl\u00e4che, Untergrund und gew\u00fcnschtem Finish.<\/li>\n\n\n\n<li><strong>Planen Sie die Arbeiten vor dem Auftragen von Mikrozement<\/strong>\u00a0Obwohl es sich bei Mikrozement um eine dekorative Beschichtung handelt, die eine schnelle Umgestaltung ohne Bauarbeiten erm\u00f6glicht, ist es von entscheidender Bedeutung, die Arbeiten vor dem Auftragen von Mikrozement genau zu planen, da je nach Projekt andere Fachleute hinzugezogen werden m\u00fcssen. In diesem Fall sollte das Auftragen von Mikrozement immer bis zum Schluss aufgeschoben werden, mit Ausnahme des letzten Anstrichs, des Einbaus von Tischlerarbeiten und der Anbringung von Sanit\u00e4ranlagen.<\/li>\n\n\n\n<li><strong>Wichtige Werkzeuge f\u00fcr die Anwendung von Mikrozement<\/strong>\u00a0F\u00fcr das Auftragen von Mikrozement ist nicht jedes beliebige Werkzeug geeignet, sondern nur ganz bestimmte, im Bausektor \u00fcbliche Werkzeuge, die wir im Folgenden n\u00e4her erl\u00e4utern:\n<ul class=\"wp-block-list\">\n<li><strong>Malerband oder Papier mit Klebeband:<\/strong>\u00a0Zum Schutz von Bereichen, in denen kein Mikrozement aufgebracht wird, vor Spritzern.<\/li>\n\n\n\n<li><strong>Messbecher:<\/strong>\u00a0Mit der Kanne k\u00f6nnen Sie die f\u00fcr die Mischung ben\u00f6tigte Menge an Harz (bei Zweikomponenten-Mikrozementen) oder Wasser (bei Einkomponentenzementen) dosieren.<\/li>\n\n\n\n<li><strong>Mechanischer Mixer mit niedriger Drehzahl und Doppel-Helix-R\u00fchrwerk:<\/strong>\u00a0Um den Mikrozement richtig zu mischen und eine homogene Mischung zu erhalten.<\/li>\n\n\n\n<li><strong>Spachtel:<\/strong>\u00a0Dient als St\u00fctze f\u00fcr die Kelle.<\/li>\n\n\n\n<li><strong>Kelle:<\/strong>\u00a0Erh\u00e4ltlich in verschiedenen Ausf\u00fchrungen und Gr\u00f6\u00dfen, aus flexiblem rostfreiem Stahl oder aus Gummi, je nach dem zu verwendenden Material.<\/li>\n\n\n\n<li><strong>Industriestaubsauger, Exzenterschleifer, Schleifhandschuhe und Siliziumkarbid-Schleifpapier:<\/strong>\u00a0Sobald der Mikrozement trocken ist, m\u00fcssen die Unebenheiten abgeschliffen und der entstehende Staub abgesaugt werden, um den Prozess fortzusetzen.<\/li>\n\n\n\n<li><strong>Walzen:<\/strong>\u00a0Wird zum Auftragen von Grundierungen, Porenversiegelungen und Lackversiegelungen verwendet.<\/li>\n<\/ul>\n<\/li>\n<\/ol>\n\n\n\n<h2 class=\"wp-block-heading\"><strong>Pr\u00fcfen Sie den Zustand des Untergrunds vor dem Auftragen von Mikrozement<\/strong><\/h2>\n\n\n\n<p>Wie bereits erw\u00e4hnt, kann Mikrozement nicht zuverl\u00e4ssig aufgetragen werden, wenn der Untergrund nicht in einwandfreiem Zustand ist. Es gibt vier Faktoren f\u00fcr den Untergrund, die Fachleute vor dem Auftragen von Mikrozement pr\u00fcfen m\u00fcssen.<\/p>\n\n\n\n<ol class=\"wp-block-list\">\n<li><strong>Ebenheit des Substrats<\/strong>\u00a0Mikrozement wird in Schichten aufgetragen, die nicht dicker als 1 mm sind, und die Gesamtdicke wird vier Millimeter nicht \u00fcberschreiten, so dass Unebenheiten des Untergrunds vor dem Auftragen korrigiert werden m\u00fcssen. Mikrozement kann auf B\u00f6den, W\u00e4nde und sogar Decken aufgetragen werden, aber das Endergebnis h\u00e4ngt vom Untergrund und den F\u00e4higkeiten des Verarbeiters ab.<\/li>\n\n\n\n<li><strong>Stabilit\u00e4t des Substrats<\/strong>\u00a0Der Verarbeitungsuntergrund muss stabil sein. Untergr\u00fcnde mit pulverf\u00f6rmigen M\u00f6rteln oder losen Fliesen sind nicht geeignet. Je nach Zustand m\u00fcssen sie entfernt oder mit schnell abbindenden M\u00f6rteln verfestigt werden.<\/li>\n\n\n\n<li><strong>Feuchtigkeitsfreies Substrat<\/strong>\u00a0Wenn der Untergrund feucht ist, kann der Mikrozement nicht aufgebracht werden. Es ist wichtig, die Quelle der Feuchtigkeit zu ermitteln und zu beseitigen. Wir empfehlen die Verwendung eines Feuchtigkeitsmessger\u00e4ts, um sicherzustellen, dass der Feuchtigkeitsgehalt 5% nicht \u00fcbersteigt. Der Untergrund muss ausreichend ausgeh\u00e4rtet sein. Die Temperatur, die Luftfeuchtigkeit und die Bel\u00fcftung des Arbeitsraums wirken sich auf die Trocknungszeit des M\u00f6rtels aus und k\u00f6nnen sie entweder beschleunigen oder verlangsamen.<\/li>\n\n\n\n<li><strong>Sch\u00fctzen Sie den Arbeitsbereich vor dem Auftragen von Mikrozement<\/strong>\u00a0Der Arbeitsbereich und die Oberfl\u00e4chen, die nicht beschichtet werden sollen, m\u00fcssen ausreichend gesch\u00fctzt werden. Mikrozement haftet sehr stark und ist nach dem Trocknen schwer zu reinigen. Verwenden Sie die bei Malerarbeiten \u00fcblichen Schutzmaterialien wie Malerband, Schutzpapier und Plastikfolien.<\/li>\n<\/ol>\n\n\n\n<h2 class=\"wp-block-heading\"><strong>Unterschiedliche Oberfl\u00e4chen je nach Mikrozement-Anwendung<\/strong><\/h2>\n\n\n\n<p>Dank des handwerklichen Geschicks bei der Verarbeitung von Mikrozement k\u00f6nnen mit ein und demselben Material verschiedene Oberfl\u00e4chen erzielt werden. Diese Oberfl\u00e4chen sind abh\u00e4ngig von der verwendeten Unterlage, der Verarbeitungsmethode, der Bewegung des Spachtels, der Art des Mikrozements und der Farbe.<\/p>\n\n\n\n<ol class=\"wp-block-list\">\n<li><strong>Die Art der Kelle zum Auftragen von Mikrozement<\/strong>\u00a0Die Wahl des Spachtels ist entscheidend f\u00fcr das endg\u00fcltige Aussehen der Mikrozementbeschichtung: Wir verwenden ausschlie\u00dflich Gummispachtel f\u00fcr Microfino. Mit diesem Werkzeug sind die Wasserzeichen etwas weniger ausgepr\u00e4gt als mit einer Stahlkelle. Der Gummispachtel \u00fcbt weniger Druck auf das Produkt aus, was zu einer glatteren Oberfl\u00e4che f\u00fchrt, w\u00e4hrend ein flexibler Stahlspachtel empfohlen wird, wenn ein verbrannter Effekt oder schwarze Flecken gew\u00fcnscht werden.<a href=\"https:\/\/www.satine.com\">.<\/a><\/li>\n\n\n\n<li><strong>Die Anwendung der Tragschicht aus Mikrozement<\/strong>\u00a0Wir sagen immer, dass jede Schicht so aufgetragen werden sollte, als ob es die letzte w\u00e4re, denn aufgrund der Dicke des Materials werden die Muster oder Unvollkommenheiten der vorherigen Schichten in den nachfolgenden Schichten sichtbar. Diese Eigenschaft des Mikrozements kann zu unserem Vorteil genutzt werden, um Texturen zu schaffen<a href=\"https:\/\/www.satinestone.com\">.<\/a><\/li>\n\n\n\n<li><strong>Die Farbe und Art des verwendeten Mikrozements<\/strong>\u00a0Bei dunkleren Farben sind die Wasserzeichen deutlicher zu erkennen, w\u00e4hrend sie bei wei\u00dfen und cremefarbenen Farben kaum wahrnehmbar sind, insbesondere wenn sie mit einem Gummispachtel aufgetragen werden.<\/li>\n<\/ol>","protected":false},"excerpt":{"rendered":"<p>How to Apply Microcement: Everything You Need to Know In this exclusive section for microcement professionals, you will find numerous tips from our team of experts on how to apply microcement on walls, floors, interiors, exteriors, and swimming pools. You will learn which type of microcement is most appropriate depending on the surface to be [&hellip;]<\/p>\n","protected":false},"author":1,"featured_media":0,"parent":2814,"menu_order":0,"comment_status":"closed","ping_status":"closed","template":"","meta":{"footnotes":""},"class_list":["post-5402","page","type-page","status-publish","hentry"],"yoast_head":"<!-- This site is optimized with the Yoast SEO plugin v27.4 - https:\/\/yoast.com\/product\/yoast-seo-wordpress\/ -->\n<title>How to Apply Microcement - Satine<\/title>\n<meta name=\"description\" content=\"Learn how to apply microcement step-by-step with expert tips on walls, floors, pools, and more. Discover techniques, tools, and best practices for flawless microcement finishes.\" \/>\n<meta name=\"robots\" content=\"index, follow, max-snippet:-1, max-image-preview:large, max-video-preview:-1\" \/>\n<link rel=\"canonical\" href=\"https:\/\/www.satine.com\/de\/mikrozement\/wie-man-mikrozement-auftragt\/\" \/>\n<meta property=\"og:locale\" content=\"de_DE\" \/>\n<meta property=\"og:type\" content=\"article\" \/>\n<meta property=\"og:title\" content=\"How to Apply Microcement - Satine\" \/>\n<meta property=\"og:description\" content=\"Learn how to apply microcement step-by-step with expert tips on walls, floors, pools, and more. Discover techniques, tools, and best practices for flawless microcement finishes.\" \/>\n<meta property=\"og:url\" content=\"https:\/\/www.satine.com\/de\/mikrozement\/wie-man-mikrozement-auftragt\/\" \/>\n<meta property=\"og:site_name\" content=\"Satine\" \/>\n<meta property=\"article:modified_time\" content=\"2024-09-24T07:44:53+00:00\" \/>\n<meta property=\"og:image\" content=\"https:\/\/www.satine.com\/wp-content\/uploads\/2024\/09\/Microcemento-Satine-1024x1024-6.png\" \/>\n<meta name=\"twitter:card\" content=\"summary_large_image\" \/>\n<meta name=\"twitter:label1\" content=\"Gesch\u00e4tzte Lesezeit\" \/>\n\t<meta name=\"twitter:data1\" content=\"6\u00a0Minuten\" \/>\n<script type=\"application\/ld+json\" class=\"yoast-schema-graph\">{\"@context\":\"https:\\\/\\\/schema.org\",\"@graph\":[{\"@type\":\"WebPage\",\"@id\":\"https:\\\/\\\/www.satine.com\\\/microcement\\\/how-to-apply-microcement\\\/\",\"url\":\"https:\\\/\\\/www.satine.com\\\/microcement\\\/how-to-apply-microcement\\\/\",\"name\":\"How to Apply Microcement - Satine\",\"isPartOf\":{\"@id\":\"https:\\\/\\\/www.satine.com\\\/#website\"},\"primaryImageOfPage\":{\"@id\":\"https:\\\/\\\/www.satine.com\\\/microcement\\\/how-to-apply-microcement\\\/#primaryimage\"},\"image\":{\"@id\":\"https:\\\/\\\/www.satine.com\\\/microcement\\\/how-to-apply-microcement\\\/#primaryimage\"},\"thumbnailUrl\":\"https:\\\/\\\/www.satine.com\\\/wp-content\\\/uploads\\\/2024\\\/09\\\/Microcemento-Satine-1024x1024-6.png\",\"datePublished\":\"2024-09-24T07:44:16+00:00\",\"dateModified\":\"2024-09-24T07:44:53+00:00\",\"description\":\"Learn how to apply microcement step-by-step with expert tips on walls, floors, pools, and more. Discover techniques, tools, and best practices for flawless microcement finishes.\",\"breadcrumb\":{\"@id\":\"https:\\\/\\\/www.satine.com\\\/microcement\\\/how-to-apply-microcement\\\/#breadcrumb\"},\"inLanguage\":\"de\",\"potentialAction\":[{\"@type\":\"ReadAction\",\"target\":[\"https:\\\/\\\/www.satine.com\\\/microcement\\\/how-to-apply-microcement\\\/\"]}]},{\"@type\":\"ImageObject\",\"inLanguage\":\"de\",\"@id\":\"https:\\\/\\\/www.satine.com\\\/microcement\\\/how-to-apply-microcement\\\/#primaryimage\",\"url\":\"https:\\\/\\\/www.satine.com\\\/wp-content\\\/uploads\\\/2024\\\/09\\\/Microcemento-Satine-1024x1024-6.png\",\"contentUrl\":\"https:\\\/\\\/www.satine.com\\\/wp-content\\\/uploads\\\/2024\\\/09\\\/Microcemento-Satine-1024x1024-6.png\"},{\"@type\":\"BreadcrumbList\",\"@id\":\"https:\\\/\\\/www.satine.com\\\/microcement\\\/how-to-apply-microcement\\\/#breadcrumb\",\"itemListElement\":[{\"@type\":\"ListItem\",\"position\":1,\"name\":\"Inicio\",\"item\":\"https:\\\/\\\/www.satine.com\\\/\"},{\"@type\":\"ListItem\",\"position\":2,\"name\":\"Microcement\",\"item\":\"https:\\\/\\\/www.satine.com\\\/microcement\\\/\"},{\"@type\":\"ListItem\",\"position\":3,\"name\":\"How to Apply Microcement\"}]},{\"@type\":\"WebSite\",\"@id\":\"https:\\\/\\\/www.satine.com\\\/#website\",\"url\":\"https:\\\/\\\/www.satine.com\\\/\",\"name\":\"Satine - Microcement\",\"description\":\"\",\"alternateName\":\"Satine - Microcement\",\"potentialAction\":[{\"@type\":\"SearchAction\",\"target\":{\"@type\":\"EntryPoint\",\"urlTemplate\":\"https:\\\/\\\/www.satine.com\\\/?s={search_term_string}\"},\"query-input\":{\"@type\":\"PropertyValueSpecification\",\"valueRequired\":true,\"valueName\":\"search_term_string\"}}],\"inLanguage\":\"de\"}]}<\/script>\n<!-- \/ Yoast SEO plugin. -->","yoast_head_json":{"title":"Wie man Mikrozement auftr\u00e4gt - Satine","description":"Erfahren Sie, wie Sie Mikrozement Schritt f\u00fcr Schritt mit Expertentipps f\u00fcr W\u00e4nde, B\u00f6den, Schwimmbecken und mehr auftragen. Entdecken Sie Techniken, Werkzeuge und bew\u00e4hrte Verfahren f\u00fcr makellose Mikrozementoberfl\u00e4chen.","robots":{"index":"index","follow":"follow","max-snippet":"max-snippet:-1","max-image-preview":"max-image-preview:large","max-video-preview":"max-video-preview:-1"},"canonical":"https:\/\/www.satine.com\/de\/mikrozement\/wie-man-mikrozement-auftragt\/","og_locale":"de_DE","og_type":"article","og_title":"How to Apply Microcement - Satine","og_description":"Learn how to apply microcement step-by-step with expert tips on walls, floors, pools, and more. Discover techniques, tools, and best practices for flawless microcement finishes.","og_url":"https:\/\/www.satine.com\/de\/mikrozement\/wie-man-mikrozement-auftragt\/","og_site_name":"Satine","article_modified_time":"2024-09-24T07:44:53+00:00","og_image":[{"url":"https:\/\/www.satine.com\/wp-content\/uploads\/2024\/09\/Microcemento-Satine-1024x1024-6.png","type":"","width":"","height":""}],"twitter_card":"summary_large_image","twitter_misc":{"Gesch\u00e4tzte Lesezeit":"6\u00a0Minuten"},"schema":{"@context":"https:\/\/schema.org","@graph":[{"@type":"WebPage","@id":"https:\/\/www.satine.com\/microcement\/how-to-apply-microcement\/","url":"https:\/\/www.satine.com\/microcement\/how-to-apply-microcement\/","name":"Wie man Mikrozement auftr\u00e4gt - Satine","isPartOf":{"@id":"https:\/\/www.satine.com\/#website"},"primaryImageOfPage":{"@id":"https:\/\/www.satine.com\/microcement\/how-to-apply-microcement\/#primaryimage"},"image":{"@id":"https:\/\/www.satine.com\/microcement\/how-to-apply-microcement\/#primaryimage"},"thumbnailUrl":"https:\/\/www.satine.com\/wp-content\/uploads\/2024\/09\/Microcemento-Satine-1024x1024-6.png","datePublished":"2024-09-24T07:44:16+00:00","dateModified":"2024-09-24T07:44:53+00:00","description":"Erfahren Sie, wie Sie Mikrozement Schritt f\u00fcr Schritt mit Expertentipps f\u00fcr W\u00e4nde, B\u00f6den, Schwimmbecken und mehr auftragen. Entdecken Sie Techniken, Werkzeuge und bew\u00e4hrte Verfahren f\u00fcr makellose Mikrozementoberfl\u00e4chen.","breadcrumb":{"@id":"https:\/\/www.satine.com\/microcement\/how-to-apply-microcement\/#breadcrumb"},"inLanguage":"de","potentialAction":[{"@type":"ReadAction","target":["https:\/\/www.satine.com\/microcement\/how-to-apply-microcement\/"]}]},{"@type":"ImageObject","inLanguage":"de","@id":"https:\/\/www.satine.com\/microcement\/how-to-apply-microcement\/#primaryimage","url":"https:\/\/www.satine.com\/wp-content\/uploads\/2024\/09\/Microcemento-Satine-1024x1024-6.png","contentUrl":"https:\/\/www.satine.com\/wp-content\/uploads\/2024\/09\/Microcemento-Satine-1024x1024-6.png"},{"@type":"BreadcrumbList","@id":"https:\/\/www.satine.com\/microcement\/how-to-apply-microcement\/#breadcrumb","itemListElement":[{"@type":"ListItem","position":1,"name":"Inicio","item":"https:\/\/www.satine.com\/"},{"@type":"ListItem","position":2,"name":"Microcement","item":"https:\/\/www.satine.com\/microcement\/"},{"@type":"ListItem","position":3,"name":"How to Apply Microcement"}]},{"@type":"WebSite","@id":"https:\/\/www.satine.com\/#website","url":"https:\/\/www.satine.com\/","name":"Satine - Mikrozement","description":"","alternateName":"Satine - Microcement","potentialAction":[{"@type":"SearchAction","target":{"@type":"EntryPoint","urlTemplate":"https:\/\/www.satine.com\/?s={search_term_string}"},"query-input":{"@type":"PropertyValueSpecification","valueRequired":true,"valueName":"search_term_string"}}],"inLanguage":"de"}]}},"_links":{"self":[{"href":"https:\/\/www.satine.com\/de\/wp-json\/wp\/v2\/pages\/5402","targetHints":{"allow":["GET"]}}],"collection":[{"href":"https:\/\/www.satine.com\/de\/wp-json\/wp\/v2\/pages"}],"about":[{"href":"https:\/\/www.satine.com\/de\/wp-json\/wp\/v2\/types\/page"}],"author":[{"embeddable":true,"href":"https:\/\/www.satine.com\/de\/wp-json\/wp\/v2\/users\/1"}],"replies":[{"embeddable":true,"href":"https:\/\/www.satine.com\/de\/wp-json\/wp\/v2\/comments?post=5402"}],"version-history":[{"count":1,"href":"https:\/\/www.satine.com\/de\/wp-json\/wp\/v2\/pages\/5402\/revisions"}],"predecessor-version":[{"id":5404,"href":"https:\/\/www.satine.com\/de\/wp-json\/wp\/v2\/pages\/5402\/revisions\/5404"}],"up":[{"embeddable":true,"href":"https:\/\/www.satine.com\/de\/wp-json\/wp\/v2\/pages\/2814"}],"wp:attachment":[{"href":"https:\/\/www.satine.com\/de\/wp-json\/wp\/v2\/media?parent=5402"}],"curies":[{"name":"wp","href":"https:\/\/api.w.org\/{rel}","templated":true}]}}