{"id":5391,"date":"2024-09-19T04:25:44","date_gmt":"2024-09-19T08:25:44","guid":{"rendered":"https:\/\/www.satine.com\/?page_id=5391"},"modified":"2024-09-19T05:35:32","modified_gmt":"2024-09-19T09:35:32","slug":"mikrozement-ausenanlagen","status":"publish","type":"page","link":"https:\/\/www.satine.com\/de\/microcement\/microcement-exteriors\/","title":{"rendered":"Mikrozement-Au\u00dfenanlagen"},"content":{"rendered":"<h2 class=\"wp-block-heading\">Mikrozement-Au\u00dfenw\u00e4nde: Vorteile, Nutzen und Einsatzm\u00f6glichkeiten<\/h2>\n\n\n\n<p><a href=\"https:\/\/www.satine.com\/microcement\">Mikrozement<\/a> Exterior hat sich zum trendigen dekorativen Dauerbelag entwickelt. Eine Beschichtung, die aufgrund ihrer gro\u00dfen Vorteile immer mehr in das Bewusstsein von Architekten und Bauunternehmen r\u00fcckt und zur f\u00fchrenden Alternative f\u00fcr die Verkleidung von Au\u00dfenb\u00f6den wie Terrassen, Innenh\u00f6fen, Veranden, G\u00e4rten, Schwimmb\u00e4dern und sogar Mauern und Fassaden wird.<\/p>\n\n\n\n<p>Wenn Sie immer dachten, dass Mikrozement ausschlie\u00dflich f\u00fcr die Innenraumgestaltung geeignet ist, wird die Lekt\u00fcre dieses Artikels Ihre Sichtweise v\u00f6llig ver\u00e4ndern, und zwar zum Besseren. Hier finden Sie alles, was Sie \u00fcber Mikrozement f\u00fcr den Au\u00dfenbereich, einen aufstrebenden Dekortrend, wissen m\u00fcssen: Vorteile, Kosten, Anwendung, Oberfl\u00e4chen... Warum Mikrozement f\u00fcr den Au\u00dfenbereich w\u00e4hlen?<br>Es gibt viele Gr\u00fcnde, warum die Wahl von Mikrozement f\u00fcr den Au\u00dfenbereich eine ausgezeichnete Idee ist, sei es f\u00fcr die Verkleidung von W\u00e4nden, Fassaden, Vord\u00e4chern oder als durchgehender Bodenbelag im Au\u00dfenbereich, wobei letzterer von den Experten bevorzugt wird.<\/p>\n\n\n\n<p>In jedem Fall garantiert die Anwendung von Mikrozement im Au\u00dfenbereich die Schaffung beeindruckender Umgebungen, da er eine Beschichtung mit hervorragender Haftung bildet, die seine Anwendung auf einer Vielzahl von Untergr\u00fcnden und Materialien erm\u00f6glicht. Eine kontinuierliche dekorative Beschichtung, die einerseits eine starke visuelle \u00c4sthetik und andererseits eine hervorragende Funktionalit\u00e4t vereint.<\/p>\n\n\n\n<div style=\"height:30px\" aria-hidden=\"true\" class=\"wp-block-spacer\"><\/div>\n\n\n\n<figure class=\"wp-block-image size-large is-resized\"><img loading=\"lazy\" decoding=\"async\" width=\"1024\" height=\"736\" src=\"https:\/\/www.satine.com\/wp-content\/uploads\/2024\/09\/Captura-de-pantalla-2024-09-17-a-las-13.01.20-1-1024x736.png\" alt=\"\" class=\"wp-image-5392\" style=\"aspect-ratio:16\/9;object-fit:cover;width:1600px\" srcset=\"https:\/\/www.satine.com\/wp-content\/uploads\/2024\/09\/Captura-de-pantalla-2024-09-17-a-las-13.01.20-1-1024x736.png 1024w, https:\/\/www.satine.com\/wp-content\/uploads\/2024\/09\/Captura-de-pantalla-2024-09-17-a-las-13.01.20-1-300x216.png 300w, https:\/\/www.satine.com\/wp-content\/uploads\/2024\/09\/Captura-de-pantalla-2024-09-17-a-las-13.01.20-1-768x552.png 768w, https:\/\/www.satine.com\/wp-content\/uploads\/2024\/09\/Captura-de-pantalla-2024-09-17-a-las-13.01.20-1-1536x1104.png 1536w, https:\/\/www.satine.com\/wp-content\/uploads\/2024\/09\/Captura-de-pantalla-2024-09-17-a-las-13.01.20-1-2048x1471.png 2048w, https:\/\/www.satine.com\/wp-content\/uploads\/2024\/09\/Captura-de-pantalla-2024-09-17-a-las-13.01.20-1-18x12.png 18w\" sizes=\"auto, (max-width: 1024px) 100vw, 1024px\" \/><\/figure>\n\n\n\n<div style=\"height:30px\" aria-hidden=\"true\" class=\"wp-block-spacer\"><\/div>\n\n\n\n<h2 class=\"wp-block-heading\">Hier sind die sechs wichtigsten Vorteile, die Mikrozement im Au\u00dfenbereich popul\u00e4r gemacht haben:<\/h2>\n\n\n\n<ol class=\"wp-block-list\">\n<li><strong>Mikrozement f\u00fcr den Au\u00dfenbereich sorgt f\u00fcr Kontinuit\u00e4t<\/strong><\/li>\n<\/ol>\n\n\n\n<p>Mikrozement ist eine durchgehende Beschichtung, die direkt auf den vorhandenen Untergrund aufgetragen wird. Das hei\u00dft, es sind keine Dehnungsfugen erforderlich. Dies ist ein enormer Mehrwert, der es erm\u00f6glicht, dass Mikrozement im Au\u00dfenbereich perfekt mit anderen architektonischen und dekorativen Elementen harmoniert und ein Gef\u00fchl der Kontinuit\u00e4t und Harmonie zwischen allen Komponenten vermittelt. Diese Kontinuit\u00e4t kann noch weiter gehen, indem der Mikrozement im Au\u00dfenbereich eine Br\u00fccke zum Innenbereich des Hauses oder Geb\u00e4udes bildet.<a href=\"https:\/\/www.satinestone.com\">.<\/a><\/p>\n\n\n\n<ol start=\"2\" class=\"wp-block-list\">\n<li><strong>Mikrozement f\u00fcr den Au\u00dfenbereich ist sehr widerstandsf\u00e4hig gegen Verkehr<\/strong><\/li>\n<\/ol>\n\n\n\n<p>Die hohe Leistungsf\u00e4higkeit von Mikrozement bleibt auch im Au\u00dfenbereich erhalten. Ein Beispiel daf\u00fcr ist die Widerstandsf\u00e4higkeit gegen\u00fcber Fu\u00dfg\u00e4ngerverkehr, der Hauptfaktor, der dazu gef\u00fchrt hat, dass Mikrozement im Au\u00dfenbereich zu einer bekannten Alternative zu anderen Beschichtungen wie Natur- oder Kunststein, Fliesen, Beton oder Mosaik und vielen anderen geworden ist.<\/p>\n\n\n\n<ol start=\"3\" class=\"wp-block-list\">\n<li><strong>Regen und Hitze k\u00f6nnen dem Mikrozement im Au\u00dfenbereich nichts anhaben<\/strong><\/li>\n<\/ol>\n\n\n\n<p>Die Witterungsbedingungen sind entscheidend, wenn Architekten, Designer und andere Baufachleute Materialien f\u00fcr den Au\u00dfenbereich ausw\u00e4hlen. Wenn Mikrozement von hoher Qualit\u00e4t verwendet wird und mit den entsprechenden Lacken gesch\u00fctzt und versiegelt ist, wird er durch Regen oder Hitze nicht beeintr\u00e4chtigt.<\/p>\n\n\n\n<ol start=\"4\" class=\"wp-block-list\">\n<li><strong>Mikrozement f\u00fcr den Au\u00dfenbereich hat antiseptische Eigenschaften<\/strong><\/li>\n<\/ol>\n\n\n\n<p>Dank seiner fugenlosen Oberfl\u00e4che verhindert Mikrozement im Au\u00dfenbereich das Wachstum von Pilzen, Unkraut oder Bakterien und schafft so eine antiseptische Umgebung. Au\u00dferdem handelt es sich um eine dekorative Beschichtung, die sehr leicht zu reinigen ist und nur minimale Wartung und Pflege erfordert.<\/p>\n\n\n\n<ol start=\"5\" class=\"wp-block-list\">\n<li><strong>Mikrozementb\u00f6den f\u00fcr den Au\u00dfenbereich sind rutschfest<\/strong><\/li>\n<\/ol>\n\n\n\n<p>Materialien zu finden, die eine rutschfeste Oberfl\u00e4che f\u00fcr Au\u00dfenbeschichtungen bieten, ist nicht verhandelbar. Deshalb wird es Sie freuen zu erfahren, dass es Mikrozemente (wie Sttandard Microstone, unser Mikrozement f\u00fcr den Au\u00dfenbereich) gibt, die diese Eigenschaft besitzen und Mikrozementb\u00f6den f\u00fcr den Au\u00dfenbereich zu einem v\u00f6llig rutschfreien Bereich machen.<\/p>\n\n\n\n<p>Ein weiterer rutschfester Mikrozement f\u00fcr den Au\u00dfenbereich ist Atlanttic, unser Zweikomponenten-Mikrozement, der speziell f\u00fcr Schwimmbecken entwickelt wurde. Bei Satine bieten wir auch Topsealer WT Anti Slip an, unseren Polyurethan-Lack auf Wasserbasis, der mit Mikrozement beschichtete Au\u00dfenfl\u00e4chen rutschfest macht.<\/p>\n\n\n\n<ol start=\"6\" class=\"wp-block-list\">\n<li><strong>Mikrozement f\u00fcr den Au\u00dfenbereich ist sehr langlebig<\/strong><\/li>\n<\/ol>\n\n\n\n<p>Wenn es eine Eigenschaft gibt, die Mikrozement f\u00fcr den Au\u00dfenbereich perfekt definiert, dann ist es seine Haltbarkeit. Es handelt sich um eine Boden- oder Wandbeschichtung, die ihre optimalen Eigenschaften \u00fcber lange Zeit beibeh\u00e4lt.<\/p>\n\n\n\n<p>Mit Mikrozement f\u00fcr den Au\u00dfenbereich erhalten Sie also nicht nur ein hochwertiges, elegantes und anspruchsvolles dekoratives Finish, sondern auch eine sehr langlebige, nahezu unverg\u00e4ngliche Beschichtung.<\/p>\n\n\n\n<h2 class=\"wp-block-heading\"><strong>Ideen f\u00fcr die Verwendung von Mikrozement im Au\u00dfenbereich<\/strong><\/h2>\n\n\n\n<p>Mikrozement l\u00e4sst sich im Au\u00dfenbereich auf vielf\u00e4ltige Weise perfekt einsetzen. Nachfolgend finden Sie einige der besten Ideen f\u00fcr die Verwendung von Mikrozement im Au\u00dfenbereich, dank seiner unbegrenzten M\u00f6glichkeiten der individuellen Gestaltung von Oberfl\u00e4chen und Farben. Merken Sie sich das!<\/p>\n\n\n\n<ul class=\"wp-block-list\">\n<li><strong>Mikrozement f\u00fcr Terrassen<\/strong><\/li>\n<\/ul>\n\n\n\n<p>Die h\u00e4ufigste Verwendung von Mikrozement im Au\u00dfenbereich ist der Bodenbelag, insbesondere auf Terrassen. Es handelt sich um eine Beschichtung, die gro\u00dfe Fl\u00e4chen wie Terrassen in einem St\u00fcck bedecken kann und so die Ansammlung von Schmutz verhindert. Aber vor allem die Sch\u00f6nheit der Oberfl\u00e4chen und die hervorragende Best\u00e4ndigkeit gegen Wasser und Feuchtigkeit machen Mikrozement im Au\u00dfenbereich zu einer guten Wahl f\u00fcr Terrassen.<\/p>\n\n\n\n<ul class=\"wp-block-list\">\n<li><strong>Mikrozement f\u00fcr Fassaden<\/strong><\/li>\n<\/ul>\n\n\n\n<p>Mit Mikrozement verkleidete W\u00e4nde und Fassaden bieten die gleichen Vorteile wie Fu\u00dfb\u00f6den. Und wenn Sie sie mit Mikrozement-Au\u00dfenb\u00f6den kombinieren, vervielfacht sich das Raumgef\u00fchl exponentiell. Dank der umfangreichen Anpassungsm\u00f6glichkeiten k\u00f6nnen Sie alles erreichen, von minimalistischen und industriellen Oberfl\u00e4chen bis hin zu raueren oder rustikaleren Looks.<\/p>\n\n\n\n<ul class=\"wp-block-list\">\n<li><strong>Mikrozement f\u00fcr Schwimmb\u00e4der<\/strong><\/li>\n<\/ul>\n\n\n\n<p>Beim Bau eines Schwimmbeckens werden in der Regel Konstruktionsbecken gew\u00e4hlt. Mit Mikrozementbecken k\u00f6nnen Sie die gleichen spektakul\u00e4ren Ergebnisse erzielen, mit dem zus\u00e4tzlichen Vorteil, dass keine kostspieligen Bauarbeiten erforderlich sind. Dies f\u00fchrt zu einer Zeitersparnis, die direkt mit einer Reduzierung der Arbeitskosten einhergeht.<\/p>\n\n\n\n<p>Ganz zu schweigen davon, dass sich der Mikrozement f\u00fcr Schwimmb\u00e4der im Au\u00dfenbereich perfekt an jeden Raum anpasst, selbst wenn Ihre Terrasse klein ist oder komplizierte Neigungen aufweist.<\/p>\n\n\n\n<h2 class=\"wp-block-heading\"><strong>Wie viel kostet Mikrozement f\u00fcr den Au\u00dfenbereich?<\/strong><\/h2>\n\n\n\n<p>Es mag den Anschein haben, dass der Preis f\u00fcr Mikrozement im Au\u00dfenbereich h\u00f6her ist als im Innenbereich. Dieser Eindruck ist jedoch v\u00f6llig falsch. Die endg\u00fcltigen Kosten f\u00fcr die Anbringung von Mikrozement im Au\u00dfen- und Innenbereich h\u00e4ngen von denselben Faktoren ab: dem Zustand des Untergrunds (ob er feucht ist, ob er instabil ist, ob er repariert werden muss usw.), der zu beschichtenden Fl\u00e4che in Quadratmetern und der Komplexit\u00e4t der Arbeit.<\/p>\n\n\n\n<p>Nur in einem Fall ist der Preis f\u00fcr Mikrozement im Au\u00dfenbereich h\u00f6her: bei Schwimmbecken. Warum? Weil seine Anwendung viel komplexer ist und mehr Fachkr\u00e4fte erfordert.<\/p>\n\n\n\n<h2 class=\"wp-block-heading\"><strong>Wie man Mikrozement im Au\u00dfenbereich richtig anwendet<\/strong><\/h2>\n\n\n\n<p>Um Mikrozement f\u00fcr den Au\u00dfenbereich ohne Probleme aufzutragen, muss eine Reihe von Schritten strikt eingehalten werden. Fehler in diesem Prozess w\u00fcrden zu einem Endresultat f\u00fchren, das weit von den gew\u00fcnschten und erwarteten Ergebnissen entfernt ist. Deshalb ist es so wichtig, mit einem qualifizierten und erfahrenen Fachmann zusammenzuarbeiten.<\/p>\n\n\n\n<p>Dies sind die sechs Schritte f\u00fcr die Anwendung von Mikrozement im Au\u00dfenbereich:<\/p>\n\n\n\n<ol class=\"wp-block-list\">\n<li>Bereiten Sie den Untergrund vor, der mit Mikrozement f\u00fcr den Au\u00dfenbereich beschichtet werden soll. Vergewissern Sie sich, dass er in gutem Zustand ist, und reparieren Sie ihn andernfalls.<\/li>\n\n\n\n<li>Legen Sie ein Glasfasernetz \u00fcber den zuk\u00fcnftigen Mikrozementboden oder die Wand, um die zuk\u00fcnftige durchgehende dekorative Beschichtung zu verst\u00e4rken.<\/li>\n\n\n\n<li>Grundieren Sie die zuk\u00fcnftige Mikrozement-Au\u00dfenbeschichtung mit einem Haftvermittler.<\/li>\n\n\n\n<li>F\u00fcr den Au\u00dfenbereich zwei Schichten Mikrozementbasis auftragen.<\/li>\n\n\n\n<li>Tragen Sie zwei Schichten Mikrozement f\u00fcr den Au\u00dfenbereich auf.<\/li>\n\n\n\n<li>Versiegeln Sie die \u00e4u\u00dfere Mikrozementbeschichtung mit einer hochwertigen Lackierung.<\/li>\n<\/ol>","protected":false},"excerpt":{"rendered":"<p>Microcement Exteriors: Advantages, Benefits and Uses Microcement exteriors has become the trending decorative continuous flooring. A coating increasingly present in the minds of architects and construction companies due to its great advantages, making it the leading alternative for covering outdoor floors such as terraces, patios, porches, gardens, swimming pools, and even walls and fa\u00e7ades. If [&hellip;]<\/p>\n","protected":false},"author":1,"featured_media":0,"parent":2814,"menu_order":0,"comment_status":"closed","ping_status":"closed","template":"","meta":{"footnotes":""},"class_list":["post-5391","page","type-page","status-publish","hentry"],"yoast_head":"<!-- This site is optimized with the Yoast SEO plugin v27.5 - https:\/\/yoast.com\/product\/yoast-seo-wordpress\/ -->\n<title>Microcement Exteriors - Satine<\/title>\n<meta name=\"description\" content=\"Discover the advantages of exteriors microcement: resistant, durable, non-slip, and adaptable to any space. Perfect for terraces, pools, porches, and fachades.\" \/>\n<meta name=\"robots\" content=\"index, follow, max-snippet:-1, max-image-preview:large, max-video-preview:-1\" \/>\n<link rel=\"canonical\" href=\"https:\/\/www.satine.com\/de\/mikrozement\/mikrozement-ausenanlagen\/\" \/>\n<meta property=\"og:locale\" content=\"de_DE\" \/>\n<meta property=\"og:type\" content=\"article\" \/>\n<meta property=\"og:title\" content=\"Microcement Exteriors - Satine\" \/>\n<meta property=\"og:description\" content=\"Discover the advantages of exteriors microcement: resistant, durable, non-slip, and adaptable to any space. Perfect for terraces, pools, porches, and fachades.\" \/>\n<meta property=\"og:url\" content=\"https:\/\/www.satine.com\/de\/mikrozement\/mikrozement-ausenanlagen\/\" \/>\n<meta property=\"og:site_name\" content=\"Satine\" \/>\n<meta property=\"article:modified_time\" content=\"2024-09-19T09:35:32+00:00\" \/>\n<meta property=\"og:image\" content=\"https:\/\/www.satine.com\/wp-content\/uploads\/2024\/09\/Captura-de-pantalla-2024-09-17-a-las-13.01.20-1-1024x736.png\" \/>\n<meta name=\"twitter:card\" content=\"summary_large_image\" \/>\n<meta name=\"twitter:label1\" content=\"Gesch\u00e4tzte Lesezeit\" \/>\n\t<meta name=\"twitter:data1\" content=\"5\u00a0Minuten\" \/>\n<script type=\"application\/ld+json\" class=\"yoast-schema-graph\">{\"@context\":\"https:\\\/\\\/schema.org\",\"@graph\":[{\"@type\":\"WebPage\",\"@id\":\"https:\\\/\\\/www.satine.com\\\/microcement\\\/microcement-exteriors\\\/\",\"url\":\"https:\\\/\\\/www.satine.com\\\/microcement\\\/microcement-exteriors\\\/\",\"name\":\"Microcement Exteriors - Satine\",\"isPartOf\":{\"@id\":\"https:\\\/\\\/www.satine.com\\\/#website\"},\"primaryImageOfPage\":{\"@id\":\"https:\\\/\\\/www.satine.com\\\/microcement\\\/microcement-exteriors\\\/#primaryimage\"},\"image\":{\"@id\":\"https:\\\/\\\/www.satine.com\\\/microcement\\\/microcement-exteriors\\\/#primaryimage\"},\"thumbnailUrl\":\"https:\\\/\\\/www.satine.com\\\/wp-content\\\/uploads\\\/2024\\\/09\\\/Captura-de-pantalla-2024-09-17-a-las-13.01.20-1-1024x736.png\",\"datePublished\":\"2024-09-19T08:25:44+00:00\",\"dateModified\":\"2024-09-19T09:35:32+00:00\",\"description\":\"Discover the advantages of exteriors microcement: resistant, durable, non-slip, and adaptable to any space. Perfect for terraces, pools, porches, and fachades.\",\"breadcrumb\":{\"@id\":\"https:\\\/\\\/www.satine.com\\\/microcement\\\/microcement-exteriors\\\/#breadcrumb\"},\"inLanguage\":\"de\",\"potentialAction\":[{\"@type\":\"ReadAction\",\"target\":[\"https:\\\/\\\/www.satine.com\\\/microcement\\\/microcement-exteriors\\\/\"]}]},{\"@type\":\"ImageObject\",\"inLanguage\":\"de\",\"@id\":\"https:\\\/\\\/www.satine.com\\\/microcement\\\/microcement-exteriors\\\/#primaryimage\",\"url\":\"https:\\\/\\\/www.satine.com\\\/wp-content\\\/uploads\\\/2024\\\/09\\\/Captura-de-pantalla-2024-09-17-a-las-13.01.20-1-1024x736.png\",\"contentUrl\":\"https:\\\/\\\/www.satine.com\\\/wp-content\\\/uploads\\\/2024\\\/09\\\/Captura-de-pantalla-2024-09-17-a-las-13.01.20-1-1024x736.png\"},{\"@type\":\"BreadcrumbList\",\"@id\":\"https:\\\/\\\/www.satine.com\\\/microcement\\\/microcement-exteriors\\\/#breadcrumb\",\"itemListElement\":[{\"@type\":\"ListItem\",\"position\":1,\"name\":\"Inicio\",\"item\":\"https:\\\/\\\/www.satine.com\\\/\"},{\"@type\":\"ListItem\",\"position\":2,\"name\":\"Microcement\",\"item\":\"https:\\\/\\\/www.satine.com\\\/microcement\\\/\"},{\"@type\":\"ListItem\",\"position\":3,\"name\":\"Microcement Exteriors\"}]},{\"@type\":\"WebSite\",\"@id\":\"https:\\\/\\\/www.satine.com\\\/#website\",\"url\":\"https:\\\/\\\/www.satine.com\\\/\",\"name\":\"Satine - Microcement\",\"description\":\"\",\"alternateName\":\"Satine - Microcement\",\"potentialAction\":[{\"@type\":\"SearchAction\",\"target\":{\"@type\":\"EntryPoint\",\"urlTemplate\":\"https:\\\/\\\/www.satine.com\\\/?s={search_term_string}\"},\"query-input\":{\"@type\":\"PropertyValueSpecification\",\"valueRequired\":true,\"valueName\":\"search_term_string\"}}],\"inLanguage\":\"de\"}]}<\/script>\n<!-- \/ Yoast SEO plugin. -->","yoast_head_json":{"title":"Mikrozement-Au\u00dfenanlagen - Satine","description":"Entdecken Sie die Vorteile von Mikrozement f\u00fcr den Au\u00dfenbereich: widerstandsf\u00e4hig, langlebig, rutschfest und anpassungsf\u00e4hig an jeden Raum. Perfekt f\u00fcr Terrassen, Pools, Veranden und Fassaden.","robots":{"index":"index","follow":"follow","max-snippet":"max-snippet:-1","max-image-preview":"max-image-preview:large","max-video-preview":"max-video-preview:-1"},"canonical":"https:\/\/www.satine.com\/de\/mikrozement\/mikrozement-ausenanlagen\/","og_locale":"de_DE","og_type":"article","og_title":"Microcement Exteriors - Satine","og_description":"Discover the advantages of exteriors microcement: resistant, durable, non-slip, and adaptable to any space. Perfect for terraces, pools, porches, and fachades.","og_url":"https:\/\/www.satine.com\/de\/mikrozement\/mikrozement-ausenanlagen\/","og_site_name":"Satine","article_modified_time":"2024-09-19T09:35:32+00:00","og_image":[{"url":"https:\/\/www.satine.com\/wp-content\/uploads\/2024\/09\/Captura-de-pantalla-2024-09-17-a-las-13.01.20-1-1024x736.png","type":"","width":"","height":""}],"twitter_card":"summary_large_image","twitter_misc":{"Gesch\u00e4tzte Lesezeit":"5\u00a0Minuten"},"schema":{"@context":"https:\/\/schema.org","@graph":[{"@type":"WebPage","@id":"https:\/\/www.satine.com\/microcement\/microcement-exteriors\/","url":"https:\/\/www.satine.com\/microcement\/microcement-exteriors\/","name":"Mikrozement-Au\u00dfenanlagen - Satine","isPartOf":{"@id":"https:\/\/www.satine.com\/#website"},"primaryImageOfPage":{"@id":"https:\/\/www.satine.com\/microcement\/microcement-exteriors\/#primaryimage"},"image":{"@id":"https:\/\/www.satine.com\/microcement\/microcement-exteriors\/#primaryimage"},"thumbnailUrl":"https:\/\/www.satine.com\/wp-content\/uploads\/2024\/09\/Captura-de-pantalla-2024-09-17-a-las-13.01.20-1-1024x736.png","datePublished":"2024-09-19T08:25:44+00:00","dateModified":"2024-09-19T09:35:32+00:00","description":"Entdecken Sie die Vorteile von Mikrozement f\u00fcr den Au\u00dfenbereich: widerstandsf\u00e4hig, langlebig, rutschfest und anpassungsf\u00e4hig an jeden Raum. Perfekt f\u00fcr Terrassen, Pools, Veranden und Fassaden.","breadcrumb":{"@id":"https:\/\/www.satine.com\/microcement\/microcement-exteriors\/#breadcrumb"},"inLanguage":"de","potentialAction":[{"@type":"ReadAction","target":["https:\/\/www.satine.com\/microcement\/microcement-exteriors\/"]}]},{"@type":"ImageObject","inLanguage":"de","@id":"https:\/\/www.satine.com\/microcement\/microcement-exteriors\/#primaryimage","url":"https:\/\/www.satine.com\/wp-content\/uploads\/2024\/09\/Captura-de-pantalla-2024-09-17-a-las-13.01.20-1-1024x736.png","contentUrl":"https:\/\/www.satine.com\/wp-content\/uploads\/2024\/09\/Captura-de-pantalla-2024-09-17-a-las-13.01.20-1-1024x736.png"},{"@type":"BreadcrumbList","@id":"https:\/\/www.satine.com\/microcement\/microcement-exteriors\/#breadcrumb","itemListElement":[{"@type":"ListItem","position":1,"name":"Inicio","item":"https:\/\/www.satine.com\/"},{"@type":"ListItem","position":2,"name":"Microcement","item":"https:\/\/www.satine.com\/microcement\/"},{"@type":"ListItem","position":3,"name":"Microcement Exteriors"}]},{"@type":"WebSite","@id":"https:\/\/www.satine.com\/#website","url":"https:\/\/www.satine.com\/","name":"Satine - Mikrozement","description":"","alternateName":"Satine - Microcement","potentialAction":[{"@type":"SearchAction","target":{"@type":"EntryPoint","urlTemplate":"https:\/\/www.satine.com\/?s={search_term_string}"},"query-input":{"@type":"PropertyValueSpecification","valueRequired":true,"valueName":"search_term_string"}}],"inLanguage":"de"}]}},"_links":{"self":[{"href":"https:\/\/www.satine.com\/de\/wp-json\/wp\/v2\/pages\/5391","targetHints":{"allow":["GET"]}}],"collection":[{"href":"https:\/\/www.satine.com\/de\/wp-json\/wp\/v2\/pages"}],"about":[{"href":"https:\/\/www.satine.com\/de\/wp-json\/wp\/v2\/types\/page"}],"author":[{"embeddable":true,"href":"https:\/\/www.satine.com\/de\/wp-json\/wp\/v2\/users\/1"}],"replies":[{"embeddable":true,"href":"https:\/\/www.satine.com\/de\/wp-json\/wp\/v2\/comments?post=5391"}],"version-history":[{"count":1,"href":"https:\/\/www.satine.com\/de\/wp-json\/wp\/v2\/pages\/5391\/revisions"}],"predecessor-version":[{"id":5393,"href":"https:\/\/www.satine.com\/de\/wp-json\/wp\/v2\/pages\/5391\/revisions\/5393"}],"up":[{"embeddable":true,"href":"https:\/\/www.satine.com\/de\/wp-json\/wp\/v2\/pages\/2814"}],"wp:attachment":[{"href":"https:\/\/www.satine.com\/de\/wp-json\/wp\/v2\/media?parent=5391"}],"curies":[{"name":"wp","href":"https:\/\/api.w.org\/{rel}","templated":true}]}}