{"id":5343,"date":"2024-09-17T10:08:53","date_gmt":"2024-09-17T14:08:53","guid":{"rendered":"https:\/\/www.satine.com\/?page_id=5343"},"modified":"2024-09-24T04:16:30","modified_gmt":"2024-09-24T08:16:30","slug":"mikrozement-pools","status":"publish","type":"page","link":"https:\/\/www.satine.com\/de\/microcement\/microcement-pools\/","title":{"rendered":"Mikrozement-Pools"},"content":{"rendered":"<h2 class=\"wp-block-heading\">Mikrozement-Pools: Vorteile, Nutzen und Einsatzm\u00f6glichkeiten<\/h2>\n\n\n\n<p>Wenn es um Swimmingpools geht, bietet der Markt praktisch unendlich viele Alternativen in Bezug auf Design, Gr\u00f6\u00dfe und Budget. Doch nicht alle bieten die Vorteile von Mikrozementbecken, die sich in den letzten Jahren als die beste Alternative zu herk\u00f6mmlichen Konstruktionsbecken etabliert haben.<\/p>\n\n\n\n<p><a href=\"https:\/\/www.satine.com\/microcement\">Mikrozement <\/a>Pools sind auf dem Vormarsch, und das ist keine \u00dcberraschung. Ein Material, das \u00c4sthetik und Funktionalit\u00e4t vereint und einen Traumpool bietet, der keine lange Bauzeit oder hohe Kosten erfordert. Mikrozementbecken: Warum sind sie so beliebt?<\/p>\n\n\n\n<p>Mikrozement ist eine dekorative Beschichtung, die sich im Innenbereich und zunehmend auch im Au\u00dfenbereich wie Fassaden und Terrassen auszeichnet. Mit einer Dicke zwischen 2 und 3 mm zeichnet er sich durch seine Elastizit\u00e4t, Kontinuit\u00e4t, Widerstandsf\u00e4higkeit und seine F\u00e4higkeit aus, auf jeder Oberfl\u00e4che angebracht zu werden.<\/p>\n\n\n\n<p>Diese Eigenschaften werden bei den Mikrozementbecken, die nach und nach Konstruktionsbecken wie Betonbecken, Edelstahlbecken, Sandbecken, Mosaikbecken usw. ersetzen, auf die h\u00f6chste Stufe gestellt.<\/p>\n\n\n\n<p>Wenn Sie mehr \u00fcber Mikrozementbecken erfahren m\u00f6chten, lesen Sie weiter. Sobald Sie alle Vorteile dieses innovativen Materials kennen, werden Sie begeistert sein.<\/p>\n\n\n\n<h2 class=\"wp-block-heading\">Mikrozementbecken sind auf dem Vormarsch, und das ist keine \u00dcberraschung<\/h2>\n\n\n\n<p>Ein Material, das \u00c4sthetik und Funktionalit\u00e4t vereint, um einen Traumpool zu bieten, der keine lange Bauzeit oder hohe Kosten erfordert. Mikrozementbecken: Warum sind sie so beliebt?<\/p>\n\n\n\n<p>Mikrozement ist eine dekorative Beschichtung, die sich im Innenbereich und zunehmend auch im Au\u00dfenbereich wie Fassaden und Terrassen auszeichnet. Mit einer Dicke zwischen 2 und 3 mm zeichnet er sich durch seine Elastizit\u00e4t, Kontinuit\u00e4t, Widerstandsf\u00e4higkeit und seine F\u00e4higkeit aus, auf jeder Oberfl\u00e4che angebracht zu werden.<\/p>\n\n\n\n<p>Diese Eigenschaften werden bei den Mikrozementbecken, die nach und nach Konstruktionsbecken wie Betonbecken, Edelstahlbecken, Sandbecken, Mosaikbecken usw. ersetzen, auf die h\u00f6chste Stufe gestellt.<\/p>\n\n\n\n<p>Wenn Sie mehr \u00fcber Mikrozementbecken erfahren m\u00f6chten, lesen Sie weiter. Sobald Sie alle Vorteile dieses innovativen Materials kennen, werden Sie begeistert sein.<\/p>\n\n\n\n<p><\/p>\n\n\n\n<h2 class=\"wp-block-heading\">Mikrozement-Pools: Geeignet f\u00fcr neue und alte Pools<\/h2>\n\n\n\n<ol class=\"wp-block-list\"><\/ol>\n\n\n\n<p>Ganz gleich, ob Sie einen Pool von Grund auf neu bauen oder einen bestehenden Pool komplett renovieren wollen, Mikrozement ist die dekorative L\u00f6sung, die Sie brauchen und vielleicht noch nicht kennen.<\/p>\n\n\n\n<p>Eines der einzigartigen Merkmale dieses innovativen Materials, das es zu einem Allround-Belag macht, ist seine Kompatibilit\u00e4t mit verschiedenen Materialien wie Beton, Mosaikfliesen, Terrazzo, Ziegel, Fliesen usw. Es gen\u00fcgt, den Untergrund auszugleichen und auszubessern, falls erforderlich, und den Mikrozement dar\u00fcber aufzutragen. Auf diese Weise k\u00f6nnen Sie sich von Ihrem alten Pool verabschieden und schon bald einen neuen Pool aus Mikrozement begr\u00fc\u00dfen.<\/p>\n\n\n\n<p>Andererseits ist es auch m\u00f6glich, ein Mikrozementbecken von Grund auf zu bauen. In beiden F\u00e4llen ist das Ergebnis dank seiner Vielseitigkeit dasselbe: eine schnelle Umgestaltung des Raums, Arbeitsersparnis und eine spektakul\u00e4re \u00c4sthetik. Ein Pool, der einer Luxuszeitschrift w\u00fcrdig ist.<\/p>\n\n\n\n<h2 class=\"wp-block-heading\"><strong>Minimale Reinigung und Wartung f\u00fcr Mikrozementpools<\/strong><\/h2>\n\n\n\n<ol start=\"2\" class=\"wp-block-list\"><\/ol>\n\n\n\n<p>Bei herk\u00f6mmlichen Schwimmbecken, in denen Fliesen dominieren, sammeln sich Schmutz und Schimmel in den Fugen an. Mikrozement hat keine Fugen und eine durchgehende Oberfl\u00e4che, so dass es keine kleinen Risse gibt, in denen sich Schmutz ansammeln kann.<\/p>\n\n\n\n<p>Der minimale Wartungs- und Reinigungsaufwand f\u00fcr Mikrozementbecken ist bei anderen Arten von Becken nicht gegeben. Nicht nur, weil es keine Fugen gibt, sondern auch, weil es keine so anspruchsvolle Pflege wie andere Materialien erfordert.<\/p>\n\n\n\n<h2 class=\"wp-block-heading\"><strong>Unbegrenzte Anpassungsm\u00f6glichkeiten bei Mikrozement-Pools<\/strong><\/h2>\n\n\n\n<ol start=\"4\" class=\"wp-block-list\"><\/ol>\n\n\n\n<p>Pools aus Mikrozement k\u00f6nnen durch die gew\u00e4hlte Farbe und Ausf\u00fchrung sowie durch die Form des Pools in h\u00f6chstem Ma\u00dfe individuell gestaltet werden. Rechteckig, halbkreisf\u00f6rmig, mit abgerundeten oder eckigen Kanten, mit zus\u00e4tzlichen Elementen wie einem Whirlpool oder einem Wasserfall, usw. Die Grenzen werden von Ihnen festgelegt<a href=\"https:\/\/www.satinestone.com\">!<\/a><\/p>\n\n\n\n<p>Nicht zu vergessen ist, dass sich Mikrozement mit allen Arten von Materialien kombinieren l\u00e4sst, so dass er sich in jeden Stil einf\u00fcgt. Auf diese Weise k\u00f6nnen Sie ein Becken aus Mikrozement anlegen und die Krone mit einem anderen Material wie z. B. Holz abdecken.<\/p>\n\n\n\n<h2 class=\"wp-block-heading\"><strong>Mikrozement-Pools: Eine Frage der Langlebigkeit<\/strong><\/h2>\n\n\n\n<ol start=\"5\" class=\"wp-block-list\"><\/ol>\n\n\n\n<p>Die Beliebtheit von Mikrozementbecken ist in den letzten Jahren aufgrund ihrer beneidenswerten Eigenschaften, vor allem der oben erw\u00e4hnten, und ihrer gro\u00dfen Haltbarkeit sprunghaft angestiegen.<\/p>\n\n\n\n<p>Beim Bau eines Pools ist es wichtig, ein Material zu w\u00e4hlen, das die gef\u00fcrchteten Ausrutscher und St\u00fcrze verhindert, die in der Sommersaison leider immer h\u00e4ufiger vorkommen.<\/p>\n\n\n\n<p>Dieses Problem verschwindet, wenn Mikrozement auf die Krone und die R\u00e4nder des Beckens aufgetragen wird, da es sich um eine Beschichtung handelt, die eine rutschfeste Oberfl\u00e4che bietet. Zweifellos einer der wichtigsten Mehrwerte von Mikrozementbecken, zusammen mit der Wasserdichtigkeit der Oberfl\u00e4che.<\/p>\n\n\n\n<h2 class=\"wp-block-heading\"><strong>Mikrozement-Pools sorgen f\u00fcr Design-Kontinuit\u00e4t<\/strong><\/h2>\n\n\n\n<ol start=\"6\" class=\"wp-block-list\"><\/ol>\n\n\n\n<p>Ein weiterer gro\u00dfer Vorteil von Mikrozementbecken ist ihre Einheitlichkeit, da sie keine Fugen aufweisen. Ohne sichtbare Unterteilungen kann sich das Becken perfekt in die Umgebung einf\u00fcgen und schafft so nicht nur eine visuelle Kontinuit\u00e4t, sondern auch ein Gef\u00fchl der Ruhe und Entspannung. Ein zus\u00e4tzlicher Faktor, der auch zu einem Gef\u00fchl gr\u00f6\u00dferer Ger\u00e4umigkeit beitr\u00e4gt.<\/p>\n\n\n\n<h2 class=\"wp-block-heading\">Wie viel kostet ein Mikrozement-Pool?<\/h2>\n\n\n\n<p>Der Einbau von Mikrozement in Schwimmbecken ist eine komplexere Methode als der Einbau in andere Oberfl\u00e4chen, wie z. B. W\u00e4nde oder B\u00f6den. Es handelt sich um ein Produkt, das gut verstanden werden muss, und seine Installation sollte von einem sehr erfahrenen Fachmann durchgef\u00fchrt werden, um den Erfolg des Projekts zu gew\u00e4hrleisten. Daher sind die Kosten f\u00fcr ein Mikrozementbecken im Vergleich zu Mikrozementb\u00f6den oder -w\u00e4nden m\u00f6glicherweise h\u00f6her.<\/p>\n\n\n\n<p>Die anderen Faktoren, die den Preis eines Mikrozementbeckens beeinflussen, sind jedoch dieselben: Art des Mikrozements, Quadratmeter des k\u00fcnftigen Beckens, Arbeitskosten usw. Im Allgemeinen kostet ein Mikrozementbecken zwischen 80 und 120 Euro pro Quadratmeter.<\/p>\n\n\n\n<h2 class=\"wp-block-heading\">Wie baut man einen Mikrozement-Pool?<\/h2>\n\n\n\n<p>Vor dem Auftragen von Mikrozement muss zun\u00e4chst sichergestellt werden, dass der Untergrund frei von M\u00e4ngeln, sauber und frei von Schmutz ist. Gegebenenfalls sollte er abgesaugt werden, um ihn zu perfektionieren. Sobald dies geschehen ist, sollten die folgenden Schritte befolgt werden, um ein Mikrozementbecken zu erstellen:<\/p>\n\n\n\n<ol class=\"wp-block-list\">\n<li>Tragen Sie eine Schicht Harz mit einer Rolle auf (wir empfehlen unser Acrylharz auf Wasserbasis, Acricem). Lassen Sie es mindestens 30 Minuten einwirken, damit die Oberfl\u00e4che trocknen kann.<\/li>\n\n\n\n<li>Tragen Sie vier Schichten eines speziellen Mikrozements f\u00fcr Schwimmbecken auf, da die Verwendung eines Mikrozements, der keine optimale Best\u00e4ndigkeit garantiert, unseren Interessen schaden k\u00f6nnte. Wir empfehlen zwei Schichten Atlanttic Aquaciment XL, das als Grundzement f\u00fcr das k\u00fcnftige Mikrozementbecken dienen wird, gefolgt von zwei Schichten Atlanttic Aquaciment M (Endzement).<\/li>\n\n\n\n<li>Lassen Sie jede Schicht Mikrozement 24 Stunden lang trocknen und schleifen Sie sie dann mit einem Schleifpapier der K\u00f6rnung 40.<\/li>\n\n\n\n<li>Tragen Sie zwei Schichten einer speziellen Versiegelung f\u00fcr Mikrozementbecken auf, wie z. B. Presealer, die den Untergrund automatisch wasserdicht macht. Zwischen den einzelnen Schichten ist eine Trocknungszeit von etwa 4 Stunden einzuhalten.<\/li>\n\n\n\n<li>Und schlie\u00dflich, und das ist sehr wichtig, sollten Sie einen Spielraum von etwa f\u00fcnf Tagen einplanen, bevor Sie das Mikrozementbecken mit Wasser f\u00fcllen.<\/li>\n<\/ol>","protected":false},"excerpt":{"rendered":"<p>Microcement Pools: Advantages, Benefits and Uses When we talk about swimming pools, the market offers practically infinite alternatives based on design, size, and budget. However, not all offer the benefits of microcement pools, which in recent years have established themselves as the premier alternative to traditional construction pools. Microcement pools are on the rise, and [&hellip;]<\/p>\n","protected":false},"author":1,"featured_media":0,"parent":2814,"menu_order":0,"comment_status":"closed","ping_status":"closed","template":"","meta":{"footnotes":""},"class_list":["post-5343","page","type-page","status-publish","hentry"],"yoast_head":"<!-- This site is optimized with the Yoast SEO plugin v27.4 - https:\/\/yoast.com\/product\/yoast-seo-wordpress\/ -->\n<title>Microcement Pools - Satine<\/title>\n<meta name=\"description\" content=\"The advantages of microcement pools: a customizable, durable, and aesthetic solution perfect for new or renovated pools. Learn about the installation process, low maintenance benefits, and limitless design possibilities.\" \/>\n<meta name=\"robots\" content=\"index, follow, max-snippet:-1, max-image-preview:large, max-video-preview:-1\" \/>\n<link rel=\"canonical\" href=\"https:\/\/www.satine.com\/de\/mikrozement\/mikrozement-pools\/\" \/>\n<meta property=\"og:locale\" content=\"de_DE\" \/>\n<meta property=\"og:type\" content=\"article\" \/>\n<meta property=\"og:title\" content=\"Microcement Pools - Satine\" \/>\n<meta property=\"og:description\" content=\"The advantages of microcement pools: a customizable, durable, and aesthetic solution perfect for new or renovated pools. Learn about the installation process, low maintenance benefits, and limitless design possibilities.\" \/>\n<meta property=\"og:url\" content=\"https:\/\/www.satine.com\/de\/mikrozement\/mikrozement-pools\/\" \/>\n<meta property=\"og:site_name\" content=\"Satine\" \/>\n<meta property=\"article:modified_time\" content=\"2024-09-24T08:16:30+00:00\" \/>\n<meta name=\"twitter:card\" content=\"summary_large_image\" \/>\n<meta name=\"twitter:label1\" content=\"Gesch\u00e4tzte Lesezeit\" \/>\n\t<meta name=\"twitter:data1\" content=\"5\u00a0Minuten\" \/>\n<script type=\"application\/ld+json\" class=\"yoast-schema-graph\">{\"@context\":\"https:\\\/\\\/schema.org\",\"@graph\":[{\"@type\":\"WebPage\",\"@id\":\"https:\\\/\\\/www.satine.com\\\/microcement\\\/microcement-pools\\\/\",\"url\":\"https:\\\/\\\/www.satine.com\\\/microcement\\\/microcement-pools\\\/\",\"name\":\"Microcement Pools - Satine\",\"isPartOf\":{\"@id\":\"https:\\\/\\\/www.satine.com\\\/#website\"},\"datePublished\":\"2024-09-17T14:08:53+00:00\",\"dateModified\":\"2024-09-24T08:16:30+00:00\",\"description\":\"The advantages of microcement pools: a customizable, durable, and aesthetic solution perfect for new or renovated pools. Learn about the installation process, low maintenance benefits, and limitless design possibilities.\",\"breadcrumb\":{\"@id\":\"https:\\\/\\\/www.satine.com\\\/microcement\\\/microcement-pools\\\/#breadcrumb\"},\"inLanguage\":\"de\",\"potentialAction\":[{\"@type\":\"ReadAction\",\"target\":[\"https:\\\/\\\/www.satine.com\\\/microcement\\\/microcement-pools\\\/\"]}]},{\"@type\":\"BreadcrumbList\",\"@id\":\"https:\\\/\\\/www.satine.com\\\/microcement\\\/microcement-pools\\\/#breadcrumb\",\"itemListElement\":[{\"@type\":\"ListItem\",\"position\":1,\"name\":\"Inicio\",\"item\":\"https:\\\/\\\/www.satine.com\\\/\"},{\"@type\":\"ListItem\",\"position\":2,\"name\":\"Microcement\",\"item\":\"https:\\\/\\\/www.satine.com\\\/microcement\\\/\"},{\"@type\":\"ListItem\",\"position\":3,\"name\":\"Microcement Pools\"}]},{\"@type\":\"WebSite\",\"@id\":\"https:\\\/\\\/www.satine.com\\\/#website\",\"url\":\"https:\\\/\\\/www.satine.com\\\/\",\"name\":\"Satine - Microcement\",\"description\":\"\",\"alternateName\":\"Satine - Microcement\",\"potentialAction\":[{\"@type\":\"SearchAction\",\"target\":{\"@type\":\"EntryPoint\",\"urlTemplate\":\"https:\\\/\\\/www.satine.com\\\/?s={search_term_string}\"},\"query-input\":{\"@type\":\"PropertyValueSpecification\",\"valueRequired\":true,\"valueName\":\"search_term_string\"}}],\"inLanguage\":\"de\"}]}<\/script>\n<!-- \/ Yoast SEO plugin. -->","yoast_head_json":{"title":"Mikrozement-Pools - Satine","description":"Die Vorteile von Mikrozementbecken: eine anpassbare, dauerhafte und \u00e4sthetische L\u00f6sung, die sich perfekt f\u00fcr neue oder renovierte Becken eignet. Erfahren Sie mehr \u00fcber den Installationsprozess, die Vorteile der geringen Wartung und die unbegrenzten Gestaltungsm\u00f6glichkeiten.","robots":{"index":"index","follow":"follow","max-snippet":"max-snippet:-1","max-image-preview":"max-image-preview:large","max-video-preview":"max-video-preview:-1"},"canonical":"https:\/\/www.satine.com\/de\/mikrozement\/mikrozement-pools\/","og_locale":"de_DE","og_type":"article","og_title":"Microcement Pools - Satine","og_description":"The advantages of microcement pools: a customizable, durable, and aesthetic solution perfect for new or renovated pools. Learn about the installation process, low maintenance benefits, and limitless design possibilities.","og_url":"https:\/\/www.satine.com\/de\/mikrozement\/mikrozement-pools\/","og_site_name":"Satine","article_modified_time":"2024-09-24T08:16:30+00:00","twitter_card":"summary_large_image","twitter_misc":{"Gesch\u00e4tzte Lesezeit":"5\u00a0Minuten"},"schema":{"@context":"https:\/\/schema.org","@graph":[{"@type":"WebPage","@id":"https:\/\/www.satine.com\/microcement\/microcement-pools\/","url":"https:\/\/www.satine.com\/microcement\/microcement-pools\/","name":"Mikrozement-Pools - Satine","isPartOf":{"@id":"https:\/\/www.satine.com\/#website"},"datePublished":"2024-09-17T14:08:53+00:00","dateModified":"2024-09-24T08:16:30+00:00","description":"Die Vorteile von Mikrozementbecken: eine anpassbare, dauerhafte und \u00e4sthetische L\u00f6sung, die sich perfekt f\u00fcr neue oder renovierte Becken eignet. Erfahren Sie mehr \u00fcber den Installationsprozess, die Vorteile der geringen Wartung und die unbegrenzten Gestaltungsm\u00f6glichkeiten.","breadcrumb":{"@id":"https:\/\/www.satine.com\/microcement\/microcement-pools\/#breadcrumb"},"inLanguage":"de","potentialAction":[{"@type":"ReadAction","target":["https:\/\/www.satine.com\/microcement\/microcement-pools\/"]}]},{"@type":"BreadcrumbList","@id":"https:\/\/www.satine.com\/microcement\/microcement-pools\/#breadcrumb","itemListElement":[{"@type":"ListItem","position":1,"name":"Inicio","item":"https:\/\/www.satine.com\/"},{"@type":"ListItem","position":2,"name":"Microcement","item":"https:\/\/www.satine.com\/microcement\/"},{"@type":"ListItem","position":3,"name":"Microcement Pools"}]},{"@type":"WebSite","@id":"https:\/\/www.satine.com\/#website","url":"https:\/\/www.satine.com\/","name":"Satine - Mikrozement","description":"","alternateName":"Satine - Microcement","potentialAction":[{"@type":"SearchAction","target":{"@type":"EntryPoint","urlTemplate":"https:\/\/www.satine.com\/?s={search_term_string}"},"query-input":{"@type":"PropertyValueSpecification","valueRequired":true,"valueName":"search_term_string"}}],"inLanguage":"de"}]}},"_links":{"self":[{"href":"https:\/\/www.satine.com\/de\/wp-json\/wp\/v2\/pages\/5343","targetHints":{"allow":["GET"]}}],"collection":[{"href":"https:\/\/www.satine.com\/de\/wp-json\/wp\/v2\/pages"}],"about":[{"href":"https:\/\/www.satine.com\/de\/wp-json\/wp\/v2\/types\/page"}],"author":[{"embeddable":true,"href":"https:\/\/www.satine.com\/de\/wp-json\/wp\/v2\/users\/1"}],"replies":[{"embeddable":true,"href":"https:\/\/www.satine.com\/de\/wp-json\/wp\/v2\/comments?post=5343"}],"version-history":[{"count":6,"href":"https:\/\/www.satine.com\/de\/wp-json\/wp\/v2\/pages\/5343\/revisions"}],"predecessor-version":[{"id":5354,"href":"https:\/\/www.satine.com\/de\/wp-json\/wp\/v2\/pages\/5343\/revisions\/5354"}],"up":[{"embeddable":true,"href":"https:\/\/www.satine.com\/de\/wp-json\/wp\/v2\/pages\/2814"}],"wp:attachment":[{"href":"https:\/\/www.satine.com\/de\/wp-json\/wp\/v2\/media?parent=5343"}],"curies":[{"name":"wp","href":"https:\/\/api.w.org\/{rel}","templated":true}]}}