{"id":5228,"date":"2024-09-17T07:52:31","date_gmt":"2024-09-17T11:52:31","guid":{"rendered":"https:\/\/www.satine.com\/?page_id=5228"},"modified":"2024-09-24T05:26:42","modified_gmt":"2024-09-24T09:26:42","slug":"mikrozement-kuchen","status":"publish","type":"page","link":"https:\/\/www.satine.com\/de\/microcement\/microcement-kitchens\/","title":{"rendered":"Mikrozement-K\u00fcchen"},"content":{"rendered":"<h3 class=\"wp-block-heading\">Mikrozement-K\u00fcchen: Vorteile, Nutzen und Einsatzm\u00f6glichkeiten<\/h3>\n\n\n\n<p><a href=\"https:\/\/www.satine.com\/microcement\">Mikrozement<\/a> K\u00fcchen sind die bevorzugte Wahl von immer mehr Renovierungsfachleuten, Architekten und Dekorateuren aufgrund der zahlreichen Vorteile, die diese dekorative Beschichtung bietet. Sie sorgt f\u00fcr einzigartige Kreationen bei der Erneuerung eines so wichtigen Raums wie der K\u00fcche.<\/p>\n\n\n\n<p>Eines der Merkmale von Mikrozement in K\u00fcchen ist seine Vielseitigkeit, die es erm\u00f6glicht, ihn auf viele Arten einzusetzen. So kann Mikrozement f\u00fcr B\u00f6den, W\u00e4nde, Arbeitsplatten und sogar f\u00fcr Waschbecken verwendet werden. Diese breite Palette von Anwendungen wird durch die gro\u00dfe Auswahl an Farben erg\u00e4nzt, die f\u00fcr dieses Material zur Verf\u00fcgung stehen. Beides zusammen l\u00e4sst der Kreativit\u00e4t freien Lauf und macht jede K\u00fcchengestaltung m\u00f6glich.<\/p>\n\n\n\n<p>Seine fugenlose Beschaffenheit unterstreicht die Kontinuit\u00e4t und Helligkeit des Raums und tr\u00e4gt zu einer wegweisenden \u00c4sthetik und vor allem zu einer hochfunktionalen K\u00fcche bei. Unabh\u00e4ngig von der Oberfl\u00e4che, die mit Mikrozement bedeckt ist, garantiert er eine gute Widerstandsf\u00e4higkeit gegen Abrieb, Begehung und Umgebungsfeuchtigkeit, neben anderen Vorz\u00fcgen.<\/p>\n\n\n\n<p>Die Oberfl\u00e4chen f\u00fcr Mikrozementk\u00fcchen sind vielf\u00e4ltig und entsprechen dem individuellen Geschmack und den Vorlieben. Diese Beschichtung zeichnet sich dadurch aus, dass sie sich leicht mit anderen Elementen der Raumgestaltung kombinieren l\u00e4sst. Die Oberfl\u00e4chen k\u00f6nnen unter anderem glatt, gl\u00e4nzend, strukturiert oder mit Wassereffekten versehen sein. Im Folgenden stellen wir die wichtigsten Vorteile dieses neuen Dekortrends vor.<\/p>\n\n\n\n<h3 class=\"wp-block-heading\">Vorteile von Mikrozement in K\u00fcchen<\/h3>\n\n\n\n<p>Mikrozement bietet in der K\u00fcche zahlreiche Vorteile, unabh\u00e4ngig von der Oberfl\u00e4che, auf die er aufgetragen wird. Es erm\u00f6glicht eine schnelle K\u00fcchenrenovierung, ohne die K\u00fcche unbewohnbar zu machen, da keine gr\u00f6\u00dferen Bauarbeiten erforderlich sind und somit Schutt und Unordnung vermieden werden<a href=\"https:\/\/www.satinestone.com\">.<\/a><\/p>\n\n\n\n<p>Hier sind die wichtigsten Eigenschaften, die erkl\u00e4ren, warum Mikrozementk\u00fcchen zu einem absoluten Trend bei der Renovierung von Wohn-, Restaurant- und Hotelk\u00fcchen geworden sind:<\/p>\n\n\n\n<ol class=\"wp-block-list\">\n<li><strong>Die Anwendung von Mikrozement in der K\u00fcche erfordert keine Bauarbeiten<\/strong>: Bei der Renovierung eines Raumes, insbesondere einer K\u00fcche, ist Zeit kostbar. Da diese dekorative Beschichtung mit fast allen Materialien kompatibel ist, kann Mikrozement direkt auf bestehende Oberfl\u00e4chen aufgetragen werden, ohne dass Bauarbeiten erforderlich sind. Ihre neue K\u00fcche wird in wenigen Tagen fertig sein.<\/li>\n\n\n\n<li><strong>Farbvielfalt f\u00fcr Mikrozementk\u00fcchen<\/strong>: Es gibt eine gro\u00dfe Auswahl an Mikrozementfarben f\u00fcr Ihre K\u00fcche, die von neutralen T\u00f6nen wie Wei\u00df, Grau oder Schwarz bis hin zu lebhafteren Pigmenten reichen.&nbsp;<strong>Satine<\/strong>&nbsp;bietet eine komplette Farbpalette zur Schaffung einer inspirierenden Umgebung.<\/li>\n\n\n\n<li><strong>Mikrozementk\u00fcchen haben eine gute thermische und chemische Best\u00e4ndigkeit<\/strong>: Diese Beschichtung weist eine gute W\u00e4rmebest\u00e4ndigkeit auf und h\u00e4lt auch Haushaltsreinigern stand. Diese besonderen Faktoren haben dazu gef\u00fchrt, dass Mikrozementb\u00f6den und -w\u00e4nde in K\u00fcchen sowie Mikrozement-Arbeitsplatten sehr beliebt sind.<\/li>\n\n\n\n<li><strong>Mikrozementk\u00fcchen k\u00f6nnen wasserdicht sein<\/strong>: Abgesehen von ihrem dekorativen Wert ist in R\u00e4umen wie K\u00fcchen eine hochfunktionelle Beschichtung gefragt, die den Anforderungen gerecht wird. Die Gew\u00e4hrleistung einer wasserdichten Beschichtung in einem Bereich, der Wasser und \u00e4hnlichen Fl\u00fcssigkeiten ausgesetzt ist, ist entscheidend. Aus diesem Grund ist Mikrozement in K\u00fcchen so beliebt. Durch die Verwendung von Lacken und Versiegelungen, die von&nbsp;<strong>Satine<\/strong>, k\u00f6nnen Mikrozementk\u00fcchen wasserdicht gemacht werden. Sie versiegelt nicht nur die Oberfl\u00e4che vollst\u00e4ndig, sondern sorgt auch f\u00fcr zus\u00e4tzliche Haltbarkeit - ein echtes 2-in-1-Produkt!<\/li>\n<\/ol>\n\n\n\n<div style=\"height:20px\" aria-hidden=\"true\" class=\"wp-block-spacer\"><\/div>\n\n\n<div class=\"wp-block-image is-style-default\">\n<figure class=\"aligncenter size-large is-resized\"><img loading=\"lazy\" decoding=\"async\" width=\"1024\" height=\"683\" src=\"https:\/\/www.satine.com\/wp-content\/uploads\/2024\/09\/pared-de-cocina-de-microcemento-3506836-1024x683.webp\" alt=\"\" class=\"wp-image-5319\" style=\"aspect-ratio:16\/9;object-fit:cover;width:1200px\" srcset=\"https:\/\/www.satine.com\/wp-content\/uploads\/2024\/09\/pared-de-cocina-de-microcemento-3506836-1024x683.webp 1024w, https:\/\/www.satine.com\/wp-content\/uploads\/2024\/09\/pared-de-cocina-de-microcemento-3506836-300x200.webp 300w, https:\/\/www.satine.com\/wp-content\/uploads\/2024\/09\/pared-de-cocina-de-microcemento-3506836-768x512.webp 768w, https:\/\/www.satine.com\/wp-content\/uploads\/2024\/09\/pared-de-cocina-de-microcemento-3506836-1536x1025.webp 1536w, https:\/\/www.satine.com\/wp-content\/uploads\/2024\/09\/pared-de-cocina-de-microcemento-3506836-18x12.webp 18w, https:\/\/www.satine.com\/wp-content\/uploads\/2024\/09\/pared-de-cocina-de-microcemento-3506836.webp 1619w\" sizes=\"auto, (max-width: 1024px) 100vw, 1024px\" \/><\/figure>\n<\/div>\n\n\n<div style=\"height:40px\" aria-hidden=\"true\" class=\"wp-block-spacer\"><\/div>\n\n\n\n<h3 class=\"wp-block-heading\">Mikrozement an K\u00fcchenw\u00e4nden<\/h3>\n\n\n\n<p>Die Verkleidung von K\u00fcchenw\u00e4nden mit Mikrozement erm\u00f6glicht eine erhebliche \u00e4sthetische Ver\u00e4nderung, ohne viel Geld und Zeit zu investieren. Er bietet einen hohen dekorativen Wert, der den Raum mit seiner breiten Palette an Texturen und Oberfl\u00e4chengestaltungen aufwertet. Die M\u00f6glichkeiten sind nahezu unbegrenzt.<\/p>\n\n\n\n<p>Der Mikrozement garantiert Widerstandsf\u00e4higkeit gegen St\u00f6\u00dfe von Alltagsgegenst\u00e4nden sowie gegen Feuchtigkeit aus der Umgebung. Dies ist besonders wichtig, da die K\u00fcche st\u00e4ndig flie\u00dfendem Wasser ausgesetzt ist. Ein zus\u00e4tzlicher Vorteil von Mikrozement an K\u00fcchenw\u00e4nden, den nicht alle Beschichtungen bieten, ist seine lange Nutzungsdauer in diesem Raum. Er bietet Ruhe und Sicherheit, insbesondere im Hinblick auf Versch\u00fcttetes und Spritzer. Dies ist von entscheidender Bedeutung, da es unvermeidlich ist, dass beim Kochen Essensreste auf die W\u00e4nde gelangen. Au\u00dferdem bietet es eine ausgezeichnete Widerstandsf\u00e4higkeit gegen Flecken und Kratzer und kann schnell und einfach mit Wasser und neutraler Seife gereinigt werden, um es in perfektem Zustand zu halten.<\/p>\n\n\n\n<h3 class=\"wp-block-heading\">Mikrozement auf K\u00fcchenb\u00f6den<\/h3>\n\n\n\n<p>Die Eigenschaften von Mikrozement f\u00fcr K\u00fcchenb\u00f6den sind ebenfalls bemerkenswert. Je nach Zusammensetzung und K\u00f6rnung des verwendeten Materials k\u00f6nnen verschiedene Oberfl\u00e4chen erzielt werden - von feineren, glatteren B\u00f6den bis hin zu B\u00f6den mit h\u00f6herer Rauheit, die eine h\u00f6here Trittfestigkeit aufweisen.<\/p>\n\n\n\n<p>Neben dem \u00e4sthetischen Aspekt, der bei der Wahl von Mikrozement f\u00fcr K\u00fcchenb\u00f6den ausschlaggebend ist, sollten auch seine bedeutenden Vorteile hervorgehoben werden. Es handelt sich um einen \u00e4u\u00dferst langlebigen Bodenbelag, der nicht rei\u00dft und praktisch keine Pflege ben\u00f6tigt, um so gut wie neu zu bleiben.<\/p>\n\n\n\n<p>Mikrozementb\u00f6den in der K\u00fcche sind aufgrund ihrer hohen Verschlei\u00df-, Abrieb-, Sto\u00df- und Trittfestigkeit eine der intelligentesten Entscheidungen f\u00fcr die Erneuerung des Bodens. Da er zudem in einer d\u00fcnnen Schicht von 2 bis 3 mm aufgetragen wird, hebt er das Niveau des urspr\u00fcnglichen Bodens nicht \u00fcberm\u00e4\u00dfig an, so dass die neue Oberfl\u00e4che nicht ausgeglichen werden muss.<\/p>\n\n\n\n<h3 class=\"wp-block-heading\">Mikrozement auf K\u00fcchenarbeitsplatten<\/h3>\n\n\n\n<p>Arbeitsplatten aus Mikrozement werden aufgrund ihrer Abriebfestigkeit und Hitzebest\u00e4ndigkeit immer beliebter. Au\u00dferdem sind sie leicht zu reinigen und k\u00f6nnen sich schnell an jede Form der Arbeitsplatte anpassen.<\/p>\n\n\n\n<p>Eine Arbeitsplatte ist viel mehr als nur der Platz, auf dem man sich in der K\u00fcche bewegen und leckere Rezepte zubereiten kann. Indem Sie nur die Arbeitsplatte erneuern, k\u00f6nnen Sie das Aussehen der K\u00fcche modernisieren und v\u00f6llig umgestalten, ohne dass dies invasiv wirkt. Sie brauchen sie nicht zu ersetzen, sondern nur mit Mikrozement zu bedecken. Das Ergebnis ist eine schlichte und elegante Oberfl\u00e4che mit einer praktisch nicht wahrnehmbaren Dicke, die die strukturelle Belastung der M\u00f6bel nicht beeintr\u00e4chtigt.<\/p>\n\n\n\n<p>Es gibt viele Mikrozementfarben f\u00fcr Arbeitsplatten. Wei\u00df zum Beispiel bringt Harmonie, Sauberkeit und Minimalismus in den Raum, w\u00e4hrend Grau besser f\u00fcr eine industrielle und authentische Atmosph\u00e4re geeignet ist. Welche Mikrozement-Arbeitsplatte Ihnen auch vorschwebt, das Anwendungsverfahren bleibt das gleiche.<\/p>\n\n\n\n<p><\/p>","protected":false},"excerpt":{"rendered":"<p>Microcement Kitchens: Advantages, Benefits and Uses Microcement kitchens are the preferred choice of an increasing number of renovation professionals, architects, and decorators due to the numerous advantages offered by this decorative coating. It ensures unique creations to renew such an important space as the kitchen. One of the features of microcement in kitchens is its [&hellip;]<\/p>\n","protected":false},"author":1,"featured_media":0,"parent":2814,"menu_order":0,"comment_status":"closed","ping_status":"closed","template":"","meta":{"footnotes":""},"class_list":["post-5228","page","type-page","status-publish","hentry"],"yoast_head":"<!-- This site is optimized with the Yoast SEO plugin v27.4 - https:\/\/yoast.com\/product\/yoast-seo-wordpress\/ -->\n<title>Microcement Kitchens - Satine<\/title>\n<meta name=\"description\" content=\"Descubre las ventajas del microcemento en cocinas con Satine: renovaci\u00f3n r\u00e1pida sin obras, amplia variedad de colores, resistencia t\u00e9rmica y qu\u00edmica, y acabados personalizados. Ideal para suelos, paredes, encimeras y m\u00e1s.\" \/>\n<meta name=\"robots\" content=\"index, follow, max-snippet:-1, max-image-preview:large, max-video-preview:-1\" \/>\n<link rel=\"canonical\" href=\"https:\/\/www.satine.com\/de\/mikrozement\/mikrozement-kuchen\/\" \/>\n<meta property=\"og:locale\" content=\"de_DE\" \/>\n<meta property=\"og:type\" content=\"article\" \/>\n<meta property=\"og:title\" content=\"Microcement Kitchens - Satine\" \/>\n<meta property=\"og:description\" content=\"Descubre las ventajas del microcemento en cocinas con Satine: renovaci\u00f3n r\u00e1pida sin obras, amplia variedad de colores, resistencia t\u00e9rmica y qu\u00edmica, y acabados personalizados. Ideal para suelos, paredes, encimeras y m\u00e1s.\" \/>\n<meta property=\"og:url\" content=\"https:\/\/www.satine.com\/de\/mikrozement\/mikrozement-kuchen\/\" \/>\n<meta property=\"og:site_name\" content=\"Satine\" \/>\n<meta property=\"article:modified_time\" content=\"2024-09-24T09:26:42+00:00\" \/>\n<meta property=\"og:image\" content=\"https:\/\/www.satine.com\/wp-content\/uploads\/2024\/09\/pared-de-cocina-de-microcemento-3506836-1024x683.webp\" \/>\n<meta name=\"twitter:card\" content=\"summary_large_image\" \/>\n<meta name=\"twitter:label1\" content=\"Gesch\u00e4tzte Lesezeit\" \/>\n\t<meta name=\"twitter:data1\" content=\"5\u00a0Minuten\" \/>\n<script type=\"application\/ld+json\" class=\"yoast-schema-graph\">{\"@context\":\"https:\\\/\\\/schema.org\",\"@graph\":[{\"@type\":\"WebPage\",\"@id\":\"https:\\\/\\\/www.satine.com\\\/microcement\\\/microcement-kitchens\\\/\",\"url\":\"https:\\\/\\\/www.satine.com\\\/microcement\\\/microcement-kitchens\\\/\",\"name\":\"Microcement Kitchens - Satine\",\"isPartOf\":{\"@id\":\"https:\\\/\\\/www.satine.com\\\/#website\"},\"primaryImageOfPage\":{\"@id\":\"https:\\\/\\\/www.satine.com\\\/microcement\\\/microcement-kitchens\\\/#primaryimage\"},\"image\":{\"@id\":\"https:\\\/\\\/www.satine.com\\\/microcement\\\/microcement-kitchens\\\/#primaryimage\"},\"thumbnailUrl\":\"https:\\\/\\\/www.satine.com\\\/wp-content\\\/uploads\\\/2024\\\/09\\\/pared-de-cocina-de-microcemento-3506836-1024x683.webp\",\"datePublished\":\"2024-09-17T11:52:31+00:00\",\"dateModified\":\"2024-09-24T09:26:42+00:00\",\"description\":\"Descubre las ventajas del microcemento en cocinas con Satine: renovaci\u00f3n r\u00e1pida sin obras, amplia variedad de colores, resistencia t\u00e9rmica y qu\u00edmica, y acabados personalizados. Ideal para suelos, paredes, encimeras y m\u00e1s.\",\"breadcrumb\":{\"@id\":\"https:\\\/\\\/www.satine.com\\\/microcement\\\/microcement-kitchens\\\/#breadcrumb\"},\"inLanguage\":\"de\",\"potentialAction\":[{\"@type\":\"ReadAction\",\"target\":[\"https:\\\/\\\/www.satine.com\\\/microcement\\\/microcement-kitchens\\\/\"]}]},{\"@type\":\"ImageObject\",\"inLanguage\":\"de\",\"@id\":\"https:\\\/\\\/www.satine.com\\\/microcement\\\/microcement-kitchens\\\/#primaryimage\",\"url\":\"https:\\\/\\\/www.satine.com\\\/wp-content\\\/uploads\\\/2024\\\/09\\\/pared-de-cocina-de-microcemento-3506836-1024x683.webp\",\"contentUrl\":\"https:\\\/\\\/www.satine.com\\\/wp-content\\\/uploads\\\/2024\\\/09\\\/pared-de-cocina-de-microcemento-3506836-1024x683.webp\"},{\"@type\":\"BreadcrumbList\",\"@id\":\"https:\\\/\\\/www.satine.com\\\/microcement\\\/microcement-kitchens\\\/#breadcrumb\",\"itemListElement\":[{\"@type\":\"ListItem\",\"position\":1,\"name\":\"Inicio\",\"item\":\"https:\\\/\\\/www.satine.com\\\/\"},{\"@type\":\"ListItem\",\"position\":2,\"name\":\"Microcement\",\"item\":\"https:\\\/\\\/www.satine.com\\\/microcement\\\/\"},{\"@type\":\"ListItem\",\"position\":3,\"name\":\"Microcement Kitchens\"}]},{\"@type\":\"WebSite\",\"@id\":\"https:\\\/\\\/www.satine.com\\\/#website\",\"url\":\"https:\\\/\\\/www.satine.com\\\/\",\"name\":\"Satine - Microcement\",\"description\":\"\",\"alternateName\":\"Satine - Microcement\",\"potentialAction\":[{\"@type\":\"SearchAction\",\"target\":{\"@type\":\"EntryPoint\",\"urlTemplate\":\"https:\\\/\\\/www.satine.com\\\/?s={search_term_string}\"},\"query-input\":{\"@type\":\"PropertyValueSpecification\",\"valueRequired\":true,\"valueName\":\"search_term_string\"}}],\"inLanguage\":\"de\"}]}<\/script>\n<!-- \/ Yoast SEO plugin. -->","yoast_head_json":{"title":"Mikrozement-K\u00fcchen - Satine","description":"Entdecken Sie mit Satine die Vorteile von Mikrozementen f\u00fcr Ihre K\u00fcche: schnelle Renovierung ohne Aufwand, gro\u00dfe Farbvielfalt, Temperatur- und Chemikalienbest\u00e4ndigkeit und individuelle Verkleidungen. Ideal f\u00fcr Fu\u00dfb\u00f6den, Wandverkleidungen, Decken und vieles mehr.","robots":{"index":"index","follow":"follow","max-snippet":"max-snippet:-1","max-image-preview":"max-image-preview:large","max-video-preview":"max-video-preview:-1"},"canonical":"https:\/\/www.satine.com\/de\/mikrozement\/mikrozement-kuchen\/","og_locale":"de_DE","og_type":"article","og_title":"Microcement Kitchens - Satine","og_description":"Descubre las ventajas del microcemento en cocinas con Satine: renovaci\u00f3n r\u00e1pida sin obras, amplia variedad de colores, resistencia t\u00e9rmica y qu\u00edmica, y acabados personalizados. Ideal para suelos, paredes, encimeras y m\u00e1s.","og_url":"https:\/\/www.satine.com\/de\/mikrozement\/mikrozement-kuchen\/","og_site_name":"Satine","article_modified_time":"2024-09-24T09:26:42+00:00","og_image":[{"url":"https:\/\/www.satine.com\/wp-content\/uploads\/2024\/09\/pared-de-cocina-de-microcemento-3506836-1024x683.webp","type":"","width":"","height":""}],"twitter_card":"summary_large_image","twitter_misc":{"Gesch\u00e4tzte Lesezeit":"5\u00a0Minuten"},"schema":{"@context":"https:\/\/schema.org","@graph":[{"@type":"WebPage","@id":"https:\/\/www.satine.com\/microcement\/microcement-kitchens\/","url":"https:\/\/www.satine.com\/microcement\/microcement-kitchens\/","name":"Mikrozement-K\u00fcchen - Satine","isPartOf":{"@id":"https:\/\/www.satine.com\/#website"},"primaryImageOfPage":{"@id":"https:\/\/www.satine.com\/microcement\/microcement-kitchens\/#primaryimage"},"image":{"@id":"https:\/\/www.satine.com\/microcement\/microcement-kitchens\/#primaryimage"},"thumbnailUrl":"https:\/\/www.satine.com\/wp-content\/uploads\/2024\/09\/pared-de-cocina-de-microcemento-3506836-1024x683.webp","datePublished":"2024-09-17T11:52:31+00:00","dateModified":"2024-09-24T09:26:42+00:00","description":"Entdecken Sie mit Satine die Vorteile von Mikrozementen f\u00fcr Ihre K\u00fcche: schnelle Renovierung ohne Aufwand, gro\u00dfe Farbvielfalt, Temperatur- und Chemikalienbest\u00e4ndigkeit und individuelle Verkleidungen. Ideal f\u00fcr Fu\u00dfb\u00f6den, Wandverkleidungen, Decken und vieles mehr.","breadcrumb":{"@id":"https:\/\/www.satine.com\/microcement\/microcement-kitchens\/#breadcrumb"},"inLanguage":"de","potentialAction":[{"@type":"ReadAction","target":["https:\/\/www.satine.com\/microcement\/microcement-kitchens\/"]}]},{"@type":"ImageObject","inLanguage":"de","@id":"https:\/\/www.satine.com\/microcement\/microcement-kitchens\/#primaryimage","url":"https:\/\/www.satine.com\/wp-content\/uploads\/2024\/09\/pared-de-cocina-de-microcemento-3506836-1024x683.webp","contentUrl":"https:\/\/www.satine.com\/wp-content\/uploads\/2024\/09\/pared-de-cocina-de-microcemento-3506836-1024x683.webp"},{"@type":"BreadcrumbList","@id":"https:\/\/www.satine.com\/microcement\/microcement-kitchens\/#breadcrumb","itemListElement":[{"@type":"ListItem","position":1,"name":"Inicio","item":"https:\/\/www.satine.com\/"},{"@type":"ListItem","position":2,"name":"Microcement","item":"https:\/\/www.satine.com\/microcement\/"},{"@type":"ListItem","position":3,"name":"Microcement Kitchens"}]},{"@type":"WebSite","@id":"https:\/\/www.satine.com\/#website","url":"https:\/\/www.satine.com\/","name":"Satine - Mikrozement","description":"","alternateName":"Satine - Microcement","potentialAction":[{"@type":"SearchAction","target":{"@type":"EntryPoint","urlTemplate":"https:\/\/www.satine.com\/?s={search_term_string}"},"query-input":{"@type":"PropertyValueSpecification","valueRequired":true,"valueName":"search_term_string"}}],"inLanguage":"de"}]}},"_links":{"self":[{"href":"https:\/\/www.satine.com\/de\/wp-json\/wp\/v2\/pages\/5228","targetHints":{"allow":["GET"]}}],"collection":[{"href":"https:\/\/www.satine.com\/de\/wp-json\/wp\/v2\/pages"}],"about":[{"href":"https:\/\/www.satine.com\/de\/wp-json\/wp\/v2\/types\/page"}],"author":[{"embeddable":true,"href":"https:\/\/www.satine.com\/de\/wp-json\/wp\/v2\/users\/1"}],"replies":[{"embeddable":true,"href":"https:\/\/www.satine.com\/de\/wp-json\/wp\/v2\/comments?post=5228"}],"version-history":[{"count":5,"href":"https:\/\/www.satine.com\/de\/wp-json\/wp\/v2\/pages\/5228\/revisions"}],"predecessor-version":[{"id":5326,"href":"https:\/\/www.satine.com\/de\/wp-json\/wp\/v2\/pages\/5228\/revisions\/5326"}],"up":[{"embeddable":true,"href":"https:\/\/www.satine.com\/de\/wp-json\/wp\/v2\/pages\/2814"}],"wp:attachment":[{"href":"https:\/\/www.satine.com\/de\/wp-json\/wp\/v2\/media?parent=5228"}],"curies":[{"name":"wp","href":"https:\/\/api.w.org\/{rel}","templated":true}]}}