{"id":5166,"date":"2024-09-17T04:44:44","date_gmt":"2024-09-17T08:44:44","guid":{"rendered":"https:\/\/www.satine.com\/?page_id=5166"},"modified":"2024-09-17T08:35:45","modified_gmt":"2024-09-17T12:35:45","slug":"mikrozement-bader","status":"publish","type":"page","link":"https:\/\/www.satine.com\/de\/microcement\/microcement-bathrooms\/","title":{"rendered":"Mikrozement-B\u00e4der"},"content":{"rendered":"<h2 class=\"wp-block-heading\">Mikrozement-B\u00e4der: Vorteile, Nutzen und Einsatzm\u00f6glichkeiten<\/h2>\n\n\n\n<p><a href=\"https:\/\/www.satine.com\/microcement\">Mikrozement<\/a> sind ein Trend in der Innenarchitektur, der in den letzten Jahren aufgrund ihrer Vielseitigkeit, Haltbarkeit und modernen \u00c4sthetik an Popularit\u00e4t gewonnen hat. Dieses Material, das aus einer Mischung aus Zement, Harzen und Pigmenten hergestellt wird, ist f\u00fcr seine hohe Widerstandsf\u00e4higkeit und seine nahtlose, durchgehende Oberfl\u00e4che bekannt, was es zu einer hervorragenden Wahl f\u00fcr Nassbereiche wie Badezimmer macht.<\/p>\n\n\n\n<h3 class=\"wp-block-heading\">Vorteile von Mikrozement in B\u00e4dern:<\/h3>\n\n\n\n<ul class=\"wp-block-list\">\n<li><strong>Moderne und minimalistische \u00c4sthetik<\/strong>: Mikrozement bietet ein glattes, einheitliches und modernes Aussehen, ideal f\u00fcr alle, die einen minimalistischen Stil suchen. Seine nahtlose Oberfl\u00e4che schafft ein Gef\u00fchl der Kontinuit\u00e4t, erweitert den Raum optisch und l\u00e4sst ihn gr\u00f6\u00dfer und sauberer erscheinen.<\/li>\n\n\n\n<li><strong>Vielfalt an Farben und Ausf\u00fchrungen<\/strong>: Obwohl Grau die h\u00e4ufigste Farbe ist, kann Mikrozement in einer breiten Palette von Farbt\u00f6nen pigmentiert werden, so dass er sich an jeden dekorativen Stil anpassen l\u00e4sst. Au\u00dferdem gibt es verschiedene Arten von Oberfl\u00e4chen: matt, satiniert oder gl\u00e4nzend, was eine flexible Verwendung erm\u00f6glicht.<\/li>\n\n\n\n<li><strong>Langlebigkeit und Widerstandsf\u00e4higkeit<\/strong>: Dieses Material ist sehr widerstandsf\u00e4hig gegen Abnutzung, St\u00f6\u00dfe und Feuchtigkeit und eignet sich daher perfekt f\u00fcr Duschen, Waschbecken und Badezimmerw\u00e4nde. Au\u00dferdem kann Mikrozement bei richtiger Pflege viele Jahre lang in ausgezeichnetem Zustand bleiben.<\/li>\n\n\n\n<li><strong>Wasserdicht und leicht zu reinigen<\/strong>: Da es sich um ein fugenloses Material handelt, ist es leicht zu reinigen, da es keine L\u00fccken gibt, in denen sich Schmutz oder Schimmel ansammeln kann. Mit einer geeigneten Abdichtungsschicht ist Mikrozement vollkommen wasserdicht und sch\u00fctzt vor Feuchtigkeit.<\/li>\n\n\n\n<li><strong>Installation \u00fcber bestehenden Oberfl\u00e4chen<\/strong>: Einer der gro\u00dfen Vorteile von Mikrozement ist, dass er \u00fcber Fliesen, Keramik oder andere Oberfl\u00e4chen aufgetragen werden kann, ohne dass diese entfernt werden m\u00fcssen, was die Bauzeit und -kosten reduziert.<\/li>\n<\/ul>\n\n\n\n<div style=\"height:30px\" aria-hidden=\"true\" class=\"wp-block-spacer\"><\/div>\n\n\n\n<figure class=\"wp-block-image size-large is-resized\"><img loading=\"lazy\" decoding=\"async\" width=\"1024\" height=\"639\" src=\"https:\/\/www.satine.com\/wp-content\/uploads\/2024\/09\/Captura-de-pantalla-2024-09-17-a-las-10.47.53-1024x639.png\" alt=\"\" class=\"wp-image-5187\" style=\"aspect-ratio:16\/9;object-fit:cover;width:1600px\" srcset=\"https:\/\/www.satine.com\/wp-content\/uploads\/2024\/09\/Captura-de-pantalla-2024-09-17-a-las-10.47.53-1024x639.png 1024w, https:\/\/www.satine.com\/wp-content\/uploads\/2024\/09\/Captura-de-pantalla-2024-09-17-a-las-10.47.53-300x187.png 300w, https:\/\/www.satine.com\/wp-content\/uploads\/2024\/09\/Captura-de-pantalla-2024-09-17-a-las-10.47.53-768x479.png 768w, https:\/\/www.satine.com\/wp-content\/uploads\/2024\/09\/Captura-de-pantalla-2024-09-17-a-las-10.47.53-18x12.png 18w, https:\/\/www.satine.com\/wp-content\/uploads\/2024\/09\/Captura-de-pantalla-2024-09-17-a-las-10.47.53.png 1150w\" sizes=\"auto, (max-width: 1024px) 100vw, 1024px\" \/><\/figure>\n\n\n\n<div style=\"height:30px\" aria-hidden=\"true\" class=\"wp-block-spacer\"><\/div>\n\n\n\n<h3 class=\"wp-block-heading\">Verwendet im Badezimmer:<\/h3>\n\n\n\n<ul class=\"wp-block-list\">\n<li><strong>W\u00e4nde und B\u00f6den<\/strong>: Dank seiner Undurchl\u00e4ssigkeit und Feuchtigkeitsbest\u00e4ndigkeit ist Mikrozement ideal f\u00fcr die Verkleidung von W\u00e4nden und B\u00f6den in Badezimmern und bietet eine durchgehende Oberfl\u00e4che, die ein Gef\u00fchl von Ger\u00e4umigkeit und Modernit\u00e4t vermittelt.<\/li>\n\n\n\n<li><strong>Arbeitsplatten und Waschbecken<\/strong>: Mikrozement kann in jede beliebige Form gebracht werden und erm\u00f6glicht so die Herstellung von individuell gestalteten Arbeitsplatten oder Waschbecken, die sich elegant in das Gesamtdesign des Badezimmers einf\u00fcgen<a href=\"https:\/\/www.satinestone.com\">.<\/a><\/li>\n\n\n\n<li><strong>Duschen<\/strong>: Wenn Mikrozement mit bestimmten Oberfl\u00e4chenbehandlungen behandelt wird, wird er rutschfest und ist damit eine ausgezeichnete Wahl f\u00fcr Duschwannen, die eine sichere und zugleich elegante Oberfl\u00e4che bieten.<\/li>\n<\/ul>\n\n\n\n<h3 class=\"wp-block-heading\">Preis von Mikrozement in Badezimmern<\/h3>\n\n\n\n<p>Die&nbsp;<strong>Preis von Mikrozement in Badezimmern<\/strong>&nbsp;h\u00e4ngt von mehreren Schl\u00fcsselfaktoren ab, die die Gesamtkosten des Projekts beeinflussen. Einige der wichtigsten zu ber\u00fccksichtigenden Elemente sind:<\/p>\n\n\n\n<ul class=\"wp-block-list\">\n<li><strong>Schwierigkeit und Komplexit\u00e4t der Aufgabe<\/strong>: Jedes Badezimmer weist einzigartige Merkmale auf, wie z. B. seine Gr\u00f6\u00dfe, den Zustand der Oberfl\u00e4chen und die Raumaufteilung, was die Arbeiten mehr oder weniger komplex machen kann. Wenn das Badezimmer zus\u00e4tzliche Oberfl\u00e4chenvorbereitungen wie Nivellierung oder vorherige Reparaturen erfordert, kann dies die Installationskosten erh\u00f6hen.<\/li>\n\n\n\n<li><strong>Qualit\u00e4t des Mikrozements<\/strong>: Es gibt verschiedene Arten von Mikrozement auf dem Markt, die von preisg\u00fcnstigeren Optionen bis hin zu hochwertigen Produkten reichen, die bessere Leistungen in Bezug auf Widerstandsf\u00e4higkeit, Haltbarkeit und Oberfl\u00e4chenbehandlung bieten. Die Wahl des Mikrozementtyps wirkt sich direkt auf den Preis aus, da hochwertige Marken in der Regel teurer sind, aber langfristig bessere Ergebnisse liefern.<\/li>\n\n\n\n<li><strong>Zu bedeckende Fl\u00e4chen<\/strong>: Ein weiterer entscheidender Faktor ist, welche Bereiche des Badezimmers mit Mikrozement verkleidet werden sollen. Die Verlegung von Mikrozement auf B\u00f6den oder W\u00e4nden unterscheidet sich von der Gestaltung von individuelleren und komplexeren Elementen wie einer Duschwanne, einer Badewanne oder sogar einem Waschbecken. Flache und gro\u00dfe Fl\u00e4chen, wie B\u00f6den und W\u00e4nde, sind in der Regel schneller zu verkleiden, w\u00e4hrend Bereiche mit Rundungen oder besonderen Details, wie Arbeitsplatten oder Badewannen, mehr Zeit in Anspruch nehmen und somit den Preis erh\u00f6hen k\u00f6nnen.<\/li>\n<\/ul>\n\n\n\n<h3 class=\"wp-block-heading\">Erfahrung und Professionalit\u00e4t<\/h3>\n\n\n\n<p>Unter&nbsp;<strong>Satine<\/strong>haben wir ein Team von&nbsp;<strong>zertifizierte Applikatoren<\/strong>&nbsp;in allen Provinzen Spaniens, so dass wir sicherstellen k\u00f6nnen, dass die Arbeiten von hochqualifizierten Fachleuten ausgef\u00fchrt werden. Unsere Verarbeiter haben Erfahrung mit allen Arten von Mikrozement-Badprojekten, von einfachen Boden- und Wandverkleidungen bis hin zu komplexeren Elementen wie Duschwannen, Badewannen, Arbeitsplatten und integrierten Waschbecken.<\/p>","protected":false},"excerpt":{"rendered":"<p>Microcement Bathrooms: Advantages, Benefits and Uses Microcement bathrooms are a trend in interior design that has gained popularity in recent years due to their versatility, durability, and modern aesthetics. This material, made from a blend of cement, resins, and pigments, is known for being highly resistant and having a seamless, continuous finish, making it an [&hellip;]<\/p>\n","protected":false},"author":1,"featured_media":0,"parent":2814,"menu_order":0,"comment_status":"closed","ping_status":"closed","template":"","meta":{"footnotes":""},"class_list":["post-5166","page","type-page","status-publish","hentry"],"yoast_head":"<!-- This site is optimized with the Yoast SEO plugin v27.4 - https:\/\/yoast.com\/product\/yoast-seo-wordpress\/ -->\n<title>Microcement Bathrooms - Satine<\/title>\n<meta name=\"description\" content=\"Discover the benefits of microcement bathrooms: modern design, durability, a variety of finishes, and easy maintenance. Perfect for walls, floors, countertops, and showers.\" \/>\n<meta name=\"robots\" content=\"index, follow, max-snippet:-1, max-image-preview:large, max-video-preview:-1\" \/>\n<link rel=\"canonical\" href=\"https:\/\/www.satine.com\/de\/mikrozement\/mikrozement-bader\/\" \/>\n<meta property=\"og:locale\" content=\"de_DE\" \/>\n<meta property=\"og:type\" content=\"article\" \/>\n<meta property=\"og:title\" content=\"Microcement Bathrooms - Satine\" \/>\n<meta property=\"og:description\" content=\"Discover the benefits of microcement bathrooms: modern design, durability, a variety of finishes, and easy maintenance. Perfect for walls, floors, countertops, and showers.\" \/>\n<meta property=\"og:url\" content=\"https:\/\/www.satine.com\/de\/mikrozement\/mikrozement-bader\/\" \/>\n<meta property=\"og:site_name\" content=\"Satine\" \/>\n<meta property=\"article:modified_time\" content=\"2024-09-17T12:35:45+00:00\" \/>\n<meta property=\"og:image\" content=\"https:\/\/www.satine.com\/wp-content\/uploads\/2024\/09\/Captura-de-pantalla-2024-09-17-a-las-10.47.53-1024x639.png\" \/>\n<meta name=\"twitter:card\" content=\"summary_large_image\" \/>\n<meta name=\"twitter:label1\" content=\"Gesch\u00e4tzte Lesezeit\" \/>\n\t<meta name=\"twitter:data1\" content=\"3\u00a0Minuten\" \/>\n<script type=\"application\/ld+json\" class=\"yoast-schema-graph\">{\"@context\":\"https:\\\/\\\/schema.org\",\"@graph\":[{\"@type\":\"WebPage\",\"@id\":\"https:\\\/\\\/www.satine.com\\\/microcement\\\/microcement-bathrooms\\\/\",\"url\":\"https:\\\/\\\/www.satine.com\\\/microcement\\\/microcement-bathrooms\\\/\",\"name\":\"Microcement Bathrooms - Satine\",\"isPartOf\":{\"@id\":\"https:\\\/\\\/www.satine.com\\\/#website\"},\"primaryImageOfPage\":{\"@id\":\"https:\\\/\\\/www.satine.com\\\/microcement\\\/microcement-bathrooms\\\/#primaryimage\"},\"image\":{\"@id\":\"https:\\\/\\\/www.satine.com\\\/microcement\\\/microcement-bathrooms\\\/#primaryimage\"},\"thumbnailUrl\":\"https:\\\/\\\/www.satine.com\\\/wp-content\\\/uploads\\\/2024\\\/09\\\/Captura-de-pantalla-2024-09-17-a-las-10.47.53-1024x639.png\",\"datePublished\":\"2024-09-17T08:44:44+00:00\",\"dateModified\":\"2024-09-17T12:35:45+00:00\",\"description\":\"Discover the benefits of microcement bathrooms: modern design, durability, a variety of finishes, and easy maintenance. Perfect for walls, floors, countertops, and showers.\",\"breadcrumb\":{\"@id\":\"https:\\\/\\\/www.satine.com\\\/microcement\\\/microcement-bathrooms\\\/#breadcrumb\"},\"inLanguage\":\"de\",\"potentialAction\":[{\"@type\":\"ReadAction\",\"target\":[\"https:\\\/\\\/www.satine.com\\\/microcement\\\/microcement-bathrooms\\\/\"]}]},{\"@type\":\"ImageObject\",\"inLanguage\":\"de\",\"@id\":\"https:\\\/\\\/www.satine.com\\\/microcement\\\/microcement-bathrooms\\\/#primaryimage\",\"url\":\"https:\\\/\\\/www.satine.com\\\/wp-content\\\/uploads\\\/2024\\\/09\\\/Captura-de-pantalla-2024-09-17-a-las-10.47.53-1024x639.png\",\"contentUrl\":\"https:\\\/\\\/www.satine.com\\\/wp-content\\\/uploads\\\/2024\\\/09\\\/Captura-de-pantalla-2024-09-17-a-las-10.47.53-1024x639.png\"},{\"@type\":\"BreadcrumbList\",\"@id\":\"https:\\\/\\\/www.satine.com\\\/microcement\\\/microcement-bathrooms\\\/#breadcrumb\",\"itemListElement\":[{\"@type\":\"ListItem\",\"position\":1,\"name\":\"Inicio\",\"item\":\"https:\\\/\\\/www.satine.com\\\/\"},{\"@type\":\"ListItem\",\"position\":2,\"name\":\"Microcement\",\"item\":\"https:\\\/\\\/www.satine.com\\\/microcement\\\/\"},{\"@type\":\"ListItem\",\"position\":3,\"name\":\"Microcement Bathrooms\"}]},{\"@type\":\"WebSite\",\"@id\":\"https:\\\/\\\/www.satine.com\\\/#website\",\"url\":\"https:\\\/\\\/www.satine.com\\\/\",\"name\":\"Satine - Microcement\",\"description\":\"\",\"alternateName\":\"Satine - Microcement\",\"potentialAction\":[{\"@type\":\"SearchAction\",\"target\":{\"@type\":\"EntryPoint\",\"urlTemplate\":\"https:\\\/\\\/www.satine.com\\\/?s={search_term_string}\"},\"query-input\":{\"@type\":\"PropertyValueSpecification\",\"valueRequired\":true,\"valueName\":\"search_term_string\"}}],\"inLanguage\":\"de\"}]}<\/script>\n<!-- \/ Yoast SEO plugin. -->","yoast_head_json":{"title":"Mikrozement-B\u00e4der - Satine","description":"Entdecken Sie die Vorteile von Mikrozementb\u00e4dern: modernes Design, Langlebigkeit, eine Vielzahl von Oberfl\u00e4chen und einfache Pflege. Perfekt f\u00fcr W\u00e4nde, B\u00f6den, Arbeitsplatten und Duschen.","robots":{"index":"index","follow":"follow","max-snippet":"max-snippet:-1","max-image-preview":"max-image-preview:large","max-video-preview":"max-video-preview:-1"},"canonical":"https:\/\/www.satine.com\/de\/mikrozement\/mikrozement-bader\/","og_locale":"de_DE","og_type":"article","og_title":"Microcement Bathrooms - Satine","og_description":"Discover the benefits of microcement bathrooms: modern design, durability, a variety of finishes, and easy maintenance. Perfect for walls, floors, countertops, and showers.","og_url":"https:\/\/www.satine.com\/de\/mikrozement\/mikrozement-bader\/","og_site_name":"Satine","article_modified_time":"2024-09-17T12:35:45+00:00","og_image":[{"url":"https:\/\/www.satine.com\/wp-content\/uploads\/2024\/09\/Captura-de-pantalla-2024-09-17-a-las-10.47.53-1024x639.png","type":"","width":"","height":""}],"twitter_card":"summary_large_image","twitter_misc":{"Gesch\u00e4tzte Lesezeit":"3\u00a0Minuten"},"schema":{"@context":"https:\/\/schema.org","@graph":[{"@type":"WebPage","@id":"https:\/\/www.satine.com\/microcement\/microcement-bathrooms\/","url":"https:\/\/www.satine.com\/microcement\/microcement-bathrooms\/","name":"Mikrozement-B\u00e4der - Satine","isPartOf":{"@id":"https:\/\/www.satine.com\/#website"},"primaryImageOfPage":{"@id":"https:\/\/www.satine.com\/microcement\/microcement-bathrooms\/#primaryimage"},"image":{"@id":"https:\/\/www.satine.com\/microcement\/microcement-bathrooms\/#primaryimage"},"thumbnailUrl":"https:\/\/www.satine.com\/wp-content\/uploads\/2024\/09\/Captura-de-pantalla-2024-09-17-a-las-10.47.53-1024x639.png","datePublished":"2024-09-17T08:44:44+00:00","dateModified":"2024-09-17T12:35:45+00:00","description":"Entdecken Sie die Vorteile von Mikrozementb\u00e4dern: modernes Design, Langlebigkeit, eine Vielzahl von Oberfl\u00e4chen und einfache Pflege. Perfekt f\u00fcr W\u00e4nde, B\u00f6den, Arbeitsplatten und Duschen.","breadcrumb":{"@id":"https:\/\/www.satine.com\/microcement\/microcement-bathrooms\/#breadcrumb"},"inLanguage":"de","potentialAction":[{"@type":"ReadAction","target":["https:\/\/www.satine.com\/microcement\/microcement-bathrooms\/"]}]},{"@type":"ImageObject","inLanguage":"de","@id":"https:\/\/www.satine.com\/microcement\/microcement-bathrooms\/#primaryimage","url":"https:\/\/www.satine.com\/wp-content\/uploads\/2024\/09\/Captura-de-pantalla-2024-09-17-a-las-10.47.53-1024x639.png","contentUrl":"https:\/\/www.satine.com\/wp-content\/uploads\/2024\/09\/Captura-de-pantalla-2024-09-17-a-las-10.47.53-1024x639.png"},{"@type":"BreadcrumbList","@id":"https:\/\/www.satine.com\/microcement\/microcement-bathrooms\/#breadcrumb","itemListElement":[{"@type":"ListItem","position":1,"name":"Inicio","item":"https:\/\/www.satine.com\/"},{"@type":"ListItem","position":2,"name":"Microcement","item":"https:\/\/www.satine.com\/microcement\/"},{"@type":"ListItem","position":3,"name":"Microcement Bathrooms"}]},{"@type":"WebSite","@id":"https:\/\/www.satine.com\/#website","url":"https:\/\/www.satine.com\/","name":"Satine - Mikrozement","description":"","alternateName":"Satine - Microcement","potentialAction":[{"@type":"SearchAction","target":{"@type":"EntryPoint","urlTemplate":"https:\/\/www.satine.com\/?s={search_term_string}"},"query-input":{"@type":"PropertyValueSpecification","valueRequired":true,"valueName":"search_term_string"}}],"inLanguage":"de"}]}},"_links":{"self":[{"href":"https:\/\/www.satine.com\/de\/wp-json\/wp\/v2\/pages\/5166","targetHints":{"allow":["GET"]}}],"collection":[{"href":"https:\/\/www.satine.com\/de\/wp-json\/wp\/v2\/pages"}],"about":[{"href":"https:\/\/www.satine.com\/de\/wp-json\/wp\/v2\/types\/page"}],"author":[{"embeddable":true,"href":"https:\/\/www.satine.com\/de\/wp-json\/wp\/v2\/users\/1"}],"replies":[{"embeddable":true,"href":"https:\/\/www.satine.com\/de\/wp-json\/wp\/v2\/comments?post=5166"}],"version-history":[{"count":5,"href":"https:\/\/www.satine.com\/de\/wp-json\/wp\/v2\/pages\/5166\/revisions"}],"predecessor-version":[{"id":5196,"href":"https:\/\/www.satine.com\/de\/wp-json\/wp\/v2\/pages\/5166\/revisions\/5196"}],"up":[{"embeddable":true,"href":"https:\/\/www.satine.com\/de\/wp-json\/wp\/v2\/pages\/2814"}],"wp:attachment":[{"href":"https:\/\/www.satine.com\/de\/wp-json\/wp\/v2\/media?parent=5166"}],"curies":[{"name":"wp","href":"https:\/\/api.w.org\/{rel}","templated":true}]}}