{"id":5055,"date":"2024-09-16T05:50:39","date_gmt":"2024-09-16T09:50:39","guid":{"rendered":"https:\/\/www.satine.com\/?page_id=5055"},"modified":"2024-09-17T08:36:32","modified_gmt":"2024-09-17T12:36:32","slug":"mikrozementwande","status":"publish","type":"page","link":"https:\/\/www.satine.com\/de\/microcement\/microcement-walls\/","title":{"rendered":"Mikrozement-W\u00e4nde"},"content":{"rendered":"<h2 class=\"wp-block-heading\"><strong>Mikrozement-W\u00e4nde: Anwendungen, Vorteile und Einsatzm\u00f6glichkeiten.<\/strong><\/h2>\n\n\n\n<p><a href=\"https:\/\/www.satine.com\/microcement\">Mikrozement<\/a> Walls ist eine dekorative Beschichtung, die aufgrund ihrer weit verbreiteten Anwendung als fugenloser Bodenbelag sowohl in Privath\u00e4usern als auch in gro\u00dfen Gesch\u00e4ftsr\u00e4umen an Beliebtheit gewonnen hat. Ihre Vielseitigkeit in Bezug auf Oberfl\u00e4chen, Farben und Texturen in Kombination mit ihrer Funktionalit\u00e4t und ihrem wettbewerbsf\u00e4higen Preis hat den j\u00fcngsten Anstieg ihrer Verwendung gef\u00f6rdert.<\/p>\n\n\n\n<p>Dieser Trend geht \u00fcber die Fu\u00dfb\u00f6den hinaus, denn die Verwendung von Mikrozement an W\u00e4nden hat in den letzten Jahren sowohl im Innen- als auch im Au\u00dfenbereich stark zugenommen. Die Anziehungskraft dieser Beschichtung liegt in ihrer eleganten \u00c4sthetik, Haltbarkeit, Reinigungs- und Wartungsfreundlichkeit sowie in der Vermeidung kostspieliger Renovierungen. Verabschieden Sie sich von schmutzigen Renovierungen mit Mikrozement.<\/p>\n\n\n\n<p>Einer der gr\u00f6\u00dften Vorteile dieser Beschichtung besteht darin, dass sie den chaotischen Teil traditioneller Renovierungen eliminiert: den Bauschutt. Im Gegensatz zu herk\u00f6mmlichen Methoden m\u00fcssen bei der Anbringung von Mikrozement an den W\u00e4nden die vorhandenen Materialien nicht entfernt werden. Die d\u00fcnne 3 mm dicke Schicht haftet direkt auf der vorhandenen Oberfl\u00e4che, egal ob es sich um Marmor, Fliesen, Keramik oder Terrazzo handelt.<\/p>\n\n\n\n<h2 class=\"wp-block-heading\"><strong>Widerstandsf\u00e4higkeit und Langlebigkeit<\/strong><\/h2>\n\n\n\n<p>Mikrozement bietet eine au\u00dfergew\u00f6hnliche Widerstandsf\u00e4higkeit gegen St\u00f6\u00dfe, Kratzer und Chemikalien und ist damit weit mehr als nur eine dekorative Beschichtung. Seine Robustheit und Rissbest\u00e4ndigkeit tragen dazu bei, dass er sich in verschiedenen Bereichen schnell durchsetzt. Diese Best\u00e4ndigkeit sorgt daf\u00fcr, dass die Oberfl\u00e4chen auch in stark frequentierten oder schwierigen Umgebungen intakt und optisch ansprechend bleiben. Die F\u00e4higkeit, der t\u00e4glichen Beanspruchung standzuhalten und dabei seine \u00e4sthetische Integrit\u00e4t zu bewahren, ist ein Schl\u00fcsselfaktor f\u00fcr seine Beliebtheit.<\/p>\n\n\n\n<h2 class=\"wp-block-heading\"><strong>F\u00fcr den Innen- und Au\u00dfenbereich<\/strong><\/h2>\n\n\n\n<p>Mikrozement ist \u00e4u\u00dferst vielseitig und eignet sich sowohl f\u00fcr Innen- als auch f\u00fcr Au\u00dfenanwendungen. Zu seinen Eigenschaften geh\u00f6rt die Best\u00e4ndigkeit gegen UV-Strahlen, die dazu beitr\u00e4gt, das Verblassen der Farbe und den Verfall bei Sonneneinstrahlung zu verhindern. Au\u00dferdem kann er mit Temperaturschwankungen und Feuchtigkeit umgehen, was ihn zu einer idealen Wahl f\u00fcr Au\u00dfenwandverkleidungen macht. Diese Anpassungsf\u00e4higkeit erm\u00f6glicht es Hausbesitzern und Designern, Mikrozement zu verwenden, um ein einheitliches, stilvolles Aussehen in verschiedenen Bereichen zu schaffen, einschlie\u00dflich Fassaden und Au\u00dfenwohnbereichen.<\/p>\n\n\n\n<h2 class=\"wp-block-heading\"><strong>Wasserdicht Vorteile<\/strong><\/h2>\n\n\n\n<p>Eine der herausragenden Eigenschaften von Mikrozement ist seine Wasserdichtigkeit. Das macht ihn besonders wertvoll in feuchtigkeitsanf\u00e4lligen Bereichen wie K\u00fcchen und B\u00e4dern. Die Wasserbest\u00e4ndigkeit der Beschichtung sorgt daf\u00fcr, dass die Oberfl\u00e4chen trocken und hygienisch bleiben und das Risiko von Schimmelpilzbildung reduziert wird. Duschen aus Mikrozement sind besonders beliebt, weil sie eine fugenlose, wasserdichte Oberfl\u00e4che haben, die nicht nur die \u00c4sthetik verbessert, sondern auch die Reinigung und Wartung vereinfacht.<\/p>\n\n\n\n<h2 class=\"wp-block-heading\"><strong>Geringe Wartung<\/strong><\/h2>\n\n\n\n<p>Die nahtlose Oberfl\u00e4che von Mikrozement ist ein gro\u00dfer Vorteil f\u00fcr alle, die nach wartungsarmen L\u00f6sungen suchen. Im Gegensatz zu herk\u00f6mmlichen Wandverkleidungen mit Fugen, in denen sich Schmutz und Schimmel ansammeln k\u00f6nnen, minimiert die glatte, durchgehende Oberfl\u00e4che von Mikrozement diese Probleme. Das Ergebnis ist eine saubere Oberfl\u00e4che, die seltener einer Tiefenreinigung bedarf. Ein einfaches Abwischen mit einem feuchten Tuch und neutraler Seife reicht in der Regel aus, um die Oberfl\u00e4che frisch aussehen zu lassen, was sie zu einer praktischen Wahl f\u00fcr viel besch\u00e4ftigte Haushalte macht.<\/p>\n\n\n\n<h2 class=\"wp-block-heading\"><strong>Stilvoll und trendig<\/strong><\/h2>\n\n\n\n<p>Die schlichte, industrielle \u00c4sthetik von Microcement, inspiriert durch den in New York popul\u00e4ren Loft-Stil, verleiht jedem Raum einen modernen Touch. Seine F\u00e4higkeit, einen minimalistischen, nahtlosen Look zu schaffen, ist in der zeitgen\u00f6ssischen Innenarchitektur sehr gefragt. Die gro\u00dfe Auswahl an Farben und Oberfl\u00e4chen - wie gl\u00e4nzend, matt und seidenmatt - sorgt daf\u00fcr, dass Mikrozement den unterschiedlichsten Gestaltungsw\u00fcnschen gerecht wird. Diese Vielseitigkeit steigert nicht nur die visuelle Attraktivit\u00e4t von Innenr\u00e4umen, sondern h\u00e4lt Mikrozement auch an der Spitze der Designtrends. Ganz gleich, ob Sie einen raffinierten, urbanen Look oder ein subtileres, elegantes Finish anstreben, Mikrozement bietet die Flexibilit\u00e4t, um Ihren gew\u00fcnschten Stil zu erreichen.<\/p>\n\n\n\n<div style=\"height:30px\" aria-hidden=\"true\" class=\"wp-block-spacer\"><\/div>\n\n\n\n<figure class=\"wp-block-image size-full is-resized\"><img loading=\"lazy\" decoding=\"async\" width=\"1024\" height=\"1024\" src=\"https:\/\/www.satine.com\/wp-content\/uploads\/2024\/09\/Microcemento-Satine-1024x1024-5.png\" alt=\"\" class=\"wp-image-5063\" style=\"aspect-ratio:16\/9;object-fit:cover;width:1600px\" srcset=\"https:\/\/www.satine.com\/wp-content\/uploads\/2024\/09\/Microcemento-Satine-1024x1024-5.png 1024w, https:\/\/www.satine.com\/wp-content\/uploads\/2024\/09\/Microcemento-Satine-1024x1024-5-300x300.png 300w, https:\/\/www.satine.com\/wp-content\/uploads\/2024\/09\/Microcemento-Satine-1024x1024-5-150x150.png 150w, https:\/\/www.satine.com\/wp-content\/uploads\/2024\/09\/Microcemento-Satine-1024x1024-5-768x768.png 768w, https:\/\/www.satine.com\/wp-content\/uploads\/2024\/09\/Microcemento-Satine-1024x1024-5-12x12.png 12w\" sizes=\"auto, (max-width: 1024px) 100vw, 1024px\" \/><\/figure>\n\n\n\n<div style=\"height:30px\" aria-hidden=\"true\" class=\"wp-block-spacer\"><\/div>\n\n\n\n<h2 class=\"wp-block-heading\"><strong>Vorteile<\/strong><\/h2>\n\n\n\n<p>Der Aufstieg von Mikrozement in der Inneneinrichtung ist kein Zufall. Er bietet ein dauerhaftes und stilvolles Ergebnis ohne aufw\u00e4ndige Renovierungsarbeiten. Ob f\u00fcr ein einzelnes Zimmer oder einen ganzen Raum, diese Beschichtung sorgt f\u00fcr einen minimalistischen, eleganten Look mit einem gr\u00f6\u00dferen Raumgef\u00fchl. Auf den Mikrozement von Satine wird eine Garantie von bis zu 10 Jahren gew\u00e4hrt, die eine dauerhafte Sch\u00f6nheit und Zweckm\u00e4\u00dfigkeit ohne Probleme mit Abplatzungen, Rissen oder Feuchtigkeit gew\u00e4hrleistet.<\/p>\n\n\n\n<h2 class=\"wp-block-heading\"><strong>Bewerbungsprozess<\/strong><\/h2>\n\n\n\n<p>Um diese Beschichtung aufzutragen, befolgen Sie diese f\u00fcnf Schritte:<\/p>\n\n\n\n<ol class=\"wp-block-list\">\n<li>Reinigen Sie die Oberfl\u00e4che<a href=\"https:\/\/www.satinestone.com\">.<\/a><\/li>\n\n\n\n<li>Grundieren und ein Glasfasernetz verwenden.<\/li>\n\n\n\n<li>Zwei Schichten Basis-Mikrozement auftragen.<\/li>\n\n\n\n<li>Zwei Anstriche mit Mikrozement auftragen.<\/li>\n\n\n\n<li>Versiegeln und sch\u00fctzen.<\/li>\n<\/ol>\n\n\n\n<p>Ausf\u00fchrliche Anwendungshinweise und Produktempfehlungen finden Sie auf unserer Website.<\/p>\n\n\n\n<h2 class=\"wp-block-heading\"><strong>Kosten<\/strong><\/h2>\n\n\n\n<p>Die Kosten f\u00fcr das Aufbringen von Mikrozement werden von mehreren Faktoren beeinflusst, darunter die Fl\u00e4che, der Zustand des vorhandenen Untergrunds und die Qualit\u00e4t des Produkts. Die Preise liegen im Allgemeinen zwischen 60 und 100 Euro pro Quadratmeter, je nach diesen Faktoren und der Komplexit\u00e4t der Aufgabe.<\/p>\n\n\n\n<h2 class=\"wp-block-heading\"><strong>Trend bei K\u00fcchenw\u00e4nden<\/strong><\/h2>\n\n\n\n<p>Mikrozement ist aufgrund seiner Best\u00e4ndigkeit gegen Feuchtigkeit, Reinigungsmittel und allt\u00e4gliche Einfl\u00fcsse eine hervorragende Wahl f\u00fcr K\u00fcchenw\u00e4nde. Seine wasserfesten Eigenschaften und seine Fleckenbest\u00e4ndigkeit machen ihn zu einer ausgezeichneten Wahl, und die K\u00fcche bleibt w\u00e4hrend der Renovierung nutzbar, da kein Abriss oder Entfernen der vorhandenen Materialien erforderlich ist.<\/p>","protected":false},"excerpt":{"rendered":"<p>Microcement Walls: Applications, Advatages and Uses. Microcement walls is a decorative coating that has gained popularity due to its widespread application as a seamless flooring solution in both private homes and large commercial spaces. Its versatility in finishes, colors, and textures, combined with its functionality and competitive pricing, has driven the recent surge in its [&hellip;]<\/p>\n","protected":false},"author":1,"featured_media":0,"parent":2814,"menu_order":0,"comment_status":"closed","ping_status":"closed","template":"","meta":{"footnotes":""},"class_list":["post-5055","page","type-page","status-publish","hentry"],"yoast_head":"<!-- This site is optimized with the Yoast SEO plugin v27.5 - https:\/\/yoast.com\/product\/yoast-seo-wordpress\/ -->\n<title>Microcement Walls - Satine<\/title>\n<meta name=\"description\" content=\"Microcement walls the ultimate solution for elegant and durable walls. Perfect for both indoor and outdoor applications, this versatile coating offers resistance, waterproofing, and effortless upkeep without the need for costly renovations.\" \/>\n<meta name=\"robots\" content=\"index, follow, max-snippet:-1, max-image-preview:large, max-video-preview:-1\" \/>\n<link rel=\"canonical\" href=\"https:\/\/www.satine.com\/de\/mikrozement\/mikrozementwande\/\" \/>\n<meta property=\"og:locale\" content=\"de_DE\" \/>\n<meta property=\"og:type\" content=\"article\" \/>\n<meta property=\"og:title\" content=\"Microcement Walls - Satine\" \/>\n<meta property=\"og:description\" content=\"Microcement walls the ultimate solution for elegant and durable walls. Perfect for both indoor and outdoor applications, this versatile coating offers resistance, waterproofing, and effortless upkeep without the need for costly renovations.\" \/>\n<meta property=\"og:url\" content=\"https:\/\/www.satine.com\/de\/mikrozement\/mikrozementwande\/\" \/>\n<meta property=\"og:site_name\" content=\"Satine\" \/>\n<meta property=\"article:modified_time\" content=\"2024-09-17T12:36:32+00:00\" \/>\n<meta property=\"og:image\" content=\"https:\/\/www.satine.com\/wp-content\/uploads\/2024\/09\/Microcemento-Satine-1024x1024-5.png\" \/>\n<meta name=\"twitter:card\" content=\"summary_large_image\" \/>\n<meta name=\"twitter:label1\" content=\"Gesch\u00e4tzte Lesezeit\" \/>\n\t<meta name=\"twitter:data1\" content=\"4\u00a0Minuten\" \/>\n<script type=\"application\/ld+json\" class=\"yoast-schema-graph\">{\"@context\":\"https:\\\/\\\/schema.org\",\"@graph\":[{\"@type\":\"WebPage\",\"@id\":\"https:\\\/\\\/www.satine.com\\\/microcement\\\/microcement-walls\\\/\",\"url\":\"https:\\\/\\\/www.satine.com\\\/microcement\\\/microcement-walls\\\/\",\"name\":\"Microcement Walls - Satine\",\"isPartOf\":{\"@id\":\"https:\\\/\\\/www.satine.com\\\/#website\"},\"primaryImageOfPage\":{\"@id\":\"https:\\\/\\\/www.satine.com\\\/microcement\\\/microcement-walls\\\/#primaryimage\"},\"image\":{\"@id\":\"https:\\\/\\\/www.satine.com\\\/microcement\\\/microcement-walls\\\/#primaryimage\"},\"thumbnailUrl\":\"https:\\\/\\\/www.satine.com\\\/wp-content\\\/uploads\\\/2024\\\/09\\\/Microcemento-Satine-1024x1024-5.png\",\"datePublished\":\"2024-09-16T09:50:39+00:00\",\"dateModified\":\"2024-09-17T12:36:32+00:00\",\"description\":\"Microcement walls the ultimate solution for elegant and durable walls. Perfect for both indoor and outdoor applications, this versatile coating offers resistance, waterproofing, and effortless upkeep without the need for costly renovations.\",\"breadcrumb\":{\"@id\":\"https:\\\/\\\/www.satine.com\\\/microcement\\\/microcement-walls\\\/#breadcrumb\"},\"inLanguage\":\"de\",\"potentialAction\":[{\"@type\":\"ReadAction\",\"target\":[\"https:\\\/\\\/www.satine.com\\\/microcement\\\/microcement-walls\\\/\"]}]},{\"@type\":\"ImageObject\",\"inLanguage\":\"de\",\"@id\":\"https:\\\/\\\/www.satine.com\\\/microcement\\\/microcement-walls\\\/#primaryimage\",\"url\":\"https:\\\/\\\/www.satine.com\\\/wp-content\\\/uploads\\\/2024\\\/09\\\/Microcemento-Satine-1024x1024-5.png\",\"contentUrl\":\"https:\\\/\\\/www.satine.com\\\/wp-content\\\/uploads\\\/2024\\\/09\\\/Microcemento-Satine-1024x1024-5.png\"},{\"@type\":\"BreadcrumbList\",\"@id\":\"https:\\\/\\\/www.satine.com\\\/microcement\\\/microcement-walls\\\/#breadcrumb\",\"itemListElement\":[{\"@type\":\"ListItem\",\"position\":1,\"name\":\"Inicio\",\"item\":\"https:\\\/\\\/www.satine.com\\\/\"},{\"@type\":\"ListItem\",\"position\":2,\"name\":\"Microcement\",\"item\":\"https:\\\/\\\/www.satine.com\\\/microcement\\\/\"},{\"@type\":\"ListItem\",\"position\":3,\"name\":\"Microcement Walls\"}]},{\"@type\":\"WebSite\",\"@id\":\"https:\\\/\\\/www.satine.com\\\/#website\",\"url\":\"https:\\\/\\\/www.satine.com\\\/\",\"name\":\"Satine - Microcement\",\"description\":\"\",\"alternateName\":\"Satine - Microcement\",\"potentialAction\":[{\"@type\":\"SearchAction\",\"target\":{\"@type\":\"EntryPoint\",\"urlTemplate\":\"https:\\\/\\\/www.satine.com\\\/?s={search_term_string}\"},\"query-input\":{\"@type\":\"PropertyValueSpecification\",\"valueRequired\":true,\"valueName\":\"search_term_string\"}}],\"inLanguage\":\"de\"}]}<\/script>\n<!-- \/ Yoast SEO plugin. -->","yoast_head_json":{"title":"Mikrozement-W\u00e4nde - Satine","description":"Mikrozementw\u00e4nde sind die ultimative L\u00f6sung f\u00fcr elegante und dauerhafte W\u00e4nde. Perfekt f\u00fcr Innen- und Au\u00dfenanwendungen bietet diese vielseitige Beschichtung Widerstandsf\u00e4higkeit, Wasserdichtigkeit und m\u00fchelose Instandhaltung ohne kostspielige Renovierungen.","robots":{"index":"index","follow":"follow","max-snippet":"max-snippet:-1","max-image-preview":"max-image-preview:large","max-video-preview":"max-video-preview:-1"},"canonical":"https:\/\/www.satine.com\/de\/mikrozement\/mikrozementwande\/","og_locale":"de_DE","og_type":"article","og_title":"Microcement Walls - Satine","og_description":"Microcement walls the ultimate solution for elegant and durable walls. Perfect for both indoor and outdoor applications, this versatile coating offers resistance, waterproofing, and effortless upkeep without the need for costly renovations.","og_url":"https:\/\/www.satine.com\/de\/mikrozement\/mikrozementwande\/","og_site_name":"Satine","article_modified_time":"2024-09-17T12:36:32+00:00","og_image":[{"url":"https:\/\/www.satine.com\/wp-content\/uploads\/2024\/09\/Microcemento-Satine-1024x1024-5.png","type":"","width":"","height":""}],"twitter_card":"summary_large_image","twitter_misc":{"Gesch\u00e4tzte Lesezeit":"4\u00a0Minuten"},"schema":{"@context":"https:\/\/schema.org","@graph":[{"@type":"WebPage","@id":"https:\/\/www.satine.com\/microcement\/microcement-walls\/","url":"https:\/\/www.satine.com\/microcement\/microcement-walls\/","name":"Mikrozement-W\u00e4nde - Satine","isPartOf":{"@id":"https:\/\/www.satine.com\/#website"},"primaryImageOfPage":{"@id":"https:\/\/www.satine.com\/microcement\/microcement-walls\/#primaryimage"},"image":{"@id":"https:\/\/www.satine.com\/microcement\/microcement-walls\/#primaryimage"},"thumbnailUrl":"https:\/\/www.satine.com\/wp-content\/uploads\/2024\/09\/Microcemento-Satine-1024x1024-5.png","datePublished":"2024-09-16T09:50:39+00:00","dateModified":"2024-09-17T12:36:32+00:00","description":"Mikrozementw\u00e4nde sind die ultimative L\u00f6sung f\u00fcr elegante und dauerhafte W\u00e4nde. Perfekt f\u00fcr Innen- und Au\u00dfenanwendungen bietet diese vielseitige Beschichtung Widerstandsf\u00e4higkeit, Wasserdichtigkeit und m\u00fchelose Instandhaltung ohne kostspielige Renovierungen.","breadcrumb":{"@id":"https:\/\/www.satine.com\/microcement\/microcement-walls\/#breadcrumb"},"inLanguage":"de","potentialAction":[{"@type":"ReadAction","target":["https:\/\/www.satine.com\/microcement\/microcement-walls\/"]}]},{"@type":"ImageObject","inLanguage":"de","@id":"https:\/\/www.satine.com\/microcement\/microcement-walls\/#primaryimage","url":"https:\/\/www.satine.com\/wp-content\/uploads\/2024\/09\/Microcemento-Satine-1024x1024-5.png","contentUrl":"https:\/\/www.satine.com\/wp-content\/uploads\/2024\/09\/Microcemento-Satine-1024x1024-5.png"},{"@type":"BreadcrumbList","@id":"https:\/\/www.satine.com\/microcement\/microcement-walls\/#breadcrumb","itemListElement":[{"@type":"ListItem","position":1,"name":"Inicio","item":"https:\/\/www.satine.com\/"},{"@type":"ListItem","position":2,"name":"Microcement","item":"https:\/\/www.satine.com\/microcement\/"},{"@type":"ListItem","position":3,"name":"Microcement Walls"}]},{"@type":"WebSite","@id":"https:\/\/www.satine.com\/#website","url":"https:\/\/www.satine.com\/","name":"Satine - Mikrozement","description":"","alternateName":"Satine - Microcement","potentialAction":[{"@type":"SearchAction","target":{"@type":"EntryPoint","urlTemplate":"https:\/\/www.satine.com\/?s={search_term_string}"},"query-input":{"@type":"PropertyValueSpecification","valueRequired":true,"valueName":"search_term_string"}}],"inLanguage":"de"}]}},"_links":{"self":[{"href":"https:\/\/www.satine.com\/de\/wp-json\/wp\/v2\/pages\/5055","targetHints":{"allow":["GET"]}}],"collection":[{"href":"https:\/\/www.satine.com\/de\/wp-json\/wp\/v2\/pages"}],"about":[{"href":"https:\/\/www.satine.com\/de\/wp-json\/wp\/v2\/types\/page"}],"author":[{"embeddable":true,"href":"https:\/\/www.satine.com\/de\/wp-json\/wp\/v2\/users\/1"}],"replies":[{"embeddable":true,"href":"https:\/\/www.satine.com\/de\/wp-json\/wp\/v2\/comments?post=5055"}],"version-history":[{"count":3,"href":"https:\/\/www.satine.com\/de\/wp-json\/wp\/v2\/pages\/5055\/revisions"}],"predecessor-version":[{"id":5066,"href":"https:\/\/www.satine.com\/de\/wp-json\/wp\/v2\/pages\/5055\/revisions\/5066"}],"up":[{"embeddable":true,"href":"https:\/\/www.satine.com\/de\/wp-json\/wp\/v2\/pages\/2814"}],"wp:attachment":[{"href":"https:\/\/www.satine.com\/de\/wp-json\/wp\/v2\/media?parent=5055"}],"curies":[{"name":"wp","href":"https:\/\/api.w.org\/{rel}","templated":true}]}}