{"id":5028,"date":"2024-09-16T04:48:13","date_gmt":"2024-09-16T08:48:13","guid":{"rendered":"https:\/\/www.satine.com\/?page_id=5028"},"modified":"2024-09-17T08:36:04","modified_gmt":"2024-09-17T12:36:04","slug":"mikrozementboden","status":"publish","type":"page","link":"https:\/\/www.satine.com\/de\/microcement\/microcement-floors\/","title":{"rendered":"Mikrozementb\u00f6den"},"content":{"rendered":"<h2 class=\"wp-block-heading\"><strong><a href=\"https:\/\/www.satine.com\/microcement\">Mikrozement<\/a> Fu\u00dfb\u00f6den: Anwendungen, Arten und Vorteile.<\/strong><\/h2>\n\n\n\n<p>Mikrozementb\u00f6den sind einer der weltweit am weitesten verbreiteten kontinuierlichen Bodenbel\u00e4ge, der dekorative M\u00f6glichkeiten sowohl f\u00fcr den Innen- als auch f\u00fcr den Au\u00dfenbereich bietet. Diese Beschichtung kann f\u00fcr K\u00fcchenb\u00f6den, Badezimmerb\u00f6den, Terrassenb\u00f6den usw. verwendet werden.<\/p>\n\n\n\n<h2 class=\"wp-block-heading\"><strong>Was ist Mikrozement?<\/strong>\u00a0<\/h2>\n\n\n\n<p>Microcement ist eine dekorative Beschichtung auf Zementbasis, die zur Renovierung aller Arten von R\u00e4umen ohne gr\u00f6\u00dfere Bauma\u00dfnahmen verwendet wird. Mit einer Dicke von weniger als 3 mm wird er auf bestehende Oberfl\u00e4chen aufgetragen, ohne den alten Belag zu entfernen.<\/p>\n\n\n\n<p>Neben seiner \u00e4sthetischen Oberfl\u00e4che ist Mikrozement auch funktional. Er ist rissfrei und widerstandsf\u00e4hig gegen Begehung, Kratzer, flie\u00dfendes Wasser, Sonnenlicht und St\u00f6\u00dfe.<\/p>\n\n\n\n<h2 class=\"wp-block-heading\"><strong>Vorteile von Mikrozement f\u00fcr Fu\u00dfb\u00f6den<\/strong><\/h2>\n\n\n\n<ul class=\"wp-block-list\">\n<li>Mikrozementb\u00f6den erh\u00f6hen das Bodenniveau aufgrund ihrer geringen Dicke von 2 bis 3 mm nicht wesentlich.<\/li>\n\n\n\n<li>Er bietet eine durchgehende Oberfl\u00e4che ohne Dehnungsfugen oder N\u00e4hte, so dass der gesamte Boden in einem St\u00fcck erneuert werden kann.<\/li>\n\n\n\n<li>Es haftet auf jedem Material, ohne dass der vorhandene Untergrund entfernt werden muss, wodurch Schutt und schwere Renovierungsarbeiten vermieden werden.<\/li>\n\n\n\n<li>Es ist UV-best\u00e4ndig und hat eine gute W\u00e4rmebest\u00e4ndigkeit.<\/li>\n\n\n\n<li>Mikrozementb\u00f6den bieten eine hervorragende Best\u00e4ndigkeit gegen Verkehr, Abrieb und Haushaltsreiniger.<\/li>\n\n\n\n<li>Jeder Mikrozementboden ist aufgrund der Vielfalt der verf\u00fcgbaren Farben und Oberfl\u00e4chen einzigartig.<\/li>\n\n\n\n<li>Es kann sowohl f\u00fcr Bodenbel\u00e4ge im Innen- als auch im Au\u00dfenbereich verwendet werden, z. B. f\u00fcr Terrassen und Poolumrandungen.<\/li>\n<\/ul>\n\n\n\n<h2 class=\"wp-block-heading\"><strong>Wie man Mikrozement auftr\u00e4gt<a href=\"https:\/\/www.satinestone.com\">:<\/a> Schritt f\u00fcr Schritt<\/strong><\/h2>\n\n\n\n<ol class=\"wp-block-list\">\n<li><strong>Reinigen Sie die Oberfl\u00e4che:<\/strong>\u00a0Vergewissern Sie sich, dass der mit Mikrozement zu belegende Boden in einwandfreiem Zustand ist. Befreien Sie ihn von Staub, Flecken, Fett oder anderen Partikeln und pr\u00fcfen Sie den Untergrund auf Feuchtigkeit. Tragen Sie bei Bedarf eine feuchtigkeitsblockierende Grundierung auf.<\/li>\n\n\n\n<li><strong>Primer Anwendung:<\/strong>\u00a0Sobald die Oberfl\u00e4che sauber ist, tragen Sie eine Grundierung auf, um die Haftung zwischen dem vorhandenen Untergrund und dem neuen Mikrozementboden zu verbessern. Verwenden Sie eine Grundierung, die f\u00fcr die Saugf\u00e4higkeit des Untergrunds geeignet ist.<\/li>\n\n\n\n<li><strong>Erste Grundschicht:<\/strong>\u00a0Tragen Sie die erste unpigmentierte Grundschicht aus Mikrozement auf. Verwenden Sie ein Glasfasernetz, um die Rissbildung im Laufe der Zeit zu minimieren. Schleifen Sie die Oberfl\u00e4che nach dem Auftragen ab.<\/li>\n\n\n\n<li><strong>Zweite Grundschicht:<\/strong>\u00a0Sobald die Oberfl\u00e4che vollst\u00e4ndig trocken ist, tragen Sie eine pigmentierte Grundschicht auf. W\u00e4hlen Sie die gew\u00fcnschte Farbe f\u00fcr den durchgehenden Boden und schleifen Sie den Mikrozementboden nach dem Auftragen ab.<\/li>\n\n\n\n<li><strong>Zwei Endbearbeitungsschichten:<\/strong>\u00a0Zwei abschlie\u00dfende Schichten von pigmentiertem Mikrozement auftragen. Je nach gew\u00fcnschter Oberfl\u00e4che und Rutschfestigkeit verwenden Sie mittleren oder groben Mikrozement. Wir empfehlen zwei Schichten Mikrozement von Satine f\u00fcr optimale Ergebnisse.<\/li>\n\n\n\n<li><strong>Schutz der Oberfl\u00e4che:<\/strong>\u00a0Abschlie\u00dfend sch\u00fctzen Sie den Mikrozementboden, indem Sie zwei Schichten einer Vorversiegelung auftragen, gefolgt von zwei Schichten einer Deckversiegelung. Diese sch\u00fctzt, macht den Boden wasserdicht und kann f\u00fcr eine rutschfeste Oberfl\u00e4che sorgen.<\/li>\n<\/ol>\n\n\n\n<div style=\"height:30px\" aria-hidden=\"true\" class=\"wp-block-spacer\"><\/div>\n\n\n\n<figure class=\"wp-block-image size-full is-resized\"><img loading=\"lazy\" decoding=\"async\" width=\"1024\" height=\"1024\" src=\"https:\/\/www.satine.com\/wp-content\/uploads\/2024\/09\/Microcemento-Satine-1024x1024-3.png\" alt=\"\" class=\"wp-image-5033\" style=\"aspect-ratio:16\/9;object-fit:cover;width:1600px\" srcset=\"https:\/\/www.satine.com\/wp-content\/uploads\/2024\/09\/Microcemento-Satine-1024x1024-3.png 1024w, https:\/\/www.satine.com\/wp-content\/uploads\/2024\/09\/Microcemento-Satine-1024x1024-3-300x300.png 300w, https:\/\/www.satine.com\/wp-content\/uploads\/2024\/09\/Microcemento-Satine-1024x1024-3-150x150.png 150w, https:\/\/www.satine.com\/wp-content\/uploads\/2024\/09\/Microcemento-Satine-1024x1024-3-768x768.png 768w, https:\/\/www.satine.com\/wp-content\/uploads\/2024\/09\/Microcemento-Satine-1024x1024-3-12x12.png 12w\" sizes=\"auto, (max-width: 1024px) 100vw, 1024px\" \/><\/figure>\n\n\n\n<div style=\"height:30px\" aria-hidden=\"true\" class=\"wp-block-spacer\"><\/div>\n\n\n\n<h2 class=\"wp-block-heading\"><strong>Farben f\u00fcr Mikrozementb\u00f6den<\/strong><\/h2>\n\n\n\n<p>Mikrozement ist eine vielseitige Option, die eine breite Palette von Farben bietet und sich an verschiedene Stile und Umgebungen anpasst. Wei\u00df ist aufgrund seines minimalistischen Stils eine beliebte Wahl, da es den R\u00e4umen ein Gef\u00fchl von Gro\u00dfz\u00fcgigkeit und Helligkeit verleiht. Grau hingegen ist ideal f\u00fcr diejenigen, die einen industriellen Look suchen, und verleiht dem Raum eine moderne und elegante \u00c4sthetik. Zus\u00e4tzlich zu diesen neutralen Farben gibt es eine umfangreiche Palette mit warmen, k\u00fchlen und erdigen T\u00f6nen, die es den Nutzern erm\u00f6glicht, ihren Raum nach ihren Vorlieben und dem gew\u00fcnschten Ambiente einzurichten.<\/p>\n\n\n\n<h2 class=\"wp-block-heading\"><strong>Reinigung, Pflege und Wartung<\/strong><\/h2>\n\n\n\n<p>Mikrozementb\u00f6den sind bekannt f\u00fcr ihren geringen Pflegeaufwand. Um sie in optimalem Zustand zu halten, empfiehlt es sich, sie gelegentlich mit Wasser und einem milden Reinigungsmittel zu reinigen. Es ist wichtig, spezielle biologisch abbaubare Produkte zu verwenden, um das Aussehen des Bodens zu erhalten und seine Lebensdauer zu verl\u00e4ngern. In stark frequentierten Bereichen sollte eine Kombination spezieller Produkte verwendet werden, um die richtige Pflege zu gew\u00e4hrleisten und den Boden in hervorragendem Zustand zu halten.<\/p>\n\n\n\n<h2 class=\"wp-block-heading\"><strong>Pflege und Wartung<\/strong><\/h2>\n\n\n\n<p>Um dem Mikrozement Haltbarkeit und Glanz zu verleihen, sollten Schutzwachse verwendet werden. Das Wachs sollte erst aufgetragen werden, nachdem der Boden vollst\u00e4ndig gereinigt und mindestens 15 Tage lang versiegelt worden ist. Die H\u00e4ufigkeit des Wachsens h\u00e4ngt von der Nutzung des Bodens ab: In stark frequentierten Bereichen wird empfohlen, das Wachs alle zwei Monate aufzutragen, w\u00e4hrend in Wohnr\u00e4umen alle sechs Monate ausreicht. Diese Routine tr\u00e4gt dazu bei, die Oberfl\u00e4che in gutem Zustand zu halten und ihre Lebensdauer zu verl\u00e4ngern.<\/p>\n\n\n\n<h2 class=\"wp-block-heading\"><strong>Tipps zur Problemvermeidung<\/strong><\/h2>\n\n\n\n<p>In den ersten Tagen nach dem Auftragen des Mikrozements ist es wichtig, f\u00fcr eine ausreichende Bel\u00fcftung des Raums zu sorgen, damit das Material richtig aush\u00e4rten kann. Vermeiden Sie es, den Boden mindestens eine Woche lang zu betreten, damit die Oberfl\u00e4che nicht beeintr\u00e4chtigt wird. Au\u00dferdem ist es wichtig, in dieser ersten Zeit das Versch\u00fctten von Fl\u00fcssigkeiten und das Bewegen von M\u00f6beln zu vermeiden, um eine perfekte und dauerhafte Oberfl\u00e4che zu gew\u00e4hrleisten. Wenn Sie diese Empfehlungen befolgen, k\u00f6nnen Sie Probleme vermeiden und sicherstellen, dass der Mikrozementboden langfristig in einem hervorragenden Zustand bleibt.<\/p>","protected":false},"excerpt":{"rendered":"<p>Microcement Floors: Applications, Types and Advantages. Microcement floors are one of the most widespread continuous floorings globally, offering decorative opportunities for both indoor and outdoor use. This coating can be applied to kitchen floors, bathroom floors, terrace floors, etc. What is Microcement?\u00a0 Microcement is a decorative cement-based coating used to renovate all types of spaces [&hellip;]<\/p>\n","protected":false},"author":1,"featured_media":0,"parent":2814,"menu_order":0,"comment_status":"closed","ping_status":"closed","template":"","meta":{"footnotes":""},"class_list":["post-5028","page","type-page","status-publish","hentry"],"yoast_head":"<!-- This site is optimized with the Yoast SEO plugin v27.5 - https:\/\/yoast.com\/product\/yoast-seo-wordpress\/ -->\n<title>Microcement Floors - Satine<\/title>\n<meta name=\"description\" content=\"Benefits and application process of microcement floors, an ideal choice for both indoor and outdoor spaces. Explore how to apply microcement with detailed steps, including primer application, base layers, and finishing coats.\" \/>\n<meta name=\"robots\" content=\"index, follow, max-snippet:-1, max-image-preview:large, max-video-preview:-1\" \/>\n<link rel=\"canonical\" href=\"https:\/\/www.satine.com\/de\/mikrozement\/mikrozementboden\/\" \/>\n<meta property=\"og:locale\" content=\"de_DE\" \/>\n<meta property=\"og:type\" content=\"article\" \/>\n<meta property=\"og:title\" content=\"Microcement Floors - Satine\" \/>\n<meta property=\"og:description\" content=\"Benefits and application process of microcement floors, an ideal choice for both indoor and outdoor spaces. Explore how to apply microcement with detailed steps, including primer application, base layers, and finishing coats.\" \/>\n<meta property=\"og:url\" content=\"https:\/\/www.satine.com\/de\/mikrozement\/mikrozementboden\/\" \/>\n<meta property=\"og:site_name\" content=\"Satine\" \/>\n<meta property=\"article:modified_time\" content=\"2024-09-17T12:36:04+00:00\" \/>\n<meta property=\"og:image\" content=\"https:\/\/www.satine.com\/wp-content\/uploads\/2024\/09\/Microcemento-Satine-1024x1024-3.png\" \/>\n<meta name=\"twitter:card\" content=\"summary_large_image\" \/>\n<meta name=\"twitter:label1\" content=\"Gesch\u00e4tzte Lesezeit\" \/>\n\t<meta name=\"twitter:data1\" content=\"4\u00a0Minuten\" \/>\n<script type=\"application\/ld+json\" class=\"yoast-schema-graph\">{\"@context\":\"https:\\\/\\\/schema.org\",\"@graph\":[{\"@type\":\"WebPage\",\"@id\":\"https:\\\/\\\/www.satine.com\\\/microcement\\\/microcement-floors\\\/\",\"url\":\"https:\\\/\\\/www.satine.com\\\/microcement\\\/microcement-floors\\\/\",\"name\":\"Microcement Floors - Satine\",\"isPartOf\":{\"@id\":\"https:\\\/\\\/www.satine.com\\\/#website\"},\"primaryImageOfPage\":{\"@id\":\"https:\\\/\\\/www.satine.com\\\/microcement\\\/microcement-floors\\\/#primaryimage\"},\"image\":{\"@id\":\"https:\\\/\\\/www.satine.com\\\/microcement\\\/microcement-floors\\\/#primaryimage\"},\"thumbnailUrl\":\"https:\\\/\\\/www.satine.com\\\/wp-content\\\/uploads\\\/2024\\\/09\\\/Microcemento-Satine-1024x1024-3.png\",\"datePublished\":\"2024-09-16T08:48:13+00:00\",\"dateModified\":\"2024-09-17T12:36:04+00:00\",\"description\":\"Benefits and application process of microcement floors, an ideal choice for both indoor and outdoor spaces. Explore how to apply microcement with detailed steps, including primer application, base layers, and finishing coats.\",\"breadcrumb\":{\"@id\":\"https:\\\/\\\/www.satine.com\\\/microcement\\\/microcement-floors\\\/#breadcrumb\"},\"inLanguage\":\"de\",\"potentialAction\":[{\"@type\":\"ReadAction\",\"target\":[\"https:\\\/\\\/www.satine.com\\\/microcement\\\/microcement-floors\\\/\"]}]},{\"@type\":\"ImageObject\",\"inLanguage\":\"de\",\"@id\":\"https:\\\/\\\/www.satine.com\\\/microcement\\\/microcement-floors\\\/#primaryimage\",\"url\":\"https:\\\/\\\/www.satine.com\\\/wp-content\\\/uploads\\\/2024\\\/09\\\/Microcemento-Satine-1024x1024-3.png\",\"contentUrl\":\"https:\\\/\\\/www.satine.com\\\/wp-content\\\/uploads\\\/2024\\\/09\\\/Microcemento-Satine-1024x1024-3.png\"},{\"@type\":\"BreadcrumbList\",\"@id\":\"https:\\\/\\\/www.satine.com\\\/microcement\\\/microcement-floors\\\/#breadcrumb\",\"itemListElement\":[{\"@type\":\"ListItem\",\"position\":1,\"name\":\"Inicio\",\"item\":\"https:\\\/\\\/www.satine.com\\\/\"},{\"@type\":\"ListItem\",\"position\":2,\"name\":\"Microcement\",\"item\":\"https:\\\/\\\/www.satine.com\\\/microcement\\\/\"},{\"@type\":\"ListItem\",\"position\":3,\"name\":\"Microcement Floors\"}]},{\"@type\":\"WebSite\",\"@id\":\"https:\\\/\\\/www.satine.com\\\/#website\",\"url\":\"https:\\\/\\\/www.satine.com\\\/\",\"name\":\"Satine - Microcement\",\"description\":\"\",\"alternateName\":\"Satine - Microcement\",\"potentialAction\":[{\"@type\":\"SearchAction\",\"target\":{\"@type\":\"EntryPoint\",\"urlTemplate\":\"https:\\\/\\\/www.satine.com\\\/?s={search_term_string}\"},\"query-input\":{\"@type\":\"PropertyValueSpecification\",\"valueRequired\":true,\"valueName\":\"search_term_string\"}}],\"inLanguage\":\"de\"}]}<\/script>\n<!-- \/ Yoast SEO plugin. -->","yoast_head_json":{"title":"Mikrozementb\u00f6den - Satine","description":"Vorteile und Anwendungsverfahren von Mikrozementb\u00f6den, die sich ideal f\u00fcr Innen- und Au\u00dfenbereiche eignen. Erfahren Sie, wie Mikrozement aufgetragen wird, mit detaillierten Schritten, einschlie\u00dflich Grundierung, Basisschichten und Endbeschichtungen.","robots":{"index":"index","follow":"follow","max-snippet":"max-snippet:-1","max-image-preview":"max-image-preview:large","max-video-preview":"max-video-preview:-1"},"canonical":"https:\/\/www.satine.com\/de\/mikrozement\/mikrozementboden\/","og_locale":"de_DE","og_type":"article","og_title":"Microcement Floors - Satine","og_description":"Benefits and application process of microcement floors, an ideal choice for both indoor and outdoor spaces. Explore how to apply microcement with detailed steps, including primer application, base layers, and finishing coats.","og_url":"https:\/\/www.satine.com\/de\/mikrozement\/mikrozementboden\/","og_site_name":"Satine","article_modified_time":"2024-09-17T12:36:04+00:00","og_image":[{"url":"https:\/\/www.satine.com\/wp-content\/uploads\/2024\/09\/Microcemento-Satine-1024x1024-3.png","type":"","width":"","height":""}],"twitter_card":"summary_large_image","twitter_misc":{"Gesch\u00e4tzte Lesezeit":"4\u00a0Minuten"},"schema":{"@context":"https:\/\/schema.org","@graph":[{"@type":"WebPage","@id":"https:\/\/www.satine.com\/microcement\/microcement-floors\/","url":"https:\/\/www.satine.com\/microcement\/microcement-floors\/","name":"Mikrozementb\u00f6den - Satine","isPartOf":{"@id":"https:\/\/www.satine.com\/#website"},"primaryImageOfPage":{"@id":"https:\/\/www.satine.com\/microcement\/microcement-floors\/#primaryimage"},"image":{"@id":"https:\/\/www.satine.com\/microcement\/microcement-floors\/#primaryimage"},"thumbnailUrl":"https:\/\/www.satine.com\/wp-content\/uploads\/2024\/09\/Microcemento-Satine-1024x1024-3.png","datePublished":"2024-09-16T08:48:13+00:00","dateModified":"2024-09-17T12:36:04+00:00","description":"Vorteile und Anwendungsverfahren von Mikrozementb\u00f6den, die sich ideal f\u00fcr Innen- und Au\u00dfenbereiche eignen. Erfahren Sie, wie Mikrozement aufgetragen wird, mit detaillierten Schritten, einschlie\u00dflich Grundierung, Basisschichten und Endbeschichtungen.","breadcrumb":{"@id":"https:\/\/www.satine.com\/microcement\/microcement-floors\/#breadcrumb"},"inLanguage":"de","potentialAction":[{"@type":"ReadAction","target":["https:\/\/www.satine.com\/microcement\/microcement-floors\/"]}]},{"@type":"ImageObject","inLanguage":"de","@id":"https:\/\/www.satine.com\/microcement\/microcement-floors\/#primaryimage","url":"https:\/\/www.satine.com\/wp-content\/uploads\/2024\/09\/Microcemento-Satine-1024x1024-3.png","contentUrl":"https:\/\/www.satine.com\/wp-content\/uploads\/2024\/09\/Microcemento-Satine-1024x1024-3.png"},{"@type":"BreadcrumbList","@id":"https:\/\/www.satine.com\/microcement\/microcement-floors\/#breadcrumb","itemListElement":[{"@type":"ListItem","position":1,"name":"Inicio","item":"https:\/\/www.satine.com\/"},{"@type":"ListItem","position":2,"name":"Microcement","item":"https:\/\/www.satine.com\/microcement\/"},{"@type":"ListItem","position":3,"name":"Microcement Floors"}]},{"@type":"WebSite","@id":"https:\/\/www.satine.com\/#website","url":"https:\/\/www.satine.com\/","name":"Satine - Mikrozement","description":"","alternateName":"Satine - Microcement","potentialAction":[{"@type":"SearchAction","target":{"@type":"EntryPoint","urlTemplate":"https:\/\/www.satine.com\/?s={search_term_string}"},"query-input":{"@type":"PropertyValueSpecification","valueRequired":true,"valueName":"search_term_string"}}],"inLanguage":"de"}]}},"_links":{"self":[{"href":"https:\/\/www.satine.com\/de\/wp-json\/wp\/v2\/pages\/5028","targetHints":{"allow":["GET"]}}],"collection":[{"href":"https:\/\/www.satine.com\/de\/wp-json\/wp\/v2\/pages"}],"about":[{"href":"https:\/\/www.satine.com\/de\/wp-json\/wp\/v2\/types\/page"}],"author":[{"embeddable":true,"href":"https:\/\/www.satine.com\/de\/wp-json\/wp\/v2\/users\/1"}],"replies":[{"embeddable":true,"href":"https:\/\/www.satine.com\/de\/wp-json\/wp\/v2\/comments?post=5028"}],"version-history":[{"count":8,"href":"https:\/\/www.satine.com\/de\/wp-json\/wp\/v2\/pages\/5028\/revisions"}],"predecessor-version":[{"id":5044,"href":"https:\/\/www.satine.com\/de\/wp-json\/wp\/v2\/pages\/5028\/revisions\/5044"}],"up":[{"embeddable":true,"href":"https:\/\/www.satine.com\/de\/wp-json\/wp\/v2\/pages\/2814"}],"wp:attachment":[{"href":"https:\/\/www.satine.com\/de\/wp-json\/wp\/v2\/media?parent=5028"}],"curies":[{"name":"wp","href":"https:\/\/api.w.org\/{rel}","templated":true}]}}