{"id":5007,"date":"2024-09-16T03:51:47","date_gmt":"2024-09-16T07:51:47","guid":{"rendered":"https:\/\/www.satine.com\/?page_id=5007"},"modified":"2024-09-17T08:36:49","modified_gmt":"2024-09-17T12:36:49","slug":"mikrozementpreis","status":"publish","type":"page","link":"https:\/\/www.satine.com\/de\/microcement\/microcement-price\/","title":{"rendered":"Preis von Mikrozement"},"content":{"rendered":"<h2 class=\"wp-block-heading\">Preis von Mikrozement? Kosten und zu ber\u00fccksichtigende Faktoren.<\/h2>\n\n\n\n<p><a href=\"https:\/\/www.satine.com\/microcement\">Mikrozement<\/a> ist die derzeitige Trendbeschichtung. Dieses Baumaterial hat sich in den letzten Jahren aufgrund seiner hervorragenden \u00e4sthetischen und funktionalen Eigenschaften im Dekorationsbereich durchgesetzt. Zu seinen zahlreichen Vorz\u00fcgen geh\u00f6rt sein hohes Haftverm\u00f6gen, das es erm\u00f6glicht, alle Arten von Oberfl\u00e4chen zu beschichten: Fliesen, Platten, Beton, Marmor, Gipskarton usw.<\/p>\n\n\n\n<p>Die Vielseitigkeit von Mikrozement im Vergleich zu anderen Beschichtungen auf dem Markt ist unbestreitbar. Aus diesem Grund ist dieses Material zu einer der begehrtesten Optionen f\u00fcr die Renovierung von Wohn- und Gesch\u00e4ftsr\u00e4umen geworden. Er erm\u00f6glicht schnelle Renovierungen ohne Schutt und schwere Bauarbeiten. Ein weiterer gro\u00dfer Vorteil ist, dass es sich um eine durchgehende Beschichtung ohne Fugen handelt. Aber wie viel kostet Mikrozement?<\/p>\n\n\n\n<p>Wenn Sie mit dem Gedanken spielen, im Jahr 2024 ein Renovierungsprojekt mit diesem vielseitigen Material zu beginnen, sollten Sie wissen, dass der Preis f\u00fcr Mikrozement pro Quadratmeter nicht von vornherein genau festgelegt werden kann. Es gibt n\u00e4mlich mehrere Faktoren, die die endg\u00fcltigen Kosten beeinflussen und die bei der Planung der Arbeiten ber\u00fccksichtigt werden m\u00fcssen.<\/p>\n\n\n\n<p>In diesem Artikel gehen wir auf alle entscheidenden Faktoren ein, um die gro\u00dfe Frage zu beantworten: Wie viel kostet Mikrozement? Lesen Sie weiter, um es herauszufinden.<\/p>\n\n\n\n<h2 class=\"wp-block-heading\"><strong>Wie hoch ist der Preis von Mikrozement pro Quadratmeter?<\/strong><\/h2>\n\n\n\n<p>Mikrozement ist ein wachsender dekorativer Trend. Der Mythos, es handele sich um eine industriell anmutende, kalte Beschichtung, ist l\u00e4ngst \u00fcberholt. Mit der zunehmenden Verwendung dieses Materials in allen Arten von H\u00e4usern und Gesch\u00e4ftsr\u00e4umen, wie Restaurants und Hotels, durch Architekten, Dekorateure und Bauherren, ist diese Annahme vollst\u00e4ndig widerlegt worden.<\/p>\n\n\n\n<p>Wie bereits erw\u00e4hnt, h\u00e4ngt der Preis von Mikrozement pro Quadratmeter von mehreren Faktoren ab. Die Qualit\u00e4t des Materials, die Quadratmeterzahl der zu verkleidenden Fl\u00e4che und die Komplexit\u00e4t der Aufgabe sind nur einige der Faktoren, die den Endpreis beeinflussen. So ist das Auftragen von Mikrozement auf eine Wand nicht dasselbe wie das Auftragen auf eine Treppe oder ein Schwimmbecken, da letzteres komplexer und daher teurer ist.<\/p>\n\n\n\n<p>In jedem Fall kann nur ein professioneller Verarbeiter den genauen Preis von Mikrozement pro Quadratmeter ermitteln. Um ein qualitativ hochwertiges und dauerhaftes Ergebnis zu erzielen, m\u00fcssen drei Bedingungen erf\u00fcllt sein: die richtige Vorbereitung des Untergrunds, die Auswahl einer guten dekorativen Beschichtung und die Beauftragung eines qualifizierten und erfahrenen Fachmanns.<\/p>\n\n\n\n<p>Im Folgenden erkl\u00e4ren wir Ihnen alles, was Sie \u00fcber den Preis von Mikrozement pro Quadratmeter wissen m\u00fcssen. Diese Beschichtung bietet verschiedene Anwendungsm\u00f6glichkeiten und eine breite Palette von Farben, die eine sehr exklusive Raumgestaltung erm\u00f6glichen.<\/p>\n\n\n\n<h2 class=\"wp-block-heading\"><strong>Welche Faktoren beeinflussen den Preis von Mikrozement?<\/strong><\/h2>\n\n\n\n<p>Abgesehen von den Eigenschaften und Vorteilen, die eine bestimmte dekorative Beschichtung bieten kann, spielt ihr Preis eine wichtige Rolle bei der endg\u00fcltigen Entscheidung f\u00fcr eine Renovierung. Die Tatsache, dass Mikrozement \u00fcber bestehendes Material aufgetragen werden kann, ohne dass dabei Schutt anf\u00e4llt, senkt die Kosten im Vergleich zu anderen Beschichtungen. Au\u00dferdem beschleunigt es den Renovierungsprozess, so dass der Raum w\u00e4hrend der Arbeiten bewohnbar bleibt.<\/p>\n\n\n\n<p>Hier sind die sechs wichtigsten Faktoren, die den Preis von Mikrozement bestimmen:<\/p>\n\n\n\n<p><strong>1. Der Zustand der zu beschichtenden Oberfl\u00e4che ist entscheidend f\u00fcr den Preis von Mikrozement<\/strong><\/p>\n\n\n\n<p>Einer der wichtigsten Faktoren bei der Bestimmung des Preises von Mikrozement ist der Zustand des zu beschichtenden Untergrunds. Wenn der Untergrund in schlechtem Zustand oder nicht ideal ist, muss er vor dem Auftragen des Mikrozements unbedingt repariert, geebnet und vorbereitet werden.<\/p>\n\n\n\n<p>Die Reparatur einer besch\u00e4digten Oberfl\u00e4che erh\u00f6ht den Preis f\u00fcr Mikrozement aufgrund des zus\u00e4tzlichen Arbeitsaufwands. Wenn beispielsweise Mikrozement auf Fliesen aufgetragen wird, m\u00fcssen bestimmte Ma\u00dfnahmen ergriffen werden, um zu verhindern, dass die Fugen unter der neuen Mikrozementschicht sichtbar werden. Dieser Vorgang verteuert die Endkosten.<\/p>\n\n\n\n<p><strong>2. Je komplexer die Aufgabe, desto h\u00f6her der Preis f\u00fcr Mikrozement<\/strong><\/p>\n\n\n\n<p>Je komplizierter und schwieriger die Arbeit ist, desto h\u00f6her ist der Preis f\u00fcr Mikrozement, da mehr Arbeitsstunden erforderlich sind, um die Renovierung abzuschlie\u00dfen. Die Beschichtung der W\u00e4nde eines Badezimmers mit einer oder mehreren S\u00e4ulen, einer Treppe mit vielen Stufen oder einer Arbeitsplatte erfordert aufgrund der vielen Ecken und Kanten eine arbeitsintensivere Anwendung.<\/p>\n\n\n\n<p><strong>3. Die Wahl der Farbe beeinflusst auch den Preis von Mikrozement<\/strong><\/p>\n\n\n\n<p>Im Vergleich zu anderen Materialien bietet Mikrozement eine Kosten- und Zeitersparnis, da weder Schuttabfuhr noch schwere Bauarbeiten erforderlich sind. Seine schnelle Anwendung und gute Haftung machen ihn mit vielen Beschichtungen kompatibel.<\/p>\n\n\n\n<p>Daher ist der Preis von Mikrozement niedriger als der anderer dekorativer Beschichtungen, die das Entfernen der bestehenden Oberfl\u00e4che erfordern. Materialien, die nicht direkt aufgetragen werden k\u00f6nnen, erh\u00f6hen in der Regel die Arbeitskosten und erfordern entsprechende Baugenehmigungen. Beispiele hierf\u00fcr sind Holz, einige Arten von Fliesen, Parkett, polierter Zement, Marmor und Keramik, um nur einige zu nennen.<\/p>\n\n\n\n<p><\/p>\n\n\n\n<p><strong>4. Der Preis h\u00e4ngt von der Quadratmeterzahl der Fl\u00e4che ab<\/strong><\/p>\n\n\n\n<p>In der Regel sinkt der Preis f\u00fcr Mikrozement pro Quadratmeter bei gr\u00f6\u00dferen Fl\u00e4chen. Umgekehrt steigen die Kosten bei kleineren Fl\u00e4chen. Das liegt daran, dass es Fixkosten und Arbeitsstunden gibt, die nicht direkt von der Gr\u00f6\u00dfe der zu beschichtenden Fl\u00e4che abh\u00e4ngen.<\/p>\n\n\n\n<p><strong>5. Professionalit\u00e4t der Mikrozementverarbeiter<\/strong><\/p>\n\n\n\n<p>Nur ein fachkundiger Verarbeiter von Mikrozement kann den Erfolg einer Renovierung garantieren, da f\u00fcr die korrekte Anwendung dieser dekorativen Beschichtung eine spezielle Ausbildung erforderlich ist.<\/p>\n\n\n\n<p>Ein Fachmann kennt alle Anwendungstechniken und -methoden f\u00fcr Mikrozement, wei\u00df, welcher Ansatz in jedem Fall der beste ist, und befolgt jeden Schritt genauestens. Au\u00dferdem hat jeder Verarbeiter seine eigenen Tarife, die auch den Endpreis f\u00fcr Mikrozement bestimmen.<\/p>\n\n\n\n<p><strong>6. Die Qualit\u00e4t des Materials ist ausschlaggebend f\u00fcr die Festlegung des Preises<\/strong><\/p>\n\n\n\n<p>Wie erwartet, wirkt sich die Qualit\u00e4t des Materials direkt auf den Preis von Mikrozement aus. Je besser die Eigenschaften des Mikrozements sind, desto h\u00f6her sind die Kosten. Es ist wichtig, seri\u00f6sen Unternehmen und Fachleuten zu vertrauen, da Einsparungen bei den Materialkosten kurz- oder mittelfristig zu unerw\u00fcnschten Problemen wie Rissen oder Abplatzungen f\u00fchren k\u00f6nnen.<\/p>\n\n\n\n<div style=\"height:20px\" aria-hidden=\"true\" class=\"wp-block-spacer\"><\/div>\n\n\n\n<figure class=\"wp-block-image size-full is-resized\"><img loading=\"lazy\" decoding=\"async\" width=\"1024\" height=\"1024\" src=\"https:\/\/www.satine.com\/wp-content\/uploads\/2024\/09\/Microcemento-Satine-1024x1024-2.png\" alt=\"\" class=\"wp-image-5008\" style=\"aspect-ratio:16\/9;object-fit:cover;width:1600px\" srcset=\"https:\/\/www.satine.com\/wp-content\/uploads\/2024\/09\/Microcemento-Satine-1024x1024-2.png 1024w, https:\/\/www.satine.com\/wp-content\/uploads\/2024\/09\/Microcemento-Satine-1024x1024-2-300x300.png 300w, https:\/\/www.satine.com\/wp-content\/uploads\/2024\/09\/Microcemento-Satine-1024x1024-2-150x150.png 150w, https:\/\/www.satine.com\/wp-content\/uploads\/2024\/09\/Microcemento-Satine-1024x1024-2-768x768.png 768w, https:\/\/www.satine.com\/wp-content\/uploads\/2024\/09\/Microcemento-Satine-1024x1024-2-12x12.png 12w\" sizes=\"auto, (max-width: 1024px) 100vw, 1024px\" \/><\/figure>\n\n\n\n<div style=\"height:20px\" aria-hidden=\"true\" class=\"wp-block-spacer\"><\/div>\n\n\n\n<div style=\"height:0px\" aria-hidden=\"true\" class=\"wp-block-spacer\"><\/div>\n\n\n\n<h2 class=\"wp-block-heading\"><strong>Preis von Mikrozement im Jahr 2024<\/strong><\/h2>\n\n\n\n<p>Letztendlich kann der Preis f\u00fcr Mikrozement im Jahr 2024 in Abh\u00e4ngigkeit von allen oben genannten Faktoren variieren. Der endg\u00fcltige Preis liegt zwischen etwa 60 und 120 Euro pro Quadratmeter. Dies wird jedoch auch vom Hersteller und Verarbeiter abh\u00e4ngen<a href=\"https:\/\/www.satinestone.com\">.<\/a><\/p>\n\n\n\n<p>Wenn Sie weitere Informationen \u00fcber den Preis von Mikrozement pro Quadratmeter ben\u00f6tigen oder ein individuelles Angebot anfordern m\u00f6chten, k\u00f6nnen Sie uns gerne kontaktieren.<\/p>\n\n\n\n<p><\/p>\n\n\n\n<p><\/p>","protected":false},"excerpt":{"rendered":"<p>Price of Microcement? Cost and Factors to Consider. Microcement is the trending coating of the moment. This construction material has become popular in recent years in the decoration sector due to its excellent aesthetic and functional qualities. Among its many virtues is its high adhesion capacity, which allows it to be used to cover all [&hellip;]<\/p>\n","protected":false},"author":1,"featured_media":0,"parent":2814,"menu_order":0,"comment_status":"closed","ping_status":"closed","template":"","meta":{"footnotes":""},"class_list":["post-5007","page","type-page","status-publish","hentry"],"yoast_head":"<!-- This site is optimized with the Yoast SEO plugin v27.5 - https:\/\/yoast.com\/product\/yoast-seo-wordpress\/ -->\n<title>Price of Microcement<\/title>\n<meta name=\"description\" content=\"Explore the price of microcement. Prices vary based on surface condition, application complexity, and area size. Ideal for modern renovations, microcement offers a sleek, seamless finish and can be applied directly over existing surfaces, saving time and reducing costs. Discover the benefits of microcement for your next home or commercial renovation.\" \/>\n<meta name=\"robots\" content=\"index, follow, max-snippet:-1, max-image-preview:large, max-video-preview:-1\" \/>\n<link rel=\"canonical\" href=\"https:\/\/www.satine.com\/de\/mikrozement\/mikrozementpreis\/\" \/>\n<meta property=\"og:locale\" content=\"de_DE\" \/>\n<meta property=\"og:type\" content=\"article\" \/>\n<meta property=\"og:title\" content=\"Price of Microcement\" \/>\n<meta property=\"og:description\" content=\"Explore the price of microcement. Prices vary based on surface condition, application complexity, and area size. Ideal for modern renovations, microcement offers a sleek, seamless finish and can be applied directly over existing surfaces, saving time and reducing costs. Discover the benefits of microcement for your next home or commercial renovation.\" \/>\n<meta property=\"og:url\" content=\"https:\/\/www.satine.com\/de\/mikrozement\/mikrozementpreis\/\" \/>\n<meta property=\"og:site_name\" content=\"Satine\" \/>\n<meta property=\"article:modified_time\" content=\"2024-09-17T12:36:49+00:00\" \/>\n<meta property=\"og:image\" content=\"https:\/\/www.satine.com\/wp-content\/uploads\/2024\/09\/Microcemento-Satine-1024x1024-2.png\" \/>\n<meta name=\"twitter:card\" content=\"summary_large_image\" \/>\n<meta name=\"twitter:label1\" content=\"Gesch\u00e4tzte Lesezeit\" \/>\n\t<meta name=\"twitter:data1\" content=\"5\u00a0Minuten\" \/>\n<script type=\"application\/ld+json\" class=\"yoast-schema-graph\">{\"@context\":\"https:\\\/\\\/schema.org\",\"@graph\":[{\"@type\":\"WebPage\",\"@id\":\"https:\\\/\\\/www.satine.com\\\/microcement\\\/microcement-price\\\/\",\"url\":\"https:\\\/\\\/www.satine.com\\\/microcement\\\/microcement-price\\\/\",\"name\":\"Price of Microcement\",\"isPartOf\":{\"@id\":\"https:\\\/\\\/www.satine.com\\\/#website\"},\"primaryImageOfPage\":{\"@id\":\"https:\\\/\\\/www.satine.com\\\/microcement\\\/microcement-price\\\/#primaryimage\"},\"image\":{\"@id\":\"https:\\\/\\\/www.satine.com\\\/microcement\\\/microcement-price\\\/#primaryimage\"},\"thumbnailUrl\":\"https:\\\/\\\/www.satine.com\\\/wp-content\\\/uploads\\\/2024\\\/09\\\/Microcemento-Satine-1024x1024-2.png\",\"datePublished\":\"2024-09-16T07:51:47+00:00\",\"dateModified\":\"2024-09-17T12:36:49+00:00\",\"description\":\"Explore the price of microcement. Prices vary based on surface condition, application complexity, and area size. Ideal for modern renovations, microcement offers a sleek, seamless finish and can be applied directly over existing surfaces, saving time and reducing costs. Discover the benefits of microcement for your next home or commercial renovation.\",\"breadcrumb\":{\"@id\":\"https:\\\/\\\/www.satine.com\\\/microcement\\\/microcement-price\\\/#breadcrumb\"},\"inLanguage\":\"de\",\"potentialAction\":[{\"@type\":\"ReadAction\",\"target\":[\"https:\\\/\\\/www.satine.com\\\/microcement\\\/microcement-price\\\/\"]}]},{\"@type\":\"ImageObject\",\"inLanguage\":\"de\",\"@id\":\"https:\\\/\\\/www.satine.com\\\/microcement\\\/microcement-price\\\/#primaryimage\",\"url\":\"https:\\\/\\\/www.satine.com\\\/wp-content\\\/uploads\\\/2024\\\/09\\\/Microcemento-Satine-1024x1024-2.png\",\"contentUrl\":\"https:\\\/\\\/www.satine.com\\\/wp-content\\\/uploads\\\/2024\\\/09\\\/Microcemento-Satine-1024x1024-2.png\"},{\"@type\":\"BreadcrumbList\",\"@id\":\"https:\\\/\\\/www.satine.com\\\/microcement\\\/microcement-price\\\/#breadcrumb\",\"itemListElement\":[{\"@type\":\"ListItem\",\"position\":1,\"name\":\"Inicio\",\"item\":\"https:\\\/\\\/www.satine.com\\\/\"},{\"@type\":\"ListItem\",\"position\":2,\"name\":\"Microcement\",\"item\":\"https:\\\/\\\/www.satine.com\\\/microcement\\\/\"},{\"@type\":\"ListItem\",\"position\":3,\"name\":\"Price of Microcement\"}]},{\"@type\":\"WebSite\",\"@id\":\"https:\\\/\\\/www.satine.com\\\/#website\",\"url\":\"https:\\\/\\\/www.satine.com\\\/\",\"name\":\"Satine - Microcement\",\"description\":\"\",\"alternateName\":\"Satine - Microcement\",\"potentialAction\":[{\"@type\":\"SearchAction\",\"target\":{\"@type\":\"EntryPoint\",\"urlTemplate\":\"https:\\\/\\\/www.satine.com\\\/?s={search_term_string}\"},\"query-input\":{\"@type\":\"PropertyValueSpecification\",\"valueRequired\":true,\"valueName\":\"search_term_string\"}}],\"inLanguage\":\"de\"}]}<\/script>\n<!-- \/ Yoast SEO plugin. -->","yoast_head_json":{"title":"Preis von Mikrozement","description":"Erkunden Sie den Preis von Mikrozement. Die Preise variieren je nach Oberfl\u00e4chenbeschaffenheit, Komplexit\u00e4t der Anwendung und Gr\u00f6\u00dfe der Fl\u00e4che. Mikrozement ist ideal f\u00fcr moderne Renovierungen und bietet eine glatte, nahtlose Oberfl\u00e4che. Er kann direkt auf bestehende Oberfl\u00e4chen aufgetragen werden, was Zeit und Kosten spart. Entdecken Sie die Vorteile von Mikrozement f\u00fcr Ihre n\u00e4chste Haus- oder Gesch\u00e4ftsrenovierung.","robots":{"index":"index","follow":"follow","max-snippet":"max-snippet:-1","max-image-preview":"max-image-preview:large","max-video-preview":"max-video-preview:-1"},"canonical":"https:\/\/www.satine.com\/de\/mikrozement\/mikrozementpreis\/","og_locale":"de_DE","og_type":"article","og_title":"Price of Microcement","og_description":"Explore the price of microcement. Prices vary based on surface condition, application complexity, and area size. Ideal for modern renovations, microcement offers a sleek, seamless finish and can be applied directly over existing surfaces, saving time and reducing costs. Discover the benefits of microcement for your next home or commercial renovation.","og_url":"https:\/\/www.satine.com\/de\/mikrozement\/mikrozementpreis\/","og_site_name":"Satine","article_modified_time":"2024-09-17T12:36:49+00:00","og_image":[{"url":"https:\/\/www.satine.com\/wp-content\/uploads\/2024\/09\/Microcemento-Satine-1024x1024-2.png","type":"","width":"","height":""}],"twitter_card":"summary_large_image","twitter_misc":{"Gesch\u00e4tzte Lesezeit":"5\u00a0Minuten"},"schema":{"@context":"https:\/\/schema.org","@graph":[{"@type":"WebPage","@id":"https:\/\/www.satine.com\/microcement\/microcement-price\/","url":"https:\/\/www.satine.com\/microcement\/microcement-price\/","name":"Preis von Mikrozement","isPartOf":{"@id":"https:\/\/www.satine.com\/#website"},"primaryImageOfPage":{"@id":"https:\/\/www.satine.com\/microcement\/microcement-price\/#primaryimage"},"image":{"@id":"https:\/\/www.satine.com\/microcement\/microcement-price\/#primaryimage"},"thumbnailUrl":"https:\/\/www.satine.com\/wp-content\/uploads\/2024\/09\/Microcemento-Satine-1024x1024-2.png","datePublished":"2024-09-16T07:51:47+00:00","dateModified":"2024-09-17T12:36:49+00:00","description":"Erkunden Sie den Preis von Mikrozement. Die Preise variieren je nach Oberfl\u00e4chenbeschaffenheit, Komplexit\u00e4t der Anwendung und Gr\u00f6\u00dfe der Fl\u00e4che. Mikrozement ist ideal f\u00fcr moderne Renovierungen und bietet eine glatte, nahtlose Oberfl\u00e4che. Er kann direkt auf bestehende Oberfl\u00e4chen aufgetragen werden, was Zeit und Kosten spart. Entdecken Sie die Vorteile von Mikrozement f\u00fcr Ihre n\u00e4chste Haus- oder Gesch\u00e4ftsrenovierung.","breadcrumb":{"@id":"https:\/\/www.satine.com\/microcement\/microcement-price\/#breadcrumb"},"inLanguage":"de","potentialAction":[{"@type":"ReadAction","target":["https:\/\/www.satine.com\/microcement\/microcement-price\/"]}]},{"@type":"ImageObject","inLanguage":"de","@id":"https:\/\/www.satine.com\/microcement\/microcement-price\/#primaryimage","url":"https:\/\/www.satine.com\/wp-content\/uploads\/2024\/09\/Microcemento-Satine-1024x1024-2.png","contentUrl":"https:\/\/www.satine.com\/wp-content\/uploads\/2024\/09\/Microcemento-Satine-1024x1024-2.png"},{"@type":"BreadcrumbList","@id":"https:\/\/www.satine.com\/microcement\/microcement-price\/#breadcrumb","itemListElement":[{"@type":"ListItem","position":1,"name":"Inicio","item":"https:\/\/www.satine.com\/"},{"@type":"ListItem","position":2,"name":"Microcement","item":"https:\/\/www.satine.com\/microcement\/"},{"@type":"ListItem","position":3,"name":"Price of Microcement"}]},{"@type":"WebSite","@id":"https:\/\/www.satine.com\/#website","url":"https:\/\/www.satine.com\/","name":"Satine - Mikrozement","description":"","alternateName":"Satine - Microcement","potentialAction":[{"@type":"SearchAction","target":{"@type":"EntryPoint","urlTemplate":"https:\/\/www.satine.com\/?s={search_term_string}"},"query-input":{"@type":"PropertyValueSpecification","valueRequired":true,"valueName":"search_term_string"}}],"inLanguage":"de"}]}},"_links":{"self":[{"href":"https:\/\/www.satine.com\/de\/wp-json\/wp\/v2\/pages\/5007","targetHints":{"allow":["GET"]}}],"collection":[{"href":"https:\/\/www.satine.com\/de\/wp-json\/wp\/v2\/pages"}],"about":[{"href":"https:\/\/www.satine.com\/de\/wp-json\/wp\/v2\/types\/page"}],"author":[{"embeddable":true,"href":"https:\/\/www.satine.com\/de\/wp-json\/wp\/v2\/users\/1"}],"replies":[{"embeddable":true,"href":"https:\/\/www.satine.com\/de\/wp-json\/wp\/v2\/comments?post=5007"}],"version-history":[{"count":10,"href":"https:\/\/www.satine.com\/de\/wp-json\/wp\/v2\/pages\/5007\/revisions"}],"predecessor-version":[{"id":5086,"href":"https:\/\/www.satine.com\/de\/wp-json\/wp\/v2\/pages\/5007\/revisions\/5086"}],"up":[{"embeddable":true,"href":"https:\/\/www.satine.com\/de\/wp-json\/wp\/v2\/pages\/2814"}],"wp:attachment":[{"href":"https:\/\/www.satine.com\/de\/wp-json\/wp\/v2\/media?parent=5007"}],"curies":[{"name":"wp","href":"https:\/\/api.w.org\/{rel}","templated":true}]}}