{"id":4798,"date":"2024-09-11T05:33:59","date_gmt":"2024-09-11T10:33:59","guid":{"rendered":"https:\/\/www.satine.com\/?page_id=4798"},"modified":"2024-09-17T08:38:38","modified_gmt":"2024-09-17T12:38:38","slug":"mikrozement-farben","status":"publish","type":"page","link":"https:\/\/www.satine.com\/de\/microcement\/microcement-colors\/","title":{"rendered":"Mikrozement-Farben"},"content":{"rendered":"<h2 class=\"wp-block-heading\"><strong>Mikrozement-Farben: Verwendungen, Arten<\/strong>, Anwendungen und Vorteile<\/h2>\n\n\n\n<p>Wir bei Satine wissen, dass jeder Raum seinen eigenen Charakter hat. Deshalb bieten wir Mikrozementl\u00f6sungen an, die sich nicht nur durch ihre Langlebigkeit und Vielseitigkeit auszeichnen, sondern auch durch eine unvergleichliche Farbpalette. Mit unserer umfangreichen Farbpalette k\u00f6nnen Sie jede Umgebung umgestalten und sich an jeden Einrichtungsstil anpassen, von modern und minimalistisch bis hin zu klassisch und warm.<\/p>\n\n\n\n<h3 class=\"wp-block-heading\">Satine Farbpalette<\/h3>\n\n\n\n<p>Die Farbpalette von Satine umfasst eine beeindruckende Vielfalt, von neutralen und sanften T\u00f6nen bis hin zu lebhaften und kr\u00e4ftigen Farben. Jede Farbe ist darauf ausgelegt, den Stil und die Pers\u00f6nlichkeit Ihres Raumes zu unterstreichen. Wir bieten eine in mehrere Kategorien unterteilte Palette, die den unterschiedlichsten Bed\u00fcrfnissen und Vorlieben gerecht wird:<\/p>\n\n\n\n<ul class=\"wp-block-list\">\n<li><strong>Graut\u00f6ne und Neutrale<\/strong>: Diese T\u00f6ne sind ideal f\u00fcr alle, die einen modernen und minimalistischen Stil suchen. Bei Satine bieten wir eine Auswahl an Graut\u00f6nen an, die von Hellgrau \u00fcber elegantes Anthrazit bis hin zu zarten Beiget\u00f6nen reichen. Diese Farben verleihen jedem Raum ein Gef\u00fchl von Modernit\u00e4t und N\u00fcchternheit und schaffen eine vielseitige und anspruchsvolle Umgebung.<\/li>\n\n\n\n<li><strong>Erdt\u00f6ne<\/strong>: F\u00fcr diejenigen, die w\u00e4rmere und gem\u00fctlichere Umgebungen bevorzugen, ist unsere Palette an Braun- und Ockert\u00f6nen die perfekte Wahl. Diese von der Natur inspirierten Farben vermitteln ein Gef\u00fchl der Behaglichkeit und der Verbundenheit mit dem Organischen und verwandeln jeden Raum in einen einladenden und einh\u00fcllenden R\u00fcckzugsort.<\/li>\n\n\n\n<li><strong>Wei\u00dfe und Cremes<\/strong>: Wenn Sie auf der Suche nach Helligkeit und Gro\u00dfz\u00fcgigkeit sind, sind die Wei\u00df- und Cremet\u00f6ne von Satine die ideale Wahl. Diese Farben sind perfekt f\u00fcr kleine R\u00e4ume oder f\u00fcr diejenigen, die sich einen klaren und ruhigen Stil w\u00fcnschen. Sie reflektieren das Licht und erweitern den Raum visuell, wodurch eine ruhige und lebendige Atmosph\u00e4re entsteht.<\/li>\n\n\n\n<li><strong>Lebendige Farben<\/strong>: F\u00fcr diejenigen, die ihrer Umgebung einen Hauch von Originalit\u00e4t und Pers\u00f6nlichkeit verleihen m\u00f6chten, bieten wir Mikrozemente in einer breiten Palette von leuchtenden Farbt\u00f6nen an. Intensive Rott\u00f6ne, tiefe Blaut\u00f6ne oder auff\u00e4llige Gr\u00fcnt\u00f6ne k\u00f6nnen zum Mittelpunkt des Raumes werden und ihm eine einzigartige Energie und einen unverwechselbaren Charakter verleihen.<\/li>\n<\/ul>\n\n\n\n<div style=\"height:20px\" aria-hidden=\"true\" class=\"wp-block-spacer\"><\/div>\n\n\n\n<figure class=\"wp-block-image size-full is-resized is-style-default\"><img loading=\"lazy\" decoding=\"async\" width=\"1024\" height=\"1024\" src=\"https:\/\/www.satine.com\/wp-content\/uploads\/2024\/09\/Microcemento-Satine-1024x1024-1.png\" alt=\"\" class=\"wp-image-4802\" style=\"aspect-ratio:16\/9;object-fit:cover;width:1600px\" srcset=\"https:\/\/www.satine.com\/wp-content\/uploads\/2024\/09\/Microcemento-Satine-1024x1024-1.png 1024w, https:\/\/www.satine.com\/wp-content\/uploads\/2024\/09\/Microcemento-Satine-1024x1024-1-300x300.png 300w, https:\/\/www.satine.com\/wp-content\/uploads\/2024\/09\/Microcemento-Satine-1024x1024-1-150x150.png 150w, https:\/\/www.satine.com\/wp-content\/uploads\/2024\/09\/Microcemento-Satine-1024x1024-1-768x768.png 768w, https:\/\/www.satine.com\/wp-content\/uploads\/2024\/09\/Microcemento-Satine-1024x1024-1-12x12.png 12w\" sizes=\"auto, (max-width: 1024px) 100vw, 1024px\" \/><\/figure>\n\n\n\n<div style=\"height:20px\" aria-hidden=\"true\" class=\"wp-block-spacer\"><\/div>\n\n\n\n<h3 class=\"wp-block-heading\">Maximale Personalisierung mit Satine<\/h3>\n\n\n\n<p>Bei Satine ist Personalisierung der Schl\u00fcssel. Wir wissen, dass jedes Projekt einzigartig ist. Deshalb bieten wir die M\u00f6glichkeit, die Farbintensit\u00e4t anzupassen, Farbverl\u00e4ufe zu erzeugen oder sogar verschiedene Farbt\u00f6ne zu mischen, um ein wirklich exklusives Finish zu erzielen. Dank dieser Flexibilit\u00e4t sind unsere Produkte sowohl in Wohn- als auch in Gesch\u00e4ftsr\u00e4umen sehr gefragt, wo \u00c4sthetik ebenso wichtig ist wie Funktionalit\u00e4t.<\/p>\n\n\n\n<p>Dar\u00fcber hinaus wird bei <a href=\"https:\/\/www.satinestone.com\">Satine<\/a>k\u00f6nnen wir jede von Ihnen gew\u00fcnschte Farbe f\u00fcr Ihren Mikrozement herstellen. Wenn Sie einen bestimmten Farbton im Sinn haben, kreieren wir ihn f\u00fcr Sie und stellen sicher, dass das Endergebnis genau Ihren Vorstellungen entspricht.<\/p>\n\n\n\n<h3 class=\"wp-block-heading\">Exklusive Satine-Oberfl\u00e4chen<\/h3>\n\n\n\n<p>Farbe ist nicht die einzige M\u00f6glichkeit, Ihr Haus zu personalisieren. <a href=\"https:\/\/www.satine.com\/microcement\">Mikrozement.<\/a> Bei Satine bieten wir auch eine Vielzahl von Oberfl\u00e4chen an, die das endg\u00fcltige Aussehen Ihrer Beschichtung erheblich beeinflussen k\u00f6nnen. Von einer matten Oberfl\u00e4che, die eine glatte und moderne Textur bietet, \u00fcber eine gl\u00e4nzende Oberfl\u00e4che, die das Licht reflektiert und einen Hauch von Raffinesse verleiht, bis hin zu satinierten Optionen, die das Beste aus beiden Welten kombinieren. Mit diesen Oberfl\u00e4chen kann sich Mikrozement perfekt an jede Umgebung anpassen und sowohl die Funktionalit\u00e4t als auch die \u00c4sthetik des Raums verbessern.<\/p>\n\n\n\n<h3 class=\"wp-block-heading\">Das Satine-Qualit\u00e4tsversprechen<\/h3>\n\n\n\n<p>Wir bei Satine sind stolz darauf, ein qualitativ hochwertiges Produkt anzubieten, das nicht nur \u00e4sthetischen Anspr\u00fcchen gen\u00fcgt, sondern auch au\u00dfergew\u00f6hnliche Widerstandsf\u00e4higkeit und lange Haltbarkeit bietet. Unser Ziel ist es, Beschichtungsl\u00f6sungen anzubieten, die Ihre R\u00e4ume verwandeln, mit Farben, die lange halten, und Oberfl\u00e4chen, die einen Unterschied machen.<\/p>","protected":false},"excerpt":{"rendered":"<p>Microcement Colors: Uses, Types, Applications and Benefits At Satine, we understand that every space has its own character, which is why we offer microcement solutions that stand out not only for their durability and versatility but also for an unparalleled range of colors. Our extensive color palette allows you to transform any environment, adapting to [&hellip;]<\/p>\n","protected":false},"author":1,"featured_media":0,"parent":2814,"menu_order":0,"comment_status":"closed","ping_status":"closed","template":"","meta":{"footnotes":""},"class_list":["post-4798","page","type-page","status-publish","hentry"],"yoast_head":"<!-- This site is optimized with the Yoast SEO plugin v27.3 - https:\/\/yoast.com\/product\/yoast-seo-wordpress\/ -->\n<title>Microcement Colors - Satine<\/title>\n<meta name=\"description\" content=\"Explore Satine&#039;s extensive range of customizable microcement colors. From sleek grays to vibrant tones, transform any space with our high-quality, durable microcement.\" \/>\n<meta name=\"robots\" content=\"index, follow, max-snippet:-1, max-image-preview:large, max-video-preview:-1\" \/>\n<link rel=\"canonical\" href=\"https:\/\/www.satine.com\/de\/mikrozement\/mikrozement-farben\/\" \/>\n<meta property=\"og:locale\" content=\"de_DE\" \/>\n<meta property=\"og:type\" content=\"article\" \/>\n<meta property=\"og:title\" content=\"Microcement Colors - Satine\" \/>\n<meta property=\"og:description\" content=\"Explore Satine&#039;s extensive range of customizable microcement colors. From sleek grays to vibrant tones, transform any space with our high-quality, durable microcement.\" \/>\n<meta property=\"og:url\" content=\"https:\/\/www.satine.com\/de\/mikrozement\/mikrozement-farben\/\" \/>\n<meta property=\"og:site_name\" content=\"Satine\" \/>\n<meta property=\"article:modified_time\" content=\"2024-09-17T12:38:38+00:00\" \/>\n<meta property=\"og:image\" content=\"https:\/\/www.satine.com\/wp-content\/uploads\/2024\/09\/Microcemento-Satine-1024x1024-1.png\" \/>\n<meta name=\"twitter:card\" content=\"summary_large_image\" \/>\n<meta name=\"twitter:label1\" content=\"Gesch\u00e4tzte Lesezeit\" \/>\n\t<meta name=\"twitter:data1\" content=\"3\u00a0Minuten\" \/>\n<script type=\"application\/ld+json\" class=\"yoast-schema-graph\">{\"@context\":\"https:\\\/\\\/schema.org\",\"@graph\":[{\"@type\":\"WebPage\",\"@id\":\"https:\\\/\\\/www.satine.com\\\/microcement\\\/microcement-colors\\\/\",\"url\":\"https:\\\/\\\/www.satine.com\\\/microcement\\\/microcement-colors\\\/\",\"name\":\"Microcement Colors - Satine\",\"isPartOf\":{\"@id\":\"https:\\\/\\\/www.satine.com\\\/#website\"},\"primaryImageOfPage\":{\"@id\":\"https:\\\/\\\/www.satine.com\\\/microcement\\\/microcement-colors\\\/#primaryimage\"},\"image\":{\"@id\":\"https:\\\/\\\/www.satine.com\\\/microcement\\\/microcement-colors\\\/#primaryimage\"},\"thumbnailUrl\":\"https:\\\/\\\/www.satine.com\\\/wp-content\\\/uploads\\\/2024\\\/09\\\/Microcemento-Satine-1024x1024-1.png\",\"datePublished\":\"2024-09-11T10:33:59+00:00\",\"dateModified\":\"2024-09-17T12:38:38+00:00\",\"description\":\"Explore Satine's extensive range of customizable microcement colors. From sleek grays to vibrant tones, transform any space with our high-quality, durable microcement.\",\"breadcrumb\":{\"@id\":\"https:\\\/\\\/www.satine.com\\\/microcement\\\/microcement-colors\\\/#breadcrumb\"},\"inLanguage\":\"de\",\"potentialAction\":[{\"@type\":\"ReadAction\",\"target\":[\"https:\\\/\\\/www.satine.com\\\/microcement\\\/microcement-colors\\\/\"]}]},{\"@type\":\"ImageObject\",\"inLanguage\":\"de\",\"@id\":\"https:\\\/\\\/www.satine.com\\\/microcement\\\/microcement-colors\\\/#primaryimage\",\"url\":\"https:\\\/\\\/www.satine.com\\\/wp-content\\\/uploads\\\/2024\\\/09\\\/Microcemento-Satine-1024x1024-1.png\",\"contentUrl\":\"https:\\\/\\\/www.satine.com\\\/wp-content\\\/uploads\\\/2024\\\/09\\\/Microcemento-Satine-1024x1024-1.png\"},{\"@type\":\"BreadcrumbList\",\"@id\":\"https:\\\/\\\/www.satine.com\\\/microcement\\\/microcement-colors\\\/#breadcrumb\",\"itemListElement\":[{\"@type\":\"ListItem\",\"position\":1,\"name\":\"Inicio\",\"item\":\"https:\\\/\\\/www.satine.com\\\/\"},{\"@type\":\"ListItem\",\"position\":2,\"name\":\"Microcement\",\"item\":\"https:\\\/\\\/www.satine.com\\\/microcement\\\/\"},{\"@type\":\"ListItem\",\"position\":3,\"name\":\"Microcement Colors\"}]},{\"@type\":\"WebSite\",\"@id\":\"https:\\\/\\\/www.satine.com\\\/#website\",\"url\":\"https:\\\/\\\/www.satine.com\\\/\",\"name\":\"Satine - Microcement\",\"description\":\"\",\"alternateName\":\"Satine - Microcement\",\"potentialAction\":[{\"@type\":\"SearchAction\",\"target\":{\"@type\":\"EntryPoint\",\"urlTemplate\":\"https:\\\/\\\/www.satine.com\\\/?s={search_term_string}\"},\"query-input\":{\"@type\":\"PropertyValueSpecification\",\"valueRequired\":true,\"valueName\":\"search_term_string\"}}],\"inLanguage\":\"de\"}]}<\/script>\n<!-- \/ Yoast SEO plugin. -->","yoast_head_json":{"title":"Mikrozement-Farben - Satine","description":"Entdecken Sie die umfangreiche Palette der anpassbaren Mikrozementfarben von Satine. Von schlichten Graut\u00f6nen bis hin zu leuchtenden T\u00f6nen, verwandeln Sie jeden Raum mit unserem hochwertigen, langlebigen Mikrozement.","robots":{"index":"index","follow":"follow","max-snippet":"max-snippet:-1","max-image-preview":"max-image-preview:large","max-video-preview":"max-video-preview:-1"},"canonical":"https:\/\/www.satine.com\/de\/mikrozement\/mikrozement-farben\/","og_locale":"de_DE","og_type":"article","og_title":"Microcement Colors - Satine","og_description":"Explore Satine's extensive range of customizable microcement colors. From sleek grays to vibrant tones, transform any space with our high-quality, durable microcement.","og_url":"https:\/\/www.satine.com\/de\/mikrozement\/mikrozement-farben\/","og_site_name":"Satine","article_modified_time":"2024-09-17T12:38:38+00:00","og_image":[{"url":"https:\/\/www.satine.com\/wp-content\/uploads\/2024\/09\/Microcemento-Satine-1024x1024-1.png","type":"","width":"","height":""}],"twitter_card":"summary_large_image","twitter_misc":{"Gesch\u00e4tzte Lesezeit":"3\u00a0Minuten"},"schema":{"@context":"https:\/\/schema.org","@graph":[{"@type":"WebPage","@id":"https:\/\/www.satine.com\/microcement\/microcement-colors\/","url":"https:\/\/www.satine.com\/microcement\/microcement-colors\/","name":"Mikrozement-Farben - Satine","isPartOf":{"@id":"https:\/\/www.satine.com\/#website"},"primaryImageOfPage":{"@id":"https:\/\/www.satine.com\/microcement\/microcement-colors\/#primaryimage"},"image":{"@id":"https:\/\/www.satine.com\/microcement\/microcement-colors\/#primaryimage"},"thumbnailUrl":"https:\/\/www.satine.com\/wp-content\/uploads\/2024\/09\/Microcemento-Satine-1024x1024-1.png","datePublished":"2024-09-11T10:33:59+00:00","dateModified":"2024-09-17T12:38:38+00:00","description":"Entdecken Sie die umfangreiche Palette der anpassbaren Mikrozementfarben von Satine. Von schlichten Graut\u00f6nen bis hin zu leuchtenden T\u00f6nen, verwandeln Sie jeden Raum mit unserem hochwertigen, langlebigen Mikrozement.","breadcrumb":{"@id":"https:\/\/www.satine.com\/microcement\/microcement-colors\/#breadcrumb"},"inLanguage":"de","potentialAction":[{"@type":"ReadAction","target":["https:\/\/www.satine.com\/microcement\/microcement-colors\/"]}]},{"@type":"ImageObject","inLanguage":"de","@id":"https:\/\/www.satine.com\/microcement\/microcement-colors\/#primaryimage","url":"https:\/\/www.satine.com\/wp-content\/uploads\/2024\/09\/Microcemento-Satine-1024x1024-1.png","contentUrl":"https:\/\/www.satine.com\/wp-content\/uploads\/2024\/09\/Microcemento-Satine-1024x1024-1.png"},{"@type":"BreadcrumbList","@id":"https:\/\/www.satine.com\/microcement\/microcement-colors\/#breadcrumb","itemListElement":[{"@type":"ListItem","position":1,"name":"Inicio","item":"https:\/\/www.satine.com\/"},{"@type":"ListItem","position":2,"name":"Microcement","item":"https:\/\/www.satine.com\/microcement\/"},{"@type":"ListItem","position":3,"name":"Microcement Colors"}]},{"@type":"WebSite","@id":"https:\/\/www.satine.com\/#website","url":"https:\/\/www.satine.com\/","name":"Satine - Mikrozement","description":"","alternateName":"Satine - Microcement","potentialAction":[{"@type":"SearchAction","target":{"@type":"EntryPoint","urlTemplate":"https:\/\/www.satine.com\/?s={search_term_string}"},"query-input":{"@type":"PropertyValueSpecification","valueRequired":true,"valueName":"search_term_string"}}],"inLanguage":"de"}]}},"_links":{"self":[{"href":"https:\/\/www.satine.com\/de\/wp-json\/wp\/v2\/pages\/4798","targetHints":{"allow":["GET"]}}],"collection":[{"href":"https:\/\/www.satine.com\/de\/wp-json\/wp\/v2\/pages"}],"about":[{"href":"https:\/\/www.satine.com\/de\/wp-json\/wp\/v2\/types\/page"}],"author":[{"embeddable":true,"href":"https:\/\/www.satine.com\/de\/wp-json\/wp\/v2\/users\/1"}],"replies":[{"embeddable":true,"href":"https:\/\/www.satine.com\/de\/wp-json\/wp\/v2\/comments?post=4798"}],"version-history":[{"count":5,"href":"https:\/\/www.satine.com\/de\/wp-json\/wp\/v2\/pages\/4798\/revisions"}],"predecessor-version":[{"id":4808,"href":"https:\/\/www.satine.com\/de\/wp-json\/wp\/v2\/pages\/4798\/revisions\/4808"}],"up":[{"embeddable":true,"href":"https:\/\/www.satine.com\/de\/wp-json\/wp\/v2\/pages\/2814"}],"wp:attachment":[{"href":"https:\/\/www.satine.com\/de\/wp-json\/wp\/v2\/media?parent=4798"}],"curies":[{"name":"wp","href":"https:\/\/api.w.org\/{rel}","templated":true}]}}