{"id":4331,"date":"2024-07-18T06:03:11","date_gmt":"2024-07-18T11:03:11","guid":{"rendered":"https:\/\/www.satine.com\/?page_id=4331"},"modified":"2024-10-18T06:40:06","modified_gmt":"2024-10-18T10:40:06","slug":"faq","status":"publish","type":"page","link":"https:\/\/www.satine.com\/de\/faq\/","title":{"rendered":"FAQ"},"content":{"rendered":"<h2 class=\"wp-block-heading\">Alles, was Sie \u00fcber Satine Microcement wissen m\u00fcssen: Verwendung, Arten, Anwendung und Vorteile<\/h2>\n\n\n\n<div style=\"height:25px\" aria-hidden=\"true\" class=\"wp-block-spacer\"><\/div>\n\n\n\n<p><strong>Satine <a href=\"https:\/\/www.satine.com\/microcement\">Mikrozement<\/a><\/strong> ist eine vielseitige dekorative Beschichtung, die aus Zement, Harzen auf Wasserbasis, Additiven und Mineralpigmenten besteht. Dieses Material ist f\u00fcr seine hervorragende Haftung bekannt, so dass es auf einer Vielzahl von Oberfl\u00e4chen, sowohl vertikal als auch horizontal, angebracht werden kann. Einer seiner gr\u00f6\u00dften Vorteile ist, dass er direkt auf vorhandene Materialien wie Fliesen, Trockenbauw\u00e4nde, Marmor, Terrazzo oder Putz aufgetragen werden kann, was schnelle Renovierungen ohne gr\u00f6\u00dfere Bauarbeiten erm\u00f6glicht, und das bei einer Mindestdicke von nur 3 Millimetern.<\/p>\n\n\n\n<div style=\"height:25px\" aria-hidden=\"true\" class=\"wp-block-spacer\"><\/div>\n\n\n\n<h2 class=\"wp-block-heading\">Vorteile von Satine Microcement<\/h2>\n\n\n\n<ul class=\"wp-block-list\">\n<li><strong>Mehrere dekorative Oberfl\u00e4chen<\/strong>: Satine Microcement bietet eine breite Palette von Farben und Texturen (grob, mittel oder fein), mit denen Sie jeden Raum nach Ihrem Stil und Ihren Vorlieben gestalten k\u00f6nnen. Egal, ob Sie eine glatte, schlichte Oberfl\u00e4che oder einen strukturierten, rustikalen Look w\u00fcnschen, mit diesem Produkt k\u00f6nnen Sie alles erreichen.<\/li>\n\n\n\n<li><strong>Nahtlose Oberfl\u00e4che<\/strong>: Eine der herausragenden Eigenschaften von Mikrozement ist seine F\u00e4higkeit, eine durchgehende Oberfl\u00e4che ohne Fugen oder Risse zu schaffen. Dies verbessert nicht nur die \u00c4sthetik des Raumes, sondern verhindert auch die Ansammlung von Schmutz und Dreck in schwer zu reinigenden Bereichen und erleichtert so die Pflege.<\/li>\n\n\n\n<li><strong>Anwendbar auf verschiedenen Untergr\u00fcnden<\/strong>: Satine Microcement kann auf eine beeindruckende Reihe von Oberfl\u00e4chen aufgetragen werden, darunter B\u00f6den, W\u00e4nde, Decken, Schwimmbecken und M\u00f6bel. Dank seiner Vielseitigkeit eignet er sich sowohl f\u00fcr den Innen- als auch f\u00fcr den Au\u00dfenbereich und sorgt f\u00fcr ein einheitliches Erscheinungsbild in Ihrer gesamten Immobilie.<\/li>\n\n\n\n<li><strong>Hohe Adh\u00e4sion<\/strong>: Dieses Produkt zeichnet sich durch hohe Haftungseigenschaften aus, die es mit zahlreichen Materialien wie Fliesen, Marmor, Keramik, Terrazzo, Trockenbauw\u00e4nden, Beton und Putz kompatibel machen. Dies erm\u00f6glicht ein nahtloses Auftragen auf bestehende Oberfl\u00e4chen, ohne dass diese entfernt werden m\u00fcssen.<\/li>\n\n\n\n<li><strong>Dauerhaft<\/strong>: Satine Microcement ist \u00e4u\u00dferst widerstandsf\u00e4hig gegen Begehung, St\u00f6\u00dfe, Kratzer und Chemikalien. Diese Best\u00e4ndigkeit sorgt daf\u00fcr, dass die Oberfl\u00e4chen auch in stark frequentierten Bereichen oder in R\u00e4umen, die rauen Bedingungen ausgesetzt sind, makellos und intakt bleiben.<\/li>\n\n\n\n<li><strong>Wasserdicht und rutschfest<\/strong>: Aufgrund seiner Wasserfestigkeit ist es ideal f\u00fcr Nassbereiche wie Badezimmer und K\u00fcchen. Mit speziellen Oberfl\u00e4chenbehandlungen kann er au\u00dferdem rutschfest sein und so die Sicherheit in diesen Bereichen erh\u00f6hen.<\/li>\n\n\n\n<li><strong>Schnelle und saubere Renovierungen<\/strong>: Die Anwendung von Mikrozement ist ein unkompliziertes Verfahren, das mit minimalen St\u00f6rungen verbunden ist. Es erm\u00f6glicht schnelle und saubere Renovierungen ohne die Unordnung und den Schutt, die normalerweise mit traditionellen Baumethoden verbunden sind.<\/li>\n\n\n\n<li><strong>Minimale Dicke<\/strong>: Mit einer Dicke von nur 2-3 mm tr\u00e4gt Satine Microcement nicht wesentlich zur strukturellen Belastung des Geb\u00e4udes bei. Das macht ihn zu einer hervorragenden Wahl f\u00fcr die Sanierung bestehender Strukturen, ohne deren Integrit\u00e4t zu beeintr\u00e4chtigen.<\/li>\n\n\n\n<li><strong>Umweltfreundlich<\/strong>: Satine Microcement besteht aus nat\u00fcrlichen Materialien und ist eine umweltfreundliche Option. Er ist frei von sch\u00e4dlichen Chemikalien und unterst\u00fctzt nachhaltige Baupraktiken.<\/li>\n\n\n\n<li><strong>Einfache Wartung<\/strong>: Die Pflege einer Mikrozementoberfl\u00e4che ist einfach. Regelm\u00e4\u00dfige Reinigung mit Wasser und einer pH-neutralen Seife l\u00e4sst sie wie neu aussehen. Aufgrund ihrer fugenlosen Beschaffenheit gibt es auch weniger Bereiche, in denen Bakterien und Schimmel wachsen k\u00f6nnen.<\/li>\n\n\n\n<li><strong>Hygienisch<\/strong>: Die durchgehende Oberfl\u00e4che des Mikrozements tr\u00e4gt dazu bei, keim- und bakterienfreie R\u00e4ume zu schaffen, die ein ges\u00fcnderes Wohnumfeld f\u00f6rdern.<\/li>\n<\/ul>\n\n\n\n<div style=\"height:120px\" aria-hidden=\"true\" class=\"wp-block-spacer\"><\/div>\n\n\n\n<figure class=\"wp-block-video\"><video height=\"1080\" style=\"aspect-ratio: 1920 \/ 1080;\" width=\"1920\" controls src=\"https:\/\/www.satine.com\/wp-content\/uploads\/2024\/10\/Diseno-sin-titulo-3.mp4\"><\/video><\/figure>\n\n\n\n<div style=\"height:30px\" aria-hidden=\"true\" class=\"wp-block-spacer\"><\/div>\n\n\n\n<h2 class=\"wp-block-heading\">H\u00e4ufig gestellte Fragen zu Mikrozement<\/h2>\n\n\n\n<div class=\"wp-block-group is-vertical is-layout-flex wp-container-core-group-is-layout-8cf370e7 wp-block-group-is-layout-flex\">\n<details class=\"wp-block-details is-layout-flow wp-block-details-is-layout-flow\"><summary><strong>Kann Mikrozement bei niedrigen Temperaturen angewendet werden?<\/strong><br><\/summary>\n<p>Das Auftragen von Mikrozement bei niedrigen Temperaturen kann eine Herausforderung sein und wird unter 10\u00b0C nicht empfohlen, da die Trocknung und die Materialeigenschaften beeintr\u00e4chtigt werden k\u00f6nnen.<\/p>\n<\/details>\n\n\n\n<details class=\"wp-block-details is-layout-flow wp-block-details-is-layout-flow\"><summary><strong>Wie viel kostet Mikrozement pro Quadratmeter?<\/strong><br><\/summary>\n<p>Die Kosten f\u00fcr Mikrozement variieren, liegen aber im Allgemeinen zwischen 40 und 100 Euro pro Quadratmeter, einschlie\u00dflich Material und Arbeit.<\/p>\n<\/details>\n\n\n\n<details class=\"wp-block-details is-layout-flow wp-block-details-is-layout-flow\"><summary><strong>Wie lange sollte die Trocknungszeit zwischen der ersten und der zweiten Versiegelungsschicht sein?<\/strong><br><\/summary>\n<p>Im Allgemeinen sollten zwischen der ersten und der zweiten Versiegelungsschicht 4 bis 6 Stunden Trocknungszeit liegen, obwohl dies je nach Art der Versiegelung und den Umgebungsbedingungen variieren kann.<\/p>\n<\/details>\n\n\n\n<details class=\"wp-block-details is-layout-flow wp-block-details-is-layout-flow\"><summary><strong>Ist die Verwendung des Netzes f\u00fcr Mikrozement obligatorisch?<\/strong><br><\/summary>\n<p>Sie ist nicht immer vorgeschrieben, wird aber empfohlen, insbesondere bei Oberfl\u00e4chen, die Bewegungen oder Risse aufweisen k\u00f6nnen, um Rissbildung zu vermeiden.<\/p>\n<\/details>\n\n\n\n<details class=\"wp-block-details is-layout-flow wp-block-details-is-layout-flow\"><summary><strong>Wie kann ich mich f\u00fcr einen Mikrozementkurs anmelden?<\/strong><br><\/summary>\n<p>Kontaktieren Sie uns \u00fcber unsere Kontaktseite oder die sozialen Netzwerke, um weitere Informationen \u00fcber Mikrozement- und andere Materialanwendungskurse zu erhalten.<\/p>\n<\/details>\n\n\n\n<details class=\"wp-block-details is-layout-flow wp-block-details-is-layout-flow\"><summary><strong>K\u00f6nnen Farben auf derselben Fl\u00e4che kombiniert werden?<\/strong><br><\/summary>\n<p>Ja, Farben k\u00f6nnen auf derselben Oberfl\u00e4che kombiniert werden, um individuelle Designs und dekorative Effekte zu erzielen.<\/p>\n<\/details>\n\n\n\n<details class=\"wp-block-details is-layout-flow wp-block-details-is-layout-flow\"><summary><strong>Warum kann es zu Glanzunterschieden zwischen dem Muster und dem fertigen Werk kommen?<\/strong><br><\/summary>\n<p>Glanzunterschiede k\u00f6nnen auf Unterschiede bei der Anwendung, der Art der verwendeten Versiegelung und den Umgebungsbedingungen beim Trocknen zur\u00fcckzuf\u00fchren sein.<\/p>\n<\/details>\n\n\n\n<details class=\"wp-block-details is-layout-flow wp-block-details-is-layout-flow\"><summary><strong>Kann Mikrozement mit der Zeit seine Farbe verlieren?<\/strong><br><\/summary>\n<p>Mikrozement kann seine Farbe verlieren, wenn er nicht richtig gesch\u00fctzt wird oder aggressiven Chemikalien ausgesetzt ist. Eine gute Versiegelung und Pflege tragen dazu bei, die Farbe zu erhalten.<\/p>\n<\/details>\n\n\n\n<details class=\"wp-block-details is-layout-flow wp-block-details-is-layout-flow\"><summary><strong>Wie reinigt man Mikrozement?<\/strong><br><\/summary>\n<p>Es wird empfohlen, neutrale und nicht scheuernde Reinigungsprodukte zu verwenden. Vermeiden Sie chlor- oder s\u00e4urehaltige Produkte, die die Versiegelung besch\u00e4digen k\u00f6nnen.<\/p>\n<\/details>\n\n\n\n<details class=\"wp-block-details is-layout-flow wp-block-details-is-layout-flow\"><summary><strong>Wie lange dauert eine Renovierung mit Mikrozement?<\/strong><br><\/summary>\n<p>Das Aufbringen von Mikrozement dauert in der Regel zwischen 4 und 7 Tagen, abh\u00e4ngig von den Umweltbedingungen und der Komplexit\u00e4t der Arbeiten.<\/p>\n<\/details>\n\n\n\n<details class=\"wp-block-details is-layout-flow wp-block-details-is-layout-flow\"><summary><strong>Was sind die Unterschiede zwischen Mikrozement und poliertem Beton?<\/strong><br><\/summary>\n<p>Mikrozement ist eine d\u00fcnne Schicht (2-3 mm), die auf bestehende Oberfl\u00e4chen aufgetragen wird, w\u00e4hrend polierter Beton eine dickere Schicht (5-10 cm) ist, die zur Herstellung neuer B\u00f6den verwendet wird. Au\u00dferdem bietet Mikrozement eine gr\u00f6\u00dfere Anpassungsf\u00e4higkeit in Bezug auf Farben und Texturen.<\/p>\n<\/details>\n\n\n\n<details class=\"wp-block-details is-layout-flow wp-block-details-is-layout-flow\"><summary><strong>Ist Mikrozement rutschfest?<\/strong><br><\/summary>\n<p>Mikrozement kann durch spezielle Zus\u00e4tze in der Endversiegelung rutschfest gemacht werden.<\/p>\n<\/details>\n\n\n\n<details class=\"wp-block-details is-layout-flow wp-block-details-is-layout-flow\"><summary><strong>Ist Mikrozement wasserdicht?<\/strong><br><\/summary>\n<p>Nach ordnungsgem\u00e4\u00dfer Versiegelung ist Mikrozement wasserdicht und eignet sich daher f\u00fcr Nassbereiche wie B\u00e4der und K\u00fcchen.<\/p>\n<\/details>\n\n\n\n<details class=\"wp-block-details is-layout-flow wp-block-details-is-layout-flow\"><summary><strong>Kann Mikrozement auf eine Fu\u00dfbodenheizung aufgebracht werden?<\/strong><br><\/summary>\n<p>Ja, Mikrozement ist mit einer Fu\u00dfbodenheizung kompatibel, sofern die Empfehlungen des Herstellers zur Verlegung und zum allm\u00e4hlichen Aufheizen des Systems befolgt werden.<\/p>\n<\/details>\n\n\n\n<details class=\"wp-block-details is-layout-flow wp-block-details-is-layout-flow\"><summary><strong>Auf welche Oberfl\u00e4chen kann Mikrozement aufgebracht werden?<\/strong><br><\/summary>\n<p>Mikrozement kann auf eine Vielzahl von Oberfl\u00e4chen aufgetragen werden, darunter Beton, Fliesen, Keramik, Putz, Holz, Metall und andere Materialien. Die Oberfl\u00e4che muss sauber, trocken und eben sein.<br><br><\/p>\n<\/details>\n\n\n\n<details class=\"wp-block-details is-layout-flow wp-block-details-is-layout-flow\"><summary><strong>Ben\u00f6tigt Mikrozement eine besondere Pflege?<\/strong><br><\/summary>\n<p>Ja, Mikrozement erfordert eine gewisse Pflege, um sein Aussehen und seine Haltbarkeit zu erhalten. Vermeiden Sie starke St\u00f6\u00dfe, verwenden Sie M\u00f6belschoner und reinigen Sie mit nicht scheuernden Produkten, um es in gutem Zustand zu halten.<\/p>\n<\/details>\n\n\n\n<details class=\"wp-block-details is-layout-flow wp-block-details-is-layout-flow\"><summary><strong>Wie hoch ist die Festigkeit und H\u00e4rte von Mikrozement?<\/strong><br><\/summary>\n<p><strong>St\u00e4rke:<\/strong>&nbsp;Mikrozement hat eine Druckfestigkeit von etwa 25 bis 40 MPa (Megapascal) und eine Biegefestigkeit zwischen 7 und 10 MPa.<strong>H\u00e4rte:<\/strong>&nbsp;Die Oberfl\u00e4chenh\u00e4rte von Mikrozement, gemessen auf der Mohs-Skala, liegt in der Regel zwischen 3 und 4.<\/p>\n<\/details>\n\n\n\n<details class=\"wp-block-details is-layout-flow wp-block-details-is-layout-flow\"><summary><strong>Ist es notwendig, die T\u00fcren zu putzen?<\/strong><br><\/summary>\n<p>Nicht immer, aber bei einigen Renovierungen kann es erforderlich sein, die T\u00fcren anzupassen, wenn die Dicke des Mikrozements ihre Funktion beeintr\u00e4chtigt.<\/p>\n<\/details>\n\n\n\n<details class=\"wp-block-details is-layout-flow wp-block-details-is-layout-flow\"><summary><strong>Kann Mikrozement bei sehr hei\u00dfem Wetter verwendet werden?<\/strong><br><\/summary>\n<p>Ja, aber es sollten zus\u00e4tzliche Vorsichtsma\u00dfnahmen getroffen werden, wie z. B. die Vermeidung von direkter Sonneneinstrahlung und die Aufrechterhaltung einer angemessenen Hydratation des Materials, um ein zu schnelles Austrocknen zu verhindern.<\/p>\n<\/details>\n\n\n\n<details class=\"wp-block-details is-layout-flow wp-block-details-is-layout-flow\"><summary><strong>Was ist der Unterschied zwischen Mikrozement und herk\u00f6mmlichem Zement?<br> <\/strong><\/summary>\n<p>Mikrozement ist eine d\u00fcnne, vielseitige dekorative Beschichtung aus Feinzement, Harzen auf Wasserbasis und Pigmenten, die sich f\u00fcr verschiedene Oberfl\u00e4chen wie B\u00f6den und W\u00e4nde eignet. Herk\u00f6mmlicher Zement ist ein grundlegendes Baumaterial, das mit Sand und Kies gemischt wird, um Beton zu bilden, der in dickeren, strukturellen Anwendungen verwendet wird.<\/p>\n<\/details>\n\n\n\n<div style=\"height:0px\" aria-hidden=\"true\" class=\"wp-block-spacer wp-container-content-c00f5982\"><\/div>\n<\/div>","protected":false},"excerpt":{"rendered":"<p>Everything You Need to Know About Satine Microcement: Uses, Types, Application, and Benefits Satine Microcement is a versatile decorative coating composed of cement, water-based resins, additives, and mineral pigments. This material is renowned for its excellent adhesion, allowing it to be applied to a wide variety of surfaces, both vertical and horizontal. One of its [&hellip;]<\/p>\n","protected":false},"author":1,"featured_media":0,"parent":0,"menu_order":0,"comment_status":"closed","ping_status":"closed","template":"","meta":{"footnotes":""},"class_list":["post-4331","page","type-page","status-publish","hentry"],"yoast_head":"<!-- This site is optimized with the Yoast SEO plugin v27.5 - https:\/\/yoast.com\/product\/yoast-seo-wordpress\/ -->\n<title>Frequently Asked Questions of Microcement (FAQ) - Satine<\/title>\n<meta name=\"description\" content=\"What is microcement? Satine Microcement is a decorative coating composed of cement, water-based resins, additives, and mineral pigments. It can be applied to various vertical and horizontal surfaces, providing a seamless, durable finish.\" \/>\n<meta name=\"robots\" content=\"index, follow, max-snippet:-1, max-image-preview:large, max-video-preview:-1\" \/>\n<link rel=\"canonical\" href=\"https:\/\/www.satine.com\/de\/faq\/\" \/>\n<meta property=\"og:locale\" content=\"de_DE\" \/>\n<meta property=\"og:type\" content=\"article\" \/>\n<meta property=\"og:title\" content=\"Frequently Asked Questions of Microcement (FAQ) - Satine\" \/>\n<meta property=\"og:description\" content=\"What is microcement? Satine Microcement is a decorative coating composed of cement, water-based resins, additives, and mineral pigments. It can be applied to various vertical and horizontal surfaces, providing a seamless, durable finish.\" \/>\n<meta property=\"og:url\" content=\"https:\/\/www.satine.com\/de\/faq\/\" \/>\n<meta property=\"og:site_name\" content=\"Satine\" \/>\n<meta property=\"article:modified_time\" content=\"2024-10-18T10:40:06+00:00\" \/>\n<meta name=\"twitter:card\" content=\"summary_large_image\" \/>\n<meta name=\"twitter:label1\" content=\"Gesch\u00e4tzte Lesezeit\" \/>\n\t<meta name=\"twitter:data1\" content=\"5\u00a0Minuten\" \/>\n<script type=\"application\/ld+json\" class=\"yoast-schema-graph\">{\"@context\":\"https:\\\/\\\/schema.org\",\"@graph\":[{\"@type\":\"WebPage\",\"@id\":\"https:\\\/\\\/www.satine.com\\\/faq\\\/\",\"url\":\"https:\\\/\\\/www.satine.com\\\/faq\\\/\",\"name\":\"Frequently Asked Questions of Microcement (FAQ) - Satine\",\"isPartOf\":{\"@id\":\"https:\\\/\\\/www.satine.com\\\/#website\"},\"datePublished\":\"2024-07-18T11:03:11+00:00\",\"dateModified\":\"2024-10-18T10:40:06+00:00\",\"description\":\"What is microcement? Satine Microcement is a decorative coating composed of cement, water-based resins, additives, and mineral pigments. It can be applied to various vertical and horizontal surfaces, providing a seamless, durable finish.\",\"breadcrumb\":{\"@id\":\"https:\\\/\\\/www.satine.com\\\/faq\\\/#breadcrumb\"},\"inLanguage\":\"de\",\"potentialAction\":[{\"@type\":\"ReadAction\",\"target\":[\"https:\\\/\\\/www.satine.com\\\/faq\\\/\"]}]},{\"@type\":\"BreadcrumbList\",\"@id\":\"https:\\\/\\\/www.satine.com\\\/faq\\\/#breadcrumb\",\"itemListElement\":[{\"@type\":\"ListItem\",\"position\":1,\"name\":\"Inicio\",\"item\":\"https:\\\/\\\/www.satine.com\\\/\"},{\"@type\":\"ListItem\",\"position\":2,\"name\":\"FAQ\"}]},{\"@type\":\"WebSite\",\"@id\":\"https:\\\/\\\/www.satine.com\\\/#website\",\"url\":\"https:\\\/\\\/www.satine.com\\\/\",\"name\":\"Satine - Microcement\",\"description\":\"\",\"alternateName\":\"Satine - Microcement\",\"potentialAction\":[{\"@type\":\"SearchAction\",\"target\":{\"@type\":\"EntryPoint\",\"urlTemplate\":\"https:\\\/\\\/www.satine.com\\\/?s={search_term_string}\"},\"query-input\":{\"@type\":\"PropertyValueSpecification\",\"valueRequired\":true,\"valueName\":\"search_term_string\"}}],\"inLanguage\":\"de\"}]}<\/script>\n<!-- \/ Yoast SEO plugin. -->","yoast_head_json":{"title":"H\u00e4ufig gestellte Fragen zu Mikrozement (FAQ) - Satine","description":"Was ist Mikrozement? Satine Mikrozement ist eine dekorative Beschichtung, die aus Zement, Harzen auf Wasserbasis, Additiven und Mineralpigmenten besteht. Sie kann auf verschiedene vertikale und horizontale Oberfl\u00e4chen aufgetragen werden und bietet eine nahtlose, dauerhafte Oberfl\u00e4che.","robots":{"index":"index","follow":"follow","max-snippet":"max-snippet:-1","max-image-preview":"max-image-preview:large","max-video-preview":"max-video-preview:-1"},"canonical":"https:\/\/www.satine.com\/de\/faq\/","og_locale":"de_DE","og_type":"article","og_title":"Frequently Asked Questions of Microcement (FAQ) - Satine","og_description":"What is microcement? Satine Microcement is a decorative coating composed of cement, water-based resins, additives, and mineral pigments. It can be applied to various vertical and horizontal surfaces, providing a seamless, durable finish.","og_url":"https:\/\/www.satine.com\/de\/faq\/","og_site_name":"Satine","article_modified_time":"2024-10-18T10:40:06+00:00","twitter_card":"summary_large_image","twitter_misc":{"Gesch\u00e4tzte Lesezeit":"5\u00a0Minuten"},"schema":{"@context":"https:\/\/schema.org","@graph":[{"@type":"WebPage","@id":"https:\/\/www.satine.com\/faq\/","url":"https:\/\/www.satine.com\/faq\/","name":"H\u00e4ufig gestellte Fragen zu Mikrozement (FAQ) - Satine","isPartOf":{"@id":"https:\/\/www.satine.com\/#website"},"datePublished":"2024-07-18T11:03:11+00:00","dateModified":"2024-10-18T10:40:06+00:00","description":"Was ist Mikrozement? Satine Mikrozement ist eine dekorative Beschichtung, die aus Zement, Harzen auf Wasserbasis, Additiven und Mineralpigmenten besteht. Sie kann auf verschiedene vertikale und horizontale Oberfl\u00e4chen aufgetragen werden und bietet eine nahtlose, dauerhafte Oberfl\u00e4che.","breadcrumb":{"@id":"https:\/\/www.satine.com\/faq\/#breadcrumb"},"inLanguage":"de","potentialAction":[{"@type":"ReadAction","target":["https:\/\/www.satine.com\/faq\/"]}]},{"@type":"BreadcrumbList","@id":"https:\/\/www.satine.com\/faq\/#breadcrumb","itemListElement":[{"@type":"ListItem","position":1,"name":"Inicio","item":"https:\/\/www.satine.com\/"},{"@type":"ListItem","position":2,"name":"FAQ"}]},{"@type":"WebSite","@id":"https:\/\/www.satine.com\/#website","url":"https:\/\/www.satine.com\/","name":"Satine - Mikrozement","description":"","alternateName":"Satine - Microcement","potentialAction":[{"@type":"SearchAction","target":{"@type":"EntryPoint","urlTemplate":"https:\/\/www.satine.com\/?s={search_term_string}"},"query-input":{"@type":"PropertyValueSpecification","valueRequired":true,"valueName":"search_term_string"}}],"inLanguage":"de"}]}},"_links":{"self":[{"href":"https:\/\/www.satine.com\/de\/wp-json\/wp\/v2\/pages\/4331","targetHints":{"allow":["GET"]}}],"collection":[{"href":"https:\/\/www.satine.com\/de\/wp-json\/wp\/v2\/pages"}],"about":[{"href":"https:\/\/www.satine.com\/de\/wp-json\/wp\/v2\/types\/page"}],"author":[{"embeddable":true,"href":"https:\/\/www.satine.com\/de\/wp-json\/wp\/v2\/users\/1"}],"replies":[{"embeddable":true,"href":"https:\/\/www.satine.com\/de\/wp-json\/wp\/v2\/comments?post=4331"}],"version-history":[{"count":51,"href":"https:\/\/www.satine.com\/de\/wp-json\/wp\/v2\/pages\/4331\/revisions"}],"predecessor-version":[{"id":5578,"href":"https:\/\/www.satine.com\/de\/wp-json\/wp\/v2\/pages\/4331\/revisions\/5578"}],"wp:attachment":[{"href":"https:\/\/www.satine.com\/de\/wp-json\/wp\/v2\/media?parent=4331"}],"curies":[{"name":"wp","href":"https:\/\/api.w.org\/{rel}","templated":true}]}}