{"id":3710,"date":"2022-04-14T19:31:44","date_gmt":"2022-04-15T00:31:44","guid":{"rendered":"https:\/\/www.satine.com\/?page_id=3710"},"modified":"2022-04-14T19:31:44","modified_gmt":"2022-04-15T00:31:44","slug":"cookies","status":"publish","type":"page","link":"https:\/\/www.satine.com\/de\/cookies\/","title":{"rendered":"COOKIES"},"content":{"rendered":"<h3 class=\"wp-block-heading\">1. ANTECEDENTES<\/h3>\n\n\n\n<p>De conformidad con la normativa espa\u00f1ola que regula el uso de cookies en relaci\u00f3n a la prestaci\u00f3n de servicios de comunicaciones electr\u00f3nicas, recogida en el Real Decreto Ley 13\/2012 del 30 de marzo, le informamos sobre las cookies utilizadas en el sitio web de SATINE y el motivo de su uso. Au\u00dferdem informieren wir Sie dar\u00fcber, dass Sie beim Surfen auf der Website Ihr Einverst\u00e4ndnis zur Nutzung der Cookies geben.<\/p>\n\n\n\n<h3 class=\"wp-block-heading\">2. \u00bfQU\u00c9 SON LAS COOKIES?<\/h3>\n\n\n\n<p>Ein Cookie ist eine Datei, die im Browser des Benutzers beim Zugriff auf bestimmte Webseiten gespeichert wird. Die Cookies erm\u00f6glichen es einer Webseite unter anderem, Informationen \u00fcber die Surfgewohnheiten eines Nutzers oder seines Ger\u00e4ts zu speichern und wiederzugewinnen, und k\u00f6nnen, abh\u00e4ngig von den enthaltenen Informationen und der Art der Nutzung seines Ger\u00e4ts, zur Wiedererkennung des Nutzers verwendet werden. Las cookies se asocian \u00fanicamente a un usuario an\u00f3nimo y su ordenador o dispositivo y no proporcionan referencias que permitan conocer sus datos personalales.<\/p>\n\n\n\n<h3 class=\"wp-block-heading\">3. KEKSTYPEN<\/h3>\n\n\n\n<ol class=\"wp-block-list\"><li><strong>Eigene Cookies:<\/strong>&nbsp;Es handelt sich um Nachrichten, die von einem vom Redakteur selbst verwalteten Endger\u00e4t aus an das Endger\u00e4t des Nutzers gesendet werden und von dem aus der vom Nutzer angeforderte Dienst erbracht wird.<\/li><li><strong>Cookies von Drittanbietern:<\/strong>&nbsp;Es handelt sich dabei um Cookies, die dem Endger\u00e4t des Nutzers von einem Ger\u00e4t oder einer Domain aus zugesandt werden, das\/die nicht vom eigenen Herausgeber verwaltet wird, sondern von einer anderen Einrichtung, die die Daten \u00fcber die Cookies verarbeitet.<\/li><li><strong>Cookies de sesi\u00f3n:<\/strong>&nbsp;Es handelt sich um eine Art von Cookies, die dazu dienen, Daten zu erfassen und zu speichern, w\u00e4hrend der Benutzer auf eine Webseite zugreift.<\/li><li><strong>Cookies persistentes:<\/strong>&nbsp;Es handelt sich dabei um eine Art von Cookies, bei denen die Daten im Terminal gespeichert werden und w\u00e4hrend eines vom Cookie-Verantwortlichen festgelegten Zeitraums, der von einigen Minuten bis zu mehreren Jahren reichen kann, abgerufen und bearbeitet werden k\u00f6nnen.<\/li><li><strong>Cookies de an\u00e1lisis:<\/strong>&nbsp;Diese Daten, die von uns oder von Dritten verwendet werden, erm\u00f6glichen es uns, die Anzahl der Nutzer zu ermitteln und somit eine statistische Analyse der Nutzung des angebotenen Dienstes durchzuf\u00fchren. Zu diesem Zweck wird Ihre Navigation auf unserer Website analysiert, um das Angebot an Produkten und Dienstleistungen zu verbessern, die wir Ihnen anbieten.<\/li><li><strong>Cookies f\u00fcr Werbezwecke:<\/strong>&nbsp;Es handelt sich dabei um Cookies, die eine m\u00f6glichst effiziente Verwaltung der Werbefl\u00e4chen erm\u00f6glichen, die der Herausgeber auf einer Webseite, Anwendung oder Plattform eingerichtet hat, von der aus er den angeforderten Service anbietet. Diese Cookies speichern Informationen \u00fcber das Verhalten der Nutzer, die durch die fortlaufende Beobachtung ihrer Surfgewohnheiten gewonnen werden und die es erm\u00f6glichen, ein spezielles Profil f\u00fcr die Darstellung von Werbung in Abh\u00e4ngigkeit von diesem Verhalten zu erstellen. Au\u00dferdem ist es m\u00f6glich, dass beim Besuch einer Webseite oder beim Abrufen einer E-Mail, in der eine Ank\u00fcndigung oder eine Werbung f\u00fcr unsere Produkte oder Dienstleistungen ver\u00f6ffentlicht wird, ein Cookie in Ihrem Browser abgelegt wird, das uns hilft, Ihnen nachtr\u00e4glich Werbung f\u00fcr die von Ihnen durchgef\u00fchrte Suche zu zeigen, eine Kontrolle unserer Ank\u00fcndigungen zu entwickeln, z.B. in Bezug auf die Anzahl der Aufrufe, den Ort und die Uhrzeit, zu der sie erscheinen, usw.<\/li><\/ol>\n\n\n\n<h3 class=\"wp-block-heading\">4. ART DER VERWENDETEN COOKIES<\/h3>\n\n\n\n<p>Die auf unserer Website verwendeten Cookies, die von Dritten stammen, erm\u00f6glichen uns die Speicherung und den Zugriff auf Informationen, die sich auf die Sprache, den Typ des verwendeten Browsers beziehen, und andere allgemeine, vom Benutzer vordefinierte Merkmale, sowie die Verfolgung und Analyse der Aktivit\u00e4ten, die er ausf\u00fchrt, mit dem Ziel, Verbesserungen einzuf\u00fchren und unsere Dienstleistungen effizienter und individueller zu gestalten. SATINE verwendet keine Cookies f\u00fcr die \u00d6ffentlichkeitsarbeit oder f\u00fcr das Verhalten in der \u00d6ffentlichkeit.<br>Die Verwendung von Cookies bietet Vorteile bei der Erbringung von Dienstleistungen in der Informationsgesellschaft, da sie dem Benutzer das Navigieren und den Zugang zu den verschiedenen Dienstleistungen dieser Website erleichtern; es dem Benutzer erspart, die allgemeinen vordefinierten Merkmale bei jedem Zugriff auf die Website zu konfigurieren; es f\u00f6rdert die Verbesserung der Funktionsweise und der Dienste, die \u00fcber diese Website bereitgestellt werden, durch die entsprechende Analyse der \u00fcber die installierten Cookies erhaltenen Informationen.<\/p>\n\n\n\n<figure class=\"wp-block-table\"><table><tbody><tr><th>Name<\/th><th>Tipo<\/th><th>Caducidad<\/th><th>Finalidad<\/th><th>Clase<\/th><\/tr><tr><td>__utma<\/td><td>De Terceros (Google Analytics)<\/td><td>2 a\u00f1os<\/td><td>Se usa para distinguir usuarios y sesiones.<\/td><td>Keine Exenta<\/td><\/tr><tr><td>__utmb<\/td><td>De Terceros (Google Analytics)<\/td><td>30 Minuten<\/td><td>Se usa para determinar nuevas sesiones o visitas.<\/td><td>Keine Exenta<\/td><\/tr><tr><td>__utmc<\/td><td>De Terceros (Google Analytics)<\/td><td>Al finalizar la sesi\u00f3n<\/td><td>Se configura para su uso con Urchin.<\/td><td>Keine Exenta<\/td><\/tr><tr><td>__utmz<\/td><td>De Terceros (Google Analytics)<\/td><td>6 meses<\/td><td>Almacena el origen o la campa\u00f1a que explica c\u00f3mo el usuario ha llegado hasta la p\u00e1gina web.<\/td><td>Keine Exenta<\/td><\/tr><tr><td>Standort<\/td><td>Propia<\/td><td>5 a\u00f1os<\/td><td>Almacena el idioma de preferencia del usuario.<\/td><td>Exenta<\/td><\/tr><tr><td>einkaufswagen_artikel<\/td><td>Propia<\/td><td>7 d\u00edas<\/td><td>Almacena el listado de productos que tiene un usuario en el carro de compra.<\/td><td>Exenta<\/td><\/tr><tr><td>satine_session<\/td><td>Propia<\/td><td>2 horas<\/td><td>Sie wird zur Unterscheidung von Benutzern und Sitzungen verwendet.<\/td><td>Exenta<\/td><\/tr><\/tbody><\/table><\/figure>\n\n\n\n<h3 class=\"wp-block-heading\">5. WIDERRUF UND BESEITIGUNG VON COOKIES<\/h3>\n\n\n\n<p>Sie k\u00f6nnen jederzeit auf die Konfiguration Ihres Browsers zugreifen, indem Sie alle Cookies akzeptieren oder ablehnen, oder indem Sie die Cookies ausw\u00e4hlen, die Sie zulassen und die Sie nicht zulassen, indem Sie einen der folgenden Schritte ausf\u00fchren, je nachdem, welchen Browser Sie verwenden:<\/p>\n\n\n\n<ul class=\"wp-block-list\"><li><strong>Google Chrome:<\/strong>&nbsp;Men\u00fa Herramientas &gt; Configuraci\u00f3n &gt; Mostrar Opciones Avanzadas &gt; Privacidad (Configuraci\u00f3n del contenido) &gt; Cookies.&nbsp;<a target=\"_blank\" href=\"https:\/\/support.google.com\/chrome\/answer\/95647?hl=es\" rel=\"noreferrer noopener\">Mehr Informationen.<\/a><\/li><li><strong>Microsoft Internet Explorer:<\/strong>&nbsp;Men\u00fa Herramientas &gt; Opciones de Internet &gt; Privacidad &gt; Avanzada.&nbsp;<a target=\"_blank\" href=\"https:\/\/support.microsoft.com\/es-es\/help\/17442\/windows-internet-explorer-delete-manage-cookies\" rel=\"noreferrer noopener\">Mehr Informationen.<\/a><\/li><li><strong>Firefox:<\/strong>&nbsp;Opciones &gt; Privacidad &gt; Cookies.&nbsp;<a target=\"_blank\" href=\"https:\/\/support.mozilla.org\/es\/kb\/habilitar-y-deshabilitar-cookies-sitios-web-rastrear-preferencias\" rel=\"noreferrer noopener\">Mehr Informationen.<\/a><\/li><li><strong>Safari, iPad und iPhone:<\/strong>&nbsp;Vorlieben &gt; Privacidad.&nbsp;<a target=\"_blank\" href=\"https:\/\/www.apple.com\/legal\/privacy\/es\/cookies\/\" rel=\"noreferrer noopener\">Mehr Informationen.<\/a><\/li><\/ul>\n\n\n\n<h3 class=\"wp-block-heading\">6. TERCEROS PRESTADORES DE SERVICIOS<\/h3>\n\n\n\n<p>En concreto los terceros prestadores de servicios con los que hemos contratado alg\u00fan servicio para el que es necesario la utilizaci\u00f3n de cookies son:<\/p>\n\n\n\n<figure class=\"wp-block-table\"><table><tbody><tr><th>Proveedor<\/th><th>Finalidad del Servicio y de la Cookie<\/th><th>Information des Anbieters<\/th><\/tr><tr><td>GOOGLE Inc.<\/td><td>Statistische Analyse der Website in Bezug auf die Anzahl der Besucher, der besuchten Seiten, der verwendeten Schl\u00fcsselw\u00f6rter und \u00e4hnlicher Begriffe<\/td><td><a href=\"https:\/\/policies.google.com\/privacy?hl=es&amp;gl=es\" target=\"_blank\" rel=\"noreferrer noopener\">Datenschutzpolitik<\/a><\/td><\/tr><\/tbody><\/table><\/figure>","protected":false},"excerpt":{"rendered":"<p>1. ANTECEDENTES De conformidad con la normativa espa\u00f1ola que regula el uso de cookies en relaci\u00f3n a la prestaci\u00f3n de servicios de comunicaciones electr\u00f3nicas, recogida en el Real Decreto Ley 13\/2012 del 30 de marzo, le informamos sobre las cookies utilizadas en el sitio web de SATINE y el motivo de su uso. Asimismo, le [&hellip;]<\/p>\n","protected":false},"author":1,"featured_media":0,"parent":0,"menu_order":0,"comment_status":"closed","ping_status":"closed","template":"","meta":{"footnotes":""},"class_list":["post-3710","page","type-page","status-publish","hentry"],"yoast_head":"<!-- This site is optimized with the Yoast SEO plugin v27.5 - https:\/\/yoast.com\/product\/yoast-seo-wordpress\/ -->\n<title>COOKIES - Satine<\/title>\n<meta name=\"robots\" content=\"index, follow, max-snippet:-1, max-image-preview:large, max-video-preview:-1\" \/>\n<link rel=\"canonical\" href=\"https:\/\/www.satine.com\/de\/cookies\/\" \/>\n<meta property=\"og:locale\" content=\"de_DE\" \/>\n<meta property=\"og:type\" content=\"article\" \/>\n<meta property=\"og:title\" content=\"COOKIES - Satine\" \/>\n<meta property=\"og:description\" content=\"1. ANTECEDENTES De conformidad con la normativa espa\u00f1ola que regula el uso de cookies en relaci\u00f3n a la prestaci\u00f3n de servicios de comunicaciones electr\u00f3nicas, recogida en el Real Decreto Ley 13\/2012 del 30 de marzo, le informamos sobre las cookies utilizadas en el sitio web de SATINE y el motivo de su uso. Asimismo, le [&hellip;]\" \/>\n<meta property=\"og:url\" content=\"https:\/\/www.satine.com\/de\/cookies\/\" \/>\n<meta property=\"og:site_name\" content=\"Satine\" \/>\n<meta name=\"twitter:card\" content=\"summary_large_image\" \/>\n<meta name=\"twitter:label1\" content=\"Gesch\u00e4tzte Lesezeit\" \/>\n\t<meta name=\"twitter:data1\" content=\"5\u00a0Minuten\" \/>\n<script type=\"application\/ld+json\" class=\"yoast-schema-graph\">{\"@context\":\"https:\\\/\\\/schema.org\",\"@graph\":[{\"@type\":\"WebPage\",\"@id\":\"https:\\\/\\\/www.satine.com\\\/cookies\\\/\",\"url\":\"https:\\\/\\\/www.satine.com\\\/cookies\\\/\",\"name\":\"COOKIES - Satine\",\"isPartOf\":{\"@id\":\"https:\\\/\\\/www.satine.com\\\/#website\"},\"datePublished\":\"2022-04-15T00:31:44+00:00\",\"breadcrumb\":{\"@id\":\"https:\\\/\\\/www.satine.com\\\/cookies\\\/#breadcrumb\"},\"inLanguage\":\"de\",\"potentialAction\":[{\"@type\":\"ReadAction\",\"target\":[\"https:\\\/\\\/www.satine.com\\\/cookies\\\/\"]}]},{\"@type\":\"BreadcrumbList\",\"@id\":\"https:\\\/\\\/www.satine.com\\\/cookies\\\/#breadcrumb\",\"itemListElement\":[{\"@type\":\"ListItem\",\"position\":1,\"name\":\"Inicio\",\"item\":\"https:\\\/\\\/www.satine.com\\\/\"},{\"@type\":\"ListItem\",\"position\":2,\"name\":\"COOKIES\"}]},{\"@type\":\"WebSite\",\"@id\":\"https:\\\/\\\/www.satine.com\\\/#website\",\"url\":\"https:\\\/\\\/www.satine.com\\\/\",\"name\":\"Satine - Microcement\",\"description\":\"\",\"alternateName\":\"Satine - Microcement\",\"potentialAction\":[{\"@type\":\"SearchAction\",\"target\":{\"@type\":\"EntryPoint\",\"urlTemplate\":\"https:\\\/\\\/www.satine.com\\\/?s={search_term_string}\"},\"query-input\":{\"@type\":\"PropertyValueSpecification\",\"valueRequired\":true,\"valueName\":\"search_term_string\"}}],\"inLanguage\":\"de\"}]}<\/script>\n<!-- \/ Yoast SEO plugin. -->","yoast_head_json":{"title":"COOKIES - Satine","robots":{"index":"index","follow":"follow","max-snippet":"max-snippet:-1","max-image-preview":"max-image-preview:large","max-video-preview":"max-video-preview:-1"},"canonical":"https:\/\/www.satine.com\/de\/cookies\/","og_locale":"de_DE","og_type":"article","og_title":"COOKIES - Satine","og_description":"1. ANTECEDENTES De conformidad con la normativa espa\u00f1ola que regula el uso de cookies en relaci\u00f3n a la prestaci\u00f3n de servicios de comunicaciones electr\u00f3nicas, recogida en el Real Decreto Ley 13\/2012 del 30 de marzo, le informamos sobre las cookies utilizadas en el sitio web de SATINE y el motivo de su uso. Asimismo, le [&hellip;]","og_url":"https:\/\/www.satine.com\/de\/cookies\/","og_site_name":"Satine","twitter_card":"summary_large_image","twitter_misc":{"Gesch\u00e4tzte Lesezeit":"5\u00a0Minuten"},"schema":{"@context":"https:\/\/schema.org","@graph":[{"@type":"WebPage","@id":"https:\/\/www.satine.com\/cookies\/","url":"https:\/\/www.satine.com\/cookies\/","name":"COOKIES - Satine","isPartOf":{"@id":"https:\/\/www.satine.com\/#website"},"datePublished":"2022-04-15T00:31:44+00:00","breadcrumb":{"@id":"https:\/\/www.satine.com\/cookies\/#breadcrumb"},"inLanguage":"de","potentialAction":[{"@type":"ReadAction","target":["https:\/\/www.satine.com\/cookies\/"]}]},{"@type":"BreadcrumbList","@id":"https:\/\/www.satine.com\/cookies\/#breadcrumb","itemListElement":[{"@type":"ListItem","position":1,"name":"Inicio","item":"https:\/\/www.satine.com\/"},{"@type":"ListItem","position":2,"name":"COOKIES"}]},{"@type":"WebSite","@id":"https:\/\/www.satine.com\/#website","url":"https:\/\/www.satine.com\/","name":"Satine - Mikrozement","description":"","alternateName":"Satine - Microcement","potentialAction":[{"@type":"SearchAction","target":{"@type":"EntryPoint","urlTemplate":"https:\/\/www.satine.com\/?s={search_term_string}"},"query-input":{"@type":"PropertyValueSpecification","valueRequired":true,"valueName":"search_term_string"}}],"inLanguage":"de"}]}},"_links":{"self":[{"href":"https:\/\/www.satine.com\/de\/wp-json\/wp\/v2\/pages\/3710","targetHints":{"allow":["GET"]}}],"collection":[{"href":"https:\/\/www.satine.com\/de\/wp-json\/wp\/v2\/pages"}],"about":[{"href":"https:\/\/www.satine.com\/de\/wp-json\/wp\/v2\/types\/page"}],"author":[{"embeddable":true,"href":"https:\/\/www.satine.com\/de\/wp-json\/wp\/v2\/users\/1"}],"replies":[{"embeddable":true,"href":"https:\/\/www.satine.com\/de\/wp-json\/wp\/v2\/comments?post=3710"}],"version-history":[{"count":1,"href":"https:\/\/www.satine.com\/de\/wp-json\/wp\/v2\/pages\/3710\/revisions"}],"predecessor-version":[{"id":3711,"href":"https:\/\/www.satine.com\/de\/wp-json\/wp\/v2\/pages\/3710\/revisions\/3711"}],"wp:attachment":[{"href":"https:\/\/www.satine.com\/de\/wp-json\/wp\/v2\/media?parent=3710"}],"curies":[{"name":"wp","href":"https:\/\/api.w.org\/{rel}","templated":true}]}}