{"id":2811,"date":"2020-09-07T17:48:28","date_gmt":"2020-09-07T22:48:28","guid":{"rendered":"http:\/\/clapat.ro\/themes\/canela-wordpress\/?page_id=3"},"modified":"2024-07-30T08:38:18","modified_gmt":"2024-07-30T13:38:18","slug":"rechtliche-hinweise","status":"publish","type":"page","link":"https:\/\/www.satine.com\/de\/aviso-legal\/","title":{"rendered":"Aviso Legal"},"content":{"rendered":"<h2 class=\"wp-block-heading\"><\/h2>\n\n\n\n<h3 class=\"wp-block-heading\">1. IDENTIFIZIERUNGSDATEN<\/h3>\n\n\n\n<p class=\"legal\">En cumplimiento con el deber de informaci\u00f3n recogido en art\u00edculo 10 de la Ley 34\/2002, de 11 de julio, de Servicios de la Sociedad de la Informaci\u00f3n y del Comercio Electr\u00f3nico, a continuaci\u00f3n se reflejan los siguientes datos: la empresa titular de dominio web es Satine Factory S.L. (en adelante Satine), con domicilio a estos efectos en Carrer Coure, 16 -24, 12530, Burriana, Castell\u00f3n, n\u00famero de C.I.F.: B97543227 inscrita en el Registro Mercantil de Valencia en el tomo 8083 general, libro 5375, secci\u00f3n 8, folio 179, Hoja V 103031. Correo electr\u00f3nico de contacto: info@satine.es del sitio web.<\/p>\n\n\n\n<h3 class=\"wp-block-heading\">2. USUARIOS<\/h3>\n\n\n\n<p class=\"legal\">Der Zugang und \/ oder die Nutzung dieses Portals von Satine unterliegt der Bedingung von USUARIO, der durch diesen Zugang und \/ oder die Nutzung die hier aufgef\u00fchrten Allgemeinen Nutzungsbedingungen akzeptiert. Die zitierten Bedingungen gelten unabh\u00e4ngig von den Allgemeinen Vertragsbedingungen, die in jedem Fall einzuhalten sind.<\/p>\n\n\n\n<h3 class=\"wp-block-heading\">3. USO DEL PORTAL<\/h3>\n\n\n\n<p class=\"legal\">www.satine.com bietet Zugang zu einer Vielzahl von Informationen, Diensten, Programmen oder Daten (nachfolgend \"Inhalte\") im Internet, die SATINE oder seinen Lizenznehmern geh\u00f6ren und zu denen die USUARIO Zugang haben kann. El USUARIO asume la responsabilidad del uso del portal. Diese Verantwortung erstreckt sich auch auf die Registrierung, die f\u00fcr den Zugang zu bestimmten Diensten oder Inhalten erforderlich ist.<br>In diesem Register ist die USUARIO daf\u00fcr verantwortlich, wahrheitsgem\u00e4\u00dfe und korrekte Informationen zu \u00fcbermitteln. Als Folge dieser Registrierung kann die USUARIO eine Kopie der Daten, f\u00fcr die sie verantwortlich ist, zur Verf\u00fcgung stellen, wobei sie sich verpflichtet, diese Daten sorgf\u00e4ltig und vertraulich zu verwenden. El USUARIO se compromete a hacer un uso adecuado de los contenidos y servicios (como por ejemplo servicios de chat, foros de discusi\u00f3n o grupos de noticias) que Nombre de la empresa creadora del sitio web ofrece a trav\u00e9s de su portal y con car\u00e1cter enunciativo pero no limitativo, a no emplearlos para (i) incurrir en actividades il\u00edcitas, ilegales o contrarias a la buena fe y al orden p\u00fablico; (ii) Inhalte oder Propaganda mit rassistischem, fremdenfeindlichem, pornografisch-illegalem Charakter oder zur Rechtfertigung von Terrorismus oder Anschl\u00e4gen auf die Menschenrechte zu verbreiten; (iii) Da\u00f1os in den f\u00edsicos y l\u00f3gicos de Nombre de la empresa creadora del sitio web , de sus proveedores o de terceras personas provocar, introducir o difundir en la red virus inform\u00e1ticos o cualesquiera otros sistemas f\u00edsicos o l\u00f3gicos que sean susceptibles de provocar los da\u00f1os anteriormente mencionados; (iv) intentar acceder y, en su caso, utilizar las cuentas de correo electr\u00f3nico de otros usuarios y modificaro manipular sus mensajes. Nombre de la empresa creadora del sitio web se reserva el derecho de retirar todos aquellos comentarios y aportaciones que vulnerable el respeto a la dignidad de la persona, que sean discriminatorios, xen\u00f3fobos, racistas, pornogr\u00e1ficos, que atenten contra la juventud o la infancia, el orden o la seguridad p\u00fablica o que, a su juicio, no resultaran adecuados para su publicaci\u00f3n. In jedem Fall ist Satine Stone nicht verantwortlich f\u00fcr die Meinungen, die von den Nutzern in Foren, Chats und anderen Beteiligungsinstrumenten ge\u00e4u\u00dfert werden.<\/p>\n\n\n\n<h3 class=\"wp-block-heading\">4. DATENSCHUTZ<\/h3>\n\n\n\n<p class=\"legal\">Satine h\u00e4lt sich an die Richtlinien des Gesetzes 15\/1999 vom 13. Dezember \u00fcber den Schutz personenbezogener Daten, des Real Decreto 1720\/2007 vom 21. Dezember, mit dem das Gesetz zur Entwicklung des Gesetzes \u00fcber den Schutz personenbezogener Daten verabschiedet wird, sowie an die jeweils geltenden Vorschriften, um eine korrekte Nutzung und Behandlung der personenbezogenen Daten des Nutzers zu gew\u00e4hrleisten. Zu diesem Zweck wird der Nutzer bei jedem Formular zur Abfrage personenbezogener Daten in den Diensten, die er unter info@satine.es in Anspruch nehmen kann, \u00fcber das Vorhandensein und die Annahme der besonderen Bedingungen f\u00fcr die Verarbeitung seiner Daten in jedem einzelnen Fall informiert, die Verantwortlichkeit f\u00fcr die erstellte Datei, die Anschrift des Verantwortlichen, die M\u00f6glichkeit, seine Rechte auf Zugang, Berichtigung, L\u00f6schung oder Widerspruch geltend zu machen, den Abschluss der Verarbeitung und die Weitergabe von Daten an Dritte in seinem Fall.<br>Au\u00dferdem teilt Satine Stone mit, dass sie das Gesetz 34\/2002 vom 11. Juli \u00fcber Dienstleistungen f\u00fcr die Informationsgesellschaft und den elektronischen Handel erf\u00fcllt und ihr Einverst\u00e4ndnis mit der elektronischen Daten\u00fcbermittlung zu kommerziellen Zwecken einholt.<\/p>\n\n\n\n<h3 class=\"wp-block-heading\">5. GEISTIGES UND INDUSTRIELLES EIGENTUM<\/h3>\n\n\n\n<p class=\"legal\">Satine als solche oder als Mitinhaberin ist Inhaberin aller Rechte an geistigem und gewerblichem Eigentum an dieser Webseite sowie an den darin enthaltenen Elementen (Wortlaut, Bilder, Ton, Audio, Video, Software oder Texte; Marken oder Logos, Farbkombinationen, Aufbau und Gestaltung, Auswahl der verwendeten Materialien, f\u00fcr die Funktion, den Zugang und die Nutzung erforderliche Programme usw.), titularidad de Satine o bien de sus licenciantes.<br>Todos los derechos reservados. En virtud de lo dispuesto en los art\u00edculos 8 y 32.1, p\u00e1rrafo segundo, de la Ley de Propiedad Intelectual, quedan expresamente prohibidas la reproducci\u00f3n, la distribuci\u00f3n y la comunicaci\u00f3n p\u00fablica, incluida su modalidad de puesta a disposici\u00f3n, de la totalidad o parte de los contenidos de esta p\u00e1gina web, con fines comerciales, en cualquier soporte y por cualquier medio t\u00e9cnico, sin la autorizaci\u00f3n de Satine. El USUARIO se compromete a respetar los derechos de Propiedad Intelectual e Industrial titularidad de Satine. Podr\u00e1 visualizar los elementos del portal e incluso imprimirlos, copiarlos y almacenarlos en el disco duro de su ordenador o en cualquier otro soporte f\u00edsico siempre y cuando sea, \u00fanica y exclusivamente, para su uso personal y privado. El USUARIO deber\u00e1 abstenerse de suprimir, alterar, eludir o manipular cualquier dispositivo de protecci\u00f3n o sistema de seguridad que estuviera instalado en el las p\u00e1ginas de Satine.<\/p>\n\n\n\n<h3 class=\"wp-block-heading\">6. AUSSCHLUSS VON GARANTIEN UND VERANTWORTUNG (EXCLUSI\u00d3N DE GARANT\u00cdAS Y RESPONSABILIDAD)<\/h3>\n\n\n\n<p class=\"legal\">Satine haftet in keinem Fall f\u00fcr Sch\u00e4den und Nachteile, die durch nat\u00fcrliche Ursachen entstehen k\u00f6nnen, wie z.B: Fehler und Auslassungen in den Inhalten, mangelnde Verf\u00fcgbarkeit des Portals oder die \u00dcbertragung von Viren oder sch\u00e4dlichen oder lesenden Programmen in den Inhalten, obwohl wir alle notwendigen technischen Ma\u00dfnahmen zur Vermeidung dieser Sch\u00e4den ergriffen haben.<\/p>\n\n\n\n<h3 class=\"wp-block-heading\">7. MODIFICACIONES<\/h3>\n\n\n\n<p class=\"legal\">Satine beh\u00e4lt sich das Recht vor, ohne vorherige Ank\u00fcndigung die \u00c4nderungen vorzunehmen, die sie in ihrem Portal f\u00fcr angebracht h\u00e4lt, und sowohl die Inhalte und Dienstleistungen, die sie \u00fcber ihr Portal anbietet, als auch die Art und Weise, wie sie in ihrem Portal pr\u00e4sentiert oder lokalisiert werden, zu \u00e4ndern, zu ersetzen oder zu erg\u00e4nzen.<\/p>\n\n\n\n<h3 class=\"wp-block-heading\">8. ENLACES<\/h3>\n\n\n\n<p class=\"legal\">In dem Fall, dass auf www.satine.com Links oder Verkn\u00fcpfungen zu anderen Internetseiten vorhanden sind, \u00fcbt Satine keine Kontrolle \u00fcber diese Seiten und Inhalte aus. In keinem Fall \u00fcbernimmt Satine irgendeine Verantwortung f\u00fcr den Inhalt eines Links, der zu einer anderen Website geh\u00f6rt, und garantiert auch nicht die technische Verf\u00fcgbarkeit, Qualit\u00e4t, Zuverl\u00e4ssigkeit, Genauigkeit, Umfang, Richtigkeit, G\u00fcltigkeit und Beschaffenheit des Materials oder der Informationen, die auf einer dieser Websites oder anderen Internetseiten enthalten sind.<br>Auch die Einbeziehung dieser externen Verbindungen impliziert keine Verbindung, Fusion oder Beteiligung mit den angeschlossenen Unternehmen.<\/p>\n\n\n\n<h3 class=\"wp-block-heading\">9. AUSSCHLIESSLICHKEITSRECHT (DERECHO DE EXCLUSI\u00d3N)<\/h3>\n\n\n\n<p class=\"legal\">Satine se reserva el derecho a denegar o retirar el acceso a portal y\/o los servicios ofrecidos sin necesidad de preaviso, a instancia propia o de un thirdero, a aquellos usuarios que incumplan las presentes Condiciones Generales de Uso.<\/p>\n\n\n\n<h3 class=\"wp-block-heading\">10. GENERALIDADES<\/h3>\n\n\n<p class=\"legal\">Satine perseguir\u00e1 el incumplimiento de las presentes condiciones as\u00ed como cualquier utilizaci\u00f3n indebida de su portal ejerciendo todas las acciones civiles y penales que le puedan corresponder en derecho.<\/p>\n\n\n<h3 class=\"wp-block-heading\">11. MODIFICACI\u00d3N DE LAS PRESENTES CONDICIONES Y DURACI\u00d3N<\/h3>\n\n\n\n<p class=\"legal\">Satine kann die hier festgelegten Bedingungen jederzeit \u00e4ndern, da sie so ver\u00f6ffentlicht werden, wie sie hier aufgef\u00fchrt sind.<br>La vigencia de las citadas condiciones ir\u00e1 en funci\u00f3n de su exposici\u00f3n y estar\u00e1n vigentes hasta debidamente publicadas. que sean modificadas por otras.<\/p>\n\n\n\n<h3 class=\"wp-block-heading\">12. ANWENDBARES RECHT UND GERICHTSBARKEIT<\/h3>\n\n\n\n<p class=\"legal\">Die Beziehung zwischen Satine und der USUARIO wird durch die geltende spanische Gesetzgebung geregelt, und jede Kontroverse wird vor den Gerichten der Stadt Valencia verhandelt.<\/p>","protected":false},"excerpt":{"rendered":"<p>1. DATOS IDENTIFICATIVOS En cumplimiento con el deber de informaci\u00f3n recogido en art\u00edculo 10 de la Ley 34\/2002, de 11 de julio, de Servicios de la Sociedad de la Informaci\u00f3n y del Comercio Electr\u00f3nico, a continuaci\u00f3n se reflejan los siguientes datos: la empresa titular de dominio web es Satine Factory S.L. (en adelante Satine), con [&hellip;]<\/p>\n","protected":false},"author":1,"featured_media":0,"parent":0,"menu_order":0,"comment_status":"closed","ping_status":"closed","template":"","meta":{"footnotes":""},"class_list":["post-2811","page","type-page","status-publish","hentry"],"yoast_head":"<!-- This site is optimized with the Yoast SEO plugin v27.4 - https:\/\/yoast.com\/product\/yoast-seo-wordpress\/ -->\n<title>Aviso Legal - Satine<\/title>\n<meta name=\"robots\" content=\"index, follow, max-snippet:-1, max-image-preview:large, max-video-preview:-1\" \/>\n<link rel=\"canonical\" href=\"https:\/\/www.satine.com\/de\/rechtliche-hinweise\/\" \/>\n<meta property=\"og:locale\" content=\"de_DE\" \/>\n<meta property=\"og:type\" content=\"article\" \/>\n<meta property=\"og:title\" content=\"Aviso Legal - Satine\" \/>\n<meta property=\"og:description\" content=\"1. DATOS IDENTIFICATIVOS En cumplimiento con el deber de informaci\u00f3n recogido en art\u00edculo 10 de la Ley 34\/2002, de 11 de julio, de Servicios de la Sociedad de la Informaci\u00f3n y del Comercio Electr\u00f3nico, a continuaci\u00f3n se reflejan los siguientes datos: la empresa titular de dominio web es Satine Factory S.L. (en adelante Satine), con [&hellip;]\" \/>\n<meta property=\"og:url\" content=\"https:\/\/www.satine.com\/de\/rechtliche-hinweise\/\" \/>\n<meta property=\"og:site_name\" content=\"Satine\" \/>\n<meta property=\"article:modified_time\" content=\"2024-07-30T13:38:18+00:00\" \/>\n<meta name=\"twitter:card\" content=\"summary_large_image\" \/>\n<meta name=\"twitter:label1\" content=\"Gesch\u00e4tzte Lesezeit\" \/>\n\t<meta name=\"twitter:data1\" content=\"6\u00a0Minuten\" \/>\n<script type=\"application\/ld+json\" class=\"yoast-schema-graph\">{\"@context\":\"https:\\\/\\\/schema.org\",\"@graph\":[{\"@type\":\"WebPage\",\"@id\":\"https:\\\/\\\/www.satine.com\\\/aviso-legal\\\/\",\"url\":\"https:\\\/\\\/www.satine.com\\\/aviso-legal\\\/\",\"name\":\"Aviso Legal - Satine\",\"isPartOf\":{\"@id\":\"https:\\\/\\\/www.satine.com\\\/#website\"},\"datePublished\":\"2020-09-07T22:48:28+00:00\",\"dateModified\":\"2024-07-30T13:38:18+00:00\",\"breadcrumb\":{\"@id\":\"https:\\\/\\\/www.satine.com\\\/aviso-legal\\\/#breadcrumb\"},\"inLanguage\":\"de\",\"potentialAction\":[{\"@type\":\"ReadAction\",\"target\":[\"https:\\\/\\\/www.satine.com\\\/aviso-legal\\\/\"]}]},{\"@type\":\"BreadcrumbList\",\"@id\":\"https:\\\/\\\/www.satine.com\\\/aviso-legal\\\/#breadcrumb\",\"itemListElement\":[{\"@type\":\"ListItem\",\"position\":1,\"name\":\"Inicio\",\"item\":\"https:\\\/\\\/www.satine.com\\\/\"},{\"@type\":\"ListItem\",\"position\":2,\"name\":\"Aviso Legal\"}]},{\"@type\":\"WebSite\",\"@id\":\"https:\\\/\\\/www.satine.com\\\/#website\",\"url\":\"https:\\\/\\\/www.satine.com\\\/\",\"name\":\"Satine - Microcement\",\"description\":\"\",\"alternateName\":\"Satine - Microcement\",\"potentialAction\":[{\"@type\":\"SearchAction\",\"target\":{\"@type\":\"EntryPoint\",\"urlTemplate\":\"https:\\\/\\\/www.satine.com\\\/?s={search_term_string}\"},\"query-input\":{\"@type\":\"PropertyValueSpecification\",\"valueRequired\":true,\"valueName\":\"search_term_string\"}}],\"inLanguage\":\"de\"}]}<\/script>\n<!-- \/ Yoast SEO plugin. -->","yoast_head_json":{"title":"Aviso Legal - Satine","robots":{"index":"index","follow":"follow","max-snippet":"max-snippet:-1","max-image-preview":"max-image-preview:large","max-video-preview":"max-video-preview:-1"},"canonical":"https:\/\/www.satine.com\/de\/rechtliche-hinweise\/","og_locale":"de_DE","og_type":"article","og_title":"Aviso Legal - Satine","og_description":"1. DATOS IDENTIFICATIVOS En cumplimiento con el deber de informaci\u00f3n recogido en art\u00edculo 10 de la Ley 34\/2002, de 11 de julio, de Servicios de la Sociedad de la Informaci\u00f3n y del Comercio Electr\u00f3nico, a continuaci\u00f3n se reflejan los siguientes datos: la empresa titular de dominio web es Satine Factory S.L. (en adelante Satine), con [&hellip;]","og_url":"https:\/\/www.satine.com\/de\/rechtliche-hinweise\/","og_site_name":"Satine","article_modified_time":"2024-07-30T13:38:18+00:00","twitter_card":"summary_large_image","twitter_misc":{"Gesch\u00e4tzte Lesezeit":"6\u00a0Minuten"},"schema":{"@context":"https:\/\/schema.org","@graph":[{"@type":"WebPage","@id":"https:\/\/www.satine.com\/aviso-legal\/","url":"https:\/\/www.satine.com\/aviso-legal\/","name":"Aviso Legal - Satine","isPartOf":{"@id":"https:\/\/www.satine.com\/#website"},"datePublished":"2020-09-07T22:48:28+00:00","dateModified":"2024-07-30T13:38:18+00:00","breadcrumb":{"@id":"https:\/\/www.satine.com\/aviso-legal\/#breadcrumb"},"inLanguage":"de","potentialAction":[{"@type":"ReadAction","target":["https:\/\/www.satine.com\/aviso-legal\/"]}]},{"@type":"BreadcrumbList","@id":"https:\/\/www.satine.com\/aviso-legal\/#breadcrumb","itemListElement":[{"@type":"ListItem","position":1,"name":"Inicio","item":"https:\/\/www.satine.com\/"},{"@type":"ListItem","position":2,"name":"Aviso Legal"}]},{"@type":"WebSite","@id":"https:\/\/www.satine.com\/#website","url":"https:\/\/www.satine.com\/","name":"Satine - Mikrozement","description":"","alternateName":"Satine - Microcement","potentialAction":[{"@type":"SearchAction","target":{"@type":"EntryPoint","urlTemplate":"https:\/\/www.satine.com\/?s={search_term_string}"},"query-input":{"@type":"PropertyValueSpecification","valueRequired":true,"valueName":"search_term_string"}}],"inLanguage":"de"}]}},"_links":{"self":[{"href":"https:\/\/www.satine.com\/de\/wp-json\/wp\/v2\/pages\/2811","targetHints":{"allow":["GET"]}}],"collection":[{"href":"https:\/\/www.satine.com\/de\/wp-json\/wp\/v2\/pages"}],"about":[{"href":"https:\/\/www.satine.com\/de\/wp-json\/wp\/v2\/types\/page"}],"author":[{"embeddable":true,"href":"https:\/\/www.satine.com\/de\/wp-json\/wp\/v2\/users\/1"}],"replies":[{"embeddable":true,"href":"https:\/\/www.satine.com\/de\/wp-json\/wp\/v2\/comments?post=2811"}],"version-history":[{"count":11,"href":"https:\/\/www.satine.com\/de\/wp-json\/wp\/v2\/pages\/2811\/revisions"}],"predecessor-version":[{"id":4618,"href":"https:\/\/www.satine.com\/de\/wp-json\/wp\/v2\/pages\/2811\/revisions\/4618"}],"wp:attachment":[{"href":"https:\/\/www.satine.com\/de\/wp-json\/wp\/v2\/media?parent=2811"}],"curies":[{"name":"wp","href":"https:\/\/api.w.org\/{rel}","templated":true}]}}