{"id":8490,"date":"2025-09-18T06:54:06","date_gmt":"2025-09-18T10:54:06","guid":{"rendered":"https:\/\/www.satine.com\/?page_id=8490"},"modified":"2025-09-18T06:54:07","modified_gmt":"2025-09-18T10:54:07","slug":"microcement-hatay","status":"publish","type":"page","link":"https:\/\/www.satine.com\/ar\/microcement-turkey\/microcement-hatay\/","title":{"rendered":"Microcement Hatay"},"content":{"rendered":"<p id=\"block-f7d232fe-a995-4889-b491-cedcad671c39\">\u0644\u0642\u062f \u0642\u0645\u0646\u0627 \u0628\u062a\u0637\u0648\u064a\u0631 \u0645\u0634\u0627\u0631\u064a\u0639 \u0628\u0627\u0633\u062a\u062e\u062f\u0627\u0645 \u0627\u0644\u0623\u0633\u0645\u0646\u062a \u0627\u0644\u062f\u0642\u064a\u0642 \u0641\u064a \u062c\u0645\u064a\u0639 \u0623\u0646\u062d\u0627\u0621 <strong><strong>Hatay<\/strong>: Antakya, \u0130skenderun, Defne, Samanda\u011f, D\u00f6rtyol<\/strong> \u0645\u0646 \u0628\u064a\u0646 \u0645\u0648\u0627\u0642\u0639 \u0623\u062e\u0631\u0649. \u0646\u062d\u0646 \u0645\u062a\u062e\u0635\u0635\u0648\u0646 \u0641\u064a \u062a\u062c\u062f\u064a\u062f \u0627\u0644\u0645\u0646\u0627\u0632\u0644 \u0648\u0627\u0644\u0634\u0631\u0643\u0627\u062a\u060c \u062d\u064a\u062b \u064a\u0633\u062a\u062e\u062f\u0645 \u0639\u0645\u0627\u0644\u0646\u0627 \u0627\u0644\u0645\u0639\u062a\u0645\u062f\u0648\u0646 \u062d\u0635\u0631\u064a\u064b\u0627 \u0627\u0644\u0645\u0646\u062a\u062c\u0627\u062a \u0627\u0644\u062a\u064a \u0646\u0635\u0646\u0639\u0647\u0627. \u062c\u0648\u062f\u0629 \u0645\u0648\u0627\u062f\u0646\u0627\u060c \u0648\u062a\u062f\u0631\u064a\u0628 \u0639\u0645\u0627\u0644\u0646\u0627\u060c \u0648\u062e\u0628\u0631\u0629 \u0641\u0631\u064a\u0642 \u0627\u0644\u0645\u0628\u064a\u0639\u0627\u062a \u0644\u062f\u064a\u0646\u0627 \u0647\u064a \u0627\u0644\u0633\u0645\u0627\u062a \u0627\u0644\u0645\u0645\u064a\u0632\u0629 \u0627\u0644\u062a\u064a \u062a\u0645\u064a\u0632\u0646\u0627 \u0628\u0634\u0643\u0644 \u0623\u0641\u0636\u0644. \u0646\u062d\u0646 \u0639\u0644\u0627\u0645\u0629 \u062a\u062c\u0627\u0631\u064a\u0629 \u0631\u0627\u0633\u062e\u0629\u060c \u0631\u0627\u0626\u062f\u0629 \u0641\u064a \u0625\u0646\u062a\u0627\u062c \u0627\u0644\u0623\u0633\u0645\u0646\u062a \u0627\u0644\u0635\u063a\u064a\u0631 \u0641\u064a \u0623\u0648\u0631\u0648\u0628\u0627. \u0646\u062d\u0646 \u0646\u0642\u062f\u0645 \u0623\u063a\u0637\u064a\u0629 \u0632\u062e\u0631\u0641\u064a\u0629 \u0645\u0633\u062a\u0645\u0631\u0629 \u0648\u062f\u0627\u0626\u0645\u0629\u060c \u0628\u0627\u0644\u0625\u0636\u0627\u0641\u0629 \u0625\u0644\u0649 \u0627\u0644\u0645\u0634\u0648\u0631\u0629 \u0627\u0644\u0641\u0646\u064a\u0629 \u0627\u0644\u0645\u062c\u0627\u0646\u064a\u0629 \u0645\u0646 \u0627\u0644\u0628\u062f\u0627\u064a\u0629 \u0625\u0644\u0649 \u0646\u0647\u0627\u064a\u0629 \u0627\u0644\u0645\u0634\u0631\u0648\u0639. \u0646\u062d\u0646 \u0646\u062d\u0628 \u0627\u0644\u0627\u0633\u062a\u0645\u0627\u0639 \u0625\u0644\u0649 \u0639\u0645\u0644\u0627\u0626\u0646\u0627 \u0648\u0645\u0631\u0627\u0641\u0642\u062a\u0647\u0645 \u0628\u0639\u062f \u0627\u0644\u0628\u0646\u0627\u0621 \u0644\u062a\u0644\u0628\u064a\u0629 \u0627\u062d\u062a\u064a\u0627\u062c\u0627\u062a\u0647\u0645. \u0646\u062d\u0646 \u062e\u0628\u0631\u0627\u0621 \u0641\u064a \u0628\u064a\u0639 \u0648\u062a\u062f\u0631\u064a\u0628 \u0648\u062a\u0637\u0628\u064a\u0642 \u0627\u0644\u0623\u0633\u0645\u0646\u062a \u0627\u0644\u0635\u063a\u064a\u0631 \u0641\u064a <strong>Hatay<\/strong>\u062a\u062a\u0643\u064a\u0641 \u0623\u0646\u0638\u0645\u062a\u0646\u0627 \u0645\u0639 \u0627\u062d\u062a\u064a\u0627\u062c\u0627\u062a \u0643\u0644 \u0645\u0634\u0631\u0648\u0639 \u0644\u062c\u0639\u0644\u0647 \u0641\u0631\u064a\u062f\u064b\u0627. \u0646\u062d\u0646 \u0646\u0633\u0627\u0639\u062f\u0643 \u0639\u0644\u0649 \u062a\u062d\u0648\u064a\u0644 \u0645\u0634\u0627\u0631\u064a\u0639\u0643 \u0625\u0644\u0649 \u0648\u0627\u0642\u0639 \u0628\u0633\u0631\u0639\u0629 \u0648\u0643\u0641\u0627\u0621\u0629.<\/p>\n\n\n\n<h3 class=\"wp-block-heading\" id=\"block-58bf4e12-34b4-4707-aaa2-539945086b42\"><br><img decoding=\"async\" src=\"https:\/\/www.satine.com\/wp-content\/uploads\/2024\/07\/Microcemento-Satine-1024x1024.png\" alt=\"\"><br><br><strong>\u0645\u0627 \u0647\u0648 \u0627\u0644\u0645\u064a\u0643\u0631\u0648\u0633\u0645\u0646\u062a\u061f<\/strong><\/h3>\n\n\n\n<p id=\"block-4dab1002-6b0a-4e73-9697-3607e3eb8081\">\u0627\u0644\u0645\u064a\u0643\u0631\u0648\u0633\u0645\u0646\u062a \u0647\u0648 \u0637\u0644\u0627\u0621 \u0645\u0648\u062d\u062f \u064a\u0645\u0643\u0646 \u062a\u0637\u0628\u064a\u0642\u0647 \u0639\u0644\u0649 \u0645\u062e\u062a\u0644\u0641 \u0627\u0644\u0623\u0633\u0637\u062d \u0648\u0627\u0644\u0628\u064a\u0626\u0627\u062a: \u0627\u0644\u062c\u062f\u0631\u0627\u0646 \u0648\u0627\u0644\u0623\u0631\u0636\u064a\u0627\u062a \u0648\u0627\u0644\u0623\u0633\u0642\u0641 \u0648\u0627\u0644\u0633\u0644\u0627\u0644\u0645 \u0648\u0627\u0644\u062d\u0645\u0627\u0645\u0627\u062a \u0648\u062d\u0645\u0627\u0645\u0627\u062a \u0627\u0644\u0633\u0628\u0627\u062d\u0629 \u0648\u0627\u0644\u0645\u0637\u0627\u0628\u062e \u0648\u063a\u064a\u0631\u0647\u0627. \u0645\u064a\u0632\u062a\u0647 \u0627\u0644\u0631\u0626\u064a\u0633\u064a\u0629 \u0647\u064a \u0623\u0646\u0647 \u064a\u0648\u0641\u0631 \u0627\u0644\u0648\u0642\u062a \u0648\u0627\u0644\u0645\u0627\u0644 \u0645\u0642\u0627\u0631\u0646\u0629 \u0628\u0627\u0644\u0637\u0644\u0627\u0621\u0627\u062a \u0627\u0644\u0623\u062e\u0631\u0649\u060c \u0645\u0645\u0627 \u064a\u062c\u0639\u0644\u0647 \u0634\u0627\u0626\u0639\u064b\u0627 \u062c\u062f\u064b\u0627. \u064a\u062a\u0643\u0648\u0646 \u0647\u0630\u0627 \u0627\u0644\u0637\u0644\u0627\u0621 \u0645\u0646 \u0627\u0644\u0623\u0633\u0645\u0646\u062a \u0648\u0627\u0644\u0631\u0627\u062a\u0646\u062c\u0627\u062a \u0648\u0627\u0644\u0623\u0635\u0628\u0627\u063a \u0648\u0627\u0644\u0645\u0648\u0627\u062f \u0627\u0644\u0645\u0636\u0627\u0641\u0629\u060c \u0645\u0645\u0627 \u064a\u0648\u0641\u0631 \u0644\u0645\u0633\u0629 \u0646\u0647\u0627\u0626\u064a\u0629 \u0641\u0631\u064a\u062f\u0629 \u0628\u0641\u0636\u0644 \u062a\u0637\u0628\u064a\u0642\u0647 \u0627\u0644\u062d\u0631\u0641\u064a. \u064a\u062a\u0645\u062a\u0639 \u0628\u0642\u062f\u0631\u0629 \u0627\u0644\u062a\u0635\u0627\u0642 \u0645\u0645\u062a\u0627\u0632\u0629 \u0648\u064a\u0645\u0643\u0646 \u0627\u0633\u062a\u062e\u062f\u0627\u0645\u0647 \u0639\u0644\u0649 \u0645\u0648\u0627\u062f \u0645\u062e\u062a\u0644\u0641\u0629 \u0645\u062b\u0644 \u0627\u0644\u062e\u0631\u0633\u0627\u0646\u0629 \u0648\u0627\u0644\u0628\u0644\u0627\u0637 \u0648\u0627\u0644\u0633\u064a\u0631\u0627\u0645\u064a\u0643 \u0648\u0627\u0644\u062c\u0628\u0633 \u0648\u0627\u0644\u062c\u0635 \u0648\u0627\u0644\u0645\u0639\u0627\u062f\u0646 \u0648\u0627\u0644\u0631\u062e\u0627\u0645 \u0648\u0627\u0644\u0641\u0633\u064a\u0641\u0633\u0627\u0621 \u0648\u063a\u064a\u0631\u0647\u0627. \u0627\u0643\u062a\u0633\u0628 \u0647\u0630\u0627 \u0627\u0644\u0637\u0644\u0627\u0621 \u0627\u0644\u0631\u0642\u064a\u0642\u060c \u0627\u0644\u0630\u064a \u064a\u0628\u0644\u063a \u0633\u0645\u0643\u0647 2 \u0625\u0644\u0649 3 \u0645\u0645 \u0641\u0642\u0637\u060c \u0623\u0647\u0645\u064a\u0629 \u0641\u064a \u0645\u062c\u0627\u0644 \u0627\u0644\u062f\u064a\u0643\u0648\u0631 \u0641\u064a \u0627\u0644\u0633\u0646\u0648\u0627\u062a \u0627\u0644\u0623\u062e\u064a\u0631\u0629\u060c \u062d\u064a\u062b \u064a\u062e\u062a\u0627\u0631 \u0627\u0644\u0645\u0632\u064a\u062f \u0648\u0627\u0644\u0645\u0632\u064a\u062f \u0645\u0646 \u0627\u0644\u0645\u0647\u0646\u062f\u0633\u064a\u0646 \u0627\u0644\u0645\u0639\u0645\u0627\u0631\u064a\u064a\u0646 \u0648\u0645\u0635\u0645\u0645\u064a \u0627\u0644\u062f\u064a\u0643\u0648\u0631 \u0627\u0644\u062f\u0627\u062e\u0644\u064a \u0648\u0627\u0644\u0645\u0635\u0645\u0645\u064a\u0646 \u0627\u0644\u0645\u064a\u0643\u0631\u0648\u0633\u0645\u0646\u062a \u0644\u062c\u0645\u064a\u0639 \u0623\u0646\u0648\u0627\u0639 \u062a\u062c\u062f\u064a\u062f\u0627\u062a \u0627\u0644\u0645\u0646\u0627\u0632\u0644 \u0648\u0627\u0644\u0634\u0631\u0643\u0627\u062a. \u064a\u0624\u062f\u064a \u063a\u064a\u0627\u0628 \u0641\u0648\u0627\u0635\u0644 \u0627\u0644\u062a\u0645\u062f\u062f \u0625\u0644\u0649 \u0633\u0637\u062d \u0623\u0645\u0644\u0633 \u0648\u0645\u0648\u062d\u062f\u060c \u0645\u0645\u0627 \u064a\u0648\u0641\u0631 \u0627\u062a\u0633\u0627\u0639\u064b\u0627 \u0648\u0633\u0637\u0648\u0639\u064b\u0627 \u0648\u0623\u0646\u0627\u0642\u0629 \u0644\u0644\u0645\u0633\u0627\u062d\u0629 \u0627\u0644\u062a\u064a \u064a\u062a\u0645 \u062f\u0645\u062c\u0647 \u0641\u064a\u0647\u0627. \u0643\u0645\u0627 \u0623\u0646 \u063a\u064a\u0627\u0628 \u0627\u0644\u0641\u0648\u0627\u0635\u0644 \u064a\u062c\u0639\u0644 \u0627\u0644\u062a\u0646\u0638\u064a\u0641 \u0648\u0627\u0644\u0635\u064a\u0627\u0646\u0629 \u0623\u0633\u0647\u0644\u060c \u0644\u0623\u0646\u0647 \u064a\u0645\u0646\u0639 \u062a\u0631\u0627\u0643\u0645 \u0627\u0644\u0623\u0648\u0633\u0627\u062e.<\/p>\n\n\n\n<h3 class=\"wp-block-heading\" id=\"block-ef624899-7335-4565-be94-dbc487081a80\"><br><strong>Contact Satine microcement in Hatay<\/strong><\/h3>\n\n\n\n<p id=\"block-422dc592-7e5c-4cb9-9bbe-12544076a965\">\u0625\u0630\u0627 \u0643\u0646\u062a \u062a\u0631\u063a\u0628 \u0641\u064a \u0627\u0644\u062d\u0635\u0648\u0644 \u0639\u0644\u0649 \u0645\u0632\u064a\u062f \u0645\u0646 \u0627\u0644\u0645\u0639\u0644\u0648\u0645\u0627\u062a \u062d\u0648\u0644 \u0627\u0644\u0623\u0633\u0645\u0646\u062a\u0627\u062a \u0627\u0644\u062f\u0642\u064a\u0642\u0629 \u0627\u0644\u0633\u0627\u062a\u064a\u0646\u064a\u0629 \u0641\u064a <strong>Hatay<\/strong>\u0644\u0637\u0644\u0628 \u0639\u0631\u0636 \u0623\u0633\u0639\u0627\u0631 \u0641\u0631\u062f\u064a \u0644\u0645\u0634\u0631\u0648\u0639 \u0623\u0648 \u0645\u0627\u062f\u0629\u060c \u0623\u0648 \u0644\u062f\u064a\u0643 \u0623\u064a \u0623\u0633\u0626\u0644\u0629 \u0639\u0646\u0627\u060c \u0627\u062a\u0635\u0644 \u0628\u0646\u0627.<\/p>","protected":false},"excerpt":{"rendered":"<p>We have been developing projects with microcement throughout Hatay: Antakya, \u0130skenderun, Defne, Samanda\u011f, D\u00f6rtyol among other locations. We specialize in the renovation of homes and businesses, where our certified applicators exclusively use the products we manufacture. The quality of our materials, the training of our applicators, and the experience of our sales team are the [&hellip;]<\/p>\n","protected":false},"author":1,"featured_media":0,"parent":4514,"menu_order":0,"comment_status":"closed","ping_status":"closed","template":"","meta":{"footnotes":""},"class_list":["post-8490","page","type-page","status-publish","hentry"],"yoast_head":"<!-- This site is optimized with the Yoast SEO plugin v27.6 - https:\/\/yoast.com\/product\/yoast-seo-wordpress\/ -->\n<title>Microcement Hatay - Satine<\/title>\n<meta name=\"description\" content=\"We have been developing projects with microcement throughout Hatay: Antakya, \u0130skenderun, Defne, Samanda\u011f, D\u00f6rtyol among other locations. We specialize in the renovation of homes and businesses, where our certified applicators exclusively use the products we manufacture.\" \/>\n<meta name=\"robots\" content=\"index, follow, max-snippet:-1, max-image-preview:large, max-video-preview:-1\" \/>\n<link rel=\"canonical\" href=\"https:\/\/www.satine.com\/ar\/microcement-turkey\/microcement-hatay\/\" \/>\n<meta property=\"og:locale\" content=\"ar_AR\" \/>\n<meta property=\"og:type\" content=\"article\" \/>\n<meta property=\"og:title\" content=\"Microcement Hatay - Satine\" \/>\n<meta property=\"og:description\" content=\"We have been developing projects with microcement throughout Hatay: Antakya, \u0130skenderun, Defne, Samanda\u011f, D\u00f6rtyol among other locations. We specialize in the renovation of homes and businesses, where our certified applicators exclusively use the products we manufacture.\" \/>\n<meta property=\"og:url\" content=\"https:\/\/www.satine.com\/ar\/microcement-turkey\/microcement-hatay\/\" \/>\n<meta property=\"og:site_name\" content=\"Satine\" \/>\n<meta property=\"article:modified_time\" content=\"2025-09-18T10:54:07+00:00\" \/>\n<meta property=\"og:image\" content=\"https:\/\/www.satine.com\/wp-content\/uploads\/2024\/07\/Microcemento-Satine-1024x1024.png\" \/>\n<meta name=\"twitter:card\" content=\"summary_large_image\" \/>\n<meta name=\"twitter:label1\" content=\"\u0648\u0642\u062a \u0627\u0644\u0642\u0631\u0627\u0621\u0629 \u0627\u0644\u0645\u064f\u0642\u062f\u0651\u0631\" \/>\n\t<meta name=\"twitter:data1\" content=\"\u062f\u0642\u064a\u0642\u062a\u0627\u0646\" \/>\n<script type=\"application\/ld+json\" class=\"yoast-schema-graph\">{\"@context\":\"https:\\\/\\\/schema.org\",\"@graph\":[{\"@type\":\"WebPage\",\"@id\":\"https:\\\/\\\/www.satine.com\\\/microcement-turkey\\\/microcement-hatay\\\/\",\"url\":\"https:\\\/\\\/www.satine.com\\\/microcement-turkey\\\/microcement-hatay\\\/\",\"name\":\"Microcement Hatay - Satine\",\"isPartOf\":{\"@id\":\"https:\\\/\\\/www.satine.com\\\/#website\"},\"primaryImageOfPage\":{\"@id\":\"https:\\\/\\\/www.satine.com\\\/microcement-turkey\\\/microcement-hatay\\\/#primaryimage\"},\"image\":{\"@id\":\"https:\\\/\\\/www.satine.com\\\/microcement-turkey\\\/microcement-hatay\\\/#primaryimage\"},\"thumbnailUrl\":\"https:\\\/\\\/www.satine.com\\\/wp-content\\\/uploads\\\/2024\\\/07\\\/Microcemento-Satine-1024x1024.png\",\"datePublished\":\"2025-09-18T10:54:06+00:00\",\"dateModified\":\"2025-09-18T10:54:07+00:00\",\"description\":\"We have been developing projects with microcement throughout Hatay: Antakya, \u0130skenderun, Defne, Samanda\u011f, D\u00f6rtyol among other locations. We specialize in the renovation of homes and businesses, where our certified applicators exclusively use the products we manufacture.\",\"breadcrumb\":{\"@id\":\"https:\\\/\\\/www.satine.com\\\/microcement-turkey\\\/microcement-hatay\\\/#breadcrumb\"},\"inLanguage\":\"ar\",\"potentialAction\":[{\"@type\":\"ReadAction\",\"target\":[\"https:\\\/\\\/www.satine.com\\\/microcement-turkey\\\/microcement-hatay\\\/\"]}]},{\"@type\":\"ImageObject\",\"inLanguage\":\"ar\",\"@id\":\"https:\\\/\\\/www.satine.com\\\/microcement-turkey\\\/microcement-hatay\\\/#primaryimage\",\"url\":\"https:\\\/\\\/www.satine.com\\\/wp-content\\\/uploads\\\/2024\\\/07\\\/Microcemento-Satine-1024x1024.png\",\"contentUrl\":\"https:\\\/\\\/www.satine.com\\\/wp-content\\\/uploads\\\/2024\\\/07\\\/Microcemento-Satine-1024x1024.png\"},{\"@type\":\"BreadcrumbList\",\"@id\":\"https:\\\/\\\/www.satine.com\\\/microcement-turkey\\\/microcement-hatay\\\/#breadcrumb\",\"itemListElement\":[{\"@type\":\"ListItem\",\"position\":1,\"name\":\"Inicio\",\"item\":\"https:\\\/\\\/www.satine.com\\\/\"},{\"@type\":\"ListItem\",\"position\":2,\"name\":\"Microcement Turkey\",\"item\":\"https:\\\/\\\/www.satine.com\\\/microcement-turkey\\\/\"},{\"@type\":\"ListItem\",\"position\":3,\"name\":\"Microcement Hatay\"}]},{\"@type\":\"WebSite\",\"@id\":\"https:\\\/\\\/www.satine.com\\\/#website\",\"url\":\"https:\\\/\\\/www.satine.com\\\/\",\"name\":\"Satine - Microcement\",\"description\":\"\",\"alternateName\":\"Satine - Microcement\",\"potentialAction\":[{\"@type\":\"SearchAction\",\"target\":{\"@type\":\"EntryPoint\",\"urlTemplate\":\"https:\\\/\\\/www.satine.com\\\/?s={search_term_string}\"},\"query-input\":{\"@type\":\"PropertyValueSpecification\",\"valueRequired\":true,\"valueName\":\"search_term_string\"}}],\"inLanguage\":\"ar\"}]}<\/script>\n<!-- \/ Yoast SEO plugin. -->","yoast_head_json":{"title":"Microcement Hatay - Satine","description":"We have been developing projects with microcement throughout Hatay: Antakya, \u0130skenderun, Defne, Samanda\u011f, D\u00f6rtyol among other locations. We specialize in the renovation of homes and businesses, where our certified applicators exclusively use the products we manufacture.","robots":{"index":"index","follow":"follow","max-snippet":"max-snippet:-1","max-image-preview":"max-image-preview:large","max-video-preview":"max-video-preview:-1"},"canonical":"https:\/\/www.satine.com\/ar\/microcement-turkey\/microcement-hatay\/","og_locale":"ar_AR","og_type":"article","og_title":"Microcement Hatay - Satine","og_description":"We have been developing projects with microcement throughout Hatay: Antakya, \u0130skenderun, Defne, Samanda\u011f, D\u00f6rtyol among other locations. We specialize in the renovation of homes and businesses, where our certified applicators exclusively use the products we manufacture.","og_url":"https:\/\/www.satine.com\/ar\/microcement-turkey\/microcement-hatay\/","og_site_name":"Satine","article_modified_time":"2025-09-18T10:54:07+00:00","og_image":[{"url":"https:\/\/www.satine.com\/wp-content\/uploads\/2024\/07\/Microcemento-Satine-1024x1024.png","type":"","width":"","height":""}],"twitter_card":"summary_large_image","twitter_misc":{"\u0648\u0642\u062a \u0627\u0644\u0642\u0631\u0627\u0621\u0629 \u0627\u0644\u0645\u064f\u0642\u062f\u0651\u0631":"\u062f\u0642\u064a\u0642\u062a\u0627\u0646"},"schema":{"@context":"https:\/\/schema.org","@graph":[{"@type":"WebPage","@id":"https:\/\/www.satine.com\/microcement-turkey\/microcement-hatay\/","url":"https:\/\/www.satine.com\/microcement-turkey\/microcement-hatay\/","name":"Microcement Hatay - Satine","isPartOf":{"@id":"https:\/\/www.satine.com\/#website"},"primaryImageOfPage":{"@id":"https:\/\/www.satine.com\/microcement-turkey\/microcement-hatay\/#primaryimage"},"image":{"@id":"https:\/\/www.satine.com\/microcement-turkey\/microcement-hatay\/#primaryimage"},"thumbnailUrl":"https:\/\/www.satine.com\/wp-content\/uploads\/2024\/07\/Microcemento-Satine-1024x1024.png","datePublished":"2025-09-18T10:54:06+00:00","dateModified":"2025-09-18T10:54:07+00:00","description":"We have been developing projects with microcement throughout Hatay: Antakya, \u0130skenderun, Defne, Samanda\u011f, D\u00f6rtyol among other locations. We specialize in the renovation of homes and businesses, where our certified applicators exclusively use the products we manufacture.","breadcrumb":{"@id":"https:\/\/www.satine.com\/microcement-turkey\/microcement-hatay\/#breadcrumb"},"inLanguage":"ar","potentialAction":[{"@type":"ReadAction","target":["https:\/\/www.satine.com\/microcement-turkey\/microcement-hatay\/"]}]},{"@type":"ImageObject","inLanguage":"ar","@id":"https:\/\/www.satine.com\/microcement-turkey\/microcement-hatay\/#primaryimage","url":"https:\/\/www.satine.com\/wp-content\/uploads\/2024\/07\/Microcemento-Satine-1024x1024.png","contentUrl":"https:\/\/www.satine.com\/wp-content\/uploads\/2024\/07\/Microcemento-Satine-1024x1024.png"},{"@type":"BreadcrumbList","@id":"https:\/\/www.satine.com\/microcement-turkey\/microcement-hatay\/#breadcrumb","itemListElement":[{"@type":"ListItem","position":1,"name":"Inicio","item":"https:\/\/www.satine.com\/"},{"@type":"ListItem","position":2,"name":"Microcement Turkey","item":"https:\/\/www.satine.com\/microcement-turkey\/"},{"@type":"ListItem","position":3,"name":"Microcement Hatay"}]},{"@type":"WebSite","@id":"https:\/\/www.satine.com\/#website","url":"https:\/\/www.satine.com\/","name":"\u0633\u0627\u062a\u064a\u0646 - \u0645\u064a\u0643\u0631\u0648\u0633\u0645\u0646\u062a","description":"","alternateName":"Satine - Microcement","potentialAction":[{"@type":"SearchAction","target":{"@type":"EntryPoint","urlTemplate":"https:\/\/www.satine.com\/?s={search_term_string}"},"query-input":{"@type":"PropertyValueSpecification","valueRequired":true,"valueName":"search_term_string"}}],"inLanguage":"ar"}]}},"_links":{"self":[{"href":"https:\/\/www.satine.com\/ar\/wp-json\/wp\/v2\/pages\/8490","targetHints":{"allow":["GET"]}}],"collection":[{"href":"https:\/\/www.satine.com\/ar\/wp-json\/wp\/v2\/pages"}],"about":[{"href":"https:\/\/www.satine.com\/ar\/wp-json\/wp\/v2\/types\/page"}],"author":[{"embeddable":true,"href":"https:\/\/www.satine.com\/ar\/wp-json\/wp\/v2\/users\/1"}],"replies":[{"embeddable":true,"href":"https:\/\/www.satine.com\/ar\/wp-json\/wp\/v2\/comments?post=8490"}],"version-history":[{"count":1,"href":"https:\/\/www.satine.com\/ar\/wp-json\/wp\/v2\/pages\/8490\/revisions"}],"predecessor-version":[{"id":8491,"href":"https:\/\/www.satine.com\/ar\/wp-json\/wp\/v2\/pages\/8490\/revisions\/8491"}],"up":[{"embeddable":true,"href":"https:\/\/www.satine.com\/ar\/wp-json\/wp\/v2\/pages\/4514"}],"wp:attachment":[{"href":"https:\/\/www.satine.com\/ar\/wp-json\/wp\/v2\/media?parent=8490"}],"curies":[{"name":"\u0648\u0648\u0631\u062f\u0628\u0631\u064a\u0633","href":"https:\/\/api.w.org\/{rel}","templated":true}]}}